{"id":117,"date":"2011-11-19T13:32:17","date_gmt":"2011-11-19T13:32:17","guid":{"rendered":"https:\/\/blogs.ua.es\/mayasdm\/?page_id=117"},"modified":"2011-11-19T13:33:18","modified_gmt":"2011-11-19T13:33:18","slug":"bibliografia","status":"publish","type":"page","link":"https:\/\/blogs.ua.es\/mayasdm\/bibliografia\/","title":{"rendered":"Bibliograf\u00eda"},"content":{"rendered":"<p>LOS MAYAS, Biblioteca B\u00e1sica de Historia; Raul G\u00f3mez<br \/>\nProducci\u00f3n: Dastin Export S.L.<br \/>\nISBN: 84-96249-81-6<br \/>\nDep\u00f3sito legal:\u00a0 M-39.998-2004<\/p>\n<p>&nbsp;<\/p>\n<p>Los Antiguos Mayas; Alberto Ruz Lhuillier<br \/>\nProducci\u00f3n: direcci\u00f3n General de Publicaciones y Bibliotecas, SEP; Publicados por el FCE<br \/>\nISBN: 968-16-0891-7<\/p>\n","protected":false},"excerpt":{"rendered":"<p>LOS MAYAS, Biblioteca B\u00e1sica de Historia; Raul G\u00f3mez Producci\u00f3n: Dastin Export S.L. ISBN: 84-96249-81-6 Dep\u00f3sito legal:\u00a0 M-39.998-2004 &nbsp; Los Antiguos Mayas; Alberto Ruz Lhuillier Producci\u00f3n: direcci\u00f3n General de Publicaciones y Bibliotecas, SEP; Publicados por el FCE ISBN: 968-16-0891-7<\/p>\n","protected":false},"author":2171,"featured_media":0,"parent":0,"menu_order":0,"comment_status":"open","ping_status":"open","template":"","meta":{"footnotes":""},"class_list":["post-117","page","type-page","status-publish","hentry"],"_links":{"self":[{"href":"https:\/\/blogs.ua.es\/mayasdm\/wp-json\/wp\/v2\/pages\/117","targetHints":{"allow":["GET"]}}],"collection":[{"href":"https:\/\/blogs.ua.es\/mayasdm\/wp-json\/wp\/v2\/pages"}],"about":[{"href":"https:\/\/blogs.ua.es\/mayasdm\/wp-json\/wp\/v2\/types\/page"}],"author":[{"embeddable":true,"href":"https:\/\/blogs.ua.es\/mayasdm\/wp-json\/wp\/v2\/users\/2171"}],"replies":[{"embeddable":true,"href":"https:\/\/blogs.ua.es\/mayasdm\/wp-json\/wp\/v2\/comments?post=117"}],"version-history":[{"count":2,"href":"https:\/\/blogs.ua.es\/mayasdm\/wp-json\/wp\/v2\/pages\/117\/revisions"}],"predecessor-version":[{"id":119,"href":"https:\/\/blogs.ua.es\/mayasdm\/wp-json\/wp\/v2\/pages\/117\/revisions\/119"}],"wp:attachment":[{"href":"https:\/\/blogs.ua.es\/mayasdm\/wp-json\/wp\/v2\/media?parent=117"}],"curies":[{"name":"wp","href":"https:\/\/api.w.org\/{rel}","templated":true}]}}