{"id":127,"date":"2011-11-19T14:10:29","date_gmt":"2011-11-19T14:10:29","guid":{"rendered":"https:\/\/blogs.ua.es\/mayasdm\/?page_id=127"},"modified":"2011-11-22T15:05:59","modified_gmt":"2011-11-22T15:05:59","slug":"cronologia-2","status":"publish","type":"page","link":"https:\/\/blogs.ua.es\/mayasdm\/cronologia-2\/","title":{"rendered":"Cronolog\u00eda"},"content":{"rendered":"<h2><strong>Cronolog\u00eda:<\/strong><\/h2>\n<p>&nbsp;<\/p>\n<table width=\"766\" border=\"0\" cellpadding=\"0\">\n<tbody>\n<tr>\n<td width=\"50%\">\n<p align=\"center\"><strong>TIEMPO<\/strong><\/p>\n<\/td>\n<td width=\"50%\">\n<p align=\"center\"><strong>ETAPA<\/strong><\/p>\n<\/td>\n<\/tr>\n<tr>\n<td width=\"50%\">\n<p align=\"center\">2000 &#8211; 1100 a.C.<\/p>\n<\/td>\n<td width=\"50%\">Precl\u00e1sico temprano<\/td>\n<\/tr>\n<tr>\n<td width=\"50%\">\n<p align=\"center\">1100 &#8211; 300<br \/>\na.C.<\/p>\n<\/td>\n<td width=\"50%\">Precl\u00e1sico medio<\/td>\n<\/tr>\n<tr>\n<td width=\"50%\">\n<p align=\"center\">300 a.C. &#8211; 250 d.C.<\/p>\n<\/td>\n<td width=\"50%\">Precl\u00e1sico tard\u00edo<\/td>\n<\/tr>\n<tr>\n<td width=\"50%\">\n<p align=\"center\">200 &#8211; 600 d.C.<\/p>\n<\/td>\n<td width=\"50%\">Cl\u00e1sico temprano<\/td>\n<\/tr>\n<tr>\n<td width=\"50%\">\n<p align=\"center\">600 &#8211; 900 d.C.<\/p>\n<\/td>\n<td width=\"50%\">Cl\u00e1sico medio<\/td>\n<\/tr>\n<tr>\n<td width=\"50%\">\n<p align=\"center\">850 &#8211; 1000 d.C.<\/p>\n<\/td>\n<td width=\"50%\">Cl\u00e1sico tard\u00edo<\/td>\n<\/tr>\n<tr>\n<td width=\"50%\">\n<p align=\"center\">950 &#8211; 1150 d.C.<\/p>\n<\/td>\n<td width=\"50%\">Poscl\u00e1sico temprano<\/td>\n<\/tr>\n<tr>\n<td width=\"50%\">\n<p align=\"center\">1100 &#8211; 1350 d.C.<\/p>\n<\/td>\n<td width=\"50%\">Poscl\u00e1sico medio<\/td>\n<\/tr>\n<tr>\n<td width=\"50%\">\n<p align=\"center\">1450 &#8211; 1650 d.C.<\/p>\n<\/td>\n<td width=\"50%\">Poscl\u00e1sico tard\u00edo<\/td>\n<\/tr>\n<\/tbody>\n<\/table>\n","protected":false},"excerpt":{"rendered":"<p>Cronolog\u00eda: &nbsp; TIEMPO ETAPA 2000 &#8211; 1100 a.C. Precl\u00e1sico temprano 1100 &#8211; 300 a.C. Precl\u00e1sico medio 300 a.C. &#8211; 250 d.C. Precl\u00e1sico tard\u00edo 200 &#8211; 600 d.C. Cl\u00e1sico temprano 600 &#8211; 900 d.C. Cl\u00e1sico medio 850 &#8211; 1000 d.C. Cl\u00e1sico tard\u00edo 950 &#8211; 1150 d.C. Poscl\u00e1sico temprano 1100 &#8211; 1350 d.C. Poscl\u00e1sico medio 1450 &#8211; [&hellip;]<\/p>\n","protected":false},"author":2171,"featured_media":0,"parent":0,"menu_order":0,"comment_status":"open","ping_status":"open","template":"","meta":{"footnotes":""},"class_list":["post-127","page","type-page","status-publish","hentry"],"_links":{"self":[{"href":"https:\/\/blogs.ua.es\/mayasdm\/wp-json\/wp\/v2\/pages\/127","targetHints":{"allow":["GET"]}}],"collection":[{"href":"https:\/\/blogs.ua.es\/mayasdm\/wp-json\/wp\/v2\/pages"}],"about":[{"href":"https:\/\/blogs.ua.es\/mayasdm\/wp-json\/wp\/v2\/types\/page"}],"author":[{"embeddable":true,"href":"https:\/\/blogs.ua.es\/mayasdm\/wp-json\/wp\/v2\/users\/2171"}],"replies":[{"embeddable":true,"href":"https:\/\/blogs.ua.es\/mayasdm\/wp-json\/wp\/v2\/comments?post=127"}],"version-history":[{"count":4,"href":"https:\/\/blogs.ua.es\/mayasdm\/wp-json\/wp\/v2\/pages\/127\/revisions"}],"predecessor-version":[{"id":130,"href":"https:\/\/blogs.ua.es\/mayasdm\/wp-json\/wp\/v2\/pages\/127\/revisions\/130"}],"wp:attachment":[{"href":"https:\/\/blogs.ua.es\/mayasdm\/wp-json\/wp\/v2\/media?parent=127"}],"curies":[{"name":"wp","href":"https:\/\/api.w.org\/{rel}","templated":true}]}}