{"id":138,"date":"2011-11-22T15:03:06","date_gmt":"2011-11-22T15:03:06","guid":{"rendered":"https:\/\/blogs.ua.es\/mayasdm\/?page_id=138"},"modified":"2011-11-29T15:20:26","modified_gmt":"2011-11-29T15:20:26","slug":"enlaces-2","status":"publish","type":"page","link":"https:\/\/blogs.ua.es\/mayasdm\/enlaces-2\/","title":{"rendered":"Enlaces"},"content":{"rendered":"<p>&nbsp;<\/p>\n<p>http:\/\/www.mayatikal.com\/<\/p>\n<p>Un sitio web de un hombre que encanta de viajar.Mucha informaci\u00f3n sobre los mayas en general. Por desgracia contiene mucho spam.<\/p>\n<p>&nbsp;<\/p>\n<p>http:\/\/www.mayadiscovery.com\/es\/<\/p>\n<p>Hay mucha informaci\u00f3n sobre la vida de los mayas. La p\u00e1gina es muy bien estructur muy f\u00e1cil para acceder. Me gusta especialmente el parte sobre la vida diaria de los mayas.<\/p>\n<p>&nbsp;<\/p>\n<p>http:\/\/www.tudiscovery.com\/guia_mayas\/index.shtml<\/p>\n<p>Es la p\u00e1gina del Discovery Chanel. Contiene mucho informaci\u00f3n sobre los mayas. El gran parta de la informaci\u00f3n es sobre la historia,arte y cultura antigua de los mayas.<\/p>\n<p>&nbsp;<\/p>\n<p>&nbsp;<\/p>\n","protected":false},"excerpt":{"rendered":"<p>&nbsp; http:\/\/www.mayatikal.com\/ Un sitio web de un hombre que encanta de viajar.Mucha informaci\u00f3n sobre los mayas en general. Por desgracia contiene mucho spam. &nbsp; http:\/\/www.mayadiscovery.com\/es\/ Hay mucha informaci\u00f3n sobre la vida de los mayas. La p\u00e1gina es muy bien estructur muy f\u00e1cil para acceder. Me gusta especialmente el parte sobre la vida diaria de los [&hellip;]<\/p>\n","protected":false},"author":2171,"featured_media":0,"parent":0,"menu_order":0,"comment_status":"open","ping_status":"open","template":"","meta":{"footnotes":""},"class_list":["post-138","page","type-page","status-publish","hentry"],"_links":{"self":[{"href":"https:\/\/blogs.ua.es\/mayasdm\/wp-json\/wp\/v2\/pages\/138","targetHints":{"allow":["GET"]}}],"collection":[{"href":"https:\/\/blogs.ua.es\/mayasdm\/wp-json\/wp\/v2\/pages"}],"about":[{"href":"https:\/\/blogs.ua.es\/mayasdm\/wp-json\/wp\/v2\/types\/page"}],"author":[{"embeddable":true,"href":"https:\/\/blogs.ua.es\/mayasdm\/wp-json\/wp\/v2\/users\/2171"}],"replies":[{"embeddable":true,"href":"https:\/\/blogs.ua.es\/mayasdm\/wp-json\/wp\/v2\/comments?post=138"}],"version-history":[{"count":6,"href":"https:\/\/blogs.ua.es\/mayasdm\/wp-json\/wp\/v2\/pages\/138\/revisions"}],"predecessor-version":[{"id":147,"href":"https:\/\/blogs.ua.es\/mayasdm\/wp-json\/wp\/v2\/pages\/138\/revisions\/147"}],"wp:attachment":[{"href":"https:\/\/blogs.ua.es\/mayasdm\/wp-json\/wp\/v2\/media?parent=138"}],"curies":[{"name":"wp","href":"https:\/\/api.w.org\/{rel}","templated":true}]}}