{"id":157,"date":"2011-12-20T15:06:19","date_gmt":"2011-12-20T15:06:19","guid":{"rendered":"https:\/\/blogs.ua.es\/mayasdm\/?page_id=157"},"modified":"2011-12-20T15:51:42","modified_gmt":"2011-12-20T15:51:42","slug":"contexto-historico","status":"publish","type":"page","link":"https:\/\/blogs.ua.es\/mayasdm\/contexto-historico\/","title":{"rendered":"Contexto Historico"},"content":{"rendered":"<p>La Olmeca era la primera gran civilizaci\u00f3n que alcanz\u00f3 su apageo durante el Precl\u00e1sico en la regi\u00f3n de los estuarios pantanosos de la costa del Golfo de M\u00e9xico.<\/p>\n<p>Las Olmecas considerada como la \u201ccultura madre\u201d de Mesoam\u00e9rica. Sus conceptos y\u00a0 estilos art\u00edsticos\u00a0 son tan vago como sus fronteras.\u00a0 Se ejerciendo una gran influencia en las sociedades mayas que se desarrolla. Los sucesores de los olmeca ser\u00edan los epiolmecas y los mayas.<\/p>\n<p><span>El periodo Precl\u00e1sico empiez\u00f3, , hacia el 1500 a.C.\u00a0Este periodo devide en tres subperiodos principales, temprano (2000-1000\u00a0 a.C.), medio (1000-400 a.C.) y tard\u00edo (400 a.C.-250 d.C.). <\/span><\/p>\n<p><span>Durante el periodo cl\u00e1sico, aproximadamente entre el 300 y el 900 d.C., se extiend\u00f3 por todo el territorio maya una civilizaci\u00f3n m\u00e1s o menos uniforme. Se construyeron los grandes centros como Palenque, Tikal y Cop\u00e1n.<\/span><span style=\"color: #000000\"><\/p>\n<p>En el periodo postcl\u00e1sico, desde el 900 hasta la llegada de los espa\u00f1oles a la zona. En el siglo XVI, la civilizaci\u00f3n maya ten\u00eda su centro en Yucat\u00e1n.En este \u00e9poca la poblaci\u00f3n maya se concentraba m\u00e1s o menos en las \u00e1reas norte y sur, mientras que en el viejo coraz\u00f3n de esta zona casi nadie viv\u00eda. El Poscl\u00e1sico lleg\u00f3 hasta 1521 cuando derribo el imperio azteca ante los conquistadores espanoles y sus aliados nativos. Los espa\u00f1oles vencieron con facilidad a los grupos mayas m\u00e1s importantes.<\/p>\n<p>Al principio del siglo XXI, los habitantes de ascendencia maya forman la mayor\u00eda de la poblaci\u00f3n en sus pa\u00edses de origen. <\/span><\/p>\n<p><span style=\"color: #ffffff;font-family: Arial,Helvetica,sans-serif\">\u00a0<\/span><\/p>\n","protected":false},"excerpt":{"rendered":"<p>La Olmeca era la primera gran civilizaci\u00f3n que alcanz\u00f3 su apageo durante el Precl\u00e1sico en la regi\u00f3n de los estuarios pantanosos de la costa del Golfo de M\u00e9xico. Las Olmecas considerada como la \u201ccultura madre\u201d de Mesoam\u00e9rica. Sus conceptos y\u00a0 estilos art\u00edsticos\u00a0 son tan vago como sus fronteras.\u00a0 Se ejerciendo una gran influencia en las [&hellip;]<\/p>\n","protected":false},"author":2171,"featured_media":0,"parent":0,"menu_order":0,"comment_status":"open","ping_status":"open","template":"","meta":{"footnotes":""},"class_list":["post-157","page","type-page","status-publish","hentry"],"_links":{"self":[{"href":"https:\/\/blogs.ua.es\/mayasdm\/wp-json\/wp\/v2\/pages\/157","targetHints":{"allow":["GET"]}}],"collection":[{"href":"https:\/\/blogs.ua.es\/mayasdm\/wp-json\/wp\/v2\/pages"}],"about":[{"href":"https:\/\/blogs.ua.es\/mayasdm\/wp-json\/wp\/v2\/types\/page"}],"author":[{"embeddable":true,"href":"https:\/\/blogs.ua.es\/mayasdm\/wp-json\/wp\/v2\/users\/2171"}],"replies":[{"embeddable":true,"href":"https:\/\/blogs.ua.es\/mayasdm\/wp-json\/wp\/v2\/comments?post=157"}],"version-history":[{"count":7,"href":"https:\/\/blogs.ua.es\/mayasdm\/wp-json\/wp\/v2\/pages\/157\/revisions"}],"predecessor-version":[{"id":160,"href":"https:\/\/blogs.ua.es\/mayasdm\/wp-json\/wp\/v2\/pages\/157\/revisions\/160"}],"wp:attachment":[{"href":"https:\/\/blogs.ua.es\/mayasdm\/wp-json\/wp\/v2\/media?parent=157"}],"curies":[{"name":"wp","href":"https:\/\/api.w.org\/{rel}","templated":true}]}}