{"id":176,"date":"2011-12-20T15:34:55","date_gmt":"2011-12-20T15:34:55","guid":{"rendered":"https:\/\/blogs.ua.es\/mayasdm\/?page_id=176"},"modified":"2011-12-20T15:38:41","modified_gmt":"2011-12-20T15:38:41","slug":"introduccion-general","status":"publish","type":"page","link":"https:\/\/blogs.ua.es\/mayasdm\/introduccion-general\/","title":{"rendered":"Introducci\u00f3n General"},"content":{"rendered":"<p>Los mayas no ten\u00ecan solo una\u00a0 lengua com\u00f9n o una organizaci\u00f3n socio- pol\u00edtica centralizada ,no eran un grupo homog\u00e9neo, sino un conjunto de etnias con distintas costrumbes, lenguas y\u00a0 historias, pero que compart\u00edan\u00a0 rasgos que permiten integrarlas en una cultural junta.Esta unidad forma parte de otra m\u00e1s grande, la cultura mesoamericana.<br \/>\nLos mayas han vivido en la regi\u00f2n del M\u00e9xico, en los estados de Veracruz, Yucat\u00e1n, Campeche, Tabasco y la zona de Chiapas, en grandes partes de Guatemala y en regiones de Belice, El Salvador y Honduras. Uno de los pueblos m\u00e1s conocido, el maya propiamente dicho, que dio nombre a todo el grupo, ocupaba la pen\u00ednsula de Yucat\u00e1n. Entre los\u00a0 pueblos con una significaci\u00f3n muy grande para esta cultura se hallan los huastecos del norte de Veracruz;\u00a0 Los quich\u00e9s de las monta\u00f1as de Guatemala y los chort\u00eds del este de Guatemala y el oeste de Honduras.\u00a0 En los estudios realizados a la lengua maya, se ha descubrido que, en torno a 2500 a.C. existi\u00f3 un grupo protomaya donde actualmente se localiza Huehuetango en Guatemala, estos miembros hablaban el mismo idioma, llamado tambi\u00e9n protomaya por los investigadores y que se subdividi\u00f3 en diferentes lenguas mayences.<br \/>\nPosteriormente, los hablantes de ese idioma fueron a otros lugares y se asentaron en los distintos sitios donde m\u00e1s tarde se definir\u00eda el \u00e1rea maya y fundaban su civilizaci\u00f3n. Estos grupos originaron tanto la separaci\u00f3n de los distintos grupos. Hay distintas teor\u00edas acerca del sitio donde la cultura maya tuvo su origen.<br \/>\nPara algunos investigadores la origen fue en el norte de Tabasco y el sur de Veracruz.<br \/>\nUna segunda teor\u00eda se inclina a pensar que fund\u00f3 en las monta\u00f1as de Guatemala, donde empiezaron una sociedad agr\u00edcola, cultivando ma\u00edz y traslad\u00e1ndose posteriormente al norte y al oeste, donde estos culturas\u00a0 fueron influidos igualmente por la cultura olmeca.<br \/>\nLa cultura olmeca es como la cultura madre, dado que de ella derivan los elementos que dieron cimiento al desarrollo de otros importantes poplaciones en el \u00e1rea mesoamericana. Los elementos\u00a0 comunes a todos los grupos mayas\u00a0 no son exclusivamente de ellos, ya que coinciden con los de la mayor parte de los pueblos de Mesoam\u00e9rica .<\/p>\n","protected":false},"excerpt":{"rendered":"<p>Los mayas no ten\u00ecan solo una\u00a0 lengua com\u00f9n o una organizaci\u00f3n socio- pol\u00edtica centralizada ,no eran un grupo homog\u00e9neo, sino un conjunto de etnias con distintas costrumbes, lenguas y\u00a0 historias, pero que compart\u00edan\u00a0 rasgos que permiten integrarlas en una cultural junta.Esta unidad forma parte de otra m\u00e1s grande, la cultura mesoamericana. Los mayas han vivido [&hellip;]<\/p>\n","protected":false},"author":2171,"featured_media":0,"parent":0,"menu_order":0,"comment_status":"open","ping_status":"open","template":"","meta":{"footnotes":""},"class_list":["post-176","page","type-page","status-publish","hentry"],"_links":{"self":[{"href":"https:\/\/blogs.ua.es\/mayasdm\/wp-json\/wp\/v2\/pages\/176","targetHints":{"allow":["GET"]}}],"collection":[{"href":"https:\/\/blogs.ua.es\/mayasdm\/wp-json\/wp\/v2\/pages"}],"about":[{"href":"https:\/\/blogs.ua.es\/mayasdm\/wp-json\/wp\/v2\/types\/page"}],"author":[{"embeddable":true,"href":"https:\/\/blogs.ua.es\/mayasdm\/wp-json\/wp\/v2\/users\/2171"}],"replies":[{"embeddable":true,"href":"https:\/\/blogs.ua.es\/mayasdm\/wp-json\/wp\/v2\/comments?post=176"}],"version-history":[{"count":2,"href":"https:\/\/blogs.ua.es\/mayasdm\/wp-json\/wp\/v2\/pages\/176\/revisions"}],"predecessor-version":[{"id":178,"href":"https:\/\/blogs.ua.es\/mayasdm\/wp-json\/wp\/v2\/pages\/176\/revisions\/178"}],"wp:attachment":[{"href":"https:\/\/blogs.ua.es\/mayasdm\/wp-json\/wp\/v2\/media?parent=176"}],"curies":[{"name":"wp","href":"https:\/\/api.w.org\/{rel}","templated":true}]}}