{"id":55,"date":"2016-12-05T19:19:12","date_gmt":"2016-12-05T19:19:12","guid":{"rendered":"https:\/\/blogs.ua.es\/metodolo2\/?page_id=55"},"modified":"2016-12-08T16:00:30","modified_gmt":"2016-12-08T16:00:30","slug":"el-pais","status":"publish","type":"page","link":"https:\/\/blogs.ua.es\/metodolo2\/la-personalidad-del-periodico\/el-pais\/","title":{"rendered":"El Pa\u00eds"},"content":{"rendered":"<div id=\"attachment_156\" style=\"width: 172px\" class=\"wp-caption alignright\"><img loading=\"lazy\" decoding=\"async\" aria-describedby=\"caption-attachment-156\" class=\"wp-image-156\" src=\"https:\/\/blogs.ua.es\/metodolo2\/files\/2016\/12\/15319536_642666185908133_481221159_n-1.jpg\" alt=\"15319536_642666185908133_481221159_n\" width=\"162\" height=\"168\" \/><p id=\"caption-attachment-156\" class=\"wp-caption-text\">J. Ortega Spottorno, uno de los fundadores de El Pa\u00eds.<\/p><\/div>\n<p style=\"text-align: justify\"><strong>El nombre del Peri\u00f3dico<br \/>\n<\/strong><\/p>\n<p style=\"text-align: justify\">Desde su fundaci\u00f3n en 1976 por Jos\u00e9 Ortega Spottorno, Jes\u00fas de Polanco y Juan Luis Cebri\u00e1n el peri\u00f3dico siempre se ha titulado <em>El Pa\u00eds<\/em>, sin sufrir ninguna variaci\u00f3n en sus cuatro d\u00e9cadas de existencia.<\/p>\n<p>&nbsp;<\/p>\n<p><strong>Lugar de residencia de la administraci\u00f3n y de la redacci\u00f3n\u00a0<\/strong><\/p>\n<p style=\"text-align: justify\">Su lugar de Residencia de la Administraci\u00f3n y de la Redacci\u00f3n en Madrid est\u00e1 en la calle <strong>Miguel Yuste n\u00ba 40.<\/strong> El editor del diario es la empresa privada conocida como <strong><a href=\"http:\/\/www.prisa.com\/es\">Grupo PRISA<\/a>,<\/strong> una de las empresas audiovisuales m\u00e1s importantes de Espa\u00f1a.<\/p>\n<p><strong>Las indicaciones que se pueden acompa\u00f1ar al nombre\u00a0<\/strong><\/p>\n<p style=\"text-align: justify\">Junto al t\u00edtulo aparec\u00eda la frase \u201c<em>El diario independiente de la ma\u00f1ana<\/em>\u201d, hasta que en 2007 esta frase fue sustituida por \u201c<em>El peri\u00f3dico global espa\u00f1ol<\/em>\u201d.<\/p>\n<p><strong>La periodicidad<\/strong><\/p>\n<p style=\"text-align: justify\">Se trata de un peri\u00f3dico diario y semanal que publica de lunes a domingo, es un diario matutino.<\/p>\n<p><strong>El momento de la aparici\u00f3n\u00a0<\/strong><\/p>\n<p style=\"text-align: justify\">El peri\u00f3dico El Pa\u00eds nace en el seno de la nueva democracia. Jos\u00e9 Ortega Spottorno, Jes\u00fas de Polanco y Juan Luis Cebri\u00e1n son los fundadores de un peri\u00f3dico\u00a0defensor de la democracia, tolerante, abierto y europeo, que entroncara con la buena tradici\u00f3n de <em>El Imparcial<\/em> y <em>El Sol,<\/em> a los que hab\u00edan estado vinculados antepasados suyos.<\/p>\n<p><strong>La zona principal de difusi\u00f3n<\/strong><\/p>\n<p style=\"text-align: justify\">En cuanto a su principal zona de difusi\u00f3n, su sede central est\u00e1 en Madrid pero tambi\u00e9n se imprime en Barcelona, Valencia, Sevilla, Lugo, Gran Canaria, Burgos, Palma de Mallorca y fuera de Espa\u00f1a en Alemania, B\u00e9lgica, M\u00e9xico, Italia y Argentina.<\/p>\n<p><strong>El tiraje\u00a0<\/strong><\/p>\n<p style=\"text-align: justify\">Seg\u00fan datos de la OJD el tiraje de El Pa\u00eds alcanzo en 2002 una difusi\u00f3n media diaria de unos 435.298 ejemplares, lo que lo convirti\u00f3 en el primer diario de Espa\u00f1a. A partir de datos de 2014 y 2015 el promedio de <em>tiraje<\/em> es de unos 297.445 ejemplares y una promedio de difusi\u00f3n de unos 238.580 ejemplares.<\/p>\n<p><strong>La fecha del primero y del \u00faltimo n\u00famero<\/strong><\/p>\n<p style=\"text-align: justify\">El primer ejemplar de El Pa\u00eds se public\u00f3 el 4 de mayo de 1976, ligado a la transici\u00f3n democr\u00e1tica, y sigue public\u00e1ndose en la actualidad siendo el peri\u00f3dico espa\u00f1ol m\u00e1s vendido nacional e internacionalmente.<\/p>\n<p style=\"text-align: justify\"><strong>El precio<\/strong><\/p>\n<p style=\"text-align: justify\">El precio inicial del peri\u00f3dico fue de 10 pesetas, m\u00e1s tarde 15 pesetas y posteriormente lleg\u00f3 hasta las 35 pesetas. Durante la d\u00e9cada de los noventa el precio se situ\u00f3 en torno a 250 pesetas para la edici\u00f3n del domingo y 125 pesetas para la edici\u00f3n diaria. Actualmente cuesta 1\u201950 euros en su edici\u00f3n de lunes a viernes, el ejemplar de los s\u00e1bados 2 euros y 2\u201980 euros los domingos (en lugar de los 2\u201950 euros que costaba antes del 1 de abril de 2016).<\/p>\n<p style=\"text-align: justify\"><strong>Formato<\/strong><\/p>\n<p style=\"text-align: justify\">El formato de El Pa\u00eds se conoce como <em>Berlin\u00e9s<\/em> o <em>Midi<\/em>, siendo este formato el m\u00e1s com\u00fan en los diarios, con unas dimensiones de 315&#215;470 mm.<\/p>\n<p style=\"text-align: justify\"><strong>N\u00famero de p\u00e1ginas y n\u00famero de columnas por p\u00e1gina<\/strong><\/p>\n<p style=\"text-align: justify\">El Pa\u00eds utiliza habitualmente p\u00e1ginas con cinco columnas de texto. Adem\u00e1s, desde 2010 el n\u00famero de p\u00e1ginas qued\u00f3 reducido a 31, aunque en ediciones especiales aumenta su n\u00famero, como por ejemplo en su cuarenta aniversario, cuando realiz\u00f3 un especial de 316.<\/p>\n<div id=\"attachment_159\" style=\"width: 288px\" class=\"wp-caption alignleft\"><img loading=\"lazy\" decoding=\"async\" aria-describedby=\"caption-attachment-159\" class=\"wp-image-159\" src=\"https:\/\/blogs.ua.es\/metodolo2\/files\/2016\/12\/ejemplares-de-el-pais-en-su-rotativa-efe.jpg\" alt=\"ejemplares-de-el-pais-en-su-rotativa-efe\" width=\"278\" height=\"158\" srcset=\"https:\/\/blogs.ua.es\/metodolo2\/files\/2016\/12\/ejemplares-de-el-pais-en-su-rotativa-efe.jpg 992w, https:\/\/blogs.ua.es\/metodolo2\/files\/2016\/12\/ejemplares-de-el-pais-en-su-rotativa-efe-300x170.jpg 300w, https:\/\/blogs.ua.es\/metodolo2\/files\/2016\/12\/ejemplares-de-el-pais-en-su-rotativa-efe-768x436.jpg 768w\" sizes=\"auto, (max-width: 278px) 100vw, 278px\" \/><p id=\"caption-attachment-159\" class=\"wp-caption-text\">Rotativa de El Pa\u00eds el d\u00eda 2 de junio de 2014.<\/p><\/div>\n<p style=\"text-align: justify\"><strong>El nombre y la direcci\u00f3n del impresor<\/strong><\/p>\n<p style=\"text-align: justify\">El\u00a0Grupo PRISA (Promotora de Informaciones S.A.) y sus rotativas est\u00e1n en <em>Calle<\/em> de Miguel Yuste, 40, 28037 Madrid, Espa\u00f1a.<\/p>\n<p style=\"text-align: justify\"><strong>N\u00famero de ediciones y zona cubierta por cada edici\u00f3n<\/strong><\/p>\n<p style=\"text-align: justify\">Aunque su redacci\u00f3n central se encuentra en Madrid, adem\u00e1s edita en Barcelona, Valencia, Sevilla, Bilbao y Santiago de Compostela.<\/p>\n<p style=\"text-align: justify\"><strong>Lugar de conservaci\u00f3n de las ediciones<\/strong><\/p>\n<p style=\"text-align: justify\">El Pa\u00eds cuenta con una hemeroteca digital donde est\u00e1n la totalidad de sus publicaciones desde su primer n\u00famero el 4 de mayo de 1976 hasta el 7 de febrero de 2012. A partir del 2012 las publicaciones se pueden consultar en su archivo online.<\/p>\n<p style=\"text-align: justify\">\n<p style=\"text-align: justify\"><strong>Estructura jur\u00eddica y financiera<\/strong><\/p>\n<p style=\"text-align: justify\">En lo que refiere a su estructura jur\u00eddica y financiera El Pa\u00eds pertenece al <strong>Grupo PRISA,<\/strong> sociedad an\u00f3nima, fundada en 1972 y cuyo presidente desde 1988 es Juan Luis Cebri\u00e1n, uno de los fundadores del peri\u00f3dico en 1976. El Grupo PRISA a la vez es propietario de Cinco D\u00edas, AS y The Huffington Post as\u00ed como de la Cadena SER, los 40 Principales o Cadena Dial en el \u00e1mbito de la radio.<\/p>\n<p style=\"text-align: justify\"><strong>Condiciones de impresi\u00f3n\u00a0<\/strong><\/p>\n<p style=\"text-align: justify\">De igual forma que ABC, El Pa\u00eds dispon\u00eda de sus propias rotativas situadas en diversos puntos de la geograf\u00eda espa\u00f1ola, pero hoy en d\u00eda solo dispone de las de Madrid ya que las de Barcelona fueron cerradas en 2012. Las rotativas de Madrid son gestionadas desde 2009 por la empresa <strong>Pressprint<\/strong> perteneciente al grupo Prisa.<\/p>\n<p style=\"text-align: justify\"><strong>Condiciones de distribuci\u00f3n<\/strong><\/p>\n<p style=\"text-align: justify\">El Pa\u00eds llega a sus lectores tanto a trav\u00e9s de la venta directa en kioscos y otros establecimientos as\u00ed como mediante la suscripci\u00f3n. Por lo tanto se realiza a trav\u00e9s de la venta al n\u00famero, de las suscripciones y de las revistas y suplementos.<\/p>\n<p style=\"text-align: justify\"><strong>Organizaci\u00f3n de la redacci\u00f3n\u00a0<\/strong><\/p>\n<p style=\"text-align: justify\">La redacci\u00f3n est\u00e1 organizada mediante <strong>el Estatuto de la Redacci\u00f3n,<\/strong> el cual regula las relaciones profesionales entre el Comit\u00e9 de Redacci\u00f3n y la direcci\u00f3n del peri\u00f3dico y PRISA. En el extranjero el peri\u00f3dico posee redacciones en Washington D.C, M\u00e9xico D.F, S\u00e3o Paulo y en Bruselas, la capital europea. Adem\u00e1s tiene corresponsales destacados en Pek\u00edn, Jerusal\u00e9n, Mosc\u00fa, Berl\u00edn, Par\u00eds, Londres, Roma, Lisboa y Buenos Aires.<\/p>\n<p style=\"text-align: justify\">La redacci\u00f3n de El Pa\u00eds \u00a0se ha venido redise\u00f1ando desde 2015, de manera que se ha reestructurado y se ha convertido en un nuevo espacio moderno, flexible y funcional que facilita el trabajo diario. Por lo que respecta a su organizaci\u00f3n, en la primera planta encontramos diferentes espacios con las secciones: <em>El viajero, Negocios, Confecci\u00f3n, Desarrollo Digital, Estilo, Extras, el Pa\u00eds en ingl\u00e9s, Investigaci\u00f3n, Ideas, EPS, Cultura y Babelia<\/em>. En la segunda planta encontramos, a su vez, los siguientes espacios: <em>salas de reuniones, confecci\u00f3n fotogr\u00e1fica, edici\u00f3n en papel, apoyo digital, internacional, econom\u00eda, \u00faltima hora RRSS, equipo expr\u00e9s, deportes, plat\u00f3, zona kiosko, verne\/materia, fotograf\u00eda, infograf\u00eda, v\u00eddeo y mesa de control y distribuci\u00f3n,\u00a0<\/em>la cual cuenta con un panel de control o <em>videowall<\/em> en el que los periodistas, desarrolladores, dise\u00f1adores, fot\u00f3grafos, infografistas, editores de v\u00eddeo, responsables de redes sociales, de SEO y anal\u00edtica observan en tiempo real qu\u00e9 est\u00e1n haciendo los usuarios y c\u00f3mo se comporta el producto en todas las pantallas en las que se distribuye la informaci\u00f3n.<\/p>\n<p><a href=\"http:\/\/elpais.com\/especiales\/2016\/nueva-redaccion\/\">http:\/\/elpais.com\/especiales\/2016\/nueva-redaccion\/<\/a><\/p>\n<p style=\"text-align: justify\"><strong>L\u00ednea y acci\u00f3n pol\u00edtica\u00a0<\/strong><\/p>\n<p style=\"text-align: justify\">El Pa\u00eds se define como <em>\u201cUn diario global, independiente, de calidad y defensor de la democracia\u201d<\/em>. En lo que refiere a su estilo period\u00edstico El Pa\u00eds fue pionero en la adopci\u00f3n de un <em>Libro de Estilo<\/em>, as\u00ed como en disponer de un <em>Defensor del Lector<\/em>. En lo que refiere a su l\u00ednea pol\u00edtica es un peri\u00f3dico de corte progresista, ligado estrechamente a la democracia y tradicionalmente defensor de las medidas tomadas por los gobiernos del Partido Socialista Obrero Espa\u00f1ol.<\/p>\n<p><strong>El Pa\u00eds en la actualidad.\u00a0<\/strong><\/p>\n<p style=\"text-align: justify\">El peri\u00f3dico, actualmente, permite la suscripci\u00f3n de sus lectores mediante diversas modalidades como la suscripci\u00f3n digital por 9,99e\/mes, la suscripci\u00f3n premium por 1,06e\/d\u00eda o la suscripci\u00f3n de fin de semana por 18,99e\/mes junto con la revista Jot Down. Adem\u00e1s, El Pa\u00eds incluye revistas y suplementos en algunas de sus ediciones, sobre todo en el fin de semana, entre los que podemos destacar\u00a0<em>El Pa\u00eds Semanal, Ideas y Negocios<\/em> (los domingos),\u00a0<em>S Moda, Icon, Buena Vida, Tentaciones, Revista S\u00e1bado, Babelia y Motor<\/em> (los s\u00e1bados),\u00a0<em>Gu\u00eda del Ocio y El Viajero\u00a0<\/em><em>(los viernes) y The New York Times, Quadern y Shoping &amp; Style<\/em> (los jueves).<\/p>\n","protected":false},"excerpt":{"rendered":"<p>El nombre del Peri\u00f3dico Desde su fundaci\u00f3n en 1976 por Jos\u00e9 Ortega Spottorno, Jes\u00fas de Polanco y Juan Luis Cebri\u00e1n el peri\u00f3dico siempre se ha titulado El Pa\u00eds, sin sufrir ninguna variaci\u00f3n en sus cuatro d\u00e9cadas de existencia. &nbsp; Lugar &hellip; <a href=\"https:\/\/blogs.ua.es\/metodolo2\/la-personalidad-del-periodico\/el-pais\/\">Continue reading <span class=\"meta-nav\">&rarr;<\/span><\/a><\/p>\n","protected":false},"author":3296,"featured_media":0,"parent":29,"menu_order":0,"comment_status":"closed","ping_status":"closed","template":"","meta":{"footnotes":""},"class_list":["post-55","page","type-page","status-publish","hentry"],"_links":{"self":[{"href":"https:\/\/blogs.ua.es\/metodolo2\/wp-json\/wp\/v2\/pages\/55","targetHints":{"allow":["GET"]}}],"collection":[{"href":"https:\/\/blogs.ua.es\/metodolo2\/wp-json\/wp\/v2\/pages"}],"about":[{"href":"https:\/\/blogs.ua.es\/metodolo2\/wp-json\/wp\/v2\/types\/page"}],"author":[{"embeddable":true,"href":"https:\/\/blogs.ua.es\/metodolo2\/wp-json\/wp\/v2\/users\/3296"}],"replies":[{"embeddable":true,"href":"https:\/\/blogs.ua.es\/metodolo2\/wp-json\/wp\/v2\/comments?post=55"}],"version-history":[{"count":12,"href":"https:\/\/blogs.ua.es\/metodolo2\/wp-json\/wp\/v2\/pages\/55\/revisions"}],"predecessor-version":[{"id":161,"href":"https:\/\/blogs.ua.es\/metodolo2\/wp-json\/wp\/v2\/pages\/55\/revisions\/161"}],"up":[{"embeddable":true,"href":"https:\/\/blogs.ua.es\/metodolo2\/wp-json\/wp\/v2\/pages\/29"}],"wp:attachment":[{"href":"https:\/\/blogs.ua.es\/metodolo2\/wp-json\/wp\/v2\/media?parent=55"}],"curies":[{"name":"wp","href":"https:\/\/api.w.org\/{rel}","templated":true}]}}