{"id":57,"date":"2016-12-05T19:19:24","date_gmt":"2016-12-05T19:19:24","guid":{"rendered":"https:\/\/blogs.ua.es\/metodolo2\/?page_id=57"},"modified":"2016-12-08T17:14:36","modified_gmt":"2016-12-08T17:14:36","slug":"la-vanguardia","status":"publish","type":"page","link":"https:\/\/blogs.ua.es\/metodolo2\/la-personalidad-del-periodico\/la-vanguardia\/","title":{"rendered":"La Vanguardia"},"content":{"rendered":"<div id=\"attachment_111\" style=\"width: 134px\" class=\"wp-caption alignright\"><img loading=\"lazy\" decoding=\"async\" aria-describedby=\"caption-attachment-111\" class=\"wp-image-111\" src=\"https:\/\/blogs.ua.es\/metodolo2\/files\/2016\/12\/15401272_642667479241337_2051224727_n.jpg\" alt=\"15401272_642667479241337_2051224727_n\" width=\"124\" height=\"198\" srcset=\"https:\/\/blogs.ua.es\/metodolo2\/files\/2016\/12\/15401272_642667479241337_2051224727_n.jpg 229w, https:\/\/blogs.ua.es\/metodolo2\/files\/2016\/12\/15401272_642667479241337_2051224727_n-187x300.jpg 187w\" sizes=\"auto, (max-width: 124px) 100vw, 124px\" \/><p id=\"caption-attachment-111\" class=\"wp-caption-text\">Carlos God\u00f3, uno de los fundadores de La Vanguardia.<\/p><\/div>\n<p style=\"text-align: justify\"><strong>Nombre del peri\u00f3dico\u00a0<\/strong><\/p>\n<p style=\"text-align: justify\">El peri\u00f3dico tiene el nombre de\u00a0<em>La Vanguardia, <\/em>aunque no ha sido siempre as\u00ed, ya\u00a0que entre 1939 y 1978 a\u00f1adi\u00f3 la apostilla de <em>Espa\u00f1ola<\/em>, periodo que coincide casi con exactitud con la Dictadura de Francisco Franco. Los fundadores fueron los hermanos Carlos y Bartolom\u00e9 God\u00f3 en 1881.\u00a0Desde 1978 hasta la actualidad ha conservado el mismo nombre con el que fue fundado en 1881.<\/p>\n<p style=\"text-align: justify\"><strong>Lugar de Residencia de la Administraci\u00f3n y la Redacci\u00f3n<\/strong><\/p>\n<div id=\"attachment_85\" style=\"width: 377px\" class=\"wp-caption alignright\"><img loading=\"lazy\" decoding=\"async\" aria-describedby=\"caption-attachment-85\" class=\"wp-image-85\" src=\"https:\/\/blogs.ua.es\/metodolo2\/files\/2016\/12\/Captura-de-pantalla-2016-12-07-a-las-14.27.30.png\" alt=\"captura-de-pantalla-2016-12-07-a-las-14-27-30\" width=\"367\" height=\"245\" srcset=\"https:\/\/blogs.ua.es\/metodolo2\/files\/2016\/12\/Captura-de-pantalla-2016-12-07-a-las-14.27.30.png 943w, https:\/\/blogs.ua.es\/metodolo2\/files\/2016\/12\/Captura-de-pantalla-2016-12-07-a-las-14.27.30-300x200.png 300w, https:\/\/blogs.ua.es\/metodolo2\/files\/2016\/12\/Captura-de-pantalla-2016-12-07-a-las-14.27.30-768x513.png 768w\" sizes=\"auto, (max-width: 367px) 100vw, 367px\" \/><p id=\"caption-attachment-85\" class=\"wp-caption-text\">Actual redacci\u00f3n de La Vanguardia en la Avenida Diagonal n\u00ba 477.<\/p><\/div>\n<p style=\"text-align: justify\">El lugar de residencia de la Administraci\u00f3n y de la Redacci\u00f3n se encuentra en la ciudad de Barcelona, inicialmente en la calle <strong>Les Heures<\/strong> hasta 1903. En dicho a\u00f1o se traslad\u00f3 a la calle de\u00a0<strong>Pelayo n\u00ba. 28<\/strong>, sede que ocup\u00f3 durante 101 a\u00f1os, hasta que en 2004 se mud\u00f3 a un rascacielos en la <strong>Avenida Diagonal n\u00ba 477<\/strong>.<\/p>\n<p style=\"text-align: justify\"><strong>Periodicidad<\/strong><\/p>\n<p style=\"text-align: justify\">La Vanguardia es un peri\u00f3dico semanal matutino que sale de lunes a domingo.<\/p>\n<p style=\"text-align: justify\"><strong>Momento de aparici\u00f3n<\/strong><\/p>\n<p style=\"text-align: justify\">La larga historia de \u201cLa Vanguardia\u201d comienza el 1 de febrero de 1881 cuando Carlos y Bartolom\u00e9 God\u00f3 Pi\u00e9 lanzaban a la calle el primer n\u00famero de este peri\u00f3dico. \u201cLa Vanguardia\u201d, que se autodefin\u00eda como <em>\u201cDiario pol\u00edtico de avisos y noticias\u201d,<\/em> nac\u00eda como \u00f3rgano de expresi\u00f3n de una fracci\u00f3n del Partido Liberal de Barcelona, que ambicionaba la alcald\u00eda de la ciudad.<br \/>\nSiete a\u00f1os m\u00e1s tarde comienza la verdadera historia de \u201cLa Vanguardia\u201d como diario moderno. El 31 de diciembre de 1887 dej\u00f3 de publicarse como \u00f3rgano del Partido Constitucional y el 1 de enero de 1888, el primer d\u00eda de la Exposici\u00f3n Universal de Barcelona, present\u00f3 un nuevo formato, con doble edici\u00f3n de ma\u00f1ana y tarde, al margen de la tutela de cualquier partido pol\u00edtico.<\/p>\n<div id=\"attachment_100\" style=\"width: 335px\" class=\"wp-caption alignright\"><img loading=\"lazy\" decoding=\"async\" aria-describedby=\"caption-attachment-100\" class=\"wp-image-100\" src=\"https:\/\/blogs.ua.es\/metodolo2\/files\/2016\/12\/franco-vanguardia-suple.jpg\" alt=\"franco-vanguardia-suple\" width=\"325\" height=\"182\" srcset=\"https:\/\/blogs.ua.es\/metodolo2\/files\/2016\/12\/franco-vanguardia-suple.jpg 650w, https:\/\/blogs.ua.es\/metodolo2\/files\/2016\/12\/franco-vanguardia-suple-300x168.jpg 300w\" sizes=\"auto, (max-width: 325px) 100vw, 325px\" \/><p id=\"caption-attachment-100\" class=\"wp-caption-text\">Fotograf\u00eda de Franco leyendo La Vanguardia.<\/p><\/div>\n<p style=\"text-align: justify\"><strong>Zona principal de difusi\u00f3n<\/strong><\/p>\n<p style=\"text-align: justify\">Su principal zona de difusi\u00f3n es Catalu\u00f1a, lugar en el que se produce la mayor parte de las ventas del mismo. Sin embargo tiene presencia en toda Espa\u00f1a, incluso se convirti\u00f3 en el peri\u00f3dico con mayor distribuci\u00f3n durante el r\u00e9gimen franquista.<\/p>\n<p style=\"text-align: justify\"><strong>Tiraje<\/strong><\/p>\n<p style=\"text-align: justify\">Seg\u00fan los datos de la OJD en enero de 2010 el promedio de tirada era de unos 233.229 ejemplares y el de difusi\u00f3n de unos 200.370, lo que convierte a La Vanguardia en el cuarto peri\u00f3dico generalista de pago del Estado, tras El Pa\u00eds, El Mundo y ABC.<\/p>\n<p style=\"text-align: justify\"><strong>Fecha del primer y \u00faltimo n\u00famero<\/strong><\/p>\n<p style=\"text-align: justify\">El primer n\u00famero est\u00e1 fechado en el 1 de febrero de 1881 con el subt\u00edtulo de <em>Diario pol\u00edtico y de avisos y noticias<\/em>, y, en la actualidad se sigue publicando.<\/p>\n<p style=\"text-align: justify\"><strong>Precio<\/strong><\/p>\n<p style=\"text-align: justify\">Su precio ha ido variando, por ejemplo en 1930 costaba 10c, en 1940, 15c, en 1980, 30 pesetas o en 1990, 125 pesetas, pero en la actualidad se sit\u00faa en 1\u201930 euros, incluy\u00e9ndole un euro con las revistas y suplementos dominicales.<\/p>\n<p style=\"text-align: justify\"><strong>Caracter\u00edstica excepcionales de la vida del peri\u00f3dico<\/strong><\/p>\n<p style=\"text-align: justify\">La Vanguardia fue el primer diario espa\u00f1ol con corresponsales en Par\u00eds y Berl\u00edn, adem\u00e1s de ser el primero en mandar corresponsales a las capitales de los bandos durante la Primera Guerra Mundial. Fue el principal \u00f3rgano de expresi\u00f3n de la Generalitat de Catalunya hasta 1887. Adem\u00e1s, durante la Guerra Civil espa\u00f1ola el diario fue incautado y obligado a cambiar la cabecera por<em>\u00a0La Vanguardia Espa\u00f1ola,<\/em>\u00a0vi\u00e9ndose obligado a relegar al olvido 773 ediciones publicadas durante el periodo republicano. Durante la Segunda Guerra Mundial se mostr\u00f3 favorable a los aliados lo que supuso el relevo de Luis de Galinsoga (quien hab\u00eda sido colocado en la direcci\u00f3n por orden directa de Franco, ya que se declar\u00f3 plenamente anticatalanista), debido a las presiones del pueblo catal\u00e1n, la cual paso a manos de Manuel Aznar Zubigaray, hombre del R\u00e9gimen.\u00a0En 1963 y bajo la direcci\u00f3n de Javier de Echarri y la subdirecci\u00f3n del que ser\u00eda su sucesor, en 1966, en la dif\u00edcil etapa de la transici\u00f3n pol\u00edtica, Horacio S\u00e1enz Guerrero, \u201cLa Vanguardia\u201d inicia su apertura, encaminada a conseguir un diario plural y democr\u00e1tico que represente el sentir de sus lectores. Su actual director es\u00a0<strong>M\u00e0rius Carol\u00a0<\/strong>desde 2013.<\/p>\n<p style=\"text-align: justify\"><strong>Formato<\/strong><\/p>\n<p style=\"text-align: justify\">El formato de la Vanguardia tambi\u00e9n ha ido variando. En sus or\u00edgenes contaba con 310\u00d7455 mm., t\u00edpico del formato\u00a0<em>berliner<\/em>\u00a0y ha pasado al\u00a0<em>tabloide<\/em>\u00a0de unos 289x410mm., lo que supone una disminuci\u00f3n en las p\u00e1ginas y la p\u00e9rdida de un 8% del texto.<\/p>\n<p style=\"text-align: justify\"><strong>N\u00famero de p\u00e1ginas y n\u00famero de columnas por p\u00e1gina<\/strong><\/p>\n<p style=\"text-align: justify\">El n\u00famero de p\u00e1ginas ha ido variando, alcanzando las 14 p\u00e1ginas en 1910, a 34 en 1930, aunque en 1940, debido a problemas econ\u00f3micos se ven reducidas a 6, llegando a 16 en 1950, por una mejora econ\u00f3mica. En la d\u00e9cada de 1990 el peri\u00f3dico contar\u00e1 con 64 p\u00e1ginas. En la actualidad el n\u00famero de p\u00e1ginas es variable seg\u00fan la necesidad de cada momento, situ\u00e1ndose aproximadamente entre 70 y 140. Adem\u00e1s, cuenta con 3 o 5 columnas de texto seg\u00fan la extensi\u00f3n de la noticia y el espacio disponible en el espacio de redacci\u00f3n.<\/p>\n<p style=\"text-align: justify\"><strong>Nombre y direcci\u00f3n del impresor<\/strong><\/p>\n<p style=\"text-align: justify\">El nombre y direcci\u00f3n del impresor es\u00a0<strong>CRE-A Impresiones de Catalu\u00f1a SL<\/strong>, perteneciente al\u00a0<strong><a href=\"http:\/\/www.grupogodo.com\/\">Grupo God\u00f3<\/a>,\u00a0<\/strong>sita en Carrer 5 s\/n, Sector C, Pol\u00edgono Industrial Zona Franca (Barcelona).<\/p>\n<p style=\"text-align: justify\"><strong>N\u00famero de ediciones y zona cubierta \u00a0por cada edici\u00f3n<\/strong><\/p>\n<p style=\"text-align: justify\">La Vanguardia consta de dos ediciones una global, redactada en castellano; y otra redactada en catal\u00e1n, que est\u00e1 destinada a Catalu\u00f1a, destacando las ediciones locales de Barcelona, Tarragona, Lleida y Girona. Adem\u00e1s tiene ediciones locales en Madrid, Andaluc\u00eda, Comunidad Valenciana y Pa\u00eds Vasco.<\/p>\n<p style=\"text-align: justify\"><strong>Lugar de conservaci\u00f3n de las colecciones<\/strong><\/p>\n<p style=\"text-align: justify\">El diario La Vanguardia cuenta con una <strong><a href=\"http:\/\/www.lavanguardia.com\/hemeroteca\">hemeroteca digital<\/a><\/strong> donde est\u00e1n la totalidad de sus publicaciones desde enero de 1881 hasta los \u00faltimos 15 d\u00edas. Tambi\u00e9n se pueden buscar los art\u00edculos en versi\u00f3n digital publicados a partir de 1999.<\/p>\n<p style=\"text-align: justify\"><strong>Estructura jur\u00eddica y financiera<\/strong><\/p>\n<p style=\"text-align: justify\">Su estructura jur\u00eddica y financiera corresponden al Grupo God\u00f3, creado en 1998 por la familia God\u00f3, fundadores del diario La Vanguardia. Adem\u00e1s de dicho diario, tambi\u00e9n editan\u00a0<em>Mundo Deportivo,\u00a0<\/em>junto con las revistas y suplementos con los que cuenta el diario como\u00a0<em>Magazine\u00a0<\/em>o\u00a0<em>Conocer la Ciencia.<\/em> Adem\u00e1s cuenta con una divisi\u00f3n de medios audiovisuales,\u00a0<em>Catalunya Comunicaci\u00f3<\/em>, formada por\u00a0<em>Emissions digitals de Catalunya<\/em> en televisi\u00f3n y\u00a0<em>Radiocat XXI<\/em> en radio.<\/p>\n<p style=\"text-align: justify\"><strong>Condiciones de impresi\u00f3n<\/strong><\/p>\n<p style=\"text-align: justify\">En 1981 el diario celebr\u00f3 su centenario con un importante cambio tecnol\u00f3gico impulsado por el nuevo propietario, Javier God\u00f3, como por ejemplo la incorporaci\u00f3n de videoterminales en la redacci\u00f3n. El 30 de junio de 1983, con Llu\u00eds Foix como director, se public\u00f3 el \u00faltimo ejemplar con tipograf\u00eda realizada en plomo. En octubre de 1989, con Juan Tapia a la cabeza, La Vanguardia complet\u00f3 su reconversi\u00f3n tecnol\u00f3gica presentando un nuevo dise\u00f1o e incorporando una nueva rotativa en <em>offset<\/em> color. En 2007 se produjo el \u00faltimo redise\u00f1o de sus caracter\u00edsticas formales para adquirir las actuales.<\/p>\n<p style=\"text-align: justify\"><strong>Condiciones de distribuci\u00f3n<\/strong><\/p>\n<p style=\"text-align: justify\">El diario se distribuye a todo el \u00e1mbito nacional en papel, realizando dos ediciones, una global y una para Catalu\u00f1a. Se puede adquirir en papel en los puntos de venta y en edici\u00f3n digital a trav\u00e9s de suscripci\u00f3n.<\/p>\n<p style=\"text-align: justify\"><strong>Organizaci\u00f3n de la redacci\u00f3n<\/strong><\/p>\n<p style=\"text-align: justify\">La redacci\u00f3n se organiza por secciones entre las que se encuentran\u00a0<em>Cartas al director, Econom\u00eda, Producci\u00f3n, Dise\u00f1o, Agenda, Cultura<\/em> o<em> Fotograf\u00eda,<\/em> entre otras.<\/p>\n<p style=\"text-align: justify\"><strong>L\u00ednea y acci\u00f3n pol\u00edtica<\/strong><\/p>\n<p style=\"text-align: justify\">La ideolog\u00eda de La Vanguardia es centro-derechista, adem\u00e1s de \u00edndole catalanista, ali\u00e1ndose tradicionalmente con el partido nacionalista de Catalu\u00f1a, CiU.<\/p>\n<p style=\"text-align: justify\"><strong>La Vanguardia en la actualidad<\/strong><\/p>\n<p style=\"text-align: justify\">En la actualidad ofrece la posibilidad de suscribirse a los contenidos de pago de la web por 4,90e\/mes, a la edici\u00f3n digital por 30e\/trimestre y a la edici\u00f3n en papel junto con la digital por 108e\/trimestre, a trav\u00e9s de la plataforma digital Kiosko &amp; M\u00e1s (desde 0,99e\/ejemplar hasta 199e\/a\u00f1o), junto a las revistas y suplementos como<em>\u00a0Magazine, Qu\u00e8 fem, Culturas, Motor, Dinero y Qui\u00e9n.<\/em><\/p>\n","protected":false},"excerpt":{"rendered":"<p>Nombre del peri\u00f3dico\u00a0 El peri\u00f3dico tiene el nombre de\u00a0La Vanguardia, aunque no ha sido siempre as\u00ed, ya\u00a0que entre 1939 y 1978 a\u00f1adi\u00f3 la apostilla de Espa\u00f1ola, periodo que coincide casi con exactitud con la Dictadura de Francisco Franco. Los fundadores &hellip; <a href=\"https:\/\/blogs.ua.es\/metodolo2\/la-personalidad-del-periodico\/la-vanguardia\/\">Continue reading <span class=\"meta-nav\">&rarr;<\/span><\/a><\/p>\n","protected":false},"author":3296,"featured_media":0,"parent":29,"menu_order":0,"comment_status":"closed","ping_status":"closed","template":"","meta":{"footnotes":""},"class_list":["post-57","page","type-page","status-publish","hentry"],"_links":{"self":[{"href":"https:\/\/blogs.ua.es\/metodolo2\/wp-json\/wp\/v2\/pages\/57","targetHints":{"allow":["GET"]}}],"collection":[{"href":"https:\/\/blogs.ua.es\/metodolo2\/wp-json\/wp\/v2\/pages"}],"about":[{"href":"https:\/\/blogs.ua.es\/metodolo2\/wp-json\/wp\/v2\/types\/page"}],"author":[{"embeddable":true,"href":"https:\/\/blogs.ua.es\/metodolo2\/wp-json\/wp\/v2\/users\/3296"}],"replies":[{"embeddable":true,"href":"https:\/\/blogs.ua.es\/metodolo2\/wp-json\/wp\/v2\/comments?post=57"}],"version-history":[{"count":21,"href":"https:\/\/blogs.ua.es\/metodolo2\/wp-json\/wp\/v2\/pages\/57\/revisions"}],"predecessor-version":[{"id":163,"href":"https:\/\/blogs.ua.es\/metodolo2\/wp-json\/wp\/v2\/pages\/57\/revisions\/163"}],"up":[{"embeddable":true,"href":"https:\/\/blogs.ua.es\/metodolo2\/wp-json\/wp\/v2\/pages\/29"}],"wp:attachment":[{"href":"https:\/\/blogs.ua.es\/metodolo2\/wp-json\/wp\/v2\/media?parent=57"}],"curies":[{"name":"wp","href":"https:\/\/api.w.org\/{rel}","templated":true}]}}