{"id":119,"date":"2015-11-30T16:27:27","date_gmt":"2015-11-30T16:27:27","guid":{"rendered":"https:\/\/blogs.ua.es\/metodologia2\/?page_id=119"},"modified":"2015-11-30T16:29:03","modified_gmt":"2015-11-30T16:29:03","slug":"bibliografia","status":"publish","type":"page","link":"https:\/\/blogs.ua.es\/metodologia2\/bibliografia\/","title":{"rendered":"Bibliograf\u00eda"},"content":{"rendered":"<p>Kayser, Jacques. <em>El peri\u00f3dico: estudios de morfolog\u00eda, de metodolog\u00eda y de prensa comparada<\/em>, Quito, Ediciones Ciespal, 1966. 3\u00aa edici\u00f3n.<\/p>\n<p>www.grupogodo.net<\/p>\n<p>http:\/\/www.lavanguardia.com\/hemeroteca<\/p>\n<p>http:\/\/hemeroteca.lavanguardia.com\/preview\/1890\/01\/01\/pagina-2\/34660689\/pdf.html<\/p>\n<p>http:\/\/hemeroteca.lavanguardia.com\/preview\/1993\/12\/30\/pagina-1\/33748116\/pdf.html<\/p>\n<p>http:\/\/hemeroteca.lavanguardia.com\/preview\/2001\/09\/12\/pagina-1\/34167469\/pdf.html<\/p>\n","protected":false},"excerpt":{"rendered":"<p>Kayser, Jacques. El peri\u00f3dico: estudios de morfolog\u00eda, de metodolog\u00eda y de prensa comparada, Quito, Ediciones Ciespal, 1966. 3\u00aa edici\u00f3n. www.grupogodo.net http:\/\/www.lavanguardia.com\/hemeroteca http:\/\/hemeroteca.lavanguardia.com\/preview\/1890\/01\/01\/pagina-2\/34660689\/pdf.html http:\/\/hemeroteca.lavanguardia.com\/preview\/1993\/12\/30\/pagina-1\/33748116\/pdf.html http:\/\/hemeroteca.lavanguardia.com\/preview\/2001\/09\/12\/pagina-1\/34167469\/pdf.html<\/p>\n","protected":false},"author":2881,"featured_media":0,"parent":0,"menu_order":6,"comment_status":"closed","ping_status":"closed","template":"","meta":{"footnotes":""},"class_list":["post-119","page","type-page","status-publish","hentry"],"_links":{"self":[{"href":"https:\/\/blogs.ua.es\/metodologia2\/wp-json\/wp\/v2\/pages\/119","targetHints":{"allow":["GET"]}}],"collection":[{"href":"https:\/\/blogs.ua.es\/metodologia2\/wp-json\/wp\/v2\/pages"}],"about":[{"href":"https:\/\/blogs.ua.es\/metodologia2\/wp-json\/wp\/v2\/types\/page"}],"author":[{"embeddable":true,"href":"https:\/\/blogs.ua.es\/metodologia2\/wp-json\/wp\/v2\/users\/2881"}],"replies":[{"embeddable":true,"href":"https:\/\/blogs.ua.es\/metodologia2\/wp-json\/wp\/v2\/comments?post=119"}],"version-history":[{"count":1,"href":"https:\/\/blogs.ua.es\/metodologia2\/wp-json\/wp\/v2\/pages\/119\/revisions"}],"predecessor-version":[{"id":120,"href":"https:\/\/blogs.ua.es\/metodologia2\/wp-json\/wp\/v2\/pages\/119\/revisions\/120"}],"wp:attachment":[{"href":"https:\/\/blogs.ua.es\/metodologia2\/wp-json\/wp\/v2\/media?parent=119"}],"curies":[{"name":"wp","href":"https:\/\/api.w.org\/{rel}","templated":true}]}}