{"id":12,"date":"2015-11-25T15:20:42","date_gmt":"2015-11-25T15:20:42","guid":{"rendered":"https:\/\/blogs.ua.es\/metodologia2\/?page_id=12"},"modified":"2015-11-30T17:05:20","modified_gmt":"2015-11-30T17:05:20","slug":"presentacion","status":"publish","type":"page","link":"https:\/\/blogs.ua.es\/metodologia2\/presentacion\/","title":{"rendered":"Presentaci\u00f3n"},"content":{"rendered":"<p>Muy buenas a todos, somos un grupo de trabajo formado por cinco chicos de la Universidad de Alicante que pertenecemos al Grado de Historia y este blog ha sido creado para la asignatura de Metodolog\u00eda II impartida por\u00a0Francisco Sevillano Calero.<\/p>\n<p>Los componentes del grupo somos Jose Mar\u00eda Escolano Mart\u00ednez, Adri\u00e1n Gonz\u00e1lez Mart\u00ednez, \u00d3liver Guti\u00e9rrez Gil, Cristian L\u00f3pez Gilabert y Miguel Rico Garc\u00eda, tras analizar varios peri\u00f3dicos hemos decidido abordar este trabajo sobre el peri\u00f3dico &#8220;La Vanguardia&#8221;. Este peri\u00f3dico tuvo su primera publicaci\u00f3n el 1 de Febrero de 1881 y todav\u00eda sigue public\u00e1ndose.<\/p>\n<p>Para la realizaci\u00f3n de este trabajo ha sido imprescindible la lectura de Jacques Kayser, El peri\u00f3dico: estudios de morfolog\u00eda, de metodolog\u00eda y de prensa comparada.<\/p>\n<p>A lo largo de la historia del peri\u00f3dico nos hemos dividido el trabajo en distintas publicaciones a lo largo de la historia y as\u00ed observar la evoluci\u00f3n del peri\u00f3dico desde su primera publicaci\u00f3n hasta las m\u00e1s recientes.<\/p>\n<p>Para llevar a cabo el an\u00e1lisis morfol\u00f3gico del peri\u00f3dico se ha utilizado la hemeroteca del peri\u00f3dico, que se encuentra en la p\u00e1gina web http:\/\/www.lavanguardia.com\/hemeroteca<\/p>\n<p>Por \u00faltimo, esperamos que este blog sea del agrado de nuestros lectores y que os proporcionen los conocimientos necesarios que busc\u00e1is. Un saludo.<\/p>\n<p>&nbsp;<\/p>\n","protected":false},"excerpt":{"rendered":"<p>Muy buenas a todos, somos un grupo de trabajo formado por cinco chicos de la Universidad de Alicante que pertenecemos al Grado de Historia y este blog ha sido creado para la asignatura de Metodolog\u00eda II impartida por\u00a0Francisco Sevillano Calero. Los componentes del grupo somos Jose Mar\u00eda Escolano Mart\u00ednez, Adri\u00e1n Gonz\u00e1lez Mart\u00ednez, \u00d3liver Guti\u00e9rrez Gil, &hellip; <a href=\"https:\/\/blogs.ua.es\/metodologia2\/presentacion\/\" class=\"more-link\">Continue reading <span class=\"screen-reader-text\">Presentaci\u00f3n<\/span> <span class=\"meta-nav\">&rarr;<\/span><\/a><\/p>\n","protected":false},"author":2881,"featured_media":0,"parent":0,"menu_order":1,"comment_status":"closed","ping_status":"closed","template":"","meta":{"footnotes":""},"class_list":["post-12","page","type-page","status-publish","hentry"],"_links":{"self":[{"href":"https:\/\/blogs.ua.es\/metodologia2\/wp-json\/wp\/v2\/pages\/12","targetHints":{"allow":["GET"]}}],"collection":[{"href":"https:\/\/blogs.ua.es\/metodologia2\/wp-json\/wp\/v2\/pages"}],"about":[{"href":"https:\/\/blogs.ua.es\/metodologia2\/wp-json\/wp\/v2\/types\/page"}],"author":[{"embeddable":true,"href":"https:\/\/blogs.ua.es\/metodologia2\/wp-json\/wp\/v2\/users\/2881"}],"replies":[{"embeddable":true,"href":"https:\/\/blogs.ua.es\/metodologia2\/wp-json\/wp\/v2\/comments?post=12"}],"version-history":[{"count":8,"href":"https:\/\/blogs.ua.es\/metodologia2\/wp-json\/wp\/v2\/pages\/12\/revisions"}],"predecessor-version":[{"id":133,"href":"https:\/\/blogs.ua.es\/metodologia2\/wp-json\/wp\/v2\/pages\/12\/revisions\/133"}],"wp:attachment":[{"href":"https:\/\/blogs.ua.es\/metodologia2\/wp-json\/wp\/v2\/media?parent=12"}],"curies":[{"name":"wp","href":"https:\/\/api.w.org\/{rel}","templated":true}]}}