{"id":15,"date":"2015-11-25T15:21:59","date_gmt":"2015-11-25T15:21:59","guid":{"rendered":"https:\/\/blogs.ua.es\/metodologia2\/?page_id=15"},"modified":"2015-12-02T20:52:57","modified_gmt":"2015-12-02T20:52:57","slug":"personalidad-del-periodico","status":"publish","type":"page","link":"https:\/\/blogs.ua.es\/metodologia2\/personalidad-del-periodico\/","title":{"rendered":"Personalidad del peri\u00f3dico"},"content":{"rendered":"<h2 style=\"text-align: center\">Registro de Identificaci\u00f3n<\/h2>\n<ul>\n<li style=\"text-align: left\"><strong>Nombre del peri\u00f3dico:<\/strong>\u00a0La Vanguardia<\/li>\n<\/ul>\n<ul style=\"text-align: left\">\n<li><strong>Lugar de residencia de la redacci\u00f3n y la administraci\u00f3n:\u00a0<\/strong>Barcelona (Espa\u00f1a)<\/li>\n<\/ul>\n<ul>\n<li style=\"text-align: left\"><strong>Indicaciones que se pueden acompa\u00f1ar al nombre: <\/strong>Peri\u00f3dico nacional que se edita en Barcelona, publicado en castellano y desde Mayo del 2011 en catal\u00e1n, el peri\u00f3dico se publica en toda Espa\u00f1a.\u00a0B\u00e1sicamente se centra en informar acerca de la actualidad futbol\u00edstica, en especial la del F\u00fatbol Club Barcelona, y polideportiva.<\/li>\n<\/ul>\n<ul>\n<li><strong>Periodicidad:\u00a0<\/strong>Se publica desde el 1 de Febrero de 1881 hasta la actualidad<\/li>\n<\/ul>\n<ul>\n<li><strong>Momento de la aparici\u00f3n:\u00a0<\/strong>Ma\u00f1ana<\/li>\n<\/ul>\n<ul>\n<li><strong>Zona principal de difusi\u00f3n:\u00a0<\/strong>Nacional<\/li>\n<\/ul>\n<ul>\n<li><strong>Tiraje:\u00a0<\/strong>233.229\u00a0(OJD, promedio ene. 2010\u2013dic. 2010)<\/li>\n<\/ul>\n<ul>\n<li><strong>Difusi\u00f3n:\u00a0<\/strong>200.370\u00a0(OJD, promedio ene. 2010\u2013dic. 2010)<\/li>\n<\/ul>\n<ul>\n<li><strong>Fecha del primer n\u00famero:\u00a0<\/strong>01\/02\/1881<\/li>\n<\/ul>\n<ul>\n<li><strong>Precio:\u00a0<\/strong>1,30\u20ac (2014)<\/li>\n<\/ul>\n<ul>\n<li><strong>Caracter\u00edsticas excepcionales de la vida del peri\u00f3dico:<\/strong>\u00a0Es la publicaci\u00f3n nacional\u00a0m\u00e1s antigua que todav\u00eda se edita en Espa\u00f1a.<\/li>\n<\/ul>\n<ul>\n<li><strong>Formato:\u00a0<\/strong>Tanto en papel como digital<\/li>\n<\/ul>\n<ul>\n<li><strong>N\u00famero de p\u00e1ginas y de columnas por p\u00e1ginas:\u00a0<\/strong>entre 60 y 75 p\u00e1ginas<\/li>\n<\/ul>\n<ul>\n<li><strong>Nombre y direcci\u00f3n del impresor:\u00a0<\/strong>Crea-a Impresiones de Catalu\u00f1a SL, perteneciente al Grupo God\u00f3, fundadores\u00a0God\u00f3 y Bartolom\u00e9 God\u00f3<sup id=\"cite_ref-hist_1-0\" class=\"reference\"><\/sup><\/li>\n<li><strong><strong>N\u00famero de ediciones y zona cubierta por cada edici\u00f3n:\u00a0<\/strong><\/strong>48.197<\/li>\n<\/ul>\n<p>&nbsp;<\/p>\n<h2 style=\"text-align: center\"><strong>Expediente de identidad<\/strong><\/h2>\n<p><strong>Estructura jur\u00eddica y financiera<\/strong><\/p>\n<p style=\"text-align: left\">El peri\u00f3dico La vanguardia pertenece al grupo God\u00f3 de comunicaci\u00f3n y se considera su mayor activo. El grupo fue fundado en 1881 por Carlos y Bartolom\u00e9 God\u00f3.<br \/>\nEl grupo God\u00f3 en un holding en materia de comunicaciones. Adem\u00e1s de <em>La vanguardia<\/em> posee <em>Mundo deportivo<\/em>. Revistas como <em>Tv Mania<\/em>,<em> Que Fem?<\/em>,<em> Vanguardia Grandes Temas<\/em>, <em>ES<\/em>, y <em>Salud y Vida<\/em>. Canales de radio como <em>RAC1<\/em> y <em>RAC10<\/em>. Y canales de Televisi\u00f3n como <em>8tv<\/em>, <em>Bar\u00e7a TV<\/em> y <em>RAC 105<\/em>. Por tanto se trata de un grupo que ejerce un gran control en materia de comunicaci\u00f3n en Barcelona.<br \/>\nLos datos de difusi\u00f3n de enero de 2010 sit\u00faan las ventas de <em>La vanguardia<\/em> en 200.322 ejemplares y la difusi\u00f3n en 693.000, con lo cual el diario no s\u00f3lo es el m\u00e1s vendido, sino tambi\u00e9n el m\u00e1s le\u00eddo en Catalunya. Adem\u00e1s, es l\u00edder en Espa\u00f1a en n\u00famero de suscriptores, con 65.055. Aunque en 2014 sus ventas cayeron en un 13.5%.<br \/>\nEn cuesti\u00f3n de subvenciones p\u00fablicas <em>La vanguardia<\/em> es el peri\u00f3dico m\u00e1s beneficiado de Catalu\u00f1a. De 2011 a 2013 recibi\u00f3 5.5 millones de euros en subvenciones por parte de la Generalitat y 856.831 en 2014.<\/p>\n<p style=\"text-align: left\"><strong>Condiciones de impresi\u00f3n<\/strong><\/p>\n<p style=\"text-align: left\">El diario La Vanguardia es propiedad del\u00a0Grupo God\u00f3, Cre-a Impresiones de Catalu\u00f1a s.l. \u00a0Esta compa\u00f1\u00eda se ocupa tambi\u00e9n de la impresi\u00f3n de otros peri\u00f3dicos tales como el Ara, diario que se edita en catal\u00e1n en todo el \u00e1mbito catalanoparlante del Estado, y el Mundo Deportivo dentro del\u00a0\u00e1mbito de la prensa deportiva.<\/p>\n<p style=\"text-align: left\">Su centro de redacci\u00f3n y de impresi\u00f3n se encuentra ubicado en Barcelona, concretamente en la Avenida Diagonal 477, 3\u00ba E-08036.<\/p>\n<p style=\"text-align: left\"><strong>Organizaci\u00f3n de la redacci\u00f3n<\/strong><\/p>\n<p style=\"text-align: left\">La Vanguardia fue creada el d\u00eda 1 de febrero de 1881 por los empresarios Carlos God\u00f3 y Bartolom\u00e9 God\u00f3, siendo en inicio el \u00f3rgano period\u00edstico del Partido Liberal en la provincia de Barcelona.<\/p>\n<p style=\"text-align: left\">Desde 1888 hasta 1901 ocup\u00f3 el cargo de director del peri\u00f3dico Modesto S\u00e1nchez Ortiz, periodo de tiempo en el que participaron como escritores varias figuras ilustres de la Generaci\u00f3n del 98. En el a\u00f1o\u00a01903, el diario se traslad\u00f3 desde la calle Les Heures, donde ten\u00eda su sede desde el a\u00f1o de su fundaci\u00f3n, a un edificio en la calle de Pelayo 28. Bajo la direcci\u00f3n del mallorqu\u00edn Miquel dels Sants Oliver se\u00a0renov\u00f3 su sistema de composici\u00f3n, gracias a lo cual consigui\u00f3 llegar a ser el mayor diario de difusi\u00f3n de toda Catalu\u00f1a.<\/p>\n<p style=\"text-align: left\">El siguiente director del peri\u00f3dico fue Agust\u00ed Calvet, el cual lograr\u00eda modernizar los avances t\u00e9cnicos de la redacci\u00f3n y consolidarlo como el primer diario de Espa\u00f1a en ventas y uno de los principales en Europa.<\/p>\n<p style=\"text-align: left\">A partir del comienzo de la Guerra Civil la Generalitat de Cata\u00f1u\u00f1a incaut\u00f3 el diario y lo convirti\u00f3 en el principal difusor de la propaganda republicana en todo el territorio leal.<\/p>\n<p style=\"text-align: left\">Tras la victoria del bando franquista, el peri\u00f3dico pas\u00f3 de nuevo a manos de Carlos God\u00f3, quien cambi\u00f3 el nombre del diario por La Vanguardia Espa\u00f1ola y elimin\u00f3 del n\u00famero de ediciones los correspondientes al periodo de posesi\u00f3n republicana. Como director fue colocado Luis de Galinsoga, que mantuvo el puesto hasta que cay\u00f3 en descr\u00e9dito en el a\u00f1o 1960, siendo sustituido por Manuel Aznar Zubigaray hasta 1963, Javier de Echarri y Gamundi hasta 1969 y Horacio S\u00e1enz Guerrero despu\u00e9s, con el que empezar\u00edan a introducirse en la redacci\u00f3n escritores y periodistas de talante m\u00e1s independiente y liberal con respecto a la oficialidad del r\u00e9gimen.<\/p>\n<p style=\"text-align: left\">En 1978, durante la Transici\u00f3n, el diario recuper\u00f3 su nombre original. el propietario Javier God\u00f3 y el director Juan Tapia llevaron a cabo una modernizaci\u00f3n estil\u00edstica, a\u00f1adi\u00e9ndose nuevos rotativos de color.<\/p>\n<p style=\"text-align: left\">En el a\u00f1o 2000 accedi\u00f3 a la direcci\u00f3n del peri\u00f3dico Jos\u00e9 Antich, quien expandi\u00f3 la red de sucursales incorporando capitales importantes como La Habana, Buenos Aires y Pekin, adem\u00e1s de a\u00f1adir nuevos suplementos especiales dedicados a la econom\u00eda y a la cultura. En el 2004 se ocup\u00f3 la actual sede del diario, y en 2011 se cre\u00f3 una versi\u00f3n en catal\u00e1n que coexiste con la castellana.<\/p>\n<p style=\"text-align: left\"><strong>L\u00ednea y acci\u00f3n pol\u00edticas<\/strong><\/p>\n<p style=\"text-align: left\">Desde sus inicios el diario La Vanguardia ha estado estrechamente vinculado con el liberalismo, habiendo sido el \u00f3rgano period\u00edstico del Partido Liberal durante sus primeros a\u00f1os. Actualmente el diario se encuentra vinculado al partido catalanista CIU (Convergencia i Uni\u00f3), por lo que en el espectro pol\u00edtico se sit\u00faan en el centro derecha independentista.<\/p>\n","protected":false},"excerpt":{"rendered":"<p>Registro de Identificaci\u00f3n Nombre del peri\u00f3dico:\u00a0La Vanguardia Lugar de residencia de la redacci\u00f3n y la administraci\u00f3n:\u00a0Barcelona (Espa\u00f1a) Indicaciones que se pueden acompa\u00f1ar al nombre: Peri\u00f3dico nacional que se edita en Barcelona, publicado en castellano y desde Mayo del 2011 en catal\u00e1n, el peri\u00f3dico se publica en toda Espa\u00f1a.\u00a0B\u00e1sicamente se centra en informar acerca de la &hellip; <a href=\"https:\/\/blogs.ua.es\/metodologia2\/personalidad-del-periodico\/\" class=\"more-link\">Continue reading <span class=\"screen-reader-text\">Personalidad del peri\u00f3dico<\/span> <span class=\"meta-nav\">&rarr;<\/span><\/a><\/p>\n","protected":false},"author":2881,"featured_media":0,"parent":0,"menu_order":2,"comment_status":"closed","ping_status":"closed","template":"","meta":{"footnotes":""},"class_list":["post-15","page","type-page","status-publish","hentry"],"_links":{"self":[{"href":"https:\/\/blogs.ua.es\/metodologia2\/wp-json\/wp\/v2\/pages\/15","targetHints":{"allow":["GET"]}}],"collection":[{"href":"https:\/\/blogs.ua.es\/metodologia2\/wp-json\/wp\/v2\/pages"}],"about":[{"href":"https:\/\/blogs.ua.es\/metodologia2\/wp-json\/wp\/v2\/types\/page"}],"author":[{"embeddable":true,"href":"https:\/\/blogs.ua.es\/metodologia2\/wp-json\/wp\/v2\/users\/2881"}],"replies":[{"embeddable":true,"href":"https:\/\/blogs.ua.es\/metodologia2\/wp-json\/wp\/v2\/comments?post=15"}],"version-history":[{"count":14,"href":"https:\/\/blogs.ua.es\/metodologia2\/wp-json\/wp\/v2\/pages\/15\/revisions"}],"predecessor-version":[{"id":144,"href":"https:\/\/blogs.ua.es\/metodologia2\/wp-json\/wp\/v2\/pages\/15\/revisions\/144"}],"wp:attachment":[{"href":"https:\/\/blogs.ua.es\/metodologia2\/wp-json\/wp\/v2\/media?parent=15"}],"curies":[{"name":"wp","href":"https:\/\/api.w.org\/{rel}","templated":true}]}}