{"id":21,"date":"2015-11-25T15:23:56","date_gmt":"2015-11-25T15:23:56","guid":{"rendered":"https:\/\/blogs.ua.es\/metodologia2\/?page_id=21"},"modified":"2015-12-02T20:40:44","modified_gmt":"2015-12-02T20:40:44","slug":"portadas-de-prensa","status":"publish","type":"page","link":"https:\/\/blogs.ua.es\/metodologia2\/portadas-de-prensa\/","title":{"rendered":"Morfolog\u00eda del peri\u00f3dico"},"content":{"rendered":"<p style=\"text-align: center\"><strong>Portada del 1\u00ba Mi\u00e9rcoles de Enero de 1890<\/strong><\/p>\n<p style=\"text-align: center\"><strong>Espacio de redacci\u00f3n<\/strong><\/p>\n<p style=\"text-align: center\">En la parte superior de esta portada se puede ver a la izquierda el n\u00famero de edici\u00f3n del peri\u00f3dico, en el centro la periodicidad del mismo y a la derecha la fecha de edici\u00f3n. Se trata del n\u00famero 1279, publicado el 1\u00ba Mi\u00e9rcoles de Enero de 1890, fecha en la que se emit\u00edan dos ediciones diarias incluyendo los lunes.<\/p>\n<p style=\"text-align: center\">En la zona inmediatamente inferior hay un r\u00f3tulo con informaci\u00f3n sobre el precio, lugar de redacci\u00f3n, tipo de edici\u00f3n, precios de suscripci\u00f3n y t\u00edtulo. El t\u00edtulo es el elemento m\u00e1s llamativo ya que se encuentra en el centro del r\u00f3tulo y est\u00e1 escrito con las letras m\u00e1s grandes que pueden verse en la p\u00e1gina, como todo el peri\u00f3dico est\u00e1 escrito con tinta negra, algo l\u00f3gico ya que es de 1890. Debajo del t\u00edtulo encontramos el tipo de edici\u00f3n (Edici\u00f3n de ma\u00f1ana) y el lugar de redacci\u00f3n, en este caso Barcelona. A ambos lados del t\u00edtulo podemos ver que su precio es de 5 c\u00e9ntimos y dos r\u00f3tulos de menor tama\u00f1o con los precios de suscripci\u00f3n. Dependiendo del lugar y el tiempo de suscripci\u00f3n el precio var\u00eda. En Barcelona un mes cuesta 1\u00b450 pesetas y un trimestre 5\u00b450 pesetas, sin embargo en ultramar el trimestre cuesta 10 pesetas y en el extranjero 15 pesetas.<\/p>\n<p style=\"text-align: center\">En cuanto al texto de la portada, aparecen tres textos:<\/p>\n<p style=\"text-align: center\">El primer texto es de colaboraci\u00f3n particular e informativo, escrito por Jos\u00e9 Zulueta, en el que explica el funcionamiento de las elecciones de Inglaterra y los medios que utilizan los candidatos para promocionar sus campa\u00f1as. Es un texto de car\u00e1cter pol\u00edtico e internacional. Cuenta con algo de opini\u00f3n personal.<\/p>\n<p style=\"text-align: center\">El segundo art\u00edculo trata sobre las elecciones municipales, la toma de cargo de los nuevos concejales y del alcalde, y la herencia recibida. Es un texto elaborado por el propio peri\u00f3dico y de nuevo hay opini\u00f3n personal sobre tal herencia. Es un texto de car\u00e1cter informativo, local y pol\u00edtico.<\/p>\n<p style=\"text-align: center\">El tercero relata un conflicto entre Portugal e Inglaterra y para ello utilizan un extracto de un peri\u00f3dico ingl\u00e9s, el <em>Daily telegraph<\/em>. El resto de la noticia se apoya en informaciones de otros peri\u00f3dicos como <em>Independencia belga<\/em>. El texto es informativo con opiniones personales. La informaci\u00f3n que contiene es pol\u00edtica e internacional.<\/p>\n<p style=\"text-align: center\">Como puede verse, los tres textos que aparecen en la portada son informativos con opiniones personales y en todos se trata la pol\u00edtica ya sea a nivel regional o internacional. Por otra parte, los t\u00edtulos de estos textos est\u00e1n escritos en negrita y son los de menor tama\u00f1o de la portada.<\/p>\n<p style=\"text-align: center\">Un elemento a destacar es que en esta portada no hay ilustraciones, no existen fotograf\u00edas, dibujos o gr\u00e1ficos que puedan considerarse como tales.\u00a0Por tanto, entre t\u00edtulos, textos e ilustraciones el espacio de redacci\u00f3n ocupa un 87.7% de la portada.<\/p>\n<p style=\"text-align: center\"><strong>Superficie publicitaria<\/strong><\/p>\n<p style=\"text-align: center\">Debajo del t\u00edtulo y a la izquierda pueden verse 4 anuncios, que conforman la superficie publicitaria y que ocupa el 12.3% de la p\u00e1gina, siendo el segundo elemento m\u00e1s importante de la portada a gran distancia del espacio de redacci\u00f3n. Se anuncian pianos, conciertos, caf\u00e9s, etc. Estos anuncios est\u00e1n a la izquierda de la p\u00e1gina, un lugar que puede considerarse como el m\u00e1s relevante ya que es all\u00ed donde el lector suele centrar m\u00e1s la atenci\u00f3n. Adem\u00e1s, se encuentran antes incluso que el texto del peri\u00f3dico, lo que revela la importancia de la publicidad para este peri\u00f3dico. Otra muestra de la importancia del espacio publicitario es que los t\u00edtulos de los anuncios son de mayor tama\u00f1o que el de los textos.<\/p>\n<p style=\"text-align: center\"><a href=\"https:\/\/blogs.ua.es\/metodologia2\/files\/2015\/11\/img61.jpg\"><img loading=\"lazy\" decoding=\"async\" class=\"aligncenter wp-image-128\" src=\"https:\/\/blogs.ua.es\/metodologia2\/files\/2015\/11\/img61.jpg\" alt=\"img6\" width=\"263\" height=\"398\" srcset=\"https:\/\/blogs.ua.es\/metodologia2\/files\/2015\/11\/img61.jpg 2476w, https:\/\/blogs.ua.es\/metodologia2\/files\/2015\/11\/img61-198x300.jpg 198w, https:\/\/blogs.ua.es\/metodologia2\/files\/2015\/11\/img61-677x1024.jpg 677w\" sizes=\"auto, (max-width: 263px) 100vw, 263px\" \/><\/a><\/p>\n<p>http:\/\/hemeroteca.lavanguardia.com\/preview\/1890\/01\/01\/pagina-2\/34660689\/pdf.html<\/p>\n<p style=\"text-align: center\"><strong>Portada del 2 de abril de 1939<\/strong><\/p>\n<p style=\"text-align: center\">Es una portada correspondiente al peri\u00f3dico La Vanguardia que tiene su fecha el domingo 2 de abril de 1939. En esta se observa en la parte superior izquierda el n\u00famero de edici\u00f3n con el n\u00famero 22618, la edici\u00f3n que tiene como lugar Barcelona y los fundadores del peri\u00f3dico que son Carlos y Bartolom\u00e9 God\u00f3. En la parte superior derecha la fecha del peri\u00f3dico anteriormente citada, las oficinas de edici\u00f3n en Pelayo 28, y el n\u00famero de tel\u00e9fono 14135. Ya en la parte superior central, aparece el precio del ejemplar que son 20 c\u00e9ntimos y el nombre del peri\u00f3dico.<\/p>\n<p style=\"text-align: center\">En el centro del r\u00f3tulo nos muestra el t\u00edtulo &#8220; Franco Caudillo victorioso: la guerra ha terminado\u00b4\u00b4 con letras m\u00e1s destacadas. El peri\u00f3dico se realizaba con tinta negra. Ya debajo del t\u00edtulo aparece la fecha de finalizaci\u00f3n de la guerra que data del 1 de abril de 1939, es decir, el d\u00eda anterior a la publicaci\u00f3n de este peri\u00f3dico, y la afirmaci\u00f3n de la guerra ha terminado con firma de Francisco Franco en Burgos como General\u00edsimo Franco insertada bajo la menci\u00f3n de a\u00f1o de la victoria.<\/p>\n<p style=\"text-align: center\">Por lo que corresponde a los textos de la portada:<br \/>\nEl primero es un texto informativo de car\u00e1cter pol\u00edtico-internacional que nos muestra el reconocimiento por parte de los Estados Unidos de Am\u00e9rica al gobierno establecido el 1 de abril de 1939, y liderado por Francisco Franco mediante un comunicado de Mr. Cordell Hull, Secretario de Estado, a la Conferencia de Prensa. El texto emplea elementos valorativos como &#8220; Roosevelt encarg\u00f3 calurosamente el levantamiento del embargo sobre los env\u00edos de armas y municiones para la guerra espa\u00f1ola\u00b4\u00b4. Esta es una noticia exclusiva para la Vanguardia Espa\u00f1ola.<\/p>\n<p style=\"text-align: center\">El segundo texto corresponde a un texto informativo de car\u00e1cter pol\u00edtico-internacional de la iglesia cat\u00f3lica que mediante el propio papa P\u00edo XII le env\u00eda la apost\u00f3lica bendici\u00f3n al pueblo espa\u00f1ol y m\u00e1s concretamente a Franco, respondiendo este \u00faltimo con gratitud al Papa.<\/p>\n<p style=\"text-align: center\">El tercer texto es la legitimaci\u00f3n por parte de Alemania mediante las felicitaciones del Ministro Extranjero de Negocios Von Ribentropp, donde el Ministerio de Exteriores Espa\u00f1ol ofrece su simpat\u00eda y amistad.<\/p>\n<p style=\"text-align: center\">El cuarto texto hace referencia a un telegrama del presidente de la Rep\u00fablica de El Salvador.<\/p>\n<p style=\"text-align: center\">Todos estos textos anteriormente citados contienen un car\u00e1cter pol\u00edtico-internacional donde su objetivo es la legitimaci\u00f3n del gobierno del general Francisco Franco con elementos subjetivos anteriormente citados que apelan a la solidaridad, a la amistad al buen visto por parte de algunos dirigentes o la justificaci\u00f3n de los hechos como elemento de salvaci\u00f3n de unas ideas.<\/p>\n<p style=\"text-align: center\">En el quinto texto hace referencia a la \u00faltima acta de guerra que es escuchada por el Caudillo, Francisco Franco, donde se aprecia sensacionalismo y orientaci\u00f3n hacia un pensamiento, y sobre las actividades que realiza el general Franco pese a no encontrarse en plenas facultades, ejemplo: Su Excelencia, fiel prototipo del aut\u00e9ntico espa\u00f1ol, amante del hogar en gran sumo o en todos los presentes pudo m\u00e1s la expresi\u00f3n del coraz\u00f3n y los ojos, que todas las palabras que en tan solemne coraz\u00f3n pudieran escucharse.<\/p>\n<p style=\"text-align: center\">El sexto texto muestra el comunicado por parte de Ram\u00f3n Serrano Su\u00f1er, Ministro de la Gobernaci\u00f3n, a un redactor de la agencia Faro donde le dijo que Franco se dirigir\u00eda a los espa\u00f1oles, pero que en estos momentos estaba indispuesto.<br \/>\nEl s\u00e9ptimo texto nos habla de la felicitaci\u00f3n de la comunidad Musulmana apelando al sensacionalismo, y m\u00e1s concretamente a las emociones con la menci\u00f3n a gritos como: \u00a1Viva Espa\u00f1a!\u00a1Viva Franco!.<\/p>\n<p style=\"text-align: center\">El \u00faltimo texto, menciona la falta de alimentos como el pan y la apertura de caf\u00e9s y bares. Como puede observarse, todos los textos poseen un car\u00e1cter informativo con muchos elementos orientativos hacia la persona de Francisco Franco o el modo de pensar u observar de otras instituciones o estados con respecto a \u00e9l. Se trata de textos que hacen referencia a la pol\u00edtica nacional como internacional.<\/p>\n<p style=\"text-align: center\">No existen elementos fotogr\u00e1ficos o ilustrativos, por lo que el 50 %corresponde a los textos y el otro 50 % al t\u00edtulo. Otro elemento que destaca, es la no existencia de anuncios.<\/p>\n<p style=\"text-align: center\"><a href=\"https:\/\/blogs.ua.es\/metodologia2\/files\/2015\/11\/00011.jpg\"><img loading=\"lazy\" decoding=\"async\" class=\"aligncenter size-medium wp-image-141\" src=\"https:\/\/blogs.ua.es\/metodologia2\/files\/2015\/11\/00011-201x300.jpg\" alt=\"0001\" width=\"201\" height=\"300\" srcset=\"https:\/\/blogs.ua.es\/metodologia2\/files\/2015\/11\/00011-201x300.jpg 201w, https:\/\/blogs.ua.es\/metodologia2\/files\/2015\/11\/00011-685x1024.jpg 685w\" sizes=\"auto, (max-width: 201px) 100vw, 201px\" \/><\/a><\/p>\n<p style=\"text-align: center\">http:\/\/hemeroteca.lavanguardia.com\/preview\/1939\/04\/02\/pagina-1\/33113395\/pdf.html<\/p>\n<p style=\"text-align: center\"><em><strong>Portada 30 de diciembre de 1993<\/strong><\/em><\/p>\n<p style=\"text-align: center\">Esta es una portada del peri\u00f3dico La Vanguardia fechada en el jueves d\u00eda 30 de diciembre de 1993. Podemos observar que en esta \u00e9poca el peri\u00f3dico divid\u00eda sus portadas en hasta 7 apartados o secciones, siendo el orden de \u00e9stas, de arriba a abajo, una noticia de cabecera, la cabecera, el fechario, la noticia principal, dos noticias importantes y, a la izquierda de ellas, el \u00edndice.<\/p>\n<p style=\"text-align: center\">En la cima de la portada lo primero que encontramos es una noticia de cabecera que apenas ocupa el 5% del tama\u00f1o total de la portada. Est\u00e1 resumida en una sola frase que proporciona la informaci\u00f3n b\u00e1sica de la noticia, la cual est\u00e1 escrita en letras may\u00fasculas y de color rojo, siendo el \u00fanico titular que no se encuentra escrito en tinta negra. La frase viene acompa\u00f1ada adem\u00e1s de una referencia que indica el n\u00famero de la p\u00e1gina a la que podemos acudir si deseamos ampliar la noticia.<\/p>\n<p style=\"text-align: center\">Debajo est\u00e1 la cabecera, la cual constituye sin duda uno de los elementos m\u00e1s notables y caracter\u00edsticos de la portada, pues refleja en letras blancas, grandes y may\u00fasculas el nombre del diario sobre un fondo azul oscuro. Este dise\u00f1o comprende el 8% del tama\u00f1o de la p\u00e1gina.<\/p>\n<p style=\"text-align: center\">El lugar situado entre la cabecera y la noticia principal lo ocupa el fechario, el cual ocupa \u00fanicamente el 2% del tama\u00f1o del peri\u00f3dico y se encuentra dividido en 4 partes que de izquierda a derecha son la fecha de publicaci\u00f3n (d\u00eda de la semana, d\u00eda, mes y a\u00f1o) en letras may\u00fasculas, la fecha de fundaci\u00f3n del diario y los nombres de los fundadores en min\u00fascula, el n\u00famero del ejemplar y el precio, escrito en negrita.<\/p>\n<p style=\"text-align: center\">La noticia principal est\u00e1 situada en el centro superior de la portada, y conforma un 43% de su totalidad. Es destacada por la cabeza principal, que anuncia la noticia con las letras m\u00e1s grandes (ocupan el 12,8% del tama\u00f1o de la portada) y escritas en negrita. Inmediatamente debajo de la cabeza principal, a su lado derecho, viene la subcabeza, que son tres l\u00edneas formadas por letras algo m\u00e1s peque\u00f1as que las del titular pero a\u00fan as\u00ed destacadas y en cursiva que expanden la noticia anunciada. Debajo de la subcabeza est\u00e1 la noticia desarrollada en dos columnas. Al principio de esta noticia aparece un logotipo de colores que indica que es ah\u00ed donde comienza el texto, va seguido por el lugar en el que transcurre la noticia, escrito con letras may\u00fasculas, luego est\u00e1 la noticia desarrollada mediante letras de menor tama\u00f1o y min\u00fasculas. En el final de las columnas aparece en negrita y en may\u00fasculas las p\u00e1ginas del interior en las que figura dicha noticia.<br \/>\nA la izquierda de la subcabeza y las columnas est\u00e1 la foto destacada de la noticia, la cual ocupa el 9,8% del tama\u00f1o de la portada. Debajo de la imagen, en la esquina inferior derecha, aparece el nombre y los apellidos del responsable de haberla tomado, con letras en may\u00fascula pero de inferior tama\u00f1o que las que componen las columnas.<br \/>\nDebajo, ocupando la misma anchura que la imagen, se encuentra el pie de foto de 2 l\u00edneas en las que se explica que es lo que se est\u00e1 viendo en ella.<\/p>\n<p style=\"text-align: center\">Debajo de la secci\u00f3n que ocupa la noticia de portada est\u00e1n el \u00edndice del peri\u00f3dico y las dem\u00e1s noticias importantes. El \u00edndice ocupa la esquina inferior izquierda y est\u00e1 enmarcado por un cuadro de color amarillo claro que contiene las secciones en las que se divide el interior del diario, el n\u00famero de p\u00e1gina en el que comienza cada una de ellas, el n\u00famero total de p\u00e1ginas que comprende el peri\u00f3dico y, en la parte inferior y con caracteres mucho m\u00e1s reducidos y menos notables, pero dentro del recuadro del \u00edndice, est\u00e1 la mancheta, en la que se nombra al editor, al impresor, el lugar de redacci\u00f3n y de administraci\u00f3n, el n\u00famero de tel\u00e9fono, de telefax y de teletipo. El total del recuadro del \u00edndice ocupa el 7% del tama\u00f1o de la portada.<br \/>\nA la derecha del \u00edndice est\u00e1n las dos noticias secundarias que ocupan la portada. La primera de ellas est\u00e1 compuesta por un antet\u00edtulo, un t\u00edtulo y dos columna de reducida extensi\u00f3n que ampl\u00edan la noticia, mientras que la segunda noticia tiene dos columnas algo m\u00e1s extensas y una imagen estad\u00edstica a su derecha, ocupando un total del 35%, siendo la imagen un 4,9%.<\/p>\n<p><a href=\"https:\/\/blogs.ua.es\/metodologia2\/files\/2015\/11\/img6.jpg\"><img loading=\"lazy\" decoding=\"async\" class=\" wp-image-126 aligncenter\" src=\"https:\/\/blogs.ua.es\/metodologia2\/files\/2015\/11\/img6-207x300.jpg\" alt=\"img6\" width=\"223\" height=\"323\" srcset=\"https:\/\/blogs.ua.es\/metodologia2\/files\/2015\/11\/img6-207x300.jpg 207w, https:\/\/blogs.ua.es\/metodologia2\/files\/2015\/11\/img6-705x1024.jpg 705w\" sizes=\"auto, (max-width: 223px) 100vw, 223px\" \/><\/a><\/p>\n<p>http:\/\/hemeroteca.lavanguardia.com\/preview\/1993\/12\/30\/pagina-1\/33748116\/pdf.html<\/p>\n<p style=\"text-align: center\"><em><strong>Portada 12 de Septiembre de 2001<\/strong><\/em><\/p>\n<p style=\"text-align: center\">Esta portada corresponde al d\u00eda despu\u00e9s de los atentados del 11-S en Nueva York, toda la portada de este d\u00eda la ocupa este acontecimiento ya que fue un atentado de gran envergadura y en el que perecieron gran cantidad de personas, exceptuando encima de la cabecera que encontramos otra noticia relacionada con la econom\u00eda que abarca las p\u00e1ginas 58 hasta la 60 y que apenas ocupa un 5% de la portada, por otra parte en la noticia principal\u00a0se observan dos im\u00e1genes, la principal con el avi\u00f3n a punto de impactar en la torre y en una de las columnas otra imagen\u00a0con el avi\u00f3n en pleno impacto y un pie de foto que resume lo que significaba la torre para EE.UU.\u00a0La noticia principal ocupa un 93% de la portada.<\/p>\n<p style=\"text-align: center\">El lugar situado entre la cabecera y la noticia principal lo ocupa el fechario, el cual ocupa \u00fanicamente el 2% del tama\u00f1o del peri\u00f3dico y se encuentra dividido en 4 partes de izquierda a derecha son la fecha de publicaci\u00f3n (d\u00eda de la semana, d\u00eda, mes y a\u00f1o) en letras may\u00fasculas, la fecha de fundaci\u00f3n del diario y los nombres de los fundadores en min\u00fascula, el n\u00famero del ejemplar y el precio, escrito en negrita.<\/p>\n<p style=\"text-align: center\">La noticia principal aparece en may\u00fasculas con claro titular, que pretende transmitir al lector de una forma detallada el objetivo comunicativo que trata de transmitir la portada del peri\u00f3dico, aparece con tinta de color negra, por lo que es el \u00fanico titular que abarca esta noticia principal. El t\u00edtulo de esta noticia viene complementado por una referencia que indica el n\u00famero de las p\u00e1ginas en la que podemos encontrar toda la informaci\u00f3n sobre este titular.<\/p>\n<p style=\"text-align: center\">En la portada del peri\u00f3dico hay dos columnas, una a la izquierda y otra a la derecha, en la columna de la izquierda en la parte superior encontramos un resumen de unos 70 minutos del suceso en el que abarca 5 horas\u00a0claves, en el art\u00edculo central, tambi\u00e9n tiene que ver con la noticia principal, en este caso es una amenaza del presidente al grupo terrorista que ha causado esto , y en la parte inferior vemos una editorial que abarca la p\u00e1gina 28.\u00a0En la columna de la derecha vemos un \u00edndice con cuatro t\u00edtulos y en la parte inferior nos indican las p\u00e1ginas que ocupan, de la 2 hasta la 21.<\/p>\n<p style=\"text-align: center\">Podemos observar la ausencia de publicidad en dicha portada, en cuanto al espacio de redacci\u00f3n encontramos la imagen principal en el centro de la portada y los textos en ambos laterales acompa\u00f1ados de una imagen m\u00e1s peque\u00f1a, menos el t\u00edtulo &#8220;Guerra a EE.UU&#8221;\u00a0que se sit\u00faa en la parte superior\u00a0de la imagen principal, es decir en la zona central.<\/p>\n<p style=\"text-align: center\">El objetivo de la portada por lo tanto, es informar al lector de los sucesos acontecidos en EE.UU, al ser un peri\u00f3dico espa\u00f1ol, el contenido es de car\u00e1cter pol\u00edtico e internacional.<\/p>\n<p style=\"text-align: center\"><a href=\"https:\/\/blogs.ua.es\/metodologia2\/files\/2015\/11\/0001.jpg\"><img loading=\"lazy\" decoding=\"async\" class=\"aligncenter wp-image-81\" src=\"https:\/\/blogs.ua.es\/metodologia2\/files\/2015\/11\/0001.jpg\" alt=\"0001\" width=\"350\" height=\"476\" srcset=\"https:\/\/blogs.ua.es\/metodologia2\/files\/2015\/11\/0001.jpg 3663w, https:\/\/blogs.ua.es\/metodologia2\/files\/2015\/11\/0001-221x300.jpg 221w, https:\/\/blogs.ua.es\/metodologia2\/files\/2015\/11\/0001-753x1024.jpg 753w\" sizes=\"auto, (max-width: 350px) 100vw, 350px\" \/><\/a><\/p>\n<p>http:\/\/hemeroteca.lavanguardia.com\/preview\/2001\/09\/12\/pagina-1\/34167469\/pdf.html<\/p>\n<p>&nbsp;<\/p>\n<p style=\"text-align: center\">\n","protected":false},"excerpt":{"rendered":"<p>Portada del 1\u00ba Mi\u00e9rcoles de Enero de 1890 Espacio de redacci\u00f3n En la parte superior de esta portada se puede ver a la izquierda el n\u00famero de edici\u00f3n del peri\u00f3dico, en el centro la periodicidad del mismo y a la derecha la fecha de edici\u00f3n. Se trata del n\u00famero 1279, publicado el 1\u00ba Mi\u00e9rcoles de &hellip; <a href=\"https:\/\/blogs.ua.es\/metodologia2\/portadas-de-prensa\/\" class=\"more-link\">Continue reading <span class=\"screen-reader-text\">Morfolog\u00eda del peri\u00f3dico<\/span> <span class=\"meta-nav\">&rarr;<\/span><\/a><\/p>\n","protected":false},"author":2881,"featured_media":0,"parent":0,"menu_order":3,"comment_status":"closed","ping_status":"closed","template":"","meta":{"footnotes":""},"class_list":["post-21","page","type-page","status-publish","hentry"],"_links":{"self":[{"href":"https:\/\/blogs.ua.es\/metodologia2\/wp-json\/wp\/v2\/pages\/21","targetHints":{"allow":["GET"]}}],"collection":[{"href":"https:\/\/blogs.ua.es\/metodologia2\/wp-json\/wp\/v2\/pages"}],"about":[{"href":"https:\/\/blogs.ua.es\/metodologia2\/wp-json\/wp\/v2\/types\/page"}],"author":[{"embeddable":true,"href":"https:\/\/blogs.ua.es\/metodologia2\/wp-json\/wp\/v2\/users\/2881"}],"replies":[{"embeddable":true,"href":"https:\/\/blogs.ua.es\/metodologia2\/wp-json\/wp\/v2\/comments?post=21"}],"version-history":[{"count":29,"href":"https:\/\/blogs.ua.es\/metodologia2\/wp-json\/wp\/v2\/pages\/21\/revisions"}],"predecessor-version":[{"id":142,"href":"https:\/\/blogs.ua.es\/metodologia2\/wp-json\/wp\/v2\/pages\/21\/revisions\/142"}],"wp:attachment":[{"href":"https:\/\/blogs.ua.es\/metodologia2\/wp-json\/wp\/v2\/media?parent=21"}],"curies":[{"name":"wp","href":"https:\/\/api.w.org\/{rel}","templated":true}]}}