{"id":16,"date":"2015-12-14T11:28:55","date_gmt":"2015-12-14T11:28:55","guid":{"rendered":"https:\/\/blogs.ua.es\/metodologiamoderna\/?page_id=16"},"modified":"2015-12-21T12:20:10","modified_gmt":"2015-12-21T12:20:10","slug":"sitios-recomendados","status":"publish","type":"page","link":"https:\/\/blogs.ua.es\/metodologiamoderna\/sitios-recomendados\/","title":{"rendered":"2.- Recomendaciones."},"content":{"rendered":"<p style=\"text-align: justify\">En este apartado del blog hemos seleccionado una serie de materiales que pueden ser de gran utilidad si necesitas realizar un trabajo sobre algunos aspectos de este periodo de la historia o simplemente si tienes curiosidad.<\/p>\n<p style=\"text-align: justify\">De este modo, hemos subdividido este apartado en tres p\u00e1ginas llamadas: libros y revistas, donde podr\u00e1 obtener una peque\u00f1a selecci\u00f3n de los libros y revistas que hemos considerado m\u00e1s importantes. Documentales y pel\u00edculas, donde podr\u00e1 acceder a un listado con pel\u00edculas y documentales que tratan varios temas relacionados con la Historia Moderna. Y por \u00faltimo, encontrar\u00e1 una secci\u00f3n llamada &#8220;p\u00e1ginas web&#8221;, donde encontrar\u00e1 otro listado de una serie de p\u00e1ginas web en la que podemos encontrar varios materiales que pueden serles de gran utilidad.<\/p>\n","protected":false},"excerpt":{"rendered":"<p>En este apartado del blog hemos seleccionado una serie de materiales que pueden ser de gran utilidad si necesitas realizar un trabajo sobre algunos aspectos de este periodo de la historia o simplemente si tienes curiosidad. De este modo, hemos &hellip; <a href=\"https:\/\/blogs.ua.es\/metodologiamoderna\/sitios-recomendados\/\">Continue reading <span class=\"meta-nav\">&rarr;<\/span><\/a><\/p>\n","protected":false},"author":2898,"featured_media":0,"parent":0,"menu_order":0,"comment_status":"closed","ping_status":"closed","template":"","meta":{"footnotes":""},"class_list":["post-16","page","type-page","status-publish","hentry"],"_links":{"self":[{"href":"https:\/\/blogs.ua.es\/metodologiamoderna\/wp-json\/wp\/v2\/pages\/16","targetHints":{"allow":["GET"]}}],"collection":[{"href":"https:\/\/blogs.ua.es\/metodologiamoderna\/wp-json\/wp\/v2\/pages"}],"about":[{"href":"https:\/\/blogs.ua.es\/metodologiamoderna\/wp-json\/wp\/v2\/types\/page"}],"author":[{"embeddable":true,"href":"https:\/\/blogs.ua.es\/metodologiamoderna\/wp-json\/wp\/v2\/users\/2898"}],"replies":[{"embeddable":true,"href":"https:\/\/blogs.ua.es\/metodologiamoderna\/wp-json\/wp\/v2\/comments?post=16"}],"version-history":[{"count":4,"href":"https:\/\/blogs.ua.es\/metodologiamoderna\/wp-json\/wp\/v2\/pages\/16\/revisions"}],"predecessor-version":[{"id":161,"href":"https:\/\/blogs.ua.es\/metodologiamoderna\/wp-json\/wp\/v2\/pages\/16\/revisions\/161"}],"wp:attachment":[{"href":"https:\/\/blogs.ua.es\/metodologiamoderna\/wp-json\/wp\/v2\/media?parent=16"}],"curies":[{"name":"wp","href":"https:\/\/api.w.org\/{rel}","templated":true}]}}