{"id":8,"date":"2011-04-03T21:09:14","date_gmt":"2011-04-03T21:09:14","guid":{"rendered":"https:\/\/blogs.ua.es\/mexicodoxa\/"},"modified":"2016-01-21T10:26:57","modified_gmt":"2016-01-21T16:26:57","slug":"responsable-del-blog","status":"publish","type":"page","link":"https:\/\/blogs.ua.es\/mexicodoxa\/responsable-del-blog\/","title":{"rendered":"Responsable del blog"},"content":{"rendered":"<p><strong>Coordinador: Alejandro Gonz\u00e1lez Pi\u00f1a<\/strong><\/p>\n<p><strong><a href=\"https:\/\/blogs.ua.es\/mexicodoxa\/files\/2011\/04\/Alejandro-Gonza\u0301lez-Pin\u0303a.jpg\"><img loading=\"lazy\" decoding=\"async\" class=\"alignnone size-medium wp-image-52\" src=\"https:\/\/blogs.ua.es\/mexicodoxa\/files\/2011\/04\/Alejandro-Gonza\u0301lez-Pin\u0303a-174x300.jpg\" alt=\"Alejandro Gonza\u0301lez Pin\u0303a\" width=\"174\" height=\"300\" srcset=\"https:\/\/blogs.ua.es\/mexicodoxa\/files\/2011\/04\/Alejandro-Gonza\u0301lez-Pin\u0303a-174x300.jpg 174w, https:\/\/blogs.ua.es\/mexicodoxa\/files\/2011\/04\/Alejandro-Gonza\u0301lez-Pin\u0303a-593x1024.jpg 593w, https:\/\/blogs.ua.es\/mexicodoxa\/files\/2011\/04\/Alejandro-Gonza\u0301lez-Pin\u0303a.jpg 1497w\" sizes=\"auto, (max-width: 174px) 100vw, 174px\" \/><\/a><\/strong><\/p>\n<p><strong>Alejandro Gonz\u00e1lez Pi\u00f1a <\/strong>es profesor de Filosof\u00eda del Derecho, Teor\u00eda del Derecho, Argumentaci\u00f3n y metodolog\u00eda jur\u00eddicas y Derechos Humanos, en distintas universidades e instituciones (Universidad de Alicante, Universidad Aut\u00f3noma de Tlaxcala, Universidad Aut\u00f3noma de Quer\u00e9taro, Universidad de Le\u00f3n, Instituto Tecnol\u00f3gico Aut\u00f3nomo de M\u00e9xico, Instituto de la Judicatura Federal).<\/p>\n<p>Ponente y conferenciante sobre distintos temas relacionados con la Filosof\u00eda del Derecho, Teor\u00eda del Derecho, argumentaci\u00f3n jur\u00eddica, sistema penal acusatorio, reformas constitucionales sobre derechos humanos en M\u00e9xico y filosof\u00eda de los derechos humanos.<\/p>\n<p>En el poder judicial (local y federal) ha sido actuario y secretario de estudio y cuenta. Ha sido agente del Ministerio P\u00fablico (fiscal).<\/p>\n","protected":false},"excerpt":{"rendered":"<p>Coordinador: Alejandro Gonz\u00e1lez Pi\u00f1a Alejandro Gonz\u00e1lez Pi\u00f1a es profesor de Filosof\u00eda del Derecho, Teor\u00eda del Derecho, Argumentaci\u00f3n y metodolog\u00eda jur\u00eddicas y Derechos Humanos, en distintas universidades e instituciones (Universidad de Alicante, Universidad Aut\u00f3noma de Tlaxcala, Universidad Aut\u00f3noma de Quer\u00e9taro, Universidad de Le\u00f3n, Instituto Tecnol\u00f3gico Aut\u00f3nomo de M\u00e9xico, Instituto de la Judicatura Federal). Ponente y conferenciante [&hellip;]<\/p>\n","protected":false},"author":1720,"featured_media":0,"parent":0,"menu_order":0,"comment_status":"closed","ping_status":"closed","template":"","meta":{"footnotes":""},"class_list":["post-8","page","type-page","status-publish","hentry"],"_links":{"self":[{"href":"https:\/\/blogs.ua.es\/mexicodoxa\/wp-json\/wp\/v2\/pages\/8","targetHints":{"allow":["GET"]}}],"collection":[{"href":"https:\/\/blogs.ua.es\/mexicodoxa\/wp-json\/wp\/v2\/pages"}],"about":[{"href":"https:\/\/blogs.ua.es\/mexicodoxa\/wp-json\/wp\/v2\/types\/page"}],"author":[{"embeddable":true,"href":"https:\/\/blogs.ua.es\/mexicodoxa\/wp-json\/wp\/v2\/users\/1720"}],"replies":[{"embeddable":true,"href":"https:\/\/blogs.ua.es\/mexicodoxa\/wp-json\/wp\/v2\/comments?post=8"}],"version-history":[{"count":6,"href":"https:\/\/blogs.ua.es\/mexicodoxa\/wp-json\/wp\/v2\/pages\/8\/revisions"}],"predecessor-version":[{"id":53,"href":"https:\/\/blogs.ua.es\/mexicodoxa\/wp-json\/wp\/v2\/pages\/8\/revisions\/53"}],"wp:attachment":[{"href":"https:\/\/blogs.ua.es\/mexicodoxa\/wp-json\/wp\/v2\/media?parent=8"}],"curies":[{"name":"wp","href":"https:\/\/api.w.org\/{rel}","templated":true}]}}