{"id":16,"date":"2008-10-15T18:01:25","date_gmt":"2008-10-15T16:01:25","guid":{"rendered":"https:\/\/blogs.ua.es\/migueldecervantes\/?page_id=16"},"modified":"2008-12-06T22:06:12","modified_gmt":"2008-12-06T20:06:12","slug":"biografia","status":"publish","type":"page","link":"https:\/\/blogs.ua.es\/migueldecervantes\/biografia\/","title":{"rendered":"Biograf\u00eda"},"content":{"rendered":"<p><!--  --><!--[if gte mso 10]&gt; &lt;!   \/* Style Definitions *\/  table.MsoNormalTable \t{mso-style-name:\"Tabla normal\"; \tmso-tstyle-rowband-size:0; \tmso-tstyle-colband-size:0; \tmso-style-noshow:yes; \tmso-style-parent:\"\"; \tmso-padding-alt:0cm 5.4pt 0cm 5.4pt; \tmso-para-margin:0cm; \tmso-para-margin-bottom:.0001pt; \tmso-pagination:widow-orphan; \tfont-size:10.0pt; \tfont-family:\"Times New Roman\"; \tmso-ansi-language:#0400; \tmso-fareast-language:#0400; \tmso-bidi-language:#0400;} --> <\/p>\n<p style=\"text-align: justify\"><a href=\"https:\/\/blogs.ua.es\/migueldecervantes\/files\/2008\/11\/cervantes2.jpg\"><img loading=\"lazy\" decoding=\"async\" class=\"size-medium wp-image-140 alignleft\" src=\"https:\/\/blogs.ua.es\/migueldecervantes\/files\/2008\/11\/cervantes2.jpg\" alt=\"\" width=\"130\" height=\"176\" \/><\/a><\/p>\n<p style=\"text-align: justify\"><em>Miguel de Cervantes y Saavedra (Alcal\u00e1 de Henares 1547-Madrid 1616) fue conocido como el &#8220;Pr\u00edncipe de los Ingenios&#8221; y el &#8220;manco de Lepanto&#8221; y es, sin duda, uno de los escritores espa\u00f1oles m\u00e1s universales.<\/em><\/p>\n<p style=\"text-align: justify\"><em>Se sabe que fue bautizado el 9 de octubre de 1547 en la parroquia de Santa Mar\u00eda la Mayor, de Alcal\u00e1 de henares, lo que hace presumir que hab\u00eda nacido el 29 de septiembre, fiesta de San Miguel, ya que era frecuente en Espa\u00f1a dar el nombre del santo del d\u00eda del nacimiento. Eran sus padres el cirujano Rodrigo de Cervantes y Leonor Cortinas; Miguel fue el cuarto entre siete hijos que tuvo el matrimonio.<\/em><\/p>\n<p style=\"text-align: justify\"><em>De los veinte primeros a\u00f1os de su vida y, m\u00e1s especialmente, de su formaci\u00f3n acad\u00e9mica no se sabe nada seguro. Hac\u00eda 1551, la familia pas\u00f3 a Valladolid, residencia entonces de la Corte, donde el padre no pudo abrirse camino, ya que muy pronto adquiri\u00f3 deudas que no pudo pagar. Sus bienes fueron confiscados y permaneci\u00f3 varios meses encarcelado. Finalmente, fue puesto en libertad al ser atendidas sus alegaciones de hidalgu\u00eda. Cuando en 1561 la Corte se traslad\u00f3 a Madrid, le sigui\u00f3 la familia Cervantes, como tantas otras que ve\u00edan en ella posibilidades de soluciones econ\u00f3micas. Las primeras noticias que se refieren a los estudios de Miguel de Cervantes los encontramos en Madrid, pues se sabe con certeza que acudi\u00f3 a recibir formaci\u00f3n junto al catedr\u00e1tico de gram\u00e1tica Juan L\u00f3pez de Hoyos. Su primera composici\u00f3n po\u00e9tica es de esta \u00e9poca, y fue un soneto dedicado a la muerte de la reina Isabel de Valois, tercera esposa de Felipe II.<\/em><\/p>\n<p style=\"text-align: justify\"><em>Su esp\u00edritu aventurero le llev\u00f3 a entrar al servicio del cardenal Acquaviva, que estuvo en Madrid con una embajada del Papa, y con \u00e9l se encontrar\u00eda en Roma en el invierno de 1569. Sin embargo, otra ocupaci\u00f3n le atrajo con mayor \u00edmpetu en las tierras it\u00e1licas: la vida militar. Por aqu\u00e9l entonces se estaba concluyendo la alianza del Papa, Espa\u00f1a y Venecia contra el poder\u00edo turco. Ingres\u00f3 enseguida en el tercio del maestre de campo Miguel de Montcada. Visit\u00f3 con el tercio el centro de Italia y pas\u00f3 a Ferrara y Venecia despu\u00e9s de visitar Loreto. Estuvo en G\u00e9nova y N\u00e1poles en 1571.<\/em><\/p>\n<p style=\"text-align: justify\"><em>En la batalla de Lepanto (7 de octubre de 1571), Miguel de Cervantes se encontraba en la galera llamada &#8220;Marquesa&#8221;; y existe amplia informaci\u00f3n segura sobre su actuaci\u00f3n en esta batalla. Cuando se inici\u00f3 la acci\u00f3n ten\u00eda calentura, y su capit\u00e1n don Diego de Urbina y otros compa\u00f1eros suyos le recomendaron que no luchase, y que se quedara bajo cubierta. Cervantes se neg\u00f3 muy enojado y consigui\u00f3 que su capit\u00e1n le destinase a un lugar peligroso, al esquife, junto con otros doce soldados, donde pele\u00f3 valientemente hasta que acab\u00f3 la famosa batalla. En la lucha fue herido de un arcabuzazo en el pecho y en la mano izquierda (que le qued\u00f3 anquilosada, defecto que no le impidi\u00f3 seguir luchando). Don Juan de Austria, hermanastro de Felipe II y Comandante General de la Santa Liga, conocedor del valeroso comportamiento de Cervantes le aument\u00f3 la soldada y premi\u00f3 su valioso comportamiento. En Mesina le curaron las heridas.<\/em><\/p>\n<p style=\"text-align: justify\"><em>En abril de 1572, se incorpor\u00f3 a la compa\u00f1\u00eda de Manuel Ponce de Le\u00f3n, del tercio de Lope de Figueroa, y tom\u00f3 parte en varias acciones de guerra, entre ellas las de Navarino y T\u00fanez. Luego el tercio hizo vida de guarnici\u00f3n en Cede\u00f1a, Lombard\u00eda, N\u00e1poles y Sicilia, unos dos a\u00f1os que sin duda se consideran decisivos para la formaci\u00f3n literaria de Cervantes, que se revelar\u00e1 siempre como un buen conocedor de la literatura italiana.<\/em><\/p>\n<p style=\"text-align: justify\"><em>Miguel de Cervantes hab\u00eda dejado Espa\u00f1a en 1569. Seis a\u00f1os despu\u00e9s, con un buen expediente militar, su valiente actuaci\u00f3n en Lepanto y en posesi\u00f3n de cartas de recomendaci\u00f3n firmadas por don Juan de Austria y por el duque de Sessa, pod\u00eda volver a Madrid confiado en que nada desagradable le ocurrir\u00eda. El 26 de septiembre del 1575, la galera &#8220;El sol&#8221;, en la que hab\u00edan embarcado tres semanas antes Miguel de Cervantes y su hermano Rodrigo, cay\u00f3 en manos del corsario Arnaut Mam\u00ed, no en las inmediaciones de las Tres Mar\u00edas, como se pens\u00f3 hasta hace poco, sino, como ha demostrado Juan Bautista Avalle Arce, a la altura de las costas catalanas, cerca de Cadaqu\u00e9s.<\/em><\/p>\n<p style=\"text-align: justify\"><em>Llevado a Argel como esclavo, Cervantes padece un cautiverio de cinco a\u00f1os que dejar\u00e1 profunda huella en su obra, y muy especialmente en sus comedias de ambiente argelino -Los tratos de Argel y Los ba\u00f1os de Argel- as\u00ed como en el Cuento del Cautivo, interpolado en la primera parte del Quijote. Durante este per\u00edodo, la conducta del escritor alcanza heroicas alturas. El futuro gran novelista se dedic\u00f3 a organizar planes de evasi\u00f3n con los restantes prisioneros. Entre estas haza\u00f1as cabe destacar sus cuatro intentos frustrados de evasi\u00f3n, dos por tierra y dos por mar, en los cuales siempre quiso asumir la responsabilidad. Finalmente, el 19 de septiembre de 1580, Cervantes es rescatado por los padres trinitarios tras el pago de 500 ducados, suma obtenida por su familia con grandes esfuerzos.<\/em><\/p>\n<p style=\"text-align: justify\"><em>Cuando el escritor regres\u00f3 a Espa\u00f1a, contaba por aquel entonces treinta y tres a\u00f1os, y con este periodo acab\u00f3 su vida heroica, que se nos revela infundida por un esp\u00edritu aventurero, audaz y viril. Cervantes llegaba a su patria tras once a\u00f1os de ausencia, sin ning\u00fan oficio que le permitiera ganarse la vida, y encontraba en Madrid a su familia en muy estrecha situaci\u00f3n econ\u00f3mica.<\/em><\/p>\n<p style=\"text-align: justify\"><em>En mayo de 1581, Cervantes fue a Portugal, donde se encontraba Felipe II, con el prop\u00f3sito de conseguir alguna labor con la que mantenerse y pagar las deudas de su familia. El rey le encomend\u00f3 una misi\u00f3n en Or\u00e1n que llev\u00f3 a cabo y de la que se sabe muy poco. Regres\u00f3 a Madrid y, en febrero de 1582, Cervantes instaba a don Antonio de Eraso, del Consejo de Indias, a fin de obtener un empleo en Am\u00e9rica, que le fue denegado. Entre los a\u00f1os 1582 y 1583 se deben colocar varios episodios \u00edntimos de la vida del autor. Unos presuntos amores con una tal Ana de Villafranca, tambi\u00e9n llamada Ana Franca de Rojas, esposa de un tabernero, que le dar\u00e1 una hija natural, Isabel, nacida en oto\u00f1o de 1584; y, en diciembre del mismo a\u00f1o, su uni\u00f3n por leg\u00edtimo matrimonio con Catalina de Salazar, hija de un hidalgo reci\u00e9n fallecido en Esquivias, tierra de vi\u00f1edos y olivares. Este casamiento le lleva a afincarse en el pueblo de su mujer, sin perder con ello contacto con los medios literarios de la Corte.<\/em><\/p>\n<p style=\"text-align: justify\"><em>Durante esta etapa el autor se estaba dedicando a la literatura respondiendo a su natural inclinaci\u00f3n; casi simult\u00e1neamente con la publicaci\u00f3n de La Galatea, novela pastoril, concebida y empezada mucho tiempo antes, se representaron con \u00e9xito sus comedias Los tratos de Argel y Numancia (1584). Hasta 1587 sigui\u00f3 escribiendo para el teatro, pero \u00e9ste, tras la aparici\u00f3n de Lope de Vega, no le daba para vivir y march\u00f3 a Sevilla, tras haberse despedido de su mujer en circunstancias mal conocidas. Consigui\u00f3 empleo en la ciudad andaluza como comisario para el acopio de v\u00edveres destinados a la armada y flota de las Indias y recaudador de contribuciones. En el ejercicio de su cargo recorri\u00f3 diversos lugares de Espa\u00f1a, y sus andanzas le permitieron enfrentarse con tipos y caracteres, pueblos y paisajes, costumbres y usos, de lo cual tan maravilloso provecho hab\u00eda de sacar en su obra maestra. Cuestiones relacionadas con la redici\u00f3n de cuentas le acarrearon por tres o cuatro veces, y como tr\u00e1mite burocr\u00e1tico obligado, la prisi\u00f3n.<\/em><\/p>\n<p style=\"text-align: justify\"><em>A partir de 1603 vive en Valladolid, donde se traslada de nuevo la Corte, y all\u00ed tiene su hogar compuesto exclusivamente de mujeres: su esposa, sus hermanas Andrea y Magdalena, Constanza, hija natural de Andrea, e Isabel, hija natural de Cervantes. Por aquel entonces se publica la primera parte de &#8220;El ingenioso hidalgo don Quijote de la Mancha&#8221; (1605). Esta obra le da un extraordinario prestigio a Cervantes, que pasa a ser uno de los ingenios mas celebrados, le\u00eddos y aplaudidos. La fama, aunque no el bienestar econ\u00f3mico, ha llegado por fin a Cervantes, pero muy poco despu\u00e9s un desdichado lance cubre de oprobio a su familia. La noche del 27 de junio de 1605 es mortalmente herido, a la puerta de su casa vallisoletana, el caballero navarro don Gaspar de Ezpeleta. Este hecho da lugar a un nuevo proceso contra Cervantes pero nada puede probarse contra \u00e9l.<\/em><\/p>\n<p style=\"text-align: justify\"><em>En 1606 la Corte regres\u00f3 a Madrid, y all\u00ed traslad\u00f3 de nuevo su hogar Miguel de Cervantes. El \u00e9xito de la primera parte del <\/em><em>Quijote, de la que se suced\u00edan numerosas ediciones autorizadas y clandestinas, permiti\u00f3 al autor imprimir obras que ten\u00eda escritas desde tiempo atr\u00e1s, y as\u00ed, en 1613, se publicaron las <\/em><em>Novelas ejemplares, <\/em><em>El viaje del Parnaso (1614) y en 1615 la segunda parte del <\/em><em>Quijote y el tomo de <\/em><em>Ocho comedias y ocho entremeses nuevos nunca representados. <\/em><\/p>\n<p style=\"text-align: justify\"><em>El d\u00eda viernes 22 de abril, Miguel de Cervantes fallece en su casa de Madrid. Al d\u00eda siguiente, en la iglesia de San Sebasti\u00e1n, se consigna que su muerte ha ocurrido el s\u00e1bado 23, pues era costumbre de la \u00e9poca que s\u00f3lo quedara reflejada la fecha del entierro en los registros parroquiales. Cervantes fue inhumado en el convento de las Trinitarias Descalzas, donde no ha habido posibilidad de identificar sus restos.<\/em><\/p>\n<p style=\"text-align: justify\"><em><br \/>\n<\/em><\/p>\n<p style=\"text-align: justify\"><em><strong>Semblanza f\u00edsica y moral<\/strong><\/em><\/p>\n<p style=\"text-align: justify\"><em><strong> <\/strong><\/em><\/p>\n<p style=\"text-align: justify\"><em>Todav\u00eda se discute la autenticidad del retrato, firmado por Juan de J\u00e1uregui, que conservamos de Cervantes, pero sus rasgos coinciden con los descritos por el propio autor del Quijote en el pr\u00f3logo de las Novelas Ejemplares, publicadas en 1613:<\/em><\/p>\n<p style=\"text-align: justify\"><span style=\"color: #ffcc99\"><em>\u00c9ste que veis aqu\u00ed, de rostro aguile\u00f1o, de cabello casta\u00f1o,<\/em><em><br \/>\n<em>frente lisa y desembarazada, de alegres ojos y de nariz corva,<\/em><br \/>\n<em>aunque bien proporcionada; las barbas de plata,<\/em><br \/>\n<em>que no ha veinte a\u00f1os que fueron de oro, los bigotes grandes,<\/em><br \/>\n<em>la boca peque\u00f1a, los dientes ni menudos ni crecidos,<\/em><br \/>\n<em>porque no tiene sino seis, y \u00e9sos mal acondicionados y peor puestos,<\/em><br \/>\n<em>porque no tienen correspondencia los unos con los otros;<\/em><br \/>\n<em>el cuerpo entre dos estremos, ni grande, ni peque\u00f1o, la color viva,<\/em><br \/>\n<em>antes blanca que morena; algo cargado de espaldas, y no muy ligero de pies;<\/em><br \/>\n<em>\u00e9ste digo que es el rostro del autor de La Galatea y de Don Quijote de la Mancha,<\/em><br \/>\n<em>y del que hizo el Viaje del Parnaso, a imitaci\u00f3n del de C\u00e9sar Caporal Perusino,<\/em><br \/>\n<em>y otras obras que andan por ah\u00ed descarriadas y, quiz\u00e1, sin el nombre de su due\u00f1o.<\/em><br \/>\n<em>Ll\u00e1mase com\u00fanmente Miguel de Cervantes Saavedra. Fue soldado muchos a\u00f1os,<\/em><br \/>\n<em>y cinco y medio cautivo, donde aprendi\u00f3 a tener paciencia en las adversidades.<\/em><br \/>\n<em>Perdi\u00f3 en la batalla naval de Lepanto la mano izquierda de un arcabuzazo,<\/em><br \/>\n<em>herida que, aunque parece fea, \u00e9l la tiene por hermosa,<\/em><br \/>\n<em>por haberla cobrado en la m\u00e1s memorable y alta ocasi\u00f3n que vieron los pasados siglos,<\/em><br \/>\n<em>ni esperan ver los venideros, militando debajo de las vencedoras banderas<\/em><br \/>\n<em>del hijo del rayo de la guerra, Carlo Quinto, de felice memoria.<\/em><\/em><\/span><\/p>\n<p style=\"text-align: justify\"><em>En cuanto a su semblanza moral, hay que destacar la dignidad y entereza con que supo hacer frente a la adversidad. Su vida, si la comparamos con las de otras figuras de la \u00e9poca -Lope, Quevedo, Calder\u00f3n- nos causa una impresi\u00f3n dolorosa, m\u00e1s por la obscura miseria de su madurez que por los dif\u00edciles trances de su juventud, recordados m\u00e1s tarde con orgullo por el propio Cervantes. Es cierto que la publicaci\u00f3n del Quijote le proporciono una gran fama, pero este \u00e9xito tard\u00edo no consigui\u00f3 aliviar sus estrecheces econ\u00f3micas ni quiz\u00e1 le elev\u00f3 al lugar que le correspond\u00eda en el ambiente literario de la \u00e9poca.<\/em><\/p>\n<p style=\"text-align: justify\"><em>No obstante, el autor del Quijote super\u00f3 todas las dificultades gracias a su extraordinaria nobleza de \u00e1nimo, a su fe en los valores del esp\u00edritu y a su inquebrantable optimismo.<\/em><\/p>\n","protected":false},"excerpt":{"rendered":"<p>Miguel de Cervantes y Saavedra (Alcal\u00e1 de Henares 1547-Madrid 1616) fue conocido como el &#8220;Pr\u00edncipe de los Ingenios&#8221; y el &#8220;manco de Lepanto&#8221; y es, sin duda, uno de los escritores espa\u00f1oles m\u00e1s universales. Se sabe que fue bautizado el 9 de octubre de 1547 en la parroquia de Santa Mar\u00eda la Mayor, de Alcal\u00e1 [&hellip;]<\/p>\n","protected":false},"author":888,"featured_media":0,"parent":0,"menu_order":0,"comment_status":"open","ping_status":"open","template":"","meta":{"footnotes":""},"class_list":["post-16","page","type-page","status-publish","hentry"],"_links":{"self":[{"href":"https:\/\/blogs.ua.es\/migueldecervantes\/wp-json\/wp\/v2\/pages\/16","targetHints":{"allow":["GET"]}}],"collection":[{"href":"https:\/\/blogs.ua.es\/migueldecervantes\/wp-json\/wp\/v2\/pages"}],"about":[{"href":"https:\/\/blogs.ua.es\/migueldecervantes\/wp-json\/wp\/v2\/types\/page"}],"author":[{"embeddable":true,"href":"https:\/\/blogs.ua.es\/migueldecervantes\/wp-json\/wp\/v2\/users\/888"}],"replies":[{"embeddable":true,"href":"https:\/\/blogs.ua.es\/migueldecervantes\/wp-json\/wp\/v2\/comments?post=16"}],"version-history":[{"count":14,"href":"https:\/\/blogs.ua.es\/migueldecervantes\/wp-json\/wp\/v2\/pages\/16\/revisions"}],"predecessor-version":[{"id":390,"href":"https:\/\/blogs.ua.es\/migueldecervantes\/wp-json\/wp\/v2\/pages\/16\/revisions\/390"}],"wp:attachment":[{"href":"https:\/\/blogs.ua.es\/migueldecervantes\/wp-json\/wp\/v2\/media?parent=16"}],"curies":[{"name":"wp","href":"https:\/\/api.w.org\/{rel}","templated":true}]}}