{"id":193,"date":"2013-01-10T15:28:10","date_gmt":"2013-01-10T14:28:10","guid":{"rendered":"https:\/\/blogs.ua.es\/miguelhernandez\/?page_id=193"},"modified":"2013-01-10T15:28:10","modified_gmt":"2013-01-10T14:28:10","slug":"explicacion-del-tema","status":"publish","type":"page","link":"https:\/\/blogs.ua.es\/miguelhernandez\/explicacion-del-tema\/","title":{"rendered":"Explicaci\u00f3n del tema"},"content":{"rendered":"<p style=\"text-align: justify\">El tema principal de este blog es la vida y obra del poeta alicantino\u00a0<strong>Miguel Hern\u00e1ndez<\/strong>. Aqu\u00ed comentaremos toda clase de documentos que versan sobre estos temas.<\/p>\n<p style=\"text-align: justify\"><img loading=\"lazy\" decoding=\"async\" class=\"aligncenter\" src=\"https:\/\/blogs.ua.es\/miguelhernandez\/files\/2013\/01\/Miguel-Hernandez.jpg\" alt=\"\" width=\"300\" height=\"176\" \/><\/p>\n<p style=\"text-align: justify\">Miguel Hern\u00e1ndez naci\u00f3 el 30 de octubre de 1910 en una\u00a0<strong>familia de pastores<\/strong>. Recibi\u00f3 una educaci\u00f3n b\u00e1sica en la que no tardo en destacar, pero pronto tuvo que dejar los estudios para dedicarse a cuidar del reba\u00f1o de la familia, sin que esto hiciera que su inter\u00e9s intelectual desapareciera. Comenz\u00f3 a escribir poes\u00eda en esa \u00e9poca, mientras cuidaba de las ovejas. Ya desde joven fue publicando alguno de sus poemas en la prensa oriolana.<\/p>\n<p style=\"text-align: justify\">En 1931 hizo su primer\u00a0<strong>viaje a Madrid<\/strong>\u00a0y posteriormente p\u00fablico su primer libro,\u00a0<a href=\"https:\/\/blogs.ua.es\/miguelhernandez\/2012\/12\/20\/perito-en-lunas\/\" target=\"_blank\"><em>Perito en lunas<\/em><\/a>. En 1933 realiza su segundo viaje a Madrid y por fin consigue triunfar. Comienza su carrera po\u00e9tica publicando en algunos peri\u00f3dicos nacionales y en 1936 sale a la luz su segundo poemario,\u00a0<a href=\"https:\/\/blogs.ua.es\/miguelhernandez\/2013\/01\/02\/el-rayo-que-no-cesa\/\" target=\"_blank\"><em>El rayo que no cesa<\/em><\/a>.<\/p>\n<p style=\"text-align: justify\">Durante la\u00a0<strong>Guerra Civil,<\/strong>\u00a0Miguel Hern\u00e1ndez se incorpora al Ej\u00e9rcito Popular de la II Rep\u00fablica, donde a trav\u00e9s de su poes\u00eda anima al pueblo a la lucha\u00a0<em>(<a href=\"https:\/\/blogs.ua.es\/miguelhernandez\/2013\/01\/03\/viento-del-pueblo\/\" target=\"_blank\">Viento del pueblo<\/a>)<\/em>. Posteriormente, tras su\u00a0<strong>viaje a la URSS<\/strong>\u00a0y la muerte de su hijo, escribe su cuarto libro,\u00a0<a href=\"https:\/\/blogs.ua.es\/miguelhernandez\/2013\/01\/03\/el-hombre-acecha\/\" target=\"_blank\"><em>El hombre acecha<\/em><\/a>, con una visi\u00f3n m\u00e1s pesimista de la guerra, pues el bando republicano empieza a flaquear y camina hacia la derrota.<\/p>\n<p style=\"text-align: justify\"><strong>Acabada la guerra<\/strong>\u00a0con la victoria del bando sublevado, intenta huir a Portugal pero es interceptado y juzgado. Hern\u00e1ndez es encarcelado y en unos a\u00f1os se le traslada de una prisi\u00f3n a otra, c\u00e1rceles en las que escribe su \u00faltimo libro,\u00a0<a href=\"https:\/\/blogs.ua.es\/miguelhernandez\/2013\/01\/03\/cancionero-y-romancero-de-ausencias\/\" target=\"_blank\"><em>Cancionero y romancero de ausencias<\/em><\/a>. Acaba en la prisi\u00f3n de Alicante donde\u00a0<strong>muere en 1942<\/strong>\u00a0debido a una tuberculosis. En las paredes de la celda, dej\u00f3 gravados los famosos versos:<\/p>\n<blockquote>\n<p style=\"text-align: center\">\u201cAdi\u00f3s, hermanos, camaradas y amigos.<br \/>\nDespedidme del sol y de los trigos.\u201d<\/p>\n<\/blockquote>\n","protected":false},"excerpt":{"rendered":"<p>El tema principal de este blog es la vida y obra del poeta alicantino\u00a0Miguel Hern\u00e1ndez. Aqu\u00ed comentaremos toda clase de documentos que versan sobre estos temas. Miguel Hern\u00e1ndez naci\u00f3 el 30 de octubre de 1910 en una\u00a0familia de pastores. Recibi\u00f3 una educaci\u00f3n b\u00e1sica en la que no tardo en destacar, pero pronto tuvo que dejar [&hellip;]<\/p>\n","protected":false},"author":2810,"featured_media":0,"parent":0,"menu_order":0,"comment_status":"open","ping_status":"open","template":"","meta":{"footnotes":""},"class_list":["post-193","page","type-page","status-publish","hentry"],"_links":{"self":[{"href":"https:\/\/blogs.ua.es\/miguelhernandez\/wp-json\/wp\/v2\/pages\/193","targetHints":{"allow":["GET"]}}],"collection":[{"href":"https:\/\/blogs.ua.es\/miguelhernandez\/wp-json\/wp\/v2\/pages"}],"about":[{"href":"https:\/\/blogs.ua.es\/miguelhernandez\/wp-json\/wp\/v2\/types\/page"}],"author":[{"embeddable":true,"href":"https:\/\/blogs.ua.es\/miguelhernandez\/wp-json\/wp\/v2\/users\/2810"}],"replies":[{"embeddable":true,"href":"https:\/\/blogs.ua.es\/miguelhernandez\/wp-json\/wp\/v2\/comments?post=193"}],"version-history":[{"count":1,"href":"https:\/\/blogs.ua.es\/miguelhernandez\/wp-json\/wp\/v2\/pages\/193\/revisions"}],"predecessor-version":[{"id":194,"href":"https:\/\/blogs.ua.es\/miguelhernandez\/wp-json\/wp\/v2\/pages\/193\/revisions\/194"}],"wp:attachment":[{"href":"https:\/\/blogs.ua.es\/miguelhernandez\/wp-json\/wp\/v2\/media?parent=193"}],"curies":[{"name":"wp","href":"https:\/\/api.w.org\/{rel}","templated":true}]}}