{"id":200,"date":"2013-01-10T15:31:57","date_gmt":"2013-01-10T14:31:57","guid":{"rendered":"https:\/\/blogs.ua.es\/miguelhernandez\/?page_id=200"},"modified":"2013-01-27T23:36:53","modified_gmt":"2013-01-27T22:36:53","slug":"metodologia-2","status":"publish","type":"page","link":"https:\/\/blogs.ua.es\/miguelhernandez\/metodologia-2\/","title":{"rendered":"Metodolog\u00eda"},"content":{"rendered":"<p style=\"text-align: justify\">Para construir este blog, estamos utilizando distintas herramientas relacionadas tanto con la forma, como con el contenido.<\/p>\n<p style=\"text-align: justify\">En primer lugar, todas las entradas aparecen con la debida referencia bibliogr\u00e1fica de las fuentes que se han utilizado. <strong>Estas referencias est\u00e1n preparadas acorde con la norma ISO 690:2010<\/strong>, el sistema internacional estandarizado para la construcci\u00f3n de referencias bibliogr\u00e1ficas que hemos tenido la ocasi\u00f3n de estudiar en clase. Por tanto, nuestro trabajo se ha basado en la consulta de distintas obras del poeta Miguel Hern\u00e1ndez, empezando por sus poemarios (a cada uno de los cuales hemos dedicado una entrada), siguiendo por algunos poemas concretos que hemos cre\u00eddo especialmente destacables (algunos de ellos incluso en formato canci\u00f3n, pues varios poemas han sido reconvertidos y adaptados por parte de \u00a0conocid\u00edsimos cantautores y otros artistas), sin olvidar otros recursos que hablan en tercera persona del autor que nos ata\u00f1e, como son algunas p\u00e1ginas web o algunas revistas.<\/p>\n<p style=\"text-align: justify\">En cuanto al planteamiento,<strong>\u00a0hemos aprovechado los conocimientos sobre el autor que nos confiri\u00f3 el estudio de su literatura en bachillerato<\/strong>, por lo que ya desde el principio ten\u00edamos una base previa para poder dise\u00f1ar el proyecto. A partir de aqu\u00ed hemos ido creando las distintas p\u00e1ginas acorde con la jerarquizaci\u00f3n que acabamos de explicar.<\/p>\n<p style=\"text-align: justify\">Cabe destacar el importante papel de difusi\u00f3n de la vida y obra de Hern\u00e1ndez que desarrolla la fundaci\u00f3n que lleva su nombre, la <strong>Fundaci\u00f3n Miguel Hern\u00e1ndez<\/strong>, la cual nos ha servido de gran ayuda a la hora de elaborar este trabajo, y a la que tambi\u00e9n hemos dedicado una entrada. Y no es menos importante el papel que lleva a cabo la <strong>Biblioteca P\u00fablica y Archivo Hist\u00f3rico Fernando de Loaces de Orihuela, que Ester tuvo ocasi\u00f3n de visitar<\/strong> durante estas vacaciones navide\u00f1as, y en el que pudo ver primeras ediciones de los trabajos de Hern\u00e1ndez, recabar informaci\u00f3n para las referencias y en resumen documentarse para poder realizar un trabajo lo m\u00e1s acertado posible.<\/p>\n<figure id=\"attachment_207\" aria-describedby=\"caption-attachment-207\" style=\"width: 300px\" class=\"wp-caption aligncenter\"><a href=\"https:\/\/blogs.ua.es\/miguelhernandez\/files\/2013\/01\/Biblioteca.jpg\"><img loading=\"lazy\" decoding=\"async\" class=\"size-medium wp-image-207\" src=\"https:\/\/blogs.ua.es\/miguelhernandez\/files\/2013\/01\/Biblioteca-300x240.jpg\" alt=\"\" width=\"300\" height=\"240\" srcset=\"https:\/\/blogs.ua.es\/miguelhernandez\/files\/2013\/01\/Biblioteca-300x240.jpg 300w, https:\/\/blogs.ua.es\/miguelhernandez\/files\/2013\/01\/Biblioteca.jpg 720w\" sizes=\"auto, (max-width: 300px) 100vw, 300px\" \/><\/a><figcaption id=\"caption-attachment-207\" class=\"wp-caption-text\">Fachada de la Biblioteca P\u00fablica Municipal y Archivo Hist\u00f3rico Fernando de Loaces de Orihuela<\/figcaption><\/figure>\n<p style=\"text-align: justify\">As\u00ed, tras leer algunos de los poemas que configuran su obra, compar\u00e1ndolas con la teor\u00eda de que disponemos de nuestra etapa en bachillerato, hemos ido creando las distintas entradas que forman este blog, organiz\u00e1ndolas en distintas categor\u00edas, adaptando las pautas que se nos ofreci\u00f3 con el planteamiento del trabajo a nuestras necesidades concretas. Por ello, hemos sustituido el apartado de &#8220;cap\u00edtulos de libros&#8221; por el de &#8220;<strong>poemas<\/strong>&#8221; (algunos de ellos como &#8220;<strong>canciones<\/strong>&#8220;) y hemos dividido el de &#8220;libros&#8221; en uno de &#8220;<strong>poemarios<\/strong>&#8221; (propios del autor&#8221;) y otro de &#8220;<strong>libros<\/strong>&#8221; escritos por otros autores sobre Miguel Hern\u00e1ndez. Estas categor\u00edas complementan a los apartados de &#8220;<strong>recursos electr\u00f3nicos<\/strong>&#8220;, &#8220;<strong>revistas<\/strong>&#8221; y &#8220;<strong>art\u00edculos de revistas<\/strong>&#8220;, que hemos mantenido.<\/p>\n<p style=\"text-align: justify\">Y \u00e9ste es el resultado, esperamos que la estructura de este blog resulte c\u00f3moda e intuitiva para poder descubrir con nosotros lo m\u00e1s profundamente posible al gran poeta oriolano que fue Miguel Hern\u00e1ndez.<\/p>\n","protected":false},"excerpt":{"rendered":"<p>Para construir este blog, estamos utilizando distintas herramientas relacionadas tanto con la forma, como con el contenido. En primer lugar, todas las entradas aparecen con la debida referencia bibliogr\u00e1fica de las fuentes que se han utilizado. Estas referencias est\u00e1n preparadas acorde con la norma ISO 690:2010, el sistema internacional estandarizado para la construcci\u00f3n de referencias [&hellip;]<\/p>\n","protected":false},"author":2810,"featured_media":0,"parent":0,"menu_order":0,"comment_status":"open","ping_status":"open","template":"","meta":{"footnotes":""},"class_list":["post-200","page","type-page","status-publish","hentry"],"_links":{"self":[{"href":"https:\/\/blogs.ua.es\/miguelhernandez\/wp-json\/wp\/v2\/pages\/200","targetHints":{"allow":["GET"]}}],"collection":[{"href":"https:\/\/blogs.ua.es\/miguelhernandez\/wp-json\/wp\/v2\/pages"}],"about":[{"href":"https:\/\/blogs.ua.es\/miguelhernandez\/wp-json\/wp\/v2\/types\/page"}],"author":[{"embeddable":true,"href":"https:\/\/blogs.ua.es\/miguelhernandez\/wp-json\/wp\/v2\/users\/2810"}],"replies":[{"embeddable":true,"href":"https:\/\/blogs.ua.es\/miguelhernandez\/wp-json\/wp\/v2\/comments?post=200"}],"version-history":[{"count":7,"href":"https:\/\/blogs.ua.es\/miguelhernandez\/wp-json\/wp\/v2\/pages\/200\/revisions"}],"predecessor-version":[{"id":322,"href":"https:\/\/blogs.ua.es\/miguelhernandez\/wp-json\/wp\/v2\/pages\/200\/revisions\/322"}],"wp:attachment":[{"href":"https:\/\/blogs.ua.es\/miguelhernandez\/wp-json\/wp\/v2\/media?parent=200"}],"curies":[{"name":"wp","href":"https:\/\/api.w.org\/{rel}","templated":true}]}}