{"id":202,"date":"2013-01-10T15:32:11","date_gmt":"2013-01-10T14:32:11","guid":{"rendered":"https:\/\/blogs.ua.es\/miguelhernandez\/?page_id=202"},"modified":"2013-01-11T20:56:13","modified_gmt":"2013-01-11T19:56:13","slug":"recursos-consultados","status":"publish","type":"page","link":"https:\/\/blogs.ua.es\/miguelhernandez\/recursos-consultados\/","title":{"rendered":"Recursos consultados"},"content":{"rendered":"<p style=\"text-align: justify\">En cuanto a los recursos que hemos consultado a la hora de elaborar este blog, destaca el soporte papel. Hemos consultado en primer lugar los cinco poemarios que forman a grandes rasgos la obra po\u00e9tica de Hern\u00e1ndez, a cada uno de los cuales hemos dedicado sendas entradas. De ah\u00ed hemos seleccionado algunos poemas sueltos que hemos incluido entre las entradas.<\/p>\n<p style=\"text-align: justify\">Para la obtenci\u00f3n de las referencias, hemos recurrido a los poemarios que conten\u00eda la Biblioteca P\u00fablica Municipal y Archivo Hist\u00f3rico Fernando de Loaces de Orihuela, que Ester tuvo ocasi\u00f3n de visitar en persona. Tambi\u00e9n hemos utilizado el Cat\u00e1logo de la Biblioteca de la Universidad de Alicante para acceder a los ejemplares que posee la universidad, para seleccionar versos concretos y para buscar poemas que nos resultasen interesantes a la hora de crear las entradas.<\/p>\n<p style=\"text-align: justify\">Conoc\u00edamos la existencia de algunos poemas reconvertidos en canciones, y hemos acudido a las p\u00e1ginas web de <a href=\"http:\/\/www.jmserrat.com\/\" target=\"_blank\">Joan Manuel Serrat<\/a>, donde hemos encontrados datos para su correcta referenciaci\u00f3n.<\/p>\n<p style=\"text-align: justify\">A la p\u00e1gina web de la Fundaci\u00f3n Miguel Hern\u00e1ndez accedimos tras buscar en la red, que r\u00e1pidamente nos mostr\u00f3 esta fuente de informaci\u00f3n, con abundantes datos sobre actividades culturales relacionados con el poeta oriolano.<\/p>\n<p style=\"text-align: justify\">Por \u00faltimo, cabe citar los apuntes de nuestra etapa en bachillerato, a los que hemos recurrido en bastantes ocasiones por contener abundante informaci\u00f3n te\u00f3rica sobre el autor, sobre su biograf\u00eda, su obra, sus textos m\u00e1s significativos&#8230;<\/p>\n<p style=\"text-align: justify\">Con todo ello, hemos elaborado este blog, siguiendo las indicaciones que nos dio el profesor al plantearnos el trabajao. \u00a1Esperamos que os guste!<\/p>\n","protected":false},"excerpt":{"rendered":"<p>En cuanto a los recursos que hemos consultado a la hora de elaborar este blog, destaca el soporte papel. Hemos consultado en primer lugar los cinco poemarios que forman a grandes rasgos la obra po\u00e9tica de Hern\u00e1ndez, a cada uno de los cuales hemos dedicado sendas entradas. De ah\u00ed hemos seleccionado algunos poemas sueltos que [&hellip;]<\/p>\n","protected":false},"author":2810,"featured_media":0,"parent":0,"menu_order":0,"comment_status":"open","ping_status":"open","template":"","meta":{"footnotes":""},"class_list":["post-202","page","type-page","status-publish","hentry"],"_links":{"self":[{"href":"https:\/\/blogs.ua.es\/miguelhernandez\/wp-json\/wp\/v2\/pages\/202","targetHints":{"allow":["GET"]}}],"collection":[{"href":"https:\/\/blogs.ua.es\/miguelhernandez\/wp-json\/wp\/v2\/pages"}],"about":[{"href":"https:\/\/blogs.ua.es\/miguelhernandez\/wp-json\/wp\/v2\/types\/page"}],"author":[{"embeddable":true,"href":"https:\/\/blogs.ua.es\/miguelhernandez\/wp-json\/wp\/v2\/users\/2810"}],"replies":[{"embeddable":true,"href":"https:\/\/blogs.ua.es\/miguelhernandez\/wp-json\/wp\/v2\/comments?post=202"}],"version-history":[{"count":3,"href":"https:\/\/blogs.ua.es\/miguelhernandez\/wp-json\/wp\/v2\/pages\/202\/revisions"}],"predecessor-version":[{"id":221,"href":"https:\/\/blogs.ua.es\/miguelhernandez\/wp-json\/wp\/v2\/pages\/202\/revisions\/221"}],"wp:attachment":[{"href":"https:\/\/blogs.ua.es\/miguelhernandez\/wp-json\/wp\/v2\/media?parent=202"}],"curies":[{"name":"wp","href":"https:\/\/api.w.org\/{rel}","templated":true}]}}