{"id":204,"date":"2013-01-27T15:32:33","date_gmt":"2013-01-27T14:32:33","guid":{"rendered":"https:\/\/blogs.ua.es\/miguelhernandez\/?page_id=204"},"modified":"2013-01-27T23:33:30","modified_gmt":"2013-01-27T22:33:30","slug":"valoracion-critica","status":"publish","type":"page","link":"https:\/\/blogs.ua.es\/miguelhernandez\/valoracion-critica\/","title":{"rendered":"Valoraci\u00f3n cr\u00edtica"},"content":{"rendered":"<p style=\"text-align: justify\">Este trabajo que ahora presentamos nos ha supuesto todo un reto que podr\u00edamos calificar, cuanto menos, de enriquecedor.<\/p>\n<p style=\"text-align: justify\">Este tipo de trabajos en los cuales son fundamentales la regularidad a lo largo de un determinado espacio de tiempo, y la cooperaci\u00f3n entre dos personas para llevar el barco a buen puerto, nos ayudan a descubrir nuestro papel en un equipo en el cual llevamos sobre nuestras espaldas la responsabilidad del otro adem\u00e1s de la nuestra propia. Asimismo, por supuesto, nos ha permitido conocer mejor a la otra persona con la cual hemos estado trabajando codo con codo durante estos meses.<\/p>\n<p style=\"text-align: justify\">Este blog en concreto, el nuestro, nos ha servido para conocer mejor al autor sobre el cual hemos vertido nuestros esfuerzos. Como todos los grupos con todos los autores, suponemos, pero en nuestro caso nos ha permitido llegar algo m\u00e1s all\u00e1, y redescubrir desde un punto de vista totalmente distinto al habitual a un autor con el que ya nos hab\u00edamos codeado en bachillerato, pues formaba parte del temario acad\u00e9mico. En esta ocasi\u00f3n, hemos podido descubrir la parte menos te\u00f3rica del autor, a la persona que hay detr\u00e1s del nombre de Miguel Hern\u00e1ndez, y a todas las personas que a d\u00eda de hoy siguen trabajando para que, setenta y un a\u00f1os despu\u00e9s de su muerte, el nombre del poeta oriolano siga estando en el imaginario de todos los espa\u00f1oles y de buena parte de los aficionados a la literatura en castellano y a nivel mundial. Hemos podido comprobar que detr\u00e1s de esos versos hab\u00eda, y sigue habiendo, sentimientos tremendamente profundos, y a trav\u00e9s de ellos hemos podido acercarnos a un episodio tan clave de nuestra historia reciente como es la Guerra Civil espa\u00f1ola, para verla desde la perspectiva de aqu\u00e9llos que lucharon en ella en pro de unos ideales gravados a fuego, como fue el caso de Hern\u00e1ndez, y de quienes la padecieron desde la distancia con la soledad y sufrimiento que conllev\u00f3, como fue el caso de su esposa Josefina Manresa.<\/p>\n<p style=\"text-align: justify\">Sobre este respecto, cabe apuntar lo chocante que resulta que la obra de este gran poeta, asediado por la guerra y por el franquismo, haya logrado ver la luz, aun siendo cuarenta a\u00f1os despu\u00e9s. \u00c9ste es un buen ejemplo de c\u00f3mo la cultura, el saber, el arte, acaban siempre abri\u00e9ndose paso entre las sombras por crudo y represivo que sea el contexto en el que se desarrollan. Los versos de Hern\u00e1ndez, llenos de dolor y sufrimiento, lograron hacerse o\u00edr, consiguieron abrirse paso en el tiempo de la dictadura franquista para llegar a lo m\u00e1s alto de la cultura en nuestros tiempos. Hern\u00e1ndez es referente de las letras espa\u00f1olas, y del conocimiento que \u00e9stas llevan aparejado, y adem\u00e1s lo es por m\u00e9ritos propios. No en vano ha logrado que sus letras calaran hondo en sus conciudadanos oriolanos, como queda patente en el sinf\u00edn de iniciativas que all\u00ed se llevan a cabo para mantener vivo su legado; no en vano toda una sede del saber universal, como es una universidad, ha tomado su nombre; no en vano su literatura se estudia en bachillerato al mismo nivel que el teatro de Valle-Incl\u00e1n y la narrativa de Isabel Allende. Y muchas veces, siendo paisano nuestro, no somos conscientes de la importancia de su figura y de su obra, una importancia clave que se demuestra en el hecho de que, pese a su breve vida, y por tanto su corta obra, su nombre haya perdurado en los a\u00f1os contra viento y marea para recuperar todo el prestigio del que no pudo disfrutar en vida.<\/p>\n<p style=\"text-align: justify\">Por otro lado, claro est\u00e1, este trabajo nos ha ayudado a poner en pr\u00e1ctica los distintos mecanismos que hab\u00edamos estudiado en clase para realizar referencias acorde con la norma ISO, y a familiarizarnos con los distintos mecanismos de b\u00fasqueda de informaci\u00f3n que hay a nuestro alrededor y que con los que tambi\u00e9n hemos tenido una primera toma de contacto en clase. Y de paso, nos ha servido para trabajar nuestra redacci\u00f3n, tan importante en una carrera de letras como la nuestra (\u00a1ya se han encargado los profesores de record\u00e1rnoslo!).<\/p>\n<p style=\"text-align: justify\">Por no hablar de la oportunidad que este proyecto nos ha brindado de tomar contacto con otro tipo de soportes, como es \u00e9ste, el blog. Quiz\u00e1s este contacto fue en primera instancia algo <em>forzoso<\/em> si se quiere, por el hecho de tener unos plazos y objetivos bien fijos desde el principio, pero desde luego, a quienes no lo conoc\u00edamos, nos ha abierto las puertas a un nuevo mundo, a otra forma de expresarse cara al p\u00fablico. Algunos incluso nos hemos atrevido a crear nuestro blog personal aprovechando que ya hab\u00edamos hecho nuestros pinitos con este otro blog, el acad\u00e9mico.<\/p>\n<p style=\"text-align: justify\">Por todo ello, no podemos calificar esta experiencia m\u00e1s que como enriquecedora, como ya dec\u00edamos al principio de esta reflexi\u00f3n. Como ya hemos dicho, quiz\u00e1s la presi\u00f3n de tener unos tiempos y un tema concreto sobre el que ce\u00f1irse, as\u00ed como unos objetivos claros desde el principio, quiz\u00e1s, digo, han quitado algo de gracia al asunto, pero a\u00fan as\u00ed no podemos por menos que felicitarnos por el trabajo hecho, y por los conocimientos a nivel cultural que hemos adquirido durante este tiempo, independientemente de cu\u00e1l sea la calificaci\u00f3n acad\u00e9mica final. Y por supuesto que \u00e9sta nos importa, no se nos vaya a malinterpretar, pero no por ello vamos a menospreciar lo que ya hemos ganado a nivel personal con la elaboraci\u00f3n del blog, y de lo que ya hemos hablado p\u00e1rrafos arriba.<\/p>\n","protected":false},"excerpt":{"rendered":"<p>Este trabajo que ahora presentamos nos ha supuesto todo un reto que podr\u00edamos calificar, cuanto menos, de enriquecedor. Este tipo de trabajos en los cuales son fundamentales la regularidad a lo largo de un determinado espacio de tiempo, y la cooperaci\u00f3n entre dos personas para llevar el barco a buen puerto, nos ayudan a descubrir [&hellip;]<\/p>\n","protected":false},"author":2810,"featured_media":0,"parent":0,"menu_order":0,"comment_status":"open","ping_status":"open","template":"","meta":{"footnotes":""},"class_list":["post-204","page","type-page","status-publish","hentry"],"_links":{"self":[{"href":"https:\/\/blogs.ua.es\/miguelhernandez\/wp-json\/wp\/v2\/pages\/204","targetHints":{"allow":["GET"]}}],"collection":[{"href":"https:\/\/blogs.ua.es\/miguelhernandez\/wp-json\/wp\/v2\/pages"}],"about":[{"href":"https:\/\/blogs.ua.es\/miguelhernandez\/wp-json\/wp\/v2\/types\/page"}],"author":[{"embeddable":true,"href":"https:\/\/blogs.ua.es\/miguelhernandez\/wp-json\/wp\/v2\/users\/2810"}],"replies":[{"embeddable":true,"href":"https:\/\/blogs.ua.es\/miguelhernandez\/wp-json\/wp\/v2\/comments?post=204"}],"version-history":[{"count":4,"href":"https:\/\/blogs.ua.es\/miguelhernandez\/wp-json\/wp\/v2\/pages\/204\/revisions"}],"predecessor-version":[{"id":318,"href":"https:\/\/blogs.ua.es\/miguelhernandez\/wp-json\/wp\/v2\/pages\/204\/revisions\/318"}],"wp:attachment":[{"href":"https:\/\/blogs.ua.es\/miguelhernandez\/wp-json\/wp\/v2\/media?parent=204"}],"curies":[{"name":"wp","href":"https:\/\/api.w.org\/{rel}","templated":true}]}}