{"id":8,"date":"2012-11-16T09:00:11","date_gmt":"2012-11-16T09:00:11","guid":{"rendered":"https:\/\/blogs.ua.es\/miguelhernandez\/?page_id=8"},"modified":"2013-01-09T22:09:04","modified_gmt":"2013-01-09T21:09:04","slug":"presentacion-del-blog","status":"publish","type":"page","link":"https:\/\/blogs.ua.es\/miguelhernandez\/presentacion-del-blog\/","title":{"rendered":"Presentaci\u00f3n del blog"},"content":{"rendered":"<div>\u00a0<a href=\"https:\/\/blogs.ua.es\/miguelhernandez\/files\/2012\/11\/logo_universidad_de_alicante.png\"><img loading=\"lazy\" decoding=\"async\" class=\"aligncenter size-full wp-image-147\" src=\"https:\/\/blogs.ua.es\/miguelhernandez\/files\/2012\/11\/logo_universidad_de_alicante.png\" alt=\"\" width=\"111\" height=\"81\" \/><\/a><\/div>\n<p>\u00a1\u00a1\u00a1Hola mundo!!!<\/p>\n<p style=\"text-align: justify\">Somos <strong>Ester Moya<\/strong> y <strong>Sergio Esteve<\/strong>, alumnos de la asignatura <em>&#8220;<a href=\"http:\/\/cv1.cpd.ua.es\/ConsPlanesEstudio\/cvFichaAsiEEES.asp?wCodEst=C003&amp;wcodasi=32001&amp;wLengua=C&amp;scaca=2012-13\" target=\"_blank\">Fuentes y Documentos para la Historia<\/a>&#8221; <\/em>de la Universidad de Alicante (UA), y \u00e9ste es el blog que hemos creado y trabajado durante el primer cuatrimestre, dedicado a la figura del poeta oriolano Miguel Hern\u00e1ndez, una de las figuras literarias m\u00e1s importantes de la poes\u00eda en castellano del siglo XX.<\/p>\n<p style=\"text-align: justify\">En este blog pod\u00e9is encontrar algunos comentarios y cr\u00edticas que hemos hecho sobre la obra de este poeta y sobre otros contenidos que hemos cre\u00eddo interesantes, todos ellos con Miguel Hern\u00e1ndez como columna vertebral. As\u00ed mismo hemos organizado estos contenidos en distintos apartados teniendo en cuenta el soporte, como son los poemarios, los poemas sueltos, las revistas que tratan sobre \u00e9l, los art\u00edculos de revista y otros como pueden ser los recursos electr\u00f3nicos, entre otros varios.<\/p>\n<p style=\"text-align: justify\">En este trabajo, hemos procurado adaptarnos a las directrices ofrecidas por el profesor supervisor, Antonio Carrasco, pero siempre intentando darle un toque personal nuestro. La primera muestra de este intento de personalizaci\u00f3n radica en la propia elecci\u00f3n del autor sobre el que versa este espacio, Miguel Hern\u00e1ndez, por considerarlo uno de los alicantinos m\u00e1s influyentes en el siglo XX, e incluso hoy en d\u00eda. Su obra, aunque breve, resulta intensa en contenido y sentimiento, m\u00e1s todav\u00eda si se la relaciona con su dura biograf\u00eda marcada por la Guerra Civil y por su muerte entre rejas. Os animamos a descubrir esta profundidad po\u00e9tica en las distintas entradas que le hemos dedicado, muchas de ellas basadas en su propia obra, pero tambi\u00e9n hemos querido incluir otras que hablan de referencias que terceros han hecho sobre la figura de Hern\u00e1ndez, y que nos ayudan a entender mejor a este poeta en su contexto, a entenderlo y a apreciarlo tanto a \u00e9l como a su obra, su legado.<\/p>\n<p style=\"text-align: justify\">Poco m\u00e1s que a\u00f1adir en esta presentaci\u00f3n, simplemente esperamos que este espacio os resulte de inter\u00e9s, quiz\u00e1s incluso de utilidad a la hora de acercarse a esta figura emblem\u00e1tica de las letras espa\u00f1olas.<\/p>\n<figure id=\"attachment_140\" aria-describedby=\"caption-attachment-140\" style=\"width: 640px\" class=\"wp-caption aligncenter\"><img loading=\"lazy\" decoding=\"async\" class=\"size-large wp-image-140 \" src=\"https:\/\/blogs.ua.es\/miguelhernandez\/files\/2012\/11\/2013-01-07-14.08.35-1024x768.jpg\" alt=\"\" width=\"640\" height=\"480\" srcset=\"https:\/\/blogs.ua.es\/miguelhernandez\/files\/2012\/11\/2013-01-07-14.08.35-1024x768.jpg 1024w, https:\/\/blogs.ua.es\/miguelhernandez\/files\/2012\/11\/2013-01-07-14.08.35-300x225.jpg 300w, https:\/\/blogs.ua.es\/miguelhernandez\/files\/2012\/11\/2013-01-07-14.08.35.jpg 1600w\" sizes=\"auto, (max-width: 640px) 100vw, 640px\" \/><figcaption id=\"caption-attachment-140\" class=\"wp-caption-text\">Fotograf\u00eda de una &#8220;plaza&#8221;, o quiz\u00e1s &#8220;fuente seca&#8221;, dedicada a Miguel Hern\u00e1ndez dentro de la propia UA, en las inmediaciones de las facultades de Filolog\u00eda y Letras (como no pod\u00eda ser de otra manera)<\/figcaption><\/figure>\n<p>&nbsp;<\/p>\n","protected":false},"excerpt":{"rendered":"<p>\u00a0 \u00a1\u00a1\u00a1Hola mundo!!! Somos Ester Moya y Sergio Esteve, alumnos de la asignatura &#8220;Fuentes y Documentos para la Historia&#8221; de la Universidad de Alicante (UA), y \u00e9ste es el blog que hemos creado y trabajado durante el primer cuatrimestre, dedicado a la figura del poeta oriolano Miguel Hern\u00e1ndez, una de las figuras literarias m\u00e1s importantes [&hellip;]<\/p>\n","protected":false},"author":2810,"featured_media":0,"parent":0,"menu_order":0,"comment_status":"open","ping_status":"open","template":"","meta":{"footnotes":""},"class_list":["post-8","page","type-page","status-publish","hentry"],"_links":{"self":[{"href":"https:\/\/blogs.ua.es\/miguelhernandez\/wp-json\/wp\/v2\/pages\/8","targetHints":{"allow":["GET"]}}],"collection":[{"href":"https:\/\/blogs.ua.es\/miguelhernandez\/wp-json\/wp\/v2\/pages"}],"about":[{"href":"https:\/\/blogs.ua.es\/miguelhernandez\/wp-json\/wp\/v2\/types\/page"}],"author":[{"embeddable":true,"href":"https:\/\/blogs.ua.es\/miguelhernandez\/wp-json\/wp\/v2\/users\/2810"}],"replies":[{"embeddable":true,"href":"https:\/\/blogs.ua.es\/miguelhernandez\/wp-json\/wp\/v2\/comments?post=8"}],"version-history":[{"count":9,"href":"https:\/\/blogs.ua.es\/miguelhernandez\/wp-json\/wp\/v2\/pages\/8\/revisions"}],"predecessor-version":[{"id":10,"href":"https:\/\/blogs.ua.es\/miguelhernandez\/wp-json\/wp\/v2\/pages\/8\/revisions\/10"}],"wp:attachment":[{"href":"https:\/\/blogs.ua.es\/miguelhernandez\/wp-json\/wp\/v2\/media?parent=8"}],"curies":[{"name":"wp","href":"https:\/\/api.w.org\/{rel}","templated":true}]}}