{"id":11,"date":"2013-01-21T17:39:02","date_gmt":"2013-01-21T17:39:02","guid":{"rendered":"https:\/\/blogs.ua.es\/miguelhernandezgilabert\/?page_id=11"},"modified":"2013-01-21T17:50:31","modified_gmt":"2013-01-21T17:50:31","slug":"biografia","status":"publish","type":"page","link":"https:\/\/blogs.ua.es\/miguelhernandezgilabert\/biografia\/","title":{"rendered":"Biograf\u00eda"},"content":{"rendered":"<p><strong>Biograf\u00eda de Miguel Hern\u00e1ndez<\/strong><\/p>\n<p>Naci\u00f3 el 30 de octubre de 1910 en Orihuela (Alicante). Hijo de un pastor de cabras. Estudi\u00f3 en el colegio de los jesuitas aunque abandon\u00f3 muy pronto para ganarse la vida como lechero y pastor, ya por entonces era un aficionado a la lectura sobre todo de la poes\u00eda cl\u00e1sica espa\u00f1ola. Estuvo interesado por el teatro y asist\u00eda a representaciones que se celebraban en la Casa del Pueblo de Orihuela, incluso lleg\u00f3 a participar en alguna de ellas. Publica algunos poemas en el peri\u00f3dico de Orihuela y la revista El Gallo Crisis. Form\u00f3 parte de la tertulia literaria, en Orihuela, de Efr\u00e9n Fenoll y Ram\u00f3n Sij\u00e9 del que fue gran amigo. En los a\u00f1os 30 viaja a Madrid, busca trabajo pero, pese a sus esfuerzos, no lo consigue. Lleva sus versos al escritor Ernesto Gim\u00e9nez Caballero director de La Gaceta Literaria, una de las mejores revistas literarias del momento, pero no logra que se los publiquen. Public\u00f3, esta vez en la revista Cruz y Raya, su auto sacramental Qui\u00e9n te ha visto y qui\u00e9n te ve y sombra de lo que eras, fue colaborador de Jos\u00e9 Mar\u00eda Cossio en Los toros y conoce a poetas como el chileno Pablo Neruda, y los espa\u00f1oles Rafael Alberti, Luis Cernuda y otros. Se cas\u00f3 el a\u00f1o 1937 con Josefina Manresa. Afiliado al Partido Comunista Espa\u00f1ol, durante la Rep\u00fablica tom\u00f3 parte en las Misiones pedag\u00f3gicas, intentando llevar la cultura a las zonas m\u00e1s deprimidas de Espa\u00f1a. Durante la Guerra Civil espa\u00f1ola se alist\u00f3 en el ej\u00e9rcito republicano y asisti\u00f3 al Congreso internacional de intelectuales antifascistas de 1937 en Valencia. Tras la guerra fue detenido en la frontera portuguesa. Condenado a pena de muerte, se le conmut\u00f3 por la de treinta a\u00f1os, la tubercolosis acab\u00f3 con su vida el 28 de marzo de 1942 en el penal de Oca\u00f1a en Toledo.<\/p>\n<p><a href=\"https:\/\/blogs.ua.es\/miguelhernandezgilabert\/files\/2013\/01\/mh_orihuela_1910_g-300x1791.jpg\"><img loading=\"lazy\" decoding=\"async\" class=\"alignleft size-full wp-image-13\" src=\"https:\/\/blogs.ua.es\/miguelhernandezgilabert\/files\/2013\/01\/mh_orihuela_1910_g-300x1791.jpg\" alt=\"\" width=\"300\" height=\"179\" \/><\/a><\/p>\n","protected":false},"excerpt":{"rendered":"<p>Biograf\u00eda de Miguel Hern\u00e1ndez Naci\u00f3 el 30 de octubre de 1910 en Orihuela (Alicante). Hijo de un pastor de cabras. Estudi\u00f3 en el colegio de los jesuitas aunque abandon\u00f3 muy pronto para ganarse la vida como lechero y pastor, ya &hellip; <a href=\"https:\/\/blogs.ua.es\/miguelhernandezgilabert\/biografia\/\">Continue reading <span class=\"meta-nav\">&rarr;<\/span><\/a><\/p>\n","protected":false},"author":2828,"featured_media":0,"parent":0,"menu_order":0,"comment_status":"open","ping_status":"open","template":"","meta":{"footnotes":""},"class_list":["post-11","page","type-page","status-publish","hentry"],"_links":{"self":[{"href":"https:\/\/blogs.ua.es\/miguelhernandezgilabert\/wp-json\/wp\/v2\/pages\/11","targetHints":{"allow":["GET"]}}],"collection":[{"href":"https:\/\/blogs.ua.es\/miguelhernandezgilabert\/wp-json\/wp\/v2\/pages"}],"about":[{"href":"https:\/\/blogs.ua.es\/miguelhernandezgilabert\/wp-json\/wp\/v2\/types\/page"}],"author":[{"embeddable":true,"href":"https:\/\/blogs.ua.es\/miguelhernandezgilabert\/wp-json\/wp\/v2\/users\/2828"}],"replies":[{"embeddable":true,"href":"https:\/\/blogs.ua.es\/miguelhernandezgilabert\/wp-json\/wp\/v2\/comments?post=11"}],"version-history":[{"count":3,"href":"https:\/\/blogs.ua.es\/miguelhernandezgilabert\/wp-json\/wp\/v2\/pages\/11\/revisions"}],"predecessor-version":[{"id":15,"href":"https:\/\/blogs.ua.es\/miguelhernandezgilabert\/wp-json\/wp\/v2\/pages\/11\/revisions\/15"}],"wp:attachment":[{"href":"https:\/\/blogs.ua.es\/miguelhernandezgilabert\/wp-json\/wp\/v2\/media?parent=11"}],"curies":[{"name":"wp","href":"https:\/\/api.w.org\/{rel}","templated":true}]}}