{"id":21,"date":"2013-01-21T17:51:43","date_gmt":"2013-01-21T17:51:43","guid":{"rendered":"https:\/\/blogs.ua.es\/miguelhernandezgilabert\/?page_id=21"},"modified":"2013-01-27T16:50:54","modified_gmt":"2013-01-27T16:50:54","slug":"presentacion","status":"publish","type":"page","link":"https:\/\/blogs.ua.es\/miguelhernandezgilabert\/presentacion\/","title":{"rendered":"Presentaci\u00f3n"},"content":{"rendered":"<p>Hola! Bienvenido a nuestro blog sobre Miguel Hern\u00e1ndez<\/p>\n<p>Somos Daniel y Javier, alumnos de Historia y Geograf\u00eda respectivamente en la Universidad de Alicante. En este blog vamos a tratar tanto las diferentes obras del poeta oriolano como las referencias externas hacia su persona. Esperamos serte de gran ayuda y que pases un buen rato culturiz\u00e1ndote con la figura de uno de los mayores poetas espa\u00f1oles de la denominada Generaci\u00f3n del 27.<\/p>\n<p>Si te gusta, comenta, y no olvides pasar por el resto de enlaces que te ofrecemos en referencia a otro autores.<\/p>\n<p><a href=\"https:\/\/blogs.ua.es\/miguelhernandezgilabert\/files\/2013\/01\/ua_escudo.jpg\"><img loading=\"lazy\" decoding=\"async\" class=\"alignleft  wp-image-27\" src=\"https:\/\/blogs.ua.es\/miguelhernandezgilabert\/files\/2013\/01\/ua_escudo-150x150.jpg\" alt=\"\" width=\"57\" height=\"57\" srcset=\"https:\/\/blogs.ua.es\/miguelhernandezgilabert\/files\/2013\/01\/ua_escudo-150x150.jpg 150w, https:\/\/blogs.ua.es\/miguelhernandezgilabert\/files\/2013\/01\/ua_escudo-300x300.jpg 300w, https:\/\/blogs.ua.es\/miguelhernandezgilabert\/files\/2013\/01\/ua_escudo.jpg 431w\" sizes=\"auto, (max-width: 57px) 100vw, 57px\" \/><\/a><\/p>\n<p>&nbsp;<\/p>\n<p>&nbsp;<\/p>\n","protected":false},"excerpt":{"rendered":"<p>Hola! Bienvenido a nuestro blog sobre Miguel Hern\u00e1ndez Somos Daniel y Javier, alumnos de Historia y Geograf\u00eda respectivamente en la Universidad de Alicante. En este blog vamos a tratar tanto las diferentes obras del poeta oriolano como las referencias externas &hellip; <a href=\"https:\/\/blogs.ua.es\/miguelhernandezgilabert\/presentacion\/\">Continue reading <span class=\"meta-nav\">&rarr;<\/span><\/a><\/p>\n","protected":false},"author":2828,"featured_media":0,"parent":0,"menu_order":0,"comment_status":"open","ping_status":"open","template":"","meta":{"footnotes":""},"class_list":["post-21","page","type-page","status-publish","hentry"],"_links":{"self":[{"href":"https:\/\/blogs.ua.es\/miguelhernandezgilabert\/wp-json\/wp\/v2\/pages\/21","targetHints":{"allow":["GET"]}}],"collection":[{"href":"https:\/\/blogs.ua.es\/miguelhernandezgilabert\/wp-json\/wp\/v2\/pages"}],"about":[{"href":"https:\/\/blogs.ua.es\/miguelhernandezgilabert\/wp-json\/wp\/v2\/types\/page"}],"author":[{"embeddable":true,"href":"https:\/\/blogs.ua.es\/miguelhernandezgilabert\/wp-json\/wp\/v2\/users\/2828"}],"replies":[{"embeddable":true,"href":"https:\/\/blogs.ua.es\/miguelhernandezgilabert\/wp-json\/wp\/v2\/comments?post=21"}],"version-history":[{"count":6,"href":"https:\/\/blogs.ua.es\/miguelhernandezgilabert\/wp-json\/wp\/v2\/pages\/21\/revisions"}],"predecessor-version":[{"id":24,"href":"https:\/\/blogs.ua.es\/miguelhernandezgilabert\/wp-json\/wp\/v2\/pages\/21\/revisions\/24"}],"wp:attachment":[{"href":"https:\/\/blogs.ua.es\/miguelhernandezgilabert\/wp-json\/wp\/v2\/media?parent=21"}],"curies":[{"name":"wp","href":"https:\/\/api.w.org\/{rel}","templated":true}]}}