{"id":30,"date":"2013-01-21T18:02:04","date_gmt":"2013-01-21T18:02:04","guid":{"rendered":"https:\/\/blogs.ua.es\/miguelhernandezgilabert\/?page_id=30"},"modified":"2013-01-27T16:32:30","modified_gmt":"2013-01-27T16:32:30","slug":"valoracion","status":"publish","type":"page","link":"https:\/\/blogs.ua.es\/miguelhernandezgilabert\/valoracion\/","title":{"rendered":"Valoraci\u00f3n"},"content":{"rendered":"<p>A pesar de estar desorientados respecto a como realizar el blog, no ha sido muy\u00a0dif\u00edcil\u00a0encontrar informaci\u00f3n de este autor, pues en las bibliotecas, diarios, archivos de diarios, en los repositorios de Dialnet y RUA, y en la red hay abundante informaci\u00f3n acerca de Miguel Hern\u00e1ndez.<\/p>\n<p>Por nuestra parte quedamos satisfechos con el trabajo realizado, ya que al ser un autor tan conocido, hemos tenido que demostrar nuestro empe\u00f1o por realizar dicho blog y con el fin de ser comparado positivamente con el resto de fuentes de informaci\u00f3n sobre este autor. Ha sido un trabajo llevadero porque ha sido compartido, adem\u00e1s de que ha habido buena compenetraci\u00f3n entre las partes y \u00e1nimo de sacar buena nota. S\u00f3lo esperamos que le sirva de ayuda y le guste a todo lector que entre en nuestro blog.<\/p>\n","protected":false},"excerpt":{"rendered":"<p>A pesar de estar desorientados respecto a como realizar el blog, no ha sido muy\u00a0dif\u00edcil\u00a0encontrar informaci\u00f3n de este autor, pues en las bibliotecas, diarios, archivos de diarios, en los repositorios de Dialnet y RUA, y en la red hay abundante &hellip; <a href=\"https:\/\/blogs.ua.es\/miguelhernandezgilabert\/valoracion\/\">Continue reading <span class=\"meta-nav\">&rarr;<\/span><\/a><\/p>\n","protected":false},"author":2828,"featured_media":0,"parent":0,"menu_order":0,"comment_status":"open","ping_status":"open","template":"","meta":{"footnotes":""},"class_list":["post-30","page","type-page","status-publish","hentry"],"_links":{"self":[{"href":"https:\/\/blogs.ua.es\/miguelhernandezgilabert\/wp-json\/wp\/v2\/pages\/30","targetHints":{"allow":["GET"]}}],"collection":[{"href":"https:\/\/blogs.ua.es\/miguelhernandezgilabert\/wp-json\/wp\/v2\/pages"}],"about":[{"href":"https:\/\/blogs.ua.es\/miguelhernandezgilabert\/wp-json\/wp\/v2\/types\/page"}],"author":[{"embeddable":true,"href":"https:\/\/blogs.ua.es\/miguelhernandezgilabert\/wp-json\/wp\/v2\/users\/2828"}],"replies":[{"embeddable":true,"href":"https:\/\/blogs.ua.es\/miguelhernandezgilabert\/wp-json\/wp\/v2\/comments?post=30"}],"version-history":[{"count":5,"href":"https:\/\/blogs.ua.es\/miguelhernandezgilabert\/wp-json\/wp\/v2\/pages\/30\/revisions"}],"predecessor-version":[{"id":145,"href":"https:\/\/blogs.ua.es\/miguelhernandezgilabert\/wp-json\/wp\/v2\/pages\/30\/revisions\/145"}],"wp:attachment":[{"href":"https:\/\/blogs.ua.es\/miguelhernandezgilabert\/wp-json\/wp\/v2\/media?parent=30"}],"curies":[{"name":"wp","href":"https:\/\/api.w.org\/{rel}","templated":true}]}}