{"id":2,"date":"2007-10-31T11:24:18","date_gmt":"2007-10-31T10:24:18","guid":{"rendered":""},"modified":"2009-03-12T10:33:06","modified_gmt":"2009-03-12T09:33:06","slug":"acerca-de","status":"publish","type":"page","link":"https:\/\/blogs.ua.es\/miguelon\/acerca-de\/","title":{"rendered":"Informaci\u00f3n"},"content":{"rendered":"<p>Poca, si lees el blog sabr\u00e1s m\u00e1s :-p.<\/p>\n","protected":false},"excerpt":{"rendered":"<p>Poca, si lees el blog sabr\u00e1s m\u00e1s :-p.<\/p>\n","protected":false},"author":342,"featured_media":0,"parent":0,"menu_order":0,"comment_status":"open","ping_status":"open","template":"","meta":{"footnotes":""},"class_list":["post-2","page","type-page","status-publish","hentry"],"_links":{"self":[{"href":"https:\/\/blogs.ua.es\/miguelon\/wp-json\/wp\/v2\/pages\/2","targetHints":{"allow":["GET"]}}],"collection":[{"href":"https:\/\/blogs.ua.es\/miguelon\/wp-json\/wp\/v2\/pages"}],"about":[{"href":"https:\/\/blogs.ua.es\/miguelon\/wp-json\/wp\/v2\/types\/page"}],"author":[{"embeddable":true,"href":"https:\/\/blogs.ua.es\/miguelon\/wp-json\/wp\/v2\/users\/342"}],"replies":[{"embeddable":true,"href":"https:\/\/blogs.ua.es\/miguelon\/wp-json\/wp\/v2\/comments?post=2"}],"version-history":[{"count":1,"href":"https:\/\/blogs.ua.es\/miguelon\/wp-json\/wp\/v2\/pages\/2\/revisions"}],"predecessor-version":[{"id":434,"href":"https:\/\/blogs.ua.es\/miguelon\/wp-json\/wp\/v2\/pages\/2\/revisions\/434"}],"wp:attachment":[{"href":"https:\/\/blogs.ua.es\/miguelon\/wp-json\/wp\/v2\/media?parent=2"}],"curies":[{"name":"wp","href":"https:\/\/api.w.org\/{rel}","templated":true}]}}