{"id":68,"date":"2011-01-22T21:23:08","date_gmt":"2011-01-22T19:23:08","guid":{"rendered":"https:\/\/blogs.ua.es\/minoriasmarginadas\/"},"modified":"2011-01-24T21:02:10","modified_gmt":"2011-01-24T19:02:10","slug":"los-quinquis","status":"publish","type":"page","link":"https:\/\/blogs.ua.es\/minoriasmarginadas\/los-quinquis\/","title":{"rendered":"Los quinquis"},"content":{"rendered":"<p>\u00a0<\/p>\n<figure id=\"attachment_286\" aria-describedby=\"caption-attachment-286\" style=\"width: 150px\" class=\"wp-caption aligncenter\"><a href=\"https:\/\/blogs.ua.es\/minoriasmarginadas\/files\/2011\/01\/bandoleros.jpg\"><img loading=\"lazy\" decoding=\"async\" class=\"size-thumbnail wp-image-286\" src=\"https:\/\/blogs.ua.es\/minoriasmarginadas\/files\/2011\/01\/bandoleros-150x150.jpg\" alt=\"justicia para los bandoleros\" width=\"150\" height=\"150\" \/><\/a><figcaption id=\"caption-attachment-286\" class=\"wp-caption-text\">justicia para los bandoleros<\/figcaption><\/figure>\n<p>Quinqui, miembro de un grupo social marginado, dedicado tradicionalmente a la venta ambulante o &#8220;buhoneria&#8221;, frecuentemente desarraigado de una residencia estable y bordeando, las m\u00e1s de las veces, los limites de la delincuencia; gentes transhumantes que, la mayor parte de las veces, ni siquiera se inscrib\u00edan en el Registro Civil y que carec\u00edan de toda documentaci\u00f3n legal, con lo que quedaban, por ello, exentos de cumplir con el servicio militar.<\/p>\n<p>Habitualmente se les trata peyorativamente, como delincuentes contra la propiedad, que suelen operar en peque\u00f1as bandas.<\/p>\n<p>Conocedores expertos de caminos, veredas y trochas, buscando las sendas menos frecuentadas, muchas veces llegar\u00f3n a confundirse con contrabandistas y maleantes, con los que en ocasiones habr\u00edan de integrarse a\u00fan a su pesar, a lo largo de los siglos XVI y XVII.<\/p>\n<p>Se trata de una minoria que pr\u00e1cticamente como toda minoria, se ha resistido a ser absorvida por el resto de la poblaci\u00f3n, siendo mantenido el deseo de segregaci\u00f3n vivo, entre unos y otros, sobre todo con su habitual pr\u00e1ctica de la endogamia.<\/p>\n<p>Con esta &#8220;minor\u00eda maldita&#8221; vamos a seguir la l\u00ednea de investigaci\u00f3n de D.Rodrigo Pit\u00e1 Merc\u00e9, que en su libro titulado &#8220;L\u00e9rida morisca&#8221;, llega a la conclusi\u00f3n de que los quinquis, son descendientes de moriscos que no acataron la orden de expulsi\u00f3n en 1609, y que para escapar a la orden de expulsi\u00f3n, adoptaron una vida n\u00f3mada y fuera de las estructuras del estado, y que generaci\u00f3n tras generaci\u00f3n han llegado hasta nuestros d\u00edas, con un estilo de vida propio, partiendo de aquellos or\u00edgenes moriscos.<\/p>\n<p>Muchos de los moriscos se quedaron en los pueblos por los que hab\u00edan de pasar en su ruta de exilio hacia la costa, dedic\u00e1ndose al nomadismo, para evitar el control de la justicia.<\/p>\n<p>Se dedicaron a profesiones m\u00e1s o menos n\u00f3madas como vendedores ambulantes, artesanos ambulantes, arrieros, buhoneros o recaderos, cambiando frecuentemente de residencia y viviendo de hecho al margen de la ley, hasta pr\u00e1cticamente hace poco tiempo.<\/p>\n<p>Ya antes del decreto de expulsi\u00f3n, los moriscos que por cuestiones religiosas, ten\u00edan muy restringido el acceso a profesiones y oficios realizados por cristianos, se dedicaban a los oficios de arriero, trajinero, recadero, recovero, vendedor ambulante, artesano ambulante o muleros.<\/p>\n<p>Se les tachaba de haraganes, mal hablados y hurtadores, desmandados de la vida social ordinaria; sin embargo, se reconoce que, viviendo de un modo an\u00f3malo y heterodoxo, no dejan de ser buenos trabajadores, cumplidores de su oficio, sin pereza para madrugar y caminar toda la jornada para no perder una migaja de su ganancia. Su vida es, en s\u00ed, contradictoria y dif\u00edcilmente comprensible, si no se piensa que estaba motivada, en muchos casos, por otros par\u00e1metros morales y \u00e9tnicos.<\/p>\n<figure id=\"attachment_283\" aria-describedby=\"caption-attachment-283\" style=\"width: 150px\" class=\"wp-caption alignleft\"><a href=\"https:\/\/blogs.ua.es\/minoriasmarginadas\/files\/2011\/01\/hpyle-buccaneer.jpg\"><img loading=\"lazy\" decoding=\"async\" class=\"size-thumbnail wp-image-283\" src=\"https:\/\/blogs.ua.es\/minoriasmarginadas\/files\/2011\/01\/hpyle-buccaneer-150x150.jpg\" alt=\"quinquis\" width=\"150\" height=\"150\" \/><\/a><figcaption id=\"caption-attachment-283\" class=\"wp-caption-text\">quinquis<\/figcaption><\/figure>\n<figure id=\"attachment_284\" aria-describedby=\"caption-attachment-284\" style=\"width: 150px\" class=\"wp-caption alignright\"><a href=\"https:\/\/blogs.ua.es\/minoriasmarginadas\/files\/2011\/01\/pirata.jpg\"><img loading=\"lazy\" decoding=\"async\" class=\"size-thumbnail wp-image-284\" src=\"https:\/\/blogs.ua.es\/minoriasmarginadas\/files\/2011\/01\/pirata-150x150.jpg\" alt=\"malhechor\" width=\"150\" height=\"150\" \/><\/a><figcaption id=\"caption-attachment-284\" class=\"wp-caption-text\">malhechor<\/figcaption><\/figure>\n","protected":false},"excerpt":{"rendered":"<p>\u00a0 Quinqui, miembro de un grupo social marginado, dedicado tradicionalmente a la venta ambulante o &#8220;buhoneria&#8221;, frecuentemente desarraigado de una residencia estable y bordeando, las m\u00e1s de las veces, los limites de la delincuencia; gentes transhumantes que, la mayor parte de las veces, ni siquiera se inscrib\u00edan en el Registro Civil y que carec\u00edan de [&hellip;]<\/p>\n","protected":false},"author":1836,"featured_media":0,"parent":0,"menu_order":0,"comment_status":"open","ping_status":"open","template":"","meta":{"footnotes":""},"class_list":["post-68","page","type-page","status-publish","hentry"],"_links":{"self":[{"href":"https:\/\/blogs.ua.es\/minoriasmarginadas\/wp-json\/wp\/v2\/pages\/68","targetHints":{"allow":["GET"]}}],"collection":[{"href":"https:\/\/blogs.ua.es\/minoriasmarginadas\/wp-json\/wp\/v2\/pages"}],"about":[{"href":"https:\/\/blogs.ua.es\/minoriasmarginadas\/wp-json\/wp\/v2\/types\/page"}],"author":[{"embeddable":true,"href":"https:\/\/blogs.ua.es\/minoriasmarginadas\/wp-json\/wp\/v2\/users\/1836"}],"replies":[{"embeddable":true,"href":"https:\/\/blogs.ua.es\/minoriasmarginadas\/wp-json\/wp\/v2\/comments?post=68"}],"version-history":[{"count":5,"href":"https:\/\/blogs.ua.es\/minoriasmarginadas\/wp-json\/wp\/v2\/pages\/68\/revisions"}],"predecessor-version":[{"id":159,"href":"https:\/\/blogs.ua.es\/minoriasmarginadas\/wp-json\/wp\/v2\/pages\/68\/revisions\/159"}],"wp:attachment":[{"href":"https:\/\/blogs.ua.es\/minoriasmarginadas\/wp-json\/wp\/v2\/media?parent=68"}],"curies":[{"name":"wp","href":"https:\/\/api.w.org\/{rel}","templated":true}]}}