{"id":73,"date":"2011-01-22T21:28:35","date_gmt":"2011-01-22T19:28:35","guid":{"rendered":"https:\/\/blogs.ua.es\/minoriasmarginadas\/"},"modified":"2011-01-24T19:59:51","modified_gmt":"2011-01-24T17:59:51","slug":"los-maragatos","status":"publish","type":"page","link":"https:\/\/blogs.ua.es\/minoriasmarginadas\/los-maragatos\/","title":{"rendered":"Los maragatos"},"content":{"rendered":"<p>\u00a0<\/p>\n<figure id=\"attachment_226\" aria-describedby=\"caption-attachment-226\" style=\"width: 150px\" class=\"wp-caption alignnone\"><a href=\"https:\/\/blogs.ua.es\/minoriasmarginadas\/files\/2011\/01\/maragatas_de_astorga.jpg\"><img loading=\"lazy\" decoding=\"async\" class=\"size-thumbnail wp-image-226\" src=\"https:\/\/blogs.ua.es\/minoriasmarginadas\/files\/2011\/01\/maragatas_de_astorga-150x150.jpg\" alt=\"maragatas de Astorga\" width=\"150\" height=\"150\" \/><\/a><figcaption id=\"caption-attachment-226\" class=\"wp-caption-text\">maragatas de Astorga<\/figcaption><\/figure>\n<table border=\"0\" cellspacing=\"3\" cellpadding=\"0\" width=\"90%\">\n<tbody>\n<tr>\n<td><strong><em>Es la maragata gente noble, leal y valiente<\/em><\/strong><strong>. <\/strong>Alonso Luengo, natural de Astorga<strong><em>Hay una clase de arrieros apenas conocidos por los viajeros europeos: los maragatos, cuyo centro se halla en San Rom\u00e1n, cerca d<\/em><\/strong><strong><em>e Astorga. Al igual que los jud\u00ed<\/em><\/strong><strong><em>os y los gitanos, viven s\u00f3lo entre su propia gente, conservando sus costumbres y vestidos primigenios, sin contraer matrimonio jam\u00e1s fuera de su tribu. Tan errantes y n\u00f3madas como los beduinos, sus mulas sustituyen a los camellos. Su honradez y laboriosidad se han hecho proverbiales. Es una gente sosegada, grave, inexpresiva, pr\u00e1ctica e industriosa. Sus tarifas son altas, pero las compensa la seguridad, pues se les podr\u00eda confiar oro molido.<\/em><\/strong><strong> <\/strong>Richard Ford, 1830.Diversos or\u00edgenes se han atribuido a los maragatos:<\/p>\n<ul>\n<li>Seg\u00fan fray Sarmiento, monje benedictino del siglo XVIII, maragato proviene de &#8220;maurellos&#8221; o &#8220;mourellos&#8221; que serian mauritanos o cartagineses que antes de la dominaci\u00f3n romana emigraron o se quedaron en Hispania y que finalmente quedar\u00f3n reducidos a la zona de Le\u00f3n, actual Astorga, ante la presi\u00f3n romana.<\/li>\n<li>Tambi\u00e9n se ha dicho que los maragatos, son bereberes que quedaron aislados en la zona de Astorga en tiempos de Fernando I (siglo XI), y que se convirtier\u00f3n al cristianismo. (Dozy)<\/li>\n<li>Se les ha atribuido or\u00edgenes celtas, por ciertas similitudes sobre usos y costumbres de los bretones celtas.<\/li>\n<li>Se ha hablado de un origen africano, de una tribu bereber llamada Baragata que se qued\u00f3 aislada en el siglo VIII y posteriormente fueron eliminados por los almohades.<\/li>\n<li>Otra versi\u00f3n hace derivar el nombre de una prenda de la indumentaria, es decir, las baragas o maragas (bragas) con que se vest\u00edan.<\/li>\n<li>Las teor\u00edas m\u00e1s recientes afirman que el termino maragato, es una palabra en uso a partir del siglo XIV por lo que buscar similitudes etimol\u00f3gicas anteriores a esa fecha es una perdida de tiempo. Seguramente la palabra maragato deriva de mericator o mercator (mercader) en alusi\u00f3n a su habitual forma de trabajo: arrieros y por tanto mercaderes.<\/li>\n<\/ul>\n<p>En realidad a la actual comarca de la Maragater\u00eda se le llamaba antiguamente La Somoza (Sub-Montia), o lo que es lo mismo debajo del monte. Ser\u00e1 a partir del siglo XVI cuando a los arrieros empiecen a llam\u00e1rseles maragatos.<\/p>\n<p>Maragatos serian por tanto exclusivamente los arrieros de la comarca de La Somoza, que se dedicaban a dicha actividad, ya que como hemos citado la comarca se llamaba La Somoza, pero fue tal la fama que adquirieron estos arrieros que ello lleg\u00f3 a originar incluso el cambio de nombre de la comarca, y denominar como maragatos a todos los habitantes de La Somoza independientemente de la actividad que ejercieran.<\/p>\n<p>Est\u00e1 plenamente aceptado que el actual nombre de la comarca s\u00f3lo designa a las tierras de las que proced\u00edan unas gentes dedicadas a un oficio muy concreto, el de<em> merecer<\/em>. La evoluci\u00f3n sem\u00e1ntica m\u00e1s l\u00f3gica es, desde la primitiva palabra latina <em>mericator<\/em>, a la actual castellana <em>maragato<\/em>. O sea, el gentilicio maragato es el que ha dado nombre a la comarca y no a la inversa, como sucede habitualmente.<\/p>\n<p>De esta explicaci\u00f3n nace el impedimento que existe para identificar a la Maragater\u00eda con un territorio de l\u00edmites precisos, aparte de que se haya generalizado, para la palabra maragato, el siguiente significado: <em>pueblo con unas tradiciones folcl\u00f3ricas, culinarias y de vestimenta muy arraigadas y peculiares <\/em>(en la voz &#8220;Maragater\u00eda&#8221; del decimon\u00f3nico y conocido Diccionario Geogr\u00e1fico- Estad\u00edstico- Hist\u00f3rico de Pascual Madoz, se recogen esas ideas para definir a esta comarca).<br \/>\nLa Magarater\u00eda, es una comarca de Le\u00f3n, cuya capital es Astorga (la Asturica Augusta romana). Pueblos de la comarca son: Brazuelo, Castrillo de los Polvazares, Lucillo, Luyego, Rabanal del Camino, Santa Colomba de Somoza, SantiagoMillas, Val de San Lorenzo, Lagunas, Quintanilla, Villalibre de Somoza, etc.<\/p>\n<p>La comarca abarcaria aproximadamente entre el monte Teleno (el antiguo Tilenus, monte sagrado de los astures, de 2.188 m.altitud) y Astorga. El Teleno es en la actualidad monte m\u00edtico de los maragatos.<\/p>\n<p>Los maragatos o habitantes de la magarateria, han conservado costumbres propias, gastronomia, arquitectura popular, m\u00fasica y vestimenta son las principales manifestaciones culturales de este pueblo. Ritos propios de este pueblo son: &#8220;La Covada&#8221;, &#8220;La boda&#8221;, &#8220;La fiesta del arado&#8221; etc. Aparte de sus costumbres, practicaban la endogamia y vivian aislados de otras comunidades de la la zona.<\/p>\n<p>Una comarca muy abrupta y escabrosa, poca dada a la agricultura, pudo motivar que los habitantes de la zona, escogieran el camino del comercio como forma de vida, dando lugar a una de las actividades por las que son conocidos: los arrieros (o transportadores de mercancias). El comercio se realizaba entre Galicia y Castilla y en sus comienzos, los salazones eran la principal fuente de comercio.<\/p>\n<p>Al principio eran recueros, es decir usaban recuas de mulas para el transporte, pero luego empezarian a usar carromatos tirados por mulas y empezaron a ser llamados arrieros.<\/p>\n<p>Los maragatos utilizar\u00f3n para su comercio, las antiguas vias romanas, sobre todo la que lleva de Astorga a Braga (Lugo) y desde aqui por la Via de la Plata continuar hacia Madrid. Tambi\u00e9n sus vias ser\u00edan parte integrante del Camino de Santiago.<\/p>\n<p>A lo largo del tiempo cambiaron sus rutas seg\u00fan el comercio, pero practicamente viajaban entre el norte de Espa\u00f1a, Galicia, Asturias y Cantabria y las ciudades de Castilla la Vieja. Cuando Madrid pas\u00f3 a ser capital de Espa\u00f1a con Felipe II incorporaron esta a su tr\u00e1fico.<\/p>\n<p>Su comercio principal eran el pescado y el carb\u00f3n del norte, para transportarlos al sur, donde era cambiado por embutidos, productos de matanza y productos de secano, que a su vez eran transportados al norte. Esta actividad se mantuvo hasta la llegada del ferrocarril que oblig\u00f3 a cambiar las costumbres y a establecerse en puntos fijos de Madrid y La Coru\u00f1a con el fin de continuar con sus negocios.<\/p>\n<p>Eran famosos por la manera con que protegian sus cargamentos y se les consideraba transportistas m\u00e1s seguros y a quienes se les podia confiar mercancias de gran valor.<\/p>\n<p>Los maragatos aparte de ser arrieros, se dedicaban a la agricultura y al cuidado de las recuas de mulas, necesarias para su trabajo. Tambi\u00e9n se dedicaban a la actividad textil.<\/p>\n<p>La tipolog\u00eda m\u00e1s primitiva es la <strong>casa de sobera <\/strong>con cubierta de cuelmo, es decir, de ca\u00f1a de centeno, de la que a\u00fan se conservan algunos ejemplos en Murias de Pedrero y Pobladura de la Sierra. La cubierta de b\u00e1lago altern\u00f3 con la losa, dejando aquella para pajares y otras construcciones secundarias.<\/p>\n<p>La <strong>casa arriera <\/strong>era una casa de labranza maragata que empezaron a construirse a partir del siglo XVIII. Se componia principalmente de un gran patio central, alrededor del cual giraban todas las dependencias de la misma. Cuanto mayor era la casa, mayor importancia tenia el personaje que all\u00ed residia. La casas eran de piedra, y la entrada se hacia a traves de un gran port\u00f3n formado por un arco de medio punto. En las fachadas se ubicaban pocas o ninguna ventana al exterior, y en su patio interior se resguardabas las mulas y los carromatos.<\/p>\n<p>Como curiosidad cabe destacar que en el Ayuntamiento de Astorga, dos figuras mec\u00e1nicas (un hombre y una mujer de nombres Colasa y Juan Zancuda) ataviadas de maragatos marcan las horas a diario, en la espada\u00f1a central entre las dos torres del ayuntamiento. En lo alto de una de las torretas del \u00e1bside de la Catedral, tenemos una veleta, que es la efigie de Pedro Mato, maragato, y simbolo de Astorga.<\/td>\n<\/tr>\n<\/tbody>\n<\/table>\n<p>\u00a0<\/p>\n<figure id=\"attachment_234\" aria-describedby=\"caption-attachment-234\" style=\"width: 150px\" class=\"wp-caption alignleft\"><a href=\"https:\/\/blogs.ua.es\/minoriasmarginadas\/files\/2011\/01\/Grabado_maragato2.jpg\"><img loading=\"lazy\" decoding=\"async\" class=\"size-thumbnail wp-image-234\" src=\"https:\/\/blogs.ua.es\/minoriasmarginadas\/files\/2011\/01\/Grabado_maragato2-150x150.jpg\" alt=\"grabado maragato\" width=\"150\" height=\"150\" \/><\/a><figcaption id=\"caption-attachment-234\" class=\"wp-caption-text\">grabado maragato<\/figcaption><\/figure>\n<div class=\"mceTemp\">\n<figure id=\"attachment_236\" aria-describedby=\"caption-attachment-236\" style=\"width: 150px\" class=\"wp-caption alignright\"><a href=\"https:\/\/blogs.ua.es\/minoriasmarginadas\/files\/2011\/01\/Imagen2.jpg\"><img loading=\"lazy\" decoding=\"async\" class=\"size-thumbnail wp-image-236\" src=\"https:\/\/blogs.ua.es\/minoriasmarginadas\/files\/2011\/01\/Imagen2-150x150.jpg\" alt=\"boda maragata\" width=\"150\" height=\"150\" \/><\/a><figcaption id=\"caption-attachment-236\" class=\"wp-caption-text\">boda maragata<\/figcaption><\/figure>\n<\/div>\n","protected":false},"excerpt":{"rendered":"<p>\u00a0 Es la maragata gente noble, leal y valiente. Alonso Luengo, natural de AstorgaHay una clase de arrieros apenas conocidos por los viajeros europeos: los maragatos, cuyo centro se halla en San Rom\u00e1n, cerca de Astorga. Al igual que los jud\u00edos y los gitanos, viven s\u00f3lo entre su propia gente, conservando sus costumbres y vestidos [&hellip;]<\/p>\n","protected":false},"author":1836,"featured_media":0,"parent":0,"menu_order":0,"comment_status":"open","ping_status":"open","template":"","meta":{"footnotes":""},"class_list":["post-73","page","type-page","status-publish","hentry"],"_links":{"self":[{"href":"https:\/\/blogs.ua.es\/minoriasmarginadas\/wp-json\/wp\/v2\/pages\/73","targetHints":{"allow":["GET"]}}],"collection":[{"href":"https:\/\/blogs.ua.es\/minoriasmarginadas\/wp-json\/wp\/v2\/pages"}],"about":[{"href":"https:\/\/blogs.ua.es\/minoriasmarginadas\/wp-json\/wp\/v2\/types\/page"}],"author":[{"embeddable":true,"href":"https:\/\/blogs.ua.es\/minoriasmarginadas\/wp-json\/wp\/v2\/users\/1836"}],"replies":[{"embeddable":true,"href":"https:\/\/blogs.ua.es\/minoriasmarginadas\/wp-json\/wp\/v2\/comments?post=73"}],"version-history":[{"count":6,"href":"https:\/\/blogs.ua.es\/minoriasmarginadas\/wp-json\/wp\/v2\/pages\/73\/revisions"}],"predecessor-version":[{"id":225,"href":"https:\/\/blogs.ua.es\/minoriasmarginadas\/wp-json\/wp\/v2\/pages\/73\/revisions\/225"}],"wp:attachment":[{"href":"https:\/\/blogs.ua.es\/minoriasmarginadas\/wp-json\/wp\/v2\/media?parent=73"}],"curies":[{"name":"wp","href":"https:\/\/api.w.org\/{rel}","templated":true}]}}