{"id":78,"date":"2011-01-22T22:23:05","date_gmt":"2011-01-22T20:23:05","guid":{"rendered":"https:\/\/blogs.ua.es\/minoriasmarginadas\/"},"modified":"2011-01-24T20:46:55","modified_gmt":"2011-01-24T18:46:55","slug":"los-esclavos","status":"publish","type":"page","link":"https:\/\/blogs.ua.es\/minoriasmarginadas\/los-esclavos\/","title":{"rendered":"Los esclavos"},"content":{"rendered":"<figure id=\"attachment_151\" aria-describedby=\"caption-attachment-151\" style=\"width: 150px\" class=\"wp-caption aligncenter\"><a href=\"https:\/\/blogs.ua.es\/minoriasmarginadas\/files\/2011\/01\/esclavos-siglo-xvii1.jpg\"><img loading=\"lazy\" decoding=\"async\" class=\"size-thumbnail wp-image-151\" src=\"https:\/\/blogs.ua.es\/minoriasmarginadas\/files\/2011\/01\/esclavos-siglo-xvii1-150x150.jpg\" alt=\"esclavos siglo XVII\" width=\"150\" height=\"150\" \/><\/a><figcaption id=\"caption-attachment-151\" class=\"wp-caption-text\">esclavos siglo XVII<\/figcaption><\/figure>\n<p>El fen\u00f3meno de la esclavitud, universalmente repudiado hoy en d\u00eda, ha sido sin embargo una frecuente en la historia de la humanidad. De hecho, en algunas \u00e9pocas y lugares ha constituido el pilar b\u00e1sico de la estructura econ\u00f3mica.<\/p>\n<p>\u00a0La esclavitud es la condici\u00f3n jur\u00eddica de una persona que, por nacimiento, deudas, por sentencia judicial o por derecho de conquista carece derechos civiles y se convierte en la propiedad de otra persona, que puede perderla o cambiarla, emplearla en la esclavitud que considere oportuna y, en algunos casos, incluso disponer libremente de su vida.<\/p>\n<p>\u00a0Tradicionalmente han existido dos tipos principales de esclavitud, la dom\u00e9stica, en la que los esclavos o siervos realizan labores auxiliares en el hogar; y la productiva, propia de los sistemas econ\u00f3micos esclavistas, en la que desempe\u00f1an las tareas m\u00e1s duras del sector primario, como el cultivo de las tierras o la miner\u00eda. Para recuperar la libertad preve\u00edan dos formas principales: la manumisi\u00f3n por parte del due\u00f1o o el pago de un rescate econ\u00f3mico, que pod\u00eda efectuar el mismo esclavo, si era capaz de reunir la cantidad necesaria.<\/p>\n<p>\u00a0\u25cf La esclavitud en el Mundo Moderno<\/p>\n<p>\u00a0Cuando los espa\u00f1oles conquistaron y colonizaron el continente americano se produjo un resurgir del esclavismo en las sociedades occidentales. Los ind\u00edgenas caribe\u00f1os, que no estaban acostumbrados a los duros trabajos de las minas y plantaciones mor\u00edan a millares. Adem\u00e1s, una vez cristianizados, se convert\u00edan en s\u00fabditos de pleno derecho de la monarqu\u00eda, lo que planteaba problemas legales para su esclavizaci\u00f3n. Para reemplazar la mano de obra ind\u00edgena, los espa\u00f1oles comenzaran a llevar a Am\u00e9rica a esclavos africanos. Adem\u00e1s, exist\u00eda ya una tradici\u00f3n de comercio de esclavos desarrollada por los mercaderes musulmanes en \u00c1frica. El nuevo tr\u00e1fico comenz\u00f3 hacia 1601; los portugueses pronto imitaron esta pr\u00e1ctica en su colonial del Brasil, llegando a convertir Lisboa en el mayor centro de comercio de esclavos de Europa en el siglo XVI.<\/p>\n<p>\u00a0M\u00e1s tarde, el resto de pa\u00edses europeos con posesiones en el Nuevo Mundo har\u00eda lo propio. Se calcula que entre los siglos XVI y XIX, unos doce millones de africanos, de los cuales alrededor de una cuarta parte muri\u00f3 en el camino, fueron trasladados a Am\u00e9rica e Inglaterra acab\u00f3 convirti\u00e9ndose en la principal acaparadora del lucrativo negocio negrero, desarrollando un curioso comercio triangular. Desde Europa part\u00edan productos manufacturados (textiles, armas, alcohol, bisuter\u00eda) hacia las factor\u00edas la costa africana occidental, donde se cambiaban por la mercanc\u00eda humana, eufem\u00edsticamente llamada \u201c\u00e9bano\u201d. Los proveedores sol\u00edan ser reyezuelos local que vend\u00edan a los prisioneros hechos en sus guerras contra otras tribus, o tratantes profesionales que efectuaban razzias en el interior. Los esclavos eran transportados en condiciones infrahumanas a los mercados americanos, donde a cambio de ellos, se adquir\u00edan productos coloniales (tabaco, az\u00facar o metales preciosos) que, a su vez, se vend\u00edan en Europa. \u00a0\u00a0\u00a0\u00a0\u00a0\u00a0<\/p>\n<p>\u00a0\u25cf La esclavitud en Espa\u00f1a en los siglos XVI y XVII<\/p>\n<p>\u00a0El objetivo de este peque\u00f1o art\u00edculo pretende dar unas nociones sencillas de c\u00f3mo funcion\u00f3 en Espa\u00f1a a lo largo de la Edad Moderna.<\/p>\n<p>\u00a0Hasta ese momento la mayor\u00eda de esclavos capturados eran el resultado de los diferentes conflictos que asolaban el Mediterr\u00e1neo, siendo fundamentalmente musulm\u00e1n su origen.<\/p>\n<p>\u00a0Pero el surgimiento de las grandes plantaciones de ca\u00f1as de az\u00facar y otros productos en Am\u00e9rica, unida a la disminuci\u00f3n de mano de obra india (enfermedades, legislaciones protectoras de los indios) obligo a emplear una gran cantidad de \u201cobreros\u201d dif\u00edcil de encontrar en Am\u00e9rica.<\/p>\n<p>\u00a0La soluci\u00f3n se obtuvo gracias a la apertura del \u00c1frica Ecuatoriana por parte de los portugueses. Esto permiti\u00f3 la obtenci\u00f3n de mano de obra africana a gran escala a trav\u00e9s de un fruct\u00edfero comercio de esclavos.<\/p>\n<p>\u00a0Naturalmente el impacto de esta actividad en las poblaciones africanas fue enorme. No solo en el aspecto demogr\u00e1fico con la p\u00e9rdida de gran cantidad de poblaci\u00f3n, ruptura de familia, muertes, etc. Sino tambi\u00e9n en el desarrollo de las culturas de estas gentes que vieron como se trato extinguir sus idiomas, ritos y creencias. El sincretismo de las culturas negra e ind\u00edgena en Cuba, Brasil o Estados Unidos son ejemplos sintom\u00e1ticos de la necesidad de estas poblaciones de salvaguardar sus ra\u00edces.<\/p>\n<p>\u00a0Adem\u00e1s de este empleo de esclavos en Am\u00e9rica la metr\u00f3poli tampoco se vio libre de esta pr\u00e1ctica.<\/p>\n<p>Ya hemos comentado que a hasta el siglo XVI la gran mayor\u00eda de esclavos que exist\u00edan en Espa\u00f1a respond\u00edan a las batallas que libraban las tropas espa\u00f1olas contra su enemigo (el Turco) en el Mediterr\u00e1neo.<\/p>\n<p>\u00a0En este sentido no debemos de olvidar que la esclavitud aqu\u00ed segu\u00eda un doble camino porque eran muchos los espa\u00f1oles capturados y vendidos como esclavos por los musulmanes (el ejemplo de Cervantes es quiz\u00e1s el m\u00e1s conocido).<\/p>\n<p>En Espa\u00f1a esta mayor\u00eda de esclavos se concentraba en las ciudades y ocupaban trabajos como jornaleros o sirvientes y su situaci\u00f3n no era tan brutal como en Am\u00e9rica, ya que, las manumisiones y rescates sobre todo entre esclavos musulmanes eran frecuentes, lo que les permit\u00eda convertirse en miembros de la sociedad.<\/p>\n<p>Pero esta supuesta tolerancia escond\u00eda un arma de doble filo pues si bien se permit\u00edan las manumisiones, los esclavos liberados quedaban confinados a los niveles m\u00e1s bajos de la sociedad y empleados en los trabajos m\u00e1s penosos.<\/p>\n<p>\u00a0Para concluir este peque\u00f1o esbozo de la esclavitud de la Espa\u00f1a Moderna no podemos olvidar la que practicaba el \u201cEstado\u201d.<\/p>\n<p>\u00a0Esta se centraba fundamentalmente en los delincuentes y herejes por medio de las tan temidas galeras reales.<\/p>\n<p>Que consist\u00edan en penas de remar durante a\u00f1os en nav\u00edos del rey como consecuencia de haber cometidos delitos graves o de ser reincidente en los mismos.<\/p>\n<p>En conclusi\u00f3n este es m\u00e1s o menos el panorama que presentaba la esclavitud en Espa\u00f1a durante la Edad Moderna.<\/p>\n<figure id=\"attachment_274\" aria-describedby=\"caption-attachment-274\" style=\"width: 150px\" class=\"wp-caption alignleft\"><a href=\"https:\/\/blogs.ua.es\/minoriasmarginadas\/files\/2011\/01\/grabado_esclavitud_red-4e1f01.jpg\"><img loading=\"lazy\" decoding=\"async\" class=\"size-thumbnail wp-image-274\" src=\"https:\/\/blogs.ua.es\/minoriasmarginadas\/files\/2011\/01\/grabado_esclavitud_red-4e1f01-150x150.jpg\" alt=\"grabado de esclavos\" width=\"150\" height=\"150\" \/><\/a><figcaption id=\"caption-attachment-274\" class=\"wp-caption-text\">grabado de esclavos<\/figcaption><\/figure>\n<p>\u00a0\u00a0\u00a0\u00a0\u00a0\u00a0\u00a0\u00a0\u00a0<\/p>\n<figure id=\"attachment_275\" aria-describedby=\"caption-attachment-275\" style=\"width: 150px\" class=\"wp-caption alignright\"><a href=\"https:\/\/blogs.ua.es\/minoriasmarginadas\/files\/2011\/01\/esclavos1.jpg\"><img loading=\"lazy\" decoding=\"async\" class=\"size-thumbnail wp-image-275\" src=\"https:\/\/blogs.ua.es\/minoriasmarginadas\/files\/2011\/01\/esclavos1-150x150.jpg\" alt=\"esclavos\" width=\"150\" height=\"150\" \/><\/a><figcaption id=\"caption-attachment-275\" class=\"wp-caption-text\">esclavos<\/figcaption><\/figure>\n","protected":false},"excerpt":{"rendered":"<p>El fen\u00f3meno de la esclavitud, universalmente repudiado hoy en d\u00eda, ha sido sin embargo una frecuente en la historia de la humanidad. De hecho, en algunas \u00e9pocas y lugares ha constituido el pilar b\u00e1sico de la estructura econ\u00f3mica. \u00a0La esclavitud es la condici\u00f3n jur\u00eddica de una persona que, por nacimiento, deudas, por sentencia judicial o [&hellip;]<\/p>\n","protected":false},"author":1836,"featured_media":0,"parent":0,"menu_order":0,"comment_status":"open","ping_status":"open","template":"","meta":{"footnotes":""},"class_list":["post-78","page","type-page","status-publish","hentry"],"_links":{"self":[{"href":"https:\/\/blogs.ua.es\/minoriasmarginadas\/wp-json\/wp\/v2\/pages\/78","targetHints":{"allow":["GET"]}}],"collection":[{"href":"https:\/\/blogs.ua.es\/minoriasmarginadas\/wp-json\/wp\/v2\/pages"}],"about":[{"href":"https:\/\/blogs.ua.es\/minoriasmarginadas\/wp-json\/wp\/v2\/types\/page"}],"author":[{"embeddable":true,"href":"https:\/\/blogs.ua.es\/minoriasmarginadas\/wp-json\/wp\/v2\/users\/1836"}],"replies":[{"embeddable":true,"href":"https:\/\/blogs.ua.es\/minoriasmarginadas\/wp-json\/wp\/v2\/comments?post=78"}],"version-history":[{"count":7,"href":"https:\/\/blogs.ua.es\/minoriasmarginadas\/wp-json\/wp\/v2\/pages\/78\/revisions"}],"predecessor-version":[{"id":276,"href":"https:\/\/blogs.ua.es\/minoriasmarginadas\/wp-json\/wp\/v2\/pages\/78\/revisions\/276"}],"wp:attachment":[{"href":"https:\/\/blogs.ua.es\/minoriasmarginadas\/wp-json\/wp\/v2\/media?parent=78"}],"curies":[{"name":"wp","href":"https:\/\/api.w.org\/{rel}","templated":true}]}}