{"id":85,"date":"2011-01-23T13:30:18","date_gmt":"2011-01-23T11:30:18","guid":{"rendered":"https:\/\/blogs.ua.es\/minoriasmarginadas\/"},"modified":"2011-01-27T22:49:29","modified_gmt":"2011-01-27T20:49:29","slug":"los-gitanos-2","status":"publish","type":"page","link":"https:\/\/blogs.ua.es\/minoriasmarginadas\/los-gitanos-2\/","title":{"rendered":"Los gitanos"},"content":{"rendered":"<figure id=\"attachment_148\" aria-describedby=\"caption-attachment-148\" style=\"width: 150px\" class=\"wp-caption aligncenter\"><a href=\"https:\/\/blogs.ua.es\/minoriasmarginadas\/files\/2011\/01\/gitanos1.jpg\"><img loading=\"lazy\" decoding=\"async\" class=\"size-thumbnail wp-image-148\" src=\"https:\/\/blogs.ua.es\/minoriasmarginadas\/files\/2011\/01\/gitanos1-150x150.jpg\" alt=\"gitanos\" width=\"150\" height=\"150\" \/><\/a><figcaption id=\"caption-attachment-148\" class=\"wp-caption-text\">gitanos<\/figcaption><\/figure>\n<p>Dice el historiador George Borrow que &#8220;quiz\u00e1s no haya un pa\u00eds en el que se hayan hecho m\u00e1s leyes con miras de suprimir y extinguir el nombre, la raza y el modo de vivir de los gitanos como en Espa\u00f1a&#8221;.<\/p>\n<p>En Espa\u00f1a se cree que llegaron hacia 1415, dispers\u00e1ndose y viajando despu\u00e9s por todo el pa\u00eds. Las relaciones entre la poblaci\u00f3n local y los gitanos fueron en general buenas durante el\u00a0siglo XV. \u00a0Sin embargo, a partir de 1469, con la llegada al trono de los Reyes Cat\u00f3licos, la situaci\u00f3n cambi\u00f3 radicalmente, presumiblemente a causa de la b\u00fasqueda de la homogeneidad cultural en Espa\u00f1a, lo cual era la caracter\u00edstica propia de la uni\u00f3n de las dinast\u00edas hisp\u00e1nicas. Las autoridades dieron a los gitanos un plazo de dos meses para que tomaran un domicilio fijo, adoptaran un oficio y abandonasen su forma de vestir y sus costumbres, so pena de expulsi\u00f3n o esclavitud. Se buscaba la unificaci\u00f3n de los s\u00fabditos en toda la Pen\u00ednsula, siendo el ideal al alcanzar la centralizaci\u00f3n del poder pol\u00edtico, la existencia de una \u00fanica religi\u00f3n, una \u00fanica lengua, una \u00fanica cultura y, por consiguiente, una \u00fanica manera de ser. De tal manera, Las Cortes\u00a0de Castilla de 1594 emitieron un mandato tendiente a separar a los \u00abgitanos de las gitanas, a fin de obtener la extinci\u00f3n de la raza; vaticinando la pol\u00edtica de las pr\u00e1cticas de esterilizaci\u00f3n que seguir\u00edan otros monarcas europeos de la Edad Moderna. En 1633, una pragm\u00e1tica neg\u00f3 a los gitanos el car\u00e1cter de naci\u00f3n y prohibi\u00f3 incluso el uso del t\u00e9rmino gitano en el reino<\/p>\n<p>Como hemos comentado anteriormente; al principio,\u00a0\u00a0la\u00a0llegada de los gitanos a la Pen\u00ednsula Ib\u00e9rica,\u00a0fue bien acogida. Viv\u00edan con libertad y no s\u00f3lo no eran rechazados, sino que los campesinos y aldeanos, les miraban con simpat\u00eda y comerciaban con ellos. Sus habilidades artesanas, su facilidad para entretener y divertir, eran apreciadas.<\/p>\n<p>Y \u00a0es que la sociedad que los gitanos encuentran a su llegada era muy distinta a la que luego se conform\u00f3 con el fin de la reconquista y la consiguiente unificaci\u00f3n de los reinos de Castilla y Arag\u00f3n. La hegemon\u00eda del cristianismo acaba con la convivencia m\u00e1s o menos armoniosa y pac\u00edfica entre diversas culturas y religiones (jud\u00edos, \u00e1rabes y cristianos) que es sustituida por el fanatismo y la represi\u00f3n.<\/p>\n<p>En esa situaci\u00f3n, los gitanos aparecen entonces como gente peligrosa, dif\u00edcil de domesticar y de controlar. Su forma libre de vivir y su apego a sus propias costumbres y tradiciones, no s\u00f3lo no encajaban en la sociedad f\u00e9rrea y homog\u00e9nea que pretenden los Reyes Cat\u00f3licos (y posteriormente sus sucesores), sino que eran mal ejemplo para unos campesinos y aldeanos reducidos todos a la categor\u00eda de vasallos, m\u00e1s o menos resignados a vivir bajo el peso de la cruz y la espada, identificadas entre s\u00ed como una \u00fanica cosa.<\/p>\n<p>Ya no hay lugar para la tolerancia, ya no se acepta a los que piensan, hablan, visten o se comportan de forma distinta. As\u00ed, en nombre de la fe, los Reyes Cat\u00f3licos (en adelante RR.CC.) y la Iglesia a trav\u00e9s de su &#8220;polic\u00eda pol\u00edtica&#8221;, la Inquisici\u00f3n, ponen en pie los que han sido hasta hace poco los pilares ideol\u00f3gicos de las clases dirigentes espa\u00f1olas: &#8220;Un \u00fanico y absoluto poder pol\u00edtico, una \u00fanica religi\u00f3n, una \u00fanica lengua, una \u00fanica cultura y por consiguiente una \u00fanica manera de ser y sentir&#8221;.\u00a0A partir de ah\u00ed, comienza la represi\u00f3n pol\u00edtica contra nuestro pueblo que ha durado hasta hoy.\u00a0<\/p>\n<p>Un conjunto de leyes, disposiciones reales y decretos que inauguran los Reyes Cat\u00f3licos con una pragm\u00e1tica fechada en Medina del Campo en 1499, que dice: &#8220;Mandamos a los egipcianos que andan vagando por nuestros reinos y se\u00f1or\u00edos con sus mujeres e hijos, que del d\u00eda que esta ley fuera notificada y pregonada en nuestra corte, y en las villas, lugares y ciudades que son cabeza de partido hasta sesenta d\u00edas siguientes, cada uno de ellos viva por oficios conocidos, que mejor supieran aprovecharse, estando atada en lugares donde acordasen asentar o tomar vivienda de se\u00f1ores a quien sirvan, y los den lo hubiese menester y no anden m\u00e1s juntos vagando por nuestros reinos como lo facen, o dentro de otros sesenta d\u00edas primeros siguientes, salgan de nuestros reinos y no vuelvan a ellos en manera alguna, so pena de que si en ellos fueren hallados o tomados sin oficios o sin se\u00f1ores juntos, pasados los dichos d\u00edas, que den a cada uno cien azotes por la primera vez, y los destierren perpetuamente destos reinos; y por la segunda vez, que les corten las orejas, y est\u00e9n sesenta d\u00edas en las cadenas, y los tornen a desterrar, como dicho es, y por la tercera vez, que sean cautivos de los que los tomasen por toda la vida&#8221;.\u00a0<\/p>\n<p>Esa pragm\u00e1tica y todas las que le siguieron hasta nuestros d\u00edas han sido la cobertura legal de una represi\u00f3n sin l\u00edmite que los gitanos hemos sufrido durante m\u00e1s de cinco siglos.\u00a0<\/p>\n<p>Hasta tal punto esto es as\u00ed que, incluso, las t\u00e9cnicas de esterilizaci\u00f3n que durante la Segunda Guerra Mundial los nazis practicaron con los gitanos del Este y del Centro de Europa ya las presagiaron las Cortes de Castilla en 1594, con una disposici\u00f3n legal tendiente a separar a los &#8220;gitanos de las gitanas, a fin de obtener la extinci\u00f3n de la raza&#8221;.\u00a0<\/p>\n<p>Para entender una causa fundamental y decisiva en la persecuci\u00f3n o marginaci\u00f3n de los gitanos y de otras minor\u00edas \u00e9tnicas, es necesario echar mano de los procesos de centralizaci\u00f3n estatal en Europa a partir del siglo XVI, fundamentados en una homogeneizaci\u00f3n cultural, ling\u00fc\u00edstica y religiosa. Los primeros decretos de expulsi\u00f3n y asimilaci\u00f3n en Espa\u00f1a coincidieron con los de la expulsi\u00f3n de los jud\u00edos en 1492 y los de persecuci\u00f3n o conversi\u00f3n de los musulmanes espa\u00f1oles.<\/p>\n<p>Las formas de represi\u00f3n de las autoridades y de la sociedad han sido muy variadas, desde la simple marginaci\u00f3n y criminalizaci\u00f3n hasta la muerte, pasando por la sedentarizaci\u00f3n forzosa, la deportaci\u00f3n y el destierro, el castigo corporal y la mutilaci\u00f3n, la esclavitud, los trabajos forzados en galeras, la prisi\u00f3n o reclusi\u00f3n en barrios, ghettos, llamados en Espa\u00f1a \u201c<em>gitaner\u00edas<\/em>\u201d. Para cada modalidad de persecuci\u00f3n, las comunidades gitanas de todo el mundo han generado y siguen generando mecanismos y estrategias espec\u00edficas de supervivencia, ocultamiento, adaptaci\u00f3n o huida.<\/p>\n<ul>\n<li><strong>Expulsi\u00f3n.<\/strong> Pr\u00e1cticamente todos los estados europeos promulgaron, sin \u00e9xito, decretos de expulsi\u00f3n.<\/li>\n<\/ul>\n<ul>\n<li><strong>Deportaci\u00f3n.<\/strong> Portugal e Inglaterra utilizaron el traslado forzoso de poblaci\u00f3n gitana hacia sus colonias americanas, lo que contrasta con la pol\u00edtica restrictiva de los espa\u00f1oles, que incluso llegaron a prohibir su partida y a obligar el retorno de los ya emigrados.\n<li><strong>Esclavizaci\u00f3n.<\/strong> Los gitanos fueron esclavizados en Ruman\u00eda y Hungr\u00eda. La abolici\u00f3n de la esclavitud gitana tuvo lugar en la segunda mitad del siglo XIX.<\/li>\n<\/ul>\n<ul>\n<li><strong>Asimilaci\u00f3n.<\/strong> La legislaci\u00f3n anti-gitana espa\u00f1ola, por ejemplo, ha sido por \u00e9pocas asimilacionista. Carlos III en 1783 nacionaliza a los gitanos mediante una pragm\u00e1tica que declara a los gitanos como ciudadanos espa\u00f1oles y, por lo tanto, el deber y derecho de los ni\u00f1os a la escolarizaci\u00f3n a los 4 a\u00f1os, libres de fijar su residencia, o de emplearse, trabajar en cualquier actividad, penaliz\u00e1ndose a los gremios que impidan la entrada o se opongan a la residencia de los gitanos. Pero a costa de que los gitanos abandonen su realidad \u00e9tnica, como la forma de vestir, no usar el cal\u00f3, asentarse y abandonar la vida errante. En esa misma pragm\u00e1tica se ilegalizar\u00e1 la palabra gitano.<\/li>\n<\/ul>\n<ul>\n<li><strong>Reclusi\u00f3n.<\/strong> Uno de los m\u00e1s negros y olvidados episodios de la historia de los gitanos espa\u00f1oles fue la Gran Redada o <strong>Prisi\u00f3n General de los gitanos<\/strong> de 1749. Durante el reinado de Fernando VI, y mediante un plan urdido en secreto y organizado por el Marqu\u00e9s de la Ensenada, se decidi\u00f3 \u201c<em>prender a todos los gitanos avecindados y vagantes en estos reinos, sin excepci\u00f3n de sexo, estado ni edad, sin reservar refugio alguno a que se hayan acogido<\/em>\u201d. Fueron detenidos casi todos los gitanos espa\u00f1oles, unos 9.000 (otros 3.000 ya estaban en prisi\u00f3n), los hombres enviados a los arsenales de la marina y las mujeres y los ni\u00f1os encarcelados. S\u00f3lo ser\u00edan indultados 14 a\u00f1os despu\u00e9s por el rey Carlos III, y algunos no ser\u00e1n liberados definitivamente hasta 1783.<\/li>\n<\/ul>\n<ul>\n<li><strong>Exterminio.<\/strong> Durante la Segunda Guerra Mundial, como otras etnias o minor\u00edas, fueron objeto de persecuci\u00f3n y discriminaci\u00f3n, muriendo miles de ellos en distintos campos de concentraci\u00f3n. El n\u00famero de roman\u00edes europeos asesinados en lo que en lengua roman\u00ed se conoce como <em>porraimos<\/em> (&#8220;la devoraci\u00f3n&#8221;) a\u00fan se desconoce con certeza, oscilando las cifras entre 250.000 y 600.000 personas muertas.<\/li>\n<\/ul>\n<p>Pasados los a\u00f1os; y hemos comentado de pasada ahora mismo se produjo La Gran Redada<\/p>\n<p>\u00a0La Gran Redada, tambi\u00e9n conocida como <em>Prisi\u00f3n general de gitanos<\/em>, fue una persecuci\u00f3n autorizada por el Rey de Espa\u00f1a, Fernando VI, y organizada en secreto por el Marqu\u00e9s de la Ensenada, que se inici\u00f3 de manera sincronizada en todo el territorio espa\u00f1ol el mi\u00e9rcoles 30 de julio de 1749, con el objetivo declarado de arrestar (y finalmente \u00abextinguir\u00bb) a todos los gitanos del reino.<\/p>\n<p>La organizaci\u00f3n se llev\u00f3 a cabo en secreto, y dentro del \u00e1mbito de la secretar\u00eda de Guerra. Esta instituci\u00f3n del Estado absolutista prepar\u00f3 minuciosas instrucciones para cada ciudad, que deb\u00edan ser entregadas al corregidor por un oficial del ej\u00e9rcito enviado al efecto. La orden era abrir esas instrucciones en un d\u00eda determinado, estando presente el corregidor y el oficial, para lograr la simultaneidad de la operaci\u00f3n. Tambi\u00e9n se prepararon instrucciones espec\u00edficas para cada oficial, que se har\u00eda cargo de las tropas que deb\u00edan llevar a cabo el arresto. Ni el oficial ni las tropas conoc\u00edan hasta el \u00faltimo momento el objetivo de su misi\u00f3n. Ambas \u00f3rdenes iban introducidas en un sobre, al que se a\u00f1adi\u00f3 una copia del decreto del nuncio (antes mencionado) e instrucciones para los obispos de cada di\u00f3cesis. Esos sobres se remitieron a los Capitanes Generales (previamente informados), que escogieron a las tropas en funci\u00f3n de la ciudad a la que deb\u00edan dirigirse.<\/p>\n<p>Las instrucciones estipulaban que tras abrir los sobres se mantendr\u00eda una breve reuni\u00f3n de coordinaci\u00f3n del ej\u00e9rcito y las fuerzas de orden p\u00fablico locales (alguaciles, etc.). Se sabe que en Carmona, por ejemplo, se estudi\u00f3 la operaci\u00f3n sobre el plano de la ciudad, cortando las calles para evitar una posible huida. Tras los arrestos, se cruzaron los datos de los detenidos con los del censo de la ciudad, y se interrog\u00f3 a los detenidos sobre el paradero de los ausentes, que fueron arrestados mediante requisitoria a los pocos d\u00edas.<\/p>\n<p>Tras el arresto, los gitanos deber\u00edan ser separados en dos grupos: todos los hombres mayores de siete a\u00f1os en uno, y las mujeres y los menores de siete a\u00f1os en otro. A continuaci\u00f3n, y seg\u00fan el plan, los primeros ser\u00edan enviados a trabajos forzados en los arsenales de la Marina, y las segundas ingresadas en c\u00e1rceles o f\u00e1bricas. Los arsenales elegidos fueron los de Cartagena, La Coru\u00f1a y Ferrol, y m\u00e1s tarde las minas de Almad\u00e9n, C\u00e1diz y Alicante y algunas penitenciar\u00edas del norte de \u00c1frica. Para las mujeres y los ni\u00f1os se escogieron las provincias de M\u00e1laga, Valencia y Zaragoza. Las mujeres tejer\u00edan, y los ni\u00f1os trabajar\u00edan en las f\u00e1bricas, mientras los hombres trabajar\u00edan en los arsenales, necesitados de una intensa reforma para posibilitar la modernizaci\u00f3n de la flota espa\u00f1ola, toda vez que las galeras hab\u00edan sido abolidas en 1748. La separaci\u00f3n de las familias (con el evidente objetivo de impedir nuevos nacimientos) fue uno de los rasgos m\u00e1s crueles de la persecuci\u00f3n.<\/p>\n<p>El traslado ser\u00eda inmediato, y no se detendr\u00eda hasta llegar al destino, quedando todo enfermo bajo vigilancia militar mientras se recuperaba, para as\u00ed no retrasar al grupo. La operaci\u00f3n se financiar\u00eda con los bienes de los detenidos, que ser\u00edan inmediatamente confiscados y subastados para pagar la manutenci\u00f3n durante el traslado, el alquiler de carretas \u00a0y barcos \u00a0para el viaje y cualquier otro gasto que se produjera. Las instrucciones, muy puntillosas en ese sentido, establec\u00edan que \u2014de no bastar ese dinero\u2014 el propio Rey correr\u00eda con los gastos.<\/p>\n<p>La operaci\u00f3n supuso la detenci\u00f3n de 9.000 a 12.000 gitanos, lo que caus\u00f3 problemas de ubicaci\u00f3n, que fueron solventados sobre la marcha. En cada lugar los hechos se desarrollaron de manera particular. En Sevilla, uno de los lugares m\u00e1s densamente poblados de gitanos de toda Espa\u00f1a (130 familias), se cre\u00f3 un cierto estado de alarma cuando se orden\u00f3 cerrar las puertas de la ciudad y los habitantes se enteraron de que el ej\u00e9rcito rodeaba la poblaci\u00f3n. La recogida de los gitanos dio lugar a disturbios que se saldaron con al menos tres fugitivos muertos. En otros lugares, los propios gitanos se presentaron voluntariamente ante los corregidores, creyendo tal vez que acud\u00edan a resolver alg\u00fan asunto relacionado con su reciente reasentamiento.<\/p>\n<p>La meticulosa organizaci\u00f3n de los arrestos contrasta con la imprevisi\u00f3n y el caos en que se convirti\u00f3 el traslado y el alojamiento, sobre todo en las etapas intermedias de los viajes. Se reuni\u00f3 a los gitanos en castillos y alcazabas, e incluso se vaciaron y cercaron barrios de algunas ciudades para alojar a los deportados (por ejemplo, en M\u00e1laga). Ya en su destino, las condiciones de hacinamiento resultaron ser especialmente terribles, pues por lo general inclu\u00edan el uso de grilletes.<\/p>\n<p>Seg\u00fan la documentaci\u00f3n conservada, la actitud de los no gitanos fue variable. Desde la colaboraci\u00f3n y la denuncia hasta la petici\u00f3n de misericordia al Rey por parte de ciudadanos \u00abrespetables\u00bb (en el caso de Sevilla), lo que es una muestra del variado grado de integraci\u00f3n que ten\u00eda la poblaci\u00f3n gitana de entonces.<\/p>\n<p>No habr\u00e1 en la historia de la humanidad un caso tal de persecuci\u00f3n contra un pueblo que haya durado tanto y que haya quedado tan impune. Hemos sido, y somos a\u00fan, una especie para la que no hay veda.<\/p>\n<figure id=\"attachment_217\" aria-describedby=\"caption-attachment-217\" style=\"width: 150px\" class=\"wp-caption alignleft\"><a href=\"https:\/\/blogs.ua.es\/minoriasmarginadas\/files\/2011\/01\/gypsies1.jpg\"><img loading=\"lazy\" decoding=\"async\" class=\"size-thumbnail wp-image-217\" src=\"https:\/\/blogs.ua.es\/minoriasmarginadas\/files\/2011\/01\/gypsies1-150x150.jpg\" alt=\"pareja gitana\" width=\"150\" height=\"150\" \/><\/a><figcaption id=\"caption-attachment-217\" class=\"wp-caption-text\">pareja gitana<\/figcaption><\/figure>\n<figure id=\"attachment_219\" aria-describedby=\"caption-attachment-219\" style=\"width: 150px\" class=\"wp-caption alignright\"><a href=\"https:\/\/blogs.ua.es\/minoriasmarginadas\/files\/2011\/01\/27239_1404230872761_1442065173_1077497_355658_n.jpg\"><img loading=\"lazy\" decoding=\"async\" class=\"size-thumbnail wp-image-219\" src=\"https:\/\/blogs.ua.es\/minoriasmarginadas\/files\/2011\/01\/27239_1404230872761_1442065173_1077497_355658_n-150x150.jpg\" alt=\"gitanas perseguidas\" width=\"150\" height=\"150\" \/><\/a><figcaption id=\"caption-attachment-219\" class=\"wp-caption-text\">gitanas perseguidas<\/figcaption><\/figure>\n<p><a href=\"https:\/\/blogs.ua.es\/minoriasmarginadas\/files\/2011\/01\/gypsies.jpg\"><\/a><\/p>\n","protected":false},"excerpt":{"rendered":"<p>Dice el historiador George Borrow que &#8220;quiz\u00e1s no haya un pa\u00eds en el que se hayan hecho m\u00e1s leyes con miras de suprimir y extinguir el nombre, la raza y el modo de vivir de los gitanos como en Espa\u00f1a&#8221;. En Espa\u00f1a se cree que llegaron hacia 1415, dispers\u00e1ndose y viajando despu\u00e9s por todo el [&hellip;]<\/p>\n","protected":false},"author":1836,"featured_media":0,"parent":0,"menu_order":0,"comment_status":"open","ping_status":"open","template":"","meta":{"footnotes":""},"class_list":["post-85","page","type-page","status-publish","hentry"],"_links":{"self":[{"href":"https:\/\/blogs.ua.es\/minoriasmarginadas\/wp-json\/wp\/v2\/pages\/85","targetHints":{"allow":["GET"]}}],"collection":[{"href":"https:\/\/blogs.ua.es\/minoriasmarginadas\/wp-json\/wp\/v2\/pages"}],"about":[{"href":"https:\/\/blogs.ua.es\/minoriasmarginadas\/wp-json\/wp\/v2\/types\/page"}],"author":[{"embeddable":true,"href":"https:\/\/blogs.ua.es\/minoriasmarginadas\/wp-json\/wp\/v2\/users\/1836"}],"replies":[{"embeddable":true,"href":"https:\/\/blogs.ua.es\/minoriasmarginadas\/wp-json\/wp\/v2\/comments?post=85"}],"version-history":[{"count":12,"href":"https:\/\/blogs.ua.es\/minoriasmarginadas\/wp-json\/wp\/v2\/pages\/85\/revisions"}],"predecessor-version":[{"id":296,"href":"https:\/\/blogs.ua.es\/minoriasmarginadas\/wp-json\/wp\/v2\/pages\/85\/revisions\/296"}],"wp:attachment":[{"href":"https:\/\/blogs.ua.es\/minoriasmarginadas\/wp-json\/wp\/v2\/media?parent=85"}],"curies":[{"name":"wp","href":"https:\/\/api.w.org\/{rel}","templated":true}]}}