{"id":92,"date":"2011-01-23T14:31:35","date_gmt":"2011-01-23T12:31:35","guid":{"rendered":"https:\/\/blogs.ua.es\/minoriasmarginadas\/"},"modified":"2011-01-24T19:34:31","modified_gmt":"2011-01-24T17:34:31","slug":"los-judios","status":"publish","type":"page","link":"https:\/\/blogs.ua.es\/minoriasmarginadas\/los-judios\/","title":{"rendered":"Los jud\u00edos"},"content":{"rendered":"<figure id=\"attachment_144\" aria-describedby=\"caption-attachment-144\" style=\"width: 150px\" class=\"wp-caption aligncenter\"><a href=\"https:\/\/blogs.ua.es\/minoriasmarginadas\/files\/2011\/01\/Expulsion_de_los_judios2.jpg\"><img loading=\"lazy\" decoding=\"async\" class=\"size-thumbnail wp-image-144\" src=\"https:\/\/blogs.ua.es\/minoriasmarginadas\/files\/2011\/01\/Expulsion_de_los_judios2-150x150.jpg\" alt=\"expulsi\u00f3n de los jud\u00edos\" width=\"150\" height=\"150\" \/><\/a><figcaption id=\"caption-attachment-144\" class=\"wp-caption-text\">expulsi\u00f3n de los jud\u00edos<\/figcaption><\/figure>\n<p>\u00a0 Los jud\u00edos constituyeron en la Espa\u00f1a medieval una de las comunidades m\u00e1s pr\u00f3speras de su historia, tanto bajo el dominio musulm\u00e1n como, posteriormente, en los reinos cristianos, antes de que en 1492 fuesen expulsados por los Reyes Cat\u00f3licos. En la actualidad s\u00f3lo unos pocos miles de jud\u00edos viven en Espa\u00f1a, pero los descendientes de los jud\u00edos espa\u00f1oles, los sefard\u00edes, constituyen aproximadamente un quinto de la poblaci\u00f3n jud\u00eda mundial.<\/p>\n<p><strong>Or\u00edgenes de la presencia jud\u00eda en Espa\u00f1a<\/strong><\/p>\n<p>\u00a0 Algunos asocian el pa\u00eds de Tarsis, mencionado en los libros de Isa\u00edas, Jerem\u00edas, Ezequiel, Abdias, Primero de los Reyes y Jon\u00e1s, con la antigua civilizaci\u00f3n de Tartessos o, al menos, con alg\u00fan lugar de la Pen\u00ednsula Ib\u00e9rica. Si esta identificaci\u00f3n fuese correcta, el contacto de los jud\u00edos con la Pen\u00ednsula Ib\u00e9rica se remontar\u00eda a la \u00e9poca de Salom\u00f3n.<\/p>\n<p>\u00a0Los fenicios, aliados de los israelitas en la \u00e9poca de Salom\u00f3n, mantuvieron adem\u00e1s una estrecha relaci\u00f3n comercial con la Pen\u00ednsula Ib\u00e9rica (la fundaci\u00f3n de Gades (C\u00e1diz) suele datarse en el a\u00f1o 1100\u00a0a.\u00a0C.). Todo ello deja abierta la posibilidad de que llegase a haber relaci\u00f3n entre los israelitas y la Pen\u00ednsula Ib\u00e9rica a comienzos del I milenio a. C., pero no ofrece prueba alguna que demuestre que haya ocurrido as\u00ed. En C\u00e1diz se encontr\u00f3 un sello que data de los siglos VIII o VII\u00a0a.\u00a0C., en el que hay una inscripci\u00f3n que seg\u00fan algunos autores ser\u00eda antiguo hebreo, pero la mayor\u00eda de los investigadores consideran que se trata de fenicio.<\/p>\n<p>\u00a0Existen tradiciones muy tard\u00edas, seg\u00fan las cuales los primeros jud\u00edos llegaron a Espa\u00f1a tras la ca\u00edda del Primer Templo, en 586\u00a0a.\u00a0C., pero carecen de base hist\u00f3rica y estaban encaminadas sobre todo a demostrar que los jud\u00edos espa\u00f1oles no fueron culpables de la muerte de Jes\u00fas.<\/p>\n<p><strong>Los jud\u00edos en los reinos cristianos <\/strong><\/p>\n<p>En las cortes cristianas, ocurr\u00edan hechos que demuestran el papel de los jud\u00edos. Por ejemplo, el rey de Arag\u00f3n, Jaime II, escrib\u00eda a su hija: &#8220;Filla, recibiemos vuestra carta&#8230; en raz\u00f3n del fillo que hauedes parido&#8230; Mas, filla, non fagades, como auedes acostumbrado, <em>de criarlo a consello de jud\u00edos&#8230;<\/em>&#8221;<\/p>\n<p>Por otro lado, una inscripci\u00f3n hebrea en la sinagoga del Tr\u00e1nsito, de Toledo, reza as\u00ed: &#8220;El rey de Castilla ha engrandecido y exaltado a Samuel Lev\u00ed; y ha elevado su trono por encima de todos los pr\u00edncipes que est\u00e1n con \u00e9l&#8230; Sin contar con \u00e9l, nadie levanta mano ni pie.&#8221;<\/p>\n<p>Y m\u00e1s a\u00fan, el rey Fernando III El Santo, despu\u00e9s de la toma de Sevilla, se afirmaba como rey de tres religiones, cosa que ning\u00fan otro rey europeo pod\u00eda afirmar.<\/p>\n<p>En el plano cultural, el papel del jud\u00edo dentro de las cortes castellanas fue el de transmisor de los conocimientos \u00e1rabes. Gracias a \u00e9l, en cortes como la de Alfonso X, junto con colaboradores \u00e1rabes, se pudo llevar a cabo la enorme obra de recopilaci\u00f3n, traducci\u00f3n y divulgaci\u00f3n de todo el saber humano de la \u00e9poca.<\/p>\n<p>Otro de los campos en el que la presencia jud\u00eda fue indispensable fue el de la Medicina. En efecto, ser\u00eda inusitado encontrar la menci\u00f3n de un m\u00e9dico de la casa real que no fuera jud\u00edo. Esto no impidi\u00f3, sin embargo, que se redactaran decretos prohibiendo a los cristianos valerse de m\u00e9dicos jud\u00edos, cuyo incumplimiendo, empezando por el rey mismo, era notorio.<\/p>\n<p>El jud\u00edo era adem\u00e1s el encargado de recaudar tributos y el tesoro estatal. Su posici\u00f3n cerca del rey y de los nobles, as\u00ed como de los prelados, era clave, lo cual explicar\u00eda el vac\u00edo posterior cuando ocurri\u00f3 la expulsi\u00f3n. Esta posici\u00f3n fue la m\u00e1s delicada y dif\u00edcil de mantener, pues si bien el jud\u00edo era indispensable para la clase alta, era visto, en cambio, como explotador por la clase baja y se atra\u00eda su odio, lo cual pod\u00eda ser aprovechado f\u00e1cilmente por el clero para desatar persecuciones antisemitas. Los reyes defendieron la importancia del jud\u00edo dentro de la econom\u00eda estatal, e incluso el propio Fernando el Cat\u00f3lico (por cuyas venas corr\u00eda sangre jud\u00eda), los apoyaba en 1481, diciendo que leyes que prohibieran algo a los jud\u00edos era como prohib\u00edrselo a \u00e9l.<\/p>\n<p>\u00a0Avanzado\u00a0\u00a0el siglo XV, la persecuci\u00f3n contra los jud\u00edos empez\u00f3 a adquirir rasgos de ferocidad, y los reyes se encontraban impotentes para detenerla, pues se jugaban su popularidad. Adem\u00e1s, la nobleza hab\u00eda emparentado, por motivos econ\u00f3micos principalmente, con los jud\u00edos y su posici\u00f3n se hab\u00eda debilitado. En el siglo XVI aparecen dos libros, el <em>Libro verde de Arag\u00f3n<\/em> y <em>El tiz\u00f3n de la nobleza de Espa\u00f1a<\/em>, donde se demuestra que, pr\u00e1cticamente, toda la nobleza espa\u00f1ola ten\u00eda algunas o muchas gotas de sangre jud\u00eda.<\/p>\n<p><span style=\"text-decoration: underline\"><strong>Antijuda\u00edsmo e Inquisici\u00f3n<\/strong><\/span><\/p>\n<p><span style=\"text-decoration: underline\">Edicto de Granada<\/span><\/p>\n<p>El Decreto de la Alhambra o Edicto de Granada fue un decreto editado en la Alhambra (edificio de la ciudad de Granada (Andaluc\u00eda, Espa\u00f1a)) el 31 de marzo de 1492 por los reyes reci\u00e9n llamados Reyes Cat\u00f3licos, Fernando II de Arag\u00f3n e Isabel I de Castilla, en el cual se obliga a todos los jud\u00edos de la pen\u00ednsula Ib\u00e9rica a convertirse al catolicismo o ser expulsados, con t\u00e9rmino el 31 de julio de 1492. Por motivos log\u00edsticos se extendi\u00f3 este plazo hasta el 2 de agosto a las doce de la noche. Fernando el Cat\u00f3lico firmaba otro para el reino de Arag\u00f3n. Ambos part\u00edan de un mismo borrador elaborado por Tom\u00e1s de Torquemada, inquisidor general en Espa\u00f1a.<\/p>\n<p>El d\u00eda 2 de agosto coincidi\u00f3 con la partida de Crist\u00f3bal Col\u00f3n hacia el descubrimiento de una nueva ruta a las Indias, viaje que acab\u00f3 con el descubrimiento de Am\u00e9rica. Esta coincidencia ha dado pie a la teor\u00eda del origen jud\u00edo de Col\u00f3n expuesta, entre otros, por Simon Wiesenthal.<\/p>\n<p><strong>Condiciones de la expulsi\u00f3n<\/strong><\/p>\n<ul>\n<li>Se ordenaba salir con car\u00e1cter definitivo y sin excepci\u00f3n a todos los jud\u00edos, no s\u00f3lo de los reinos peninsulares, sino de todos aquellos territorios que se encontraran bajo el poder de los Reyes Cat\u00f3licos.<\/li>\n<li>El plazo era de 4 meses a partir de la firma del edicto, es decir, que el 31 de julio no deb\u00eda quedar en el reino ni un solo jud\u00edo. En un edicto posterior, Torquemada ampli\u00f3 el plazo 10 d\u00edas, para compensar el tiempo que transcurri\u00f3 entre la promulgaci\u00f3n y el conocimiento del decreto.<\/li>\n<li>La desobediencia a este edicto supondr\u00eda la condena a muerte y la confiscaci\u00f3n de los bienes.<\/li>\n<li>Los Reyes ofrecieron su seguro real para que los jud\u00edos negociaran su fortuna y se la llevaran, si as\u00ed era su deseo en forma de letras de cambio, puesto que hab\u00eda una ley que prohib\u00eda que se sacaran oro, plata, monedas, armas y caballos del pa\u00eds.<\/li>\n<\/ul>\n<p>Aunque en el edicto no se hac\u00eda referencia a una posible conversi\u00f3n, esta alternativa estaba impl\u00edcita, y muchos individuos pertenecientes a la \u00e9lite hebrea la escogieron para evitar ser expulsados.<\/p>\n<p><span style=\"text-decoration: underline\">Causas de la expulsi\u00f3n<\/span><\/p>\n<ul>\n<li>La Inquisici\u00f3n espa\u00f1ola establecida.<\/li>\n<li>Presi\u00f3n de la opini\u00f3n popular, mayoritariamente antijud\u00eda, promovida por la Inquisici\u00f3n espa\u00f1ola.<\/li>\n<li>Episodios de luchas clasistas entre los grupos tradicionalmente privilegiados (nobleza y clero) y la burgues\u00eda incipiente jud\u00eda.<\/li>\n<\/ul>\n<p>Pero seg\u00fan algunos historiadores, las anteriores (de forma separada o en conjunto) no ser\u00edan razones suficientes como para provocar un suceso tan grave como un edicto de expulsi\u00f3n, tan s\u00f3lo ser\u00edan motivo de conflictos sociales, por lo que los expertos suelen argumentar otras causas como:<\/p>\n<ul>\n<li>Que la iniciativa partiera de los inquisidores que pretend\u00edan acabar con \u201cla her\u00e9tica influencia que conllevaban las relaciones sociales judeo-cristianas\u201d.<\/li>\n<li>La intenci\u00f3n de los Reyes de avanzar un paso m\u00e1s en la cohesi\u00f3n social a partir de la unidad de fe.<\/li>\n<li>Muy importante y no de poca val\u00eda eran las riquezas a acumular por la expropiaci\u00f3n y por las cuotas necesarias impuestas a los jud\u00edos y conversos para permitirles o escapar o salvarse.<\/li>\n<li>Como expresa Rodolfo Piuggross en La Espa\u00f1a que conquist\u00f3 al Nuevo Mundo (M\u00e9xico, B. Costa-Amic, 1961), otra de las causas ser\u00eda el profundo resentimiento surgido en la invasi\u00f3n de la pen\u00ednsula Ib\u00e9rica por los \u00e1rabes en el a\u00f1o 711, quienes fueron apoyados y financiados por los jud\u00edos habitantes de la pen\u00ednsula Ib\u00e9rica, quienes eran perseguidos o esclavizados por los Reyes y s\u00fabditos visigodos, desde la conquista de Iberia por \u00e9stos.<\/li>\n<\/ul>\n<p>El edicto de 1510, en el cual se otorgaban libertades, llev\u00f3 a elevar esas cuotas, llenando las arcas reales por un tiempo.<\/p>\n<p><strong>Consecuencias de la expulsi\u00f3n<\/strong><\/p>\n<h3>Demogr\u00e1ficas<\/h3>\n<p>Las estimaciones de la cifra total de jud\u00edos que salieron de Espa\u00f1a son muy dispares, pero abarcan desde los 50.000 a los 200.000 individuos. En Arag\u00f3n la poblaci\u00f3n hebrea era poco abundante, por lo que la p\u00e9rdida demogr\u00e1fica supuso unos 10.000 o 20.000 habitantes. Por el contrario en Castilla eran numerosos en lo que es hoy Castilla y Le\u00f3n, Castilla-La Mancha, Andaluc\u00eda y Murcia. La mayor\u00eda de los jud\u00edos desterrados fueron a parar a Portugal o Navarra, de donde a\u00f1os m\u00e1s tarde tambi\u00e9n ser\u00eda expulsados; la minor\u00eda restante march\u00f3 a Flandes, norte de \u00c1frica, Italia y territorios mediterr\u00e1neos del Imperio otomano.<\/p>\n<h3>Econ\u00f3micas<\/h3>\n<p>La marcha de los jud\u00edos tan solo fue especialmente relevante en el \u00e1mbito de los negocios y la econom\u00eda en los lugares donde habitaba un gran n\u00famero de ellos. Aunque tambi\u00e9n es cierto que algunos historiadores defienden que con ellos se fue la posibilidad de que la sociedad espa\u00f1ola recogiera el impulso de un primer capitalismo. La expulsi\u00f3n se convirti\u00f3 en un pr\u00f3spero elemento financiero de la corona y la Inquisici\u00f3n por motivo de las expropiaciones consecuencia del decreto. Muchos jud\u00edos encarcelados en Sevilla fueron liberados a partir de 1510 bajo el pago de miles de ducados, cantidad que se duplicaba cada t\u00e9rmino hasta llegar a 40.000 ducados. Esto ocasion\u00f3 una crisis entre la corona y la iglesia, quienes se peleaban por adquirir estos bienes decomisados o explotados.<\/p>\n<p>Por medio de pagos les fue posible a muchos forzados y jud\u00edos escapar incluso hacia las Am\u00e9ricas. Los edictos de Barcelona de 30 de octubre de 1492 y de 30 de marzo de 1493 muestran los marcados intereses econ\u00f3micos por parte de los reyes Fernando e Isabel por enriquecerse con los bienes de los sefard\u00edes. Precisamente la parad\u00f3jica f\u00f3rmula de no poder llevar oro y valores consigo al abandonar sus propiedades ocasion\u00f3 la avidez del pueblo por allegarse estas riquezas, las cuales pretendi\u00f3 la corona acaparar como monopolio y tuvo que canalizar a trav\u00e9s de comisionistas y notarios.<\/p>\n<h3>Socio-religiosas<\/h3>\n<p>El edicto muestra que la raz\u00f3n de la expulsi\u00f3n no era la falta de fe de los conversos, sino la integraci\u00f3n de las fiestas jud\u00edas en su cristianismo. Esto no es considerado hoy en d\u00eda contradictorio dentro de confesiones mesi\u00e1nicas. En aquella \u00e9poca seg\u00fan la influencia de la Inquisici\u00f3n una forma no aceptada de ninguna manera. Aument\u00f3 el n\u00famero de conversos y se consolid\u00f3 una divisi\u00f3n social entre cristianos viejos (sin antepasados jud\u00edos) y cristianos nuevos (jud\u00edos convertidos al cristianismo o sus descendientes), divisi\u00f3n que se ver\u00eda plasmada en los estatutos de limpieza de sangre. La obsesi\u00f3n de los Espa\u00f1oles por la &#8220;limpieza de la sangre&#8221;, noci\u00f3n que los visigodos introdujeron sin el elemento cristiano en principio, pero que en conjunci\u00f3n con la posterior conversi\u00f3n de los mismos al cristianismo, formaron las condiciones perfectas para la gestaci\u00f3n de la persecuci\u00f3n perpetrada por la Inquisici\u00f3n Espa\u00f1ola, y dio p\u00e1bulo a formas larvadas y expuestas del antisemitismo y xenofobia exportado a los dominios coloniales. Las condiciones sociol\u00f3gicas para la formaci\u00f3n de las elites clasistas, excluyentes y ferozmente racistas en Sudam\u00e9rica est\u00e1n ya larvadas en la obsesi\u00f3n por la limpieza de la sangre que se instil\u00f3 en el pueblo espa\u00f1ol.<\/p>\n<h3>Culturales<\/h3>\n<p>La expulsi\u00f3n supuso que las sociedades castellana y aragonesa perdieran a figuras tan ilustres del mundo cultural y cient\u00edfico como Abraham Zacuto (astr\u00f3nomo y cosm\u00f3grafo), Salom\u00f3n ben Verga (escritor), Isaac Abravanel (hijo de un consejero de los Reyes y escritor), adem\u00e1s de otros muchos.<\/p>\n<p>Traducciones de la santa Biblia como la Biblia de Alba o la de Ferrara, que llevaron a muchas otras como la de Reina y Valera o la inglesa de King James, no pudieron seguir siendo desarrolladas.<\/p>\n<p>La investigaci\u00f3n cient\u00edfica no sufri\u00f3 excesivamente, puesto que no exist\u00eda casi entre los cristianos, y a pesar de la expulsi\u00f3n de algunos elementos destacados, sigui\u00f3, aunque marginalmente, por algunos descendientes de conversos, lleg\u00f3 a su m\u00e1ximo, merced a la incipiente y a la vez tard\u00eda inserci\u00f3n del renacimiento, a partir de mediados del siglo XVI, principalmente en la Escuela de Salamanca. En cuanto a la cosmograf\u00eda y ciencias de la navegaci\u00f3n, la preponderancia de Castilla, junto con Portugal, en los mares durante los siglos siguientes habla suficientemente de que no sufrieron demasiado.<\/p>\n<p><a href=\"https:\/\/blogs.ua.es\/minoriasmarginadas\/files\/2011\/01\/20071031213248-ninos-judios-de-birkenau21.jpg\"><\/a><\/p>\n<figure id=\"attachment_222\" aria-describedby=\"caption-attachment-222\" style=\"width: 150px\" class=\"wp-caption alignleft\"><a href=\"https:\/\/blogs.ua.es\/minoriasmarginadas\/files\/2011\/01\/judios-espana-150x150.jpg\"><img loading=\"lazy\" decoding=\"async\" class=\"size-full wp-image-222\" src=\"https:\/\/blogs.ua.es\/minoriasmarginadas\/files\/2011\/01\/judios-espana-150x150.jpg\" alt=\"cuadro de jud\u00edos en Espa\u00f1a\" width=\"150\" height=\"150\" \/><\/a><figcaption id=\"caption-attachment-222\" class=\"wp-caption-text\">cuadro de jud\u00edos en Espa\u00f1a<\/figcaption><\/figure>\n<p><figure id=\"attachment_223\" aria-describedby=\"caption-attachment-223\" style=\"width: 150px\" class=\"wp-caption alignright\"><a href=\"https:\/\/blogs.ua.es\/minoriasmarginadas\/files\/2011\/01\/20071031213248-ninos-judios-de-birkenau211.jpg\"><img loading=\"lazy\" decoding=\"async\" class=\"size-thumbnail wp-image-223\" src=\"https:\/\/blogs.ua.es\/minoriasmarginadas\/files\/2011\/01\/20071031213248-ninos-judios-de-birkenau211-150x150.jpg\" alt=\"ni\u00f1os jud\u00edos de Birkenau\" width=\"150\" height=\"150\" \/><\/a><figcaption id=\"caption-attachment-223\" class=\"wp-caption-text\">ni\u00f1os jud\u00edos de Birkenau<\/figcaption><\/figure><a href=\"https:\/\/blogs.ua.es\/minoriasmarginadas\/files\/2011\/01\/judio.jpg\"><\/a><\/p>\n","protected":false},"excerpt":{"rendered":"<p>\u00a0 Los jud\u00edos constituyeron en la Espa\u00f1a medieval una de las comunidades m\u00e1s pr\u00f3speras de su historia, tanto bajo el dominio musulm\u00e1n como, posteriormente, en los reinos cristianos, antes de que en 1492 fuesen expulsados por los Reyes Cat\u00f3licos. En la actualidad s\u00f3lo unos pocos miles de jud\u00edos viven en Espa\u00f1a, pero los descendientes de [&hellip;]<\/p>\n","protected":false},"author":1836,"featured_media":0,"parent":0,"menu_order":0,"comment_status":"open","ping_status":"open","template":"","meta":{"footnotes":""},"class_list":["post-92","page","type-page","status-publish","hentry"],"_links":{"self":[{"href":"https:\/\/blogs.ua.es\/minoriasmarginadas\/wp-json\/wp\/v2\/pages\/92","targetHints":{"allow":["GET"]}}],"collection":[{"href":"https:\/\/blogs.ua.es\/minoriasmarginadas\/wp-json\/wp\/v2\/pages"}],"about":[{"href":"https:\/\/blogs.ua.es\/minoriasmarginadas\/wp-json\/wp\/v2\/types\/page"}],"author":[{"embeddable":true,"href":"https:\/\/blogs.ua.es\/minoriasmarginadas\/wp-json\/wp\/v2\/users\/1836"}],"replies":[{"embeddable":true,"href":"https:\/\/blogs.ua.es\/minoriasmarginadas\/wp-json\/wp\/v2\/comments?post=92"}],"version-history":[{"count":6,"href":"https:\/\/blogs.ua.es\/minoriasmarginadas\/wp-json\/wp\/v2\/pages\/92\/revisions"}],"predecessor-version":[{"id":145,"href":"https:\/\/blogs.ua.es\/minoriasmarginadas\/wp-json\/wp\/v2\/pages\/92\/revisions\/145"}],"wp:attachment":[{"href":"https:\/\/blogs.ua.es\/minoriasmarginadas\/wp-json\/wp\/v2\/media?parent=92"}],"curies":[{"name":"wp","href":"https:\/\/api.w.org\/{rel}","templated":true}]}}