{"id":72,"date":"2022-03-22T21:56:27","date_gmt":"2022-03-22T21:56:27","guid":{"rendered":"https:\/\/blogs.ua.es\/miscosasdepsicologa\/?page_id=72"},"modified":"2022-03-26T21:28:23","modified_gmt":"2022-03-26T21:28:23","slug":"home","status":"publish","type":"page","link":"https:\/\/blogs.ua.es\/miscosasdepsicologa\/home\/","title":{"rendered":"Blog"},"content":{"rendered":"<p>Art\u00edculos publicados:<\/p>\n<p>1\ufe0f\u20e3\u00a0<a href=\"https:\/\/blogs.ua.es\/miscosasdepsicologa\/2021\/12\/23\/acabar-psicologia\/\">Qu\u00e9 hacer al acabar la carrera de Psicolog\u00eda: Orientaci\u00f3n para reci\u00e9n Graduadas\/os<\/a><\/p>\n<p>2\ufe0f\u20e3\u00a0<a href=\"https:\/\/blogs.ua.es\/miscosasdepsicologa\/2022\/03\/22\/psicologos-iva\/\">\u00bfLos\/as Psic\u00f3logos\/as pagan IVA?: Todo lo que debes saber para facturar como Psic\u00f3logo\/a<\/a><\/p>\n<p><img loading=\"lazy\" decoding=\"async\" class=\"wp-image-83 aligncenter\" src=\"https:\/\/blogs.ua.es\/miscosasdepsicologa\/files\/2022\/03\/blog.png\" alt=\"El Blog de Una Psic\u00f3loga\" width=\"184\" height=\"184\" srcset=\"https:\/\/blogs.ua.es\/miscosasdepsicologa\/files\/2022\/03\/blog.png 398w, https:\/\/blogs.ua.es\/miscosasdepsicologa\/files\/2022\/03\/blog-290x290.png 290w\" sizes=\"auto, (max-width: 184px) 100vw, 184px\" \/><\/p>\n","protected":false},"excerpt":{"rendered":"<p>Art\u00edculos publicados: 1\ufe0f\u20e3\u00a0Qu\u00e9 hacer al acabar la carrera de Psicolog\u00eda: Orientaci\u00f3n para reci\u00e9n Graduadas\/os 2\ufe0f\u20e3\u00a0\u00bfLos\/as Psic\u00f3logos\/as pagan IVA?: Todo lo que debes saber para facturar como Psic\u00f3logo\/a<\/p>\n","protected":false},"author":4511,"featured_media":83,"parent":0,"menu_order":0,"comment_status":"closed","ping_status":"closed","template":"","meta":{"footnotes":""},"class_list":["post-72","page","type-page","status-publish","has-post-thumbnail","hentry"],"_links":{"self":[{"href":"https:\/\/blogs.ua.es\/miscosasdepsicologa\/wp-json\/wp\/v2\/pages\/72","targetHints":{"allow":["GET"]}}],"collection":[{"href":"https:\/\/blogs.ua.es\/miscosasdepsicologa\/wp-json\/wp\/v2\/pages"}],"about":[{"href":"https:\/\/blogs.ua.es\/miscosasdepsicologa\/wp-json\/wp\/v2\/types\/page"}],"author":[{"embeddable":true,"href":"https:\/\/blogs.ua.es\/miscosasdepsicologa\/wp-json\/wp\/v2\/users\/4511"}],"replies":[{"embeddable":true,"href":"https:\/\/blogs.ua.es\/miscosasdepsicologa\/wp-json\/wp\/v2\/comments?post=72"}],"version-history":[{"count":6,"href":"https:\/\/blogs.ua.es\/miscosasdepsicologa\/wp-json\/wp\/v2\/pages\/72\/revisions"}],"predecessor-version":[{"id":85,"href":"https:\/\/blogs.ua.es\/miscosasdepsicologa\/wp-json\/wp\/v2\/pages\/72\/revisions\/85"}],"wp:featuredmedia":[{"embeddable":true,"href":"https:\/\/blogs.ua.es\/miscosasdepsicologa\/wp-json\/wp\/v2\/media\/83"}],"wp:attachment":[{"href":"https:\/\/blogs.ua.es\/miscosasdepsicologa\/wp-json\/wp\/v2\/media?parent=72"}],"curies":[{"name":"wp","href":"https:\/\/api.w.org\/{rel}","templated":true}]}}