{"id":97,"date":"2011-11-25T00:22:40","date_gmt":"2011-11-24T23:22:40","guid":{"rendered":"https:\/\/blogs.ua.es\/modernahistoria\/?page_id=97"},"modified":"2011-11-25T00:24:25","modified_gmt":"2011-11-24T23:24:25","slug":"sobre-el-blog-la-inquisicion-espanola","status":"publish","type":"page","link":"https:\/\/blogs.ua.es\/modernahistoria\/sobre-el-blog-la-inquisicion-espanola\/","title":{"rendered":"Sobre el blog La inquisici\u00f3n espa\u00f1ola"},"content":{"rendered":"<p>Este blog est\u00e1 creado tanto para los aficionados a la historia como para los menos expertos en la materia. La Inquisici\u00f3n espa\u00f1ola tradicionalmente ha sido un tema atrayente para el lector y ha generado mucha atracci\u00f3n e inter\u00e9s, entre otras cosas, por su duraci\u00f3n, intensidad y el enorme poder de que dispuso. Adem\u00e1s ha dado pie a m\u00faltiples leyendas que quiz\u00e1 han exagerado un poco su severidad a lo largo de la historia. Intentaremos abordar todos sus entresijos a lo largo de la andadura del blog en la red, haci\u00e9ndolo lo m\u00e1s interesante y ameno posible. <\/p>\n","protected":false},"excerpt":{"rendered":"<p>Este blog est\u00e1 creado tanto para los aficionados a la historia como para los menos expertos en la materia. La Inquisici\u00f3n espa\u00f1ola tradicionalmente ha sido un tema atrayente para el lector y ha generado mucha atracci\u00f3n e inter\u00e9s, entre otras &hellip; <a href=\"https:\/\/blogs.ua.es\/modernahistoria\/sobre-el-blog-la-inquisicion-espanola\/\">Continue reading <span class=\"meta-nav\">&rarr;<\/span><\/a><\/p>\n","protected":false},"author":2407,"featured_media":0,"parent":0,"menu_order":0,"comment_status":"open","ping_status":"open","template":"","meta":{"footnotes":""},"class_list":["post-97","page","type-page","status-publish","hentry"],"_links":{"self":[{"href":"https:\/\/blogs.ua.es\/modernahistoria\/wp-json\/wp\/v2\/pages\/97","targetHints":{"allow":["GET"]}}],"collection":[{"href":"https:\/\/blogs.ua.es\/modernahistoria\/wp-json\/wp\/v2\/pages"}],"about":[{"href":"https:\/\/blogs.ua.es\/modernahistoria\/wp-json\/wp\/v2\/types\/page"}],"author":[{"embeddable":true,"href":"https:\/\/blogs.ua.es\/modernahistoria\/wp-json\/wp\/v2\/users\/2407"}],"replies":[{"embeddable":true,"href":"https:\/\/blogs.ua.es\/modernahistoria\/wp-json\/wp\/v2\/comments?post=97"}],"version-history":[{"count":2,"href":"https:\/\/blogs.ua.es\/modernahistoria\/wp-json\/wp\/v2\/pages\/97\/revisions"}],"predecessor-version":[{"id":99,"href":"https:\/\/blogs.ua.es\/modernahistoria\/wp-json\/wp\/v2\/pages\/97\/revisions\/99"}],"wp:attachment":[{"href":"https:\/\/blogs.ua.es\/modernahistoria\/wp-json\/wp\/v2\/media?parent=97"}],"curies":[{"name":"wp","href":"https:\/\/api.w.org\/{rel}","templated":true}]}}