{"id":304,"date":"2020-06-28T17:30:02","date_gmt":"2020-06-28T17:30:02","guid":{"rendered":"https:\/\/blogs.ua.es\/modernasenblog\/?page_id=304"},"modified":"2020-06-28T17:49:46","modified_gmt":"2020-06-28T17:49:46","slug":"guia-de-lenguaje-inclusivo","status":"publish","type":"page","link":"https:\/\/blogs.ua.es\/modernasenblog\/guia-de-lenguaje-inclusivo\/","title":{"rendered":"Gu\u00eda de lenguaje inclusivo"},"content":{"rendered":"<p><strong>Gu\u00eda de buenas pr\u00e1cticas para un uso no sexista del lenguaje y de las im\u00e1genes<\/strong><\/p>\n<p>La presente gu\u00eda de buenas pr\u00e1cticas ha sido elaborada siguiendo el esquema del resto de gu\u00edas de uso de lenguaje inclusivo de la lengua castellana. Est\u00e1 compuesta por directrices de sustituci\u00f3n de usos incorrectos del lenguaje o de las im\u00e1genes. Las pautas se\u00f1aladas contienen algunos ejemplos pr\u00e1cticos de su aplicaci\u00f3n en el contexto de la ense\u00f1anza universitaria de la Historia, tanto en las clases orales, como en los materiales que son puestos a disposici\u00f3n del alumnado, en el campus virtual de la Universidad de Alicante. Los contenidos que ilustran la gu\u00eda pertenecen a la asignatura &#8220;Del Medievo a la Modernidad&#8221;, de 1.\u00ba curso de los grados de Historia, Humanidades y Geograf\u00eda y ordenaci\u00f3n del territorio.<\/p>\n<p>Si te interesa, la puedes descargar haciendo clic en:<\/p>\n<h2><a href=\"https:\/\/drive.google.com\/file\/d\/1wP9WMwkPqUnjiXtFGWs2J3oxtaKP6qYY\/view?usp=sharing\" target=\"_blank\" rel=\"noopener noreferrer\"><strong>Gu\u00eda de buenas pr\u00e1cticas para un uso no sexista del lenguaje y de las im\u00e1genes<\/strong><\/a><\/h2>\n","protected":false},"excerpt":{"rendered":"<p>Gu\u00eda de buenas pr\u00e1cticas para un uso no sexista del lenguaje y de las im\u00e1genes La presente gu\u00eda de buenas pr\u00e1cticas ha sido elaborada siguiendo el esquema del resto de gu\u00edas de uso de lenguaje inclusivo de la lengua castellana. &hellip; <a href=\"https:\/\/blogs.ua.es\/modernasenblog\/guia-de-lenguaje-inclusivo\/\">Continue reading <span class=\"meta-nav\">&rarr;<\/span><\/a><\/p>\n","protected":false},"author":936,"featured_media":0,"parent":0,"menu_order":3,"comment_status":"closed","ping_status":"closed","template":"","meta":{"footnotes":""},"class_list":["post-304","page","type-page","status-publish","hentry"],"_links":{"self":[{"href":"https:\/\/blogs.ua.es\/modernasenblog\/wp-json\/wp\/v2\/pages\/304","targetHints":{"allow":["GET"]}}],"collection":[{"href":"https:\/\/blogs.ua.es\/modernasenblog\/wp-json\/wp\/v2\/pages"}],"about":[{"href":"https:\/\/blogs.ua.es\/modernasenblog\/wp-json\/wp\/v2\/types\/page"}],"author":[{"embeddable":true,"href":"https:\/\/blogs.ua.es\/modernasenblog\/wp-json\/wp\/v2\/users\/936"}],"replies":[{"embeddable":true,"href":"https:\/\/blogs.ua.es\/modernasenblog\/wp-json\/wp\/v2\/comments?post=304"}],"version-history":[{"count":4,"href":"https:\/\/blogs.ua.es\/modernasenblog\/wp-json\/wp\/v2\/pages\/304\/revisions"}],"predecessor-version":[{"id":309,"href":"https:\/\/blogs.ua.es\/modernasenblog\/wp-json\/wp\/v2\/pages\/304\/revisions\/309"}],"wp:attachment":[{"href":"https:\/\/blogs.ua.es\/modernasenblog\/wp-json\/wp\/v2\/media?parent=304"}],"curies":[{"name":"wp","href":"https:\/\/api.w.org\/{rel}","templated":true}]}}