{"id":4,"date":"2020-04-16T16:40:58","date_gmt":"2020-04-16T16:40:58","guid":{"rendered":"https:\/\/blogs.ua.es\/modernasenblog\/?page_id=4"},"modified":"2020-04-16T16:51:37","modified_gmt":"2020-04-16T16:51:37","slug":"bibliografia","status":"publish","type":"page","link":"https:\/\/blogs.ua.es\/modernasenblog\/bibliografia\/","title":{"rendered":"Bibliograf\u00eda"},"content":{"rendered":"<p><strong>Bibliograf\u00eda b\u00e1sica sobre feminismo y teor\u00eda feminista<\/strong><\/p>\n<ul>\n<li>AMOR\u00d3S, Celia. (ed.). <em>10 palabras clave sobre mujer<\/em>. Navarra: Editorial Verbo Divino, 1995.<\/li>\n<li>AMOR\u00d3S, Celia. \u201cEl feminismo: senda no transitada de la Ilustraci\u00f3n\u201d. <em>ISEGOR\u00cdA<\/em>, n\u00ba. 1, 1990, p\u00e1gs. 139\u2013150.<\/li>\n<li>AMOR\u00d3S, Celia. <em>Tiempo de feminismo. Sobre feminismo, proyecto ilustrado y postmodernidad<\/em>. Valencia: C\u00e1tedra, 2000.<\/li>\n<li>AMOR\u00d3S, Celia y MIGUEL, Ana de. <em>Teor\u00eda feminista<\/em>. Tomos I-III. Madrid: Minerva Ediciones, 2005.<\/li>\n<li>BADINTER, Elisabeth. <em>XY. La identidad masculina<\/em>. Madrid: Alianza, 1992.<\/li>\n<li>BEAUVOIR, Simone de. <em>El Segundo Sexo.<\/em> Valencia: C\u00e1tedra, 2005.<\/li>\n<li>BOURDIEU, Pierre. <em>La dominaci\u00f3n masculina<\/em>. Barcelona: Anagrama, 2000.<\/li>\n<li>CALVO, Yadira. <em>La aritm\u00e9tica del patriarcado<\/em>. Barcelona: Edicions Bellaterra, 2016.<\/li>\n<li>CAPEL MART\u00cdNEZ, Rosa Mar\u00eda. \u00a0\u201c\u00bfEs el feminismo una utop\u00eda?\u201d. <em>Cr\u00edtica<\/em>, n\u00ba. 991-992, 2014, p\u00e1g. 69\u201373.<\/li>\n<li>COBO BED\u00cdA, Rosa y OSBORNE, Raquel. \u201cG\u00e9nero, feminismo y teor\u00eda pol\u00edtica\u201d. En HERR\u00c1N, Eric. (coord.). <em>Filosof\u00eda pol\u00edtica contempor\u00e1nea<\/em>. M\u00e9xico D.C.: Universidad Aut\u00f3noma de M\u00e9xico, 2004, p\u00e1gs. 237-274.<\/li>\n<li>CONNELL, Raewyn. <em>Masculinidades<\/em>. M\u00e9xico: Universidad Nacional Aut\u00f3noma de M\u00e9xico, 2003.<\/li>\n<li>DE LA BARRE, Poullain. <em>De la educaci\u00f3n de las Damas<\/em>. Valencia: C\u00e1tedra, 1993.<\/li>\n<li>FRIEDMAN, Betty. <em>La m\u00edstica de la feminidad<\/em>. Barcelona: Sagitario, 1965.<\/li>\n<li>GOUGES, Olympe de. <em>Declaraci\u00f3n de derechos de la mujer y de la ciudadana.<\/em> Madrid: CAAW Ediciones, 2017.<\/li>\n<li>LAGARDE, Marcela. <em>G\u00e9nero y feminismo. Desarrollo humano y democracia<\/em>. Madrid: horas y HORAS, 1997.<\/li>\n<li>MILL, Stuart. <em>La esclavitud femenina<\/em>. Madrid: Artemisa, 2008.<\/li>\n<li>MILLET, Kate. <em>Pol\u00edtica sexual<\/em>. Valencia: C\u00e1tedra, 1995.<\/li>\n<li>N\u00c1JERA, Elena (coord.). <em>Feminismo\/s (tomo dedicado a: \u00bfFeminismo de la Igualdad y feminismo de la Diferencia?)<\/em>, n\u00ba. 15, 2003.<\/li>\n<li>PATERMAN, Carol. <em>El contrato sexual<\/em>. Barcelona: Anthropos, 1995.<\/li>\n<li>POSADA, Alfonso. <em>Feminismo<\/em>. Valencia: C\u00e1tedra, 1994.<\/li>\n<li>ROSADO MILL\u00c1N, Mar\u00eda Jes\u00fas. <em>Los hombres y la construcci\u00f3n de la identYdad masculina<\/em>. Madrid: Fundaci\u00f3n iS+D para la Investigaci\u00f3n Social Avanzada, 2011.<\/li>\n<li>SAU, Victoria. <em>Diccionario ideol\u00f3gico feminista<\/em>. Vols. I-II. Barcelona: Icaria, 1981.<\/li>\n<li>TUBERT, Silvia. (ed.). <em>Del sexo al g\u00e9nero. Los equ\u00edvocos de un concepto<\/em>. Valencia: C\u00e1tedra, 2003.<\/li>\n<li>VARELA, Nuria. <em>Feminismo para principiantes<\/em>. Barcelona: Ediciones B, 2008.<\/li>\n<li>WOLLSTONECRAFT, Mary. <em>Vindicaci\u00f3n de los derechos de la mujer.<\/em> Madrid: Istmo, 2005.<\/li>\n<\/ul>\n<p><strong>Bibliograf\u00eda sobre historia de g\u00e9nero<\/strong><\/p>\n<ul>\n<li>AMELANG, James S. y NASH, Mary. (eds.). <em>Historia y G\u00e9nero: Las mujeres en la Europa Moderna y Contempor\u00e1nea<\/em>. Valencia: Instituci\u00f3 Alfons el Magnanim, 1990.<\/li>\n<li>ANDERSON, Bonnie y ZINSSER, Judith. <em>Historia de las mujeres: una historia propia<\/em>. Barcelona: Cr\u00edtica, 1991.<\/li>\n<li>BADINTER, Elisabeth. <em>\u00bfExiste el instinto maternal? Historia del amor maternal. Siglos XVII al XX.<\/em> Barcelona: Paid\u00f3s, 1996.<\/li>\n<li>BOCK, Gisela. <em>La mujer en la historia de Europa<\/em>. Barcelona: Cr\u00edtica, 2001.<\/li>\n<li>BOLUFER PERUGA, M\u00f3nica, \u201cActitudes y discursos sobre la maternidad en la Espa\u00f1a<\/li>\n<li>del siglo XVIII: la cuesti\u00f3n de la lactancia\u201d. <em>Historia Social<\/em>, n\u00ba. 14, 1992, pp. 3-24.<\/li>\n<li>BOLUFER PERUGA, M\u00f3nica. \u201cLo \u00edntimo, lo dom\u00e9stico y lo p\u00fablico: representaciones sociales y estilos de vida en la Espa\u00f1a ilustrada\u201d. <em>Studia Historia. Historia Moderna<\/em>, n\u00ba. 19, 1998, pp. 85-116.<\/li>\n<li>BOLUFER PERUGA, M\u00f3nica. <em>Mujeres e Ilustraci\u00f3n. La construcci\u00f3n de la feminidad en la Espa\u00f1a del siglo XVIII<\/em>. Valencia: Instituci\u00f3 Alfons el Magnanim, 1998.<\/li>\n<li>COBO, Rosa. <em>Fundamentos del patriarcado moderno. Jean Jacques Rousseau.<\/em> Madrid: C\u00e1tedra, 1995.<\/li>\n<li>FERN\u00c1NDEZ ARRILLAGA, Inmaculada. (coord.). <em>L\u00fadicas y viajeras. Mujeres que se recrean en la Modernidad<\/em>. Alicante: IAC Juan Gil Albert, 2019.<\/li>\n<li>FERN\u00c1NDEZ ARRILLAGA, Inmaculada. (coord.). <em>Mujeres que vivieron el Alicante de la modernidad<\/em>. Alicante: IAC Juan Gil Albert, 2015.<\/li>\n<li>FERN\u00c1NDEZ VALENCIA, Antonia. \u201cLas mujeres como sujeto hist\u00f3rico: g\u00e9nero y ense\u00f1anza de la historia\u201d. <em>Did\u00e1ctica de las ciencias experimentales y sociales<\/em>, n\u00ba. 18, 2004, p\u00e1gs. 5-24.<\/li>\n<li>FRANCO RUBIO, Gloria. <em>El \u00e1mbito dom\u00e9stico en el antiguo r\u00e9gimen<\/em>. Madrid: Editorial S\u00edntesis, 2018.<\/li>\n<li>FUCHS, Eduard. <em>Historia ilustrada de la moral sexual<\/em>. Tomos I-III. Madrid: Alianza, 1996.<\/li>\n<li>GALLEGO FRANCO, Henar (ed.). <em>Feminidades y masculinidades en la historiograf\u00eda de g\u00e9nero<\/em>. Granada: Comares, 2018.<\/li>\n<li>GLEICHAUF, Ingeborg. <em>Mujeres fil\u00f3sofas en la historia. Desde la Antig\u00fcedad hasta el siglo XXI.<\/em> Barcelona: Icaria, 2010.<\/li>\n<li>HERN\u00c1NDEZ SANDOICA, Elena. \u201cHistoria, historia de las mujeres e historia de las relaciones de g\u00e9nero\u201d. En SANTO TOM\u00c1S P\u00c9REZ, Magdalena <em>et. al.<\/em> (coord.). <em>La historia de las mujeres: una revisi\u00f3n historiogr\u00e1fica<\/em>. Valladolid: Universidad de Valladolid; Asociaci\u00f3n Espa\u00f1ola de Investigaci\u00f3n de Historia de las Mujeres (AEHIM), 2004, p\u00e1gs. 29-56.<\/li>\n<li>IGLESIAS SALDA\u00d1A, Margarita. \u201cGenealog\u00eda de una historia. Historia de las mujeres, Historia de g\u00e9nero: problem\u00e1ticas y perspectivas\u201d. <em>Espacio Regional. Revista de Estudios Sociales<\/em>, vol. 5, n\u00ba. 1, 2008, p\u00e1gs. 121-126.<\/li>\n<li>KESSLER-HARRIS, Alice. \u201c\u00bfQu\u00e9 es la historia de g\u00e9nero ahora?\u201d. En CANNADINE, David (coord.). <em>\u00bfQu\u00e9 es la historia ahora?<\/em>. Granada: Universidad de Granada, 2005, p\u00e1gs. 173-201.<\/li>\n<li>MORANT, Isabel. <em>Discursos de la vida buena. Matrimonio, mujer y sexualidad en la literatura humanista<\/em>. Madrid: C\u00e1tedra, 2002.<\/li>\n<li>MORANT, Isabel (dir.). <em>Historia de las mujeres en Espa\u00f1a y Am\u00e9rica Latina<\/em>. Madrid: C\u00e1tedra, 2005.<\/li>\n<li>MORANT, Isabel y BOLUFER PERUGA, M\u00f3nica. <em>Amor, matrimonio y familia. La construcci\u00f3n hist\u00f3rica de la familia moderna<\/em>. Madrid: S\u00edntesis, 1998.<\/li>\n<li>MU\u00d1OZ MU\u00d1OZ, Ana M. \u201cLa teor\u00eda sexo g\u00e9nero: el androcentrismo en la historia\u201d. En RODR\u00cdGUEZ MART\u00cdNEZ, Carmen (coord.). <em>La ausencia de las mujeres en los contenidos escolares<\/em>. Madrid: Mi\u00f1o y D\u00e1vila Editores, 2004, p\u00e1gs. 103-111.<\/li>\n<li>ORTEGA L\u00d3PEZ, Margarita. \u201cGenero e historia Moderna. Una revisi\u00f3n a sus contenidos\u201d. <em>Contrastes: Revista de historia moderna<\/em>, n\u00ba. 11, 2000, p\u00e1gs. 9-32.<\/li>\n<li>ORTEGA L\u00d3PEZ, Margarita. \u201cHistoria y g\u00e9nero\u201d. <em>Realidad: Revista de Ciencias Sociales y Humanidades<\/em>, n\u00ba. 54, 1996, p\u00e1gs. 817-824.<\/li>\n<li>OTERO GONZ\u00c1LEZ, Ux\u00eda. \u201cHistoria, mujeres y g\u00e9nero: de una historia sin g\u00e9nero a una historia de g\u00e9nero\u201d. <em>Historiograf\u00edas: revista de historia y teor\u00eda<\/em>, n\u00ba. 17, 2019, p\u00e1gs. 27-50.<\/li>\n<li>PULEO, Alicia H., <em>et al<\/em>. <em>La ilustraci\u00f3n olvidada: la pol\u00e9mica de los sexos en el siglo XVIII<\/em>. Anthropos Editorial, 1993.<\/li>\n<li>REDER GADOW, Marion. \u201cEl g\u00e9nero en la historia\u201d. En BEL BRAVO, Mar\u00eda Antonia (coord.). <em>Etnia y g\u00e9nero: la cultura occidental en los \u00faltimos tres siglos.<\/em> Ja\u00e9n: Universidad de Ja\u00e9n, 2002, p\u00e1gs. 111-128.<\/li>\n<li>TORREMOCHA HERN\u00c1NDEZ, Margarita y CORADA ALONSO, Alberto.<em> El estupro. Delito, mujer y sociedad en el Antiguo R\u00e9gimen<\/em>. Valladolid: Universidad de Valladolid, 2018.<\/li>\n<li>VARELA, Julia. <em>Nacimiento de la mujer burguesa. El cambiante desequilibrio de poder entre los sexos<\/em>. Madrid: Ediciones de la Piqueta, 1997.<\/li>\n<li>VASSALLO, Jaqueline. \u201c\u00bfHistoria de las mujeres o historia de g\u00e9nero? Una aproximaci\u00f3n al estudio de las mujeres en la ciudad de C\u00f3rdoba a fines del siglo XVIII. <em>Revista Dos Puntas, <\/em>a\u00f1o VI, n\u00ba. 11, 2015, p\u00e1gs. 153-178.<\/li>\n<\/ul>\n<p>&nbsp;<\/p>\n","protected":false},"excerpt":{"rendered":"<p>Bibliograf\u00eda b\u00e1sica sobre feminismo y teor\u00eda feminista AMOR\u00d3S, Celia. (ed.). 10 palabras clave sobre mujer. Navarra: Editorial Verbo Divino, 1995. AMOR\u00d3S, Celia. \u201cEl feminismo: senda no transitada de la Ilustraci\u00f3n\u201d. ISEGOR\u00cdA, n\u00ba. 1, 1990, p\u00e1gs. 139\u2013150. AMOR\u00d3S, Celia. Tiempo de &hellip; <a href=\"https:\/\/blogs.ua.es\/modernasenblog\/bibliografia\/\">Continue reading <span class=\"meta-nav\">&rarr;<\/span><\/a><\/p>\n","protected":false},"author":936,"featured_media":0,"parent":0,"menu_order":1,"comment_status":"closed","ping_status":"closed","template":"","meta":{"footnotes":""},"class_list":["post-4","page","type-page","status-publish","hentry"],"_links":{"self":[{"href":"https:\/\/blogs.ua.es\/modernasenblog\/wp-json\/wp\/v2\/pages\/4","targetHints":{"allow":["GET"]}}],"collection":[{"href":"https:\/\/blogs.ua.es\/modernasenblog\/wp-json\/wp\/v2\/pages"}],"about":[{"href":"https:\/\/blogs.ua.es\/modernasenblog\/wp-json\/wp\/v2\/types\/page"}],"author":[{"embeddable":true,"href":"https:\/\/blogs.ua.es\/modernasenblog\/wp-json\/wp\/v2\/users\/936"}],"replies":[{"embeddable":true,"href":"https:\/\/blogs.ua.es\/modernasenblog\/wp-json\/wp\/v2\/comments?post=4"}],"version-history":[{"count":1,"href":"https:\/\/blogs.ua.es\/modernasenblog\/wp-json\/wp\/v2\/pages\/4\/revisions"}],"predecessor-version":[{"id":5,"href":"https:\/\/blogs.ua.es\/modernasenblog\/wp-json\/wp\/v2\/pages\/4\/revisions\/5"}],"wp:attachment":[{"href":"https:\/\/blogs.ua.es\/modernasenblog\/wp-json\/wp\/v2\/media?parent=4"}],"curies":[{"name":"wp","href":"https:\/\/api.w.org\/{rel}","templated":true}]}}