{"id":54,"date":"2020-04-17T08:33:20","date_gmt":"2020-04-17T08:33:20","guid":{"rendered":"https:\/\/blogs.ua.es\/modernasenblog\/?page_id=54"},"modified":"2021-04-28T14:17:36","modified_gmt":"2021-04-28T14:17:36","slug":"equipo","status":"publish","type":"page","link":"https:\/\/blogs.ua.es\/modernasenblog\/equipo\/","title":{"rendered":"Equipo"},"content":{"rendered":"<p>Direcci\u00f3n:<\/p>\n<ul>\n<li><a href=\"http:\/\/inmaculadafernandezarrillaga.blogspot.com\/\">Inmaculada Fern\u00e1ndez de Arrillaga<\/a>.<\/li>\n<\/ul>\n<p>Colaboradores:<\/p>\n<ul>\n<li><a href=\"https:\/\/cvnet.cpd.ua.es\/curriculum-breve\/es\/carrasco-rodriguez-antonio\/26598\">Antonio Carrasco Rodr\u00edguez<\/a>.<\/li>\n<li><a href=\"https:\/\/cvnet.cpd.ua.es\/curriculum-breve\/es\/avila-martinez-maria-teresa\/21088\">Maite \u00c1vila Mart\u00ednez<\/a>.<\/li>\n<li><a href=\"https:\/\/blogs.ua.es\/modernasenblog\/equipo\/fernando-herranz\/\">Fernando Herranz Vel\u00e1zquez<\/a>.<\/li>\n<li>Mercedes Fern\u00e1ndez-Caballero Rodr\u00edguez.<\/li>\n<li>Isabel San Mauro Mart\u00ednez.<\/li>\n<\/ul>\n<p>&nbsp;<\/p>\n<p><em>*Cabecera: Berta Ech\u00e1niz Mart\u00ednez.<\/em><\/p>\n","protected":false},"excerpt":{"rendered":"<p>Direcci\u00f3n: Inmaculada Fern\u00e1ndez de Arrillaga. Colaboradores: Antonio Carrasco Rodr\u00edguez. Maite \u00c1vila Mart\u00ednez. Fernando Herranz Vel\u00e1zquez. Mercedes Fern\u00e1ndez-Caballero Rodr\u00edguez. Isabel San Mauro Mart\u00ednez. &nbsp; *Cabecera: Berta Ech\u00e1niz Mart\u00ednez.<\/p>\n","protected":false},"author":936,"featured_media":0,"parent":0,"menu_order":4,"comment_status":"closed","ping_status":"closed","template":"","meta":{"footnotes":""},"class_list":["post-54","page","type-page","status-publish","hentry"],"_links":{"self":[{"href":"https:\/\/blogs.ua.es\/modernasenblog\/wp-json\/wp\/v2\/pages\/54","targetHints":{"allow":["GET"]}}],"collection":[{"href":"https:\/\/blogs.ua.es\/modernasenblog\/wp-json\/wp\/v2\/pages"}],"about":[{"href":"https:\/\/blogs.ua.es\/modernasenblog\/wp-json\/wp\/v2\/types\/page"}],"author":[{"embeddable":true,"href":"https:\/\/blogs.ua.es\/modernasenblog\/wp-json\/wp\/v2\/users\/936"}],"replies":[{"embeddable":true,"href":"https:\/\/blogs.ua.es\/modernasenblog\/wp-json\/wp\/v2\/comments?post=54"}],"version-history":[{"count":5,"href":"https:\/\/blogs.ua.es\/modernasenblog\/wp-json\/wp\/v2\/pages\/54\/revisions"}],"predecessor-version":[{"id":317,"href":"https:\/\/blogs.ua.es\/modernasenblog\/wp-json\/wp\/v2\/pages\/54\/revisions\/317"}],"wp:attachment":[{"href":"https:\/\/blogs.ua.es\/modernasenblog\/wp-json\/wp\/v2\/media?parent=54"}],"curies":[{"name":"wp","href":"https:\/\/api.w.org\/{rel}","templated":true}]}}