{"id":6,"date":"2020-04-16T16:43:11","date_gmt":"2020-04-16T16:43:11","guid":{"rendered":"https:\/\/blogs.ua.es\/modernasenblog\/?page_id=6"},"modified":"2020-04-16T16:51:43","modified_gmt":"2020-04-16T16:51:43","slug":"mujeres-de-la-modernidad","status":"publish","type":"page","link":"https:\/\/blogs.ua.es\/modernasenblog\/mujeres-de-la-modernidad\/","title":{"rendered":"Mujeres de la Modernidad"},"content":{"rendered":"<p>Por orden alfab\u00e9tico:<\/p>\n<ol>\n<li>Aleksandra Lisowska (Roxelana o Haseki H\u00fcrrem Sultan)<\/li>\n<li>Ana Bolena<\/li>\n<li>Ana de Ayala<\/li>\n<li>Ana de Cleves<\/li>\n<li>Ana Estuardo<\/li>\n<li>Angelica Kauffmann<\/li>\n<li>Ann Fanshawe<\/li>\n<li>Anne Lister<\/li>\n<li>Anne-Louis Germaine Necker<\/li>\n<li>Antonia de Mendoza (condesa de Benavente)<\/li>\n<li>Aphra Behn<\/li>\n<li>Argula von Grumbach<\/li>\n<li>Artemisia Gentileschi<\/li>\n<li>Mar\u00eda B\u00e1rbara Asqu\u00edn (Mari B\u00e1rbola)<\/li>\n<li>Ay\u015fe Hafsa Sultan<\/li>\n<li>Beatriz de la Cueva.<\/li>\n<li>Beatriz Galindo, la Latina<\/li>\n<li>Calatina Sforza<\/li>\n<li>Catalina de Arag\u00f3n<\/li>\n<li>Catalina de Erauso<\/li>\n<li>Catalina de Jes\u00fas (sor)<\/li>\n<li>Catalina de M\u00e9dicis<\/li>\n<li>Catalina de Rambouillet<\/li>\n<li>Catalina II de Rusia<\/li>\n<li>Catalina Parr<\/li>\n<li>Ching Shih<\/li>\n<li>Clara Jara de Soto<\/li>\n<li>Clara Peeters<\/li>\n<li>Cristina de Suecia<\/li>\n<li>Diana de Poitiers<\/li>\n<li>Dido Elizabeth Belle<\/li>\n<li>Elena Vas\u00edlievna Gl\u00ednskaya<\/li>\n<li>Elisabeth Cruciger<\/li>\n<li>Elisabetta Sirani<\/li>\n<li>Elizabeth Montagu<\/li>\n<li>Elizabeth Schuyler Hamilton<\/li>\n<li>Elizabeth Vesey<\/li>\n<li>Elizabeth Wilbraham<\/li>\n<li>\u00c9milie du Ch\u00e2telet<\/li>\n<li>Francesca Caccini<\/li>\n<li>Francisca Brava<\/li>\n<li>Francisca de Nebrija (Francisca Mart\u00ednez de casada)<\/li>\n<li>Francisca Ponce de Le\u00f3n<\/li>\n<li>Georgiana Cavendish<\/li>\n<li>Germana de Foix<\/li>\n<li>Giuseppa Barbapiccola<\/li>\n<li>Helena Perpenti<\/li>\n<li>In\u00e9s de Sisternes<\/li>\n<li>In\u00e9s Joy\u00e9s<\/li>\n<li>In\u00e9s Su\u00e1rez<\/li>\n<li>Isabel Barreto<\/li>\n<li>Isabel de Farnesio<\/li>\n<li>Isabel de Guevara<\/li>\n<li>Isabel de Portugal<\/li>\n<li>Isabel de Valois<\/li>\n<li>Isabel I de Inglaterra<\/li>\n<li>Isabel I de Rusia<\/li>\n<li>Isabel I la Cat\u00f3lica<\/li>\n<li>Isabel Tudor<\/li>\n<li>Isabella d&#8217;Este<\/li>\n<li>Jane Austen<\/li>\n<li>Jer\u00f3nica Gal\u00e9s<\/li>\n<li>Jer\u00f3nima de la Asunci\u00f3n (sor)<\/li>\n<li>Johanna Harrach<\/li>\n<li>Josefa Amar y Borb\u00f3n<\/li>\n<li>Josefa de \u00d3bidos<\/li>\n<li>Juana I la Loca<\/li>\n<li>Judith Leyster<\/li>\n<li>K\u00f6sem Sultan (Mahpeyker)<\/li>\n<li>La Malinche<\/li>\n<li>La princesa de \u00c9boli<\/li>\n<li>Lavinia Fontana<\/li>\n<li>Lucrecia Borgia<\/li>\n<li>Lucrecia de Le\u00f3n<\/li>\n<li>Luisa Sigea de Velasco<\/li>\n<li>Madame d\u2019Aulnoy<\/li>\n<li>Marcela de San F\u00e9lix (sor)<\/li>\n<li>Margaret de la Pole<\/li>\n<li>Margaret Fell<\/li>\n<li>Margatina de Angulema<\/li>\n<li>Mar\u00eda Ana de Jes\u00fas (beata)<\/li>\n<li>Maria Anna Mozart (Nannerl)<\/li>\n<li>Mar\u00eda Antonia de San Jos\u00e9 (beata)<\/li>\n<li>Mar\u00eda de Guisa<\/li>\n<li>Mar\u00eda de Toledo<\/li>\n<li>Mar\u00eda de Zayas<\/li>\n<li>Mar\u00eda Escobar<\/li>\n<li>Mar\u00eda Estuardo<\/li>\n<li>Maria Gaetana Agnesi<\/li>\n<li>Mar\u00eda Ignacia Ib\u00e1\u00f1ez<\/li>\n<li>Mar\u00eda Magdalena de Pazzi<\/li>\n<li>Mar\u00eda Manuela Ibarra y Cous<\/li>\n<li>Maria Sibylla Merian<\/li>\n<li>Mar\u00eda Teresa de Austria<\/li>\n<li>Mar\u00eda Teresa de las Dos Sicilias<\/li>\n<li>Mar\u00eda Tudor<\/li>\n<li>Marie Denti\u00e8re<\/li>\n<li>Marie-Suzanne Giroust<\/li>\n<li>Marie-Th\u00e9r\u00e8se Rodet Geoffrin<\/li>\n<li>Mary Astell<\/li>\n<li>Mary Beale<\/li>\n<li>Mary Moser<\/li>\n<li>Mary Ward<\/li>\n<li>Mary Wollstonecraft<\/li>\n<li>Mary Wortley Montagu<\/li>\n<li>Menc\u00eda Ortiz<\/li>\n<li>Olympe de Gouges<\/li>\n<li>Pocahontas<\/li>\n<li>Santa Teresa de Jes\u00fas<\/li>\n<li>Sarah Churchill<\/li>\n<li>Sofonisba Anguissola<\/li>\n<li>Sor Juana In\u00e9s de la Cruz<\/li>\n<li>Tachibana Ginchiyo<\/li>\n<li>Turhan Hatice Sultan<\/li>\n<li>Vicenta Juaristi Eguino<\/li>\n<li>Victoria Colonna<\/li>\n<li>Yodogimi (Yodo-dono)<\/li>\n<\/ol>\n","protected":false},"excerpt":{"rendered":"<p>Por orden alfab\u00e9tico: Aleksandra Lisowska (Roxelana o Haseki H\u00fcrrem Sultan) Ana Bolena Ana de Ayala Ana de Cleves Ana Estuardo Angelica Kauffmann Ann Fanshawe Anne Lister Anne-Louis Germaine Necker Antonia de Mendoza (condesa de Benavente) Aphra Behn Argula von Grumbach &hellip; <a href=\"https:\/\/blogs.ua.es\/modernasenblog\/mujeres-de-la-modernidad\/\">Continue reading <span class=\"meta-nav\">&rarr;<\/span><\/a><\/p>\n","protected":false},"author":936,"featured_media":0,"parent":0,"menu_order":2,"comment_status":"closed","ping_status":"closed","template":"","meta":{"footnotes":""},"class_list":["post-6","page","type-page","status-publish","hentry"],"_links":{"self":[{"href":"https:\/\/blogs.ua.es\/modernasenblog\/wp-json\/wp\/v2\/pages\/6","targetHints":{"allow":["GET"]}}],"collection":[{"href":"https:\/\/blogs.ua.es\/modernasenblog\/wp-json\/wp\/v2\/pages"}],"about":[{"href":"https:\/\/blogs.ua.es\/modernasenblog\/wp-json\/wp\/v2\/types\/page"}],"author":[{"embeddable":true,"href":"https:\/\/blogs.ua.es\/modernasenblog\/wp-json\/wp\/v2\/users\/936"}],"replies":[{"embeddable":true,"href":"https:\/\/blogs.ua.es\/modernasenblog\/wp-json\/wp\/v2\/comments?post=6"}],"version-history":[{"count":1,"href":"https:\/\/blogs.ua.es\/modernasenblog\/wp-json\/wp\/v2\/pages\/6\/revisions"}],"predecessor-version":[{"id":7,"href":"https:\/\/blogs.ua.es\/modernasenblog\/wp-json\/wp\/v2\/pages\/6\/revisions\/7"}],"wp:attachment":[{"href":"https:\/\/blogs.ua.es\/modernasenblog\/wp-json\/wp\/v2\/media?parent=6"}],"curies":[{"name":"wp","href":"https:\/\/api.w.org\/{rel}","templated":true}]}}