{"id":9,"date":"2020-04-16T16:46:17","date_gmt":"2020-04-16T16:46:17","guid":{"rendered":"https:\/\/blogs.ua.es\/modernasenblog\/?page_id=9"},"modified":"2020-04-16T16:46:17","modified_gmt":"2020-04-16T16:46:17","slug":"presentacion","status":"publish","type":"page","link":"https:\/\/blogs.ua.es\/modernasenblog\/presentacion\/","title":{"rendered":"Presentaci\u00f3n"},"content":{"rendered":"<p>El proyecto Modernas en Blog surge de la necesidad de aglutinar la experiencia de las actividades pr\u00e1cticas relativas a la parte de Historia Moderna en la asignatura de 1\u00ba de Grado en Historia, Humanidades, Geograf\u00eda y ordenaci\u00f3n del territorio de la Universidad de Alicante, titulada: \u201cDel Medievo a la Modernidad\u201d. En ellas se realizaron una serie de trabajos en los que se enfocaba la historia de las mujeres que, de una u otra manera, fueron relevantes en la modernidad y se imprimi\u00f3 una perspectiva de G\u00e9nero que consider\u00e1bamos fundamental para su desarrollo.<\/p>\n<p>Tras el \u00e9xito del primer curso, nos planteamos la edici\u00f3n de este blog para divulgar los contenidos que, a\u00f1o tras a\u00f1o, se vayan realizando. En este soporte no solo se podr\u00e1n consultar los mejores videos realizados por el alumnado, tambi\u00e9n aparecer\u00e1 la bibliograf\u00eda que se recomienda, las novedades que vayan surgiendo en cuanto a libros, videos o p\u00e1ginas web sobre feminismo e historia de las mujeres, as\u00ed como enlaces a las asociaciones de investigaci\u00f3n y divulgaci\u00f3n o los seminarios, conferencias y congresos que sean de inter\u00e9s para quienes trabajen estos asuntos.<\/p>\n<p>Invitamos a quienes nos lean a seguirnos y aportar sus iniciativas; toda contribuci\u00f3n ser\u00e1 bienvenida.<\/p>\n","protected":false},"excerpt":{"rendered":"<p>El proyecto Modernas en Blog surge de la necesidad de aglutinar la experiencia de las actividades pr\u00e1cticas relativas a la parte de Historia Moderna en la asignatura de 1\u00ba de Grado en Historia, Humanidades, Geograf\u00eda y ordenaci\u00f3n del territorio de &hellip; <a href=\"https:\/\/blogs.ua.es\/modernasenblog\/presentacion\/\">Continue reading <span class=\"meta-nav\">&rarr;<\/span><\/a><\/p>\n","protected":false},"author":936,"featured_media":0,"parent":0,"menu_order":0,"comment_status":"closed","ping_status":"closed","template":"","meta":{"footnotes":""},"class_list":["post-9","page","type-page","status-publish","hentry"],"_links":{"self":[{"href":"https:\/\/blogs.ua.es\/modernasenblog\/wp-json\/wp\/v2\/pages\/9","targetHints":{"allow":["GET"]}}],"collection":[{"href":"https:\/\/blogs.ua.es\/modernasenblog\/wp-json\/wp\/v2\/pages"}],"about":[{"href":"https:\/\/blogs.ua.es\/modernasenblog\/wp-json\/wp\/v2\/types\/page"}],"author":[{"embeddable":true,"href":"https:\/\/blogs.ua.es\/modernasenblog\/wp-json\/wp\/v2\/users\/936"}],"replies":[{"embeddable":true,"href":"https:\/\/blogs.ua.es\/modernasenblog\/wp-json\/wp\/v2\/comments?post=9"}],"version-history":[{"count":1,"href":"https:\/\/blogs.ua.es\/modernasenblog\/wp-json\/wp\/v2\/pages\/9\/revisions"}],"predecessor-version":[{"id":10,"href":"https:\/\/blogs.ua.es\/modernasenblog\/wp-json\/wp\/v2\/pages\/9\/revisions\/10"}],"wp:attachment":[{"href":"https:\/\/blogs.ua.es\/modernasenblog\/wp-json\/wp\/v2\/media?parent=9"}],"curies":[{"name":"wp","href":"https:\/\/api.w.org\/{rel}","templated":true}]}}