{"id":10,"date":"2010-10-05T16:24:29","date_gmt":"2010-10-05T14:24:29","guid":{"rendered":"https:\/\/blogs.ua.es\/monarquiahispanicaeinglaterra\/?page_id=10"},"modified":"2011-01-23T20:01:24","modified_gmt":"2011-01-23T18:01:24","slug":"relaciones-britanicas","status":"publish","type":"page","link":"https:\/\/blogs.ua.es\/monarquiahispanicaeinglaterra\/relaciones-britanicas\/","title":{"rendered":"Relaciones Brit\u00e1nicas"},"content":{"rendered":"<p>Sus primeras relaciones se establecieron con los Reyes Cat\u00f3licos, que fue por medio de los enlaces matrimoniales, debido a que buscaban contrarrestar la tradicional amenaza que supon\u00eda Francia (una de sus principales manifestaciones, a la rivalidad, fue Italia). Los RRCC prometieron a su hija Catalina (nacida en 1485) en 1489, con el pr\u00edncipe de Gales, Arturo, heredero del rey Enrique VII de Inglaterra. El matrimonio tuvo lugar en 1501, pero pocos meses despu\u00e9s falleci\u00f3 de una epidemia. Para mantener viva la alianza, las coronas acordaron un nuevo matrimonio de la infanta con el nuevo heredero, Enrique (con s\u00f3lo 11 a\u00f1os). La uni\u00f3n matirmonial tuvo lugar en 1509.<\/p>\n<p>M\u00e1s tarde, las relaciones con Espa\u00f1a en la 1\u00aa mitad del Siglo XVI son un poco titubeantes aunque se establece una alianza, debido tambi\u00e9n a que \u00a0su principal enemigo era Francia, ya que este hab\u00eda pactado con Escocia, y porque Inglaterra no chocaba con los intereses espa\u00f1oles en el mar y debido a que el comercio de la tela de Inglaterra iba a los Pa\u00edses Bajos en posesi\u00f3n de Espa\u00f1a; as\u00ed que se establece una peque\u00f1a alianza.<\/p>\n<p>Al principio del siglo, Francisco I de Francia y Carlos V de Espa\u00f1a, los cuales han mantenido una fuerte rivalidad, quieren atraerse a Enrique VIII (potencia de segunda fila) pero es con el segundo con quien permanece aliado. Por momentos se cambia la alianza debido al poder que llega a obtener Carlos V por ejemplo cuando logra encarcelar a Francisco I.<\/p>\n<p>En la 2\u00aa mitad del XVI ,tras la abdicacion de Carlos V en 1556, subi\u00f3 al poder su hijo Felipe II, este adquiri\u00f3 sus posesiones peninsulares, a las que hay que a\u00f1adir Flandes, el FrancoCondado, Mil\u00e1n y Napoles.<\/p>\n<p>La alianza espa\u00f1ola y la inglesa da un paso m\u00e1s all\u00e1 con la uni\u00f3n del enlace matrimonial entre Felipe II y Mar\u00eda Tudor (Hija de Enrique VIII y Catalina de Arag\u00f3n), esta relaci\u00f3n no triunfa porque no tienen hijos. A la muerte de Mar\u00eda sube al trono Isabel I con la que se intenta emparejar a Felipe II pero no se lleg\u00f3 a realizar (aunque hab\u00eda una alianza pol\u00edtica al principio del reinado). En esta \u00e9poca aparecen tres nuevos elementos en la pol\u00edtica de alianzas: los intereses brit\u00e1nicos en el comercio ultramarino habiendo actuaciones corsarias que hacen fortificar las principales plazas del comercio espa\u00f1ol, a finales de la d\u00e9cada de los 60 estalla la revuelta de los Pa\u00edses Bajos e Inglaterra apoyar\u00e1 esta revuelta y por \u00faltimo la radicalizaci\u00f3n religiosa (anglicanismo y catolicismo) donde los ingleses apoyar\u00e1n a los bandos protestantes holandeses (calvinistas) y franceses (hugonotes) mientras que los espa\u00f1oles preocupados prepararan la Armada Invencible.<\/p>\n","protected":false},"excerpt":{"rendered":"<p>Sus primeras relaciones se establecieron con los Reyes Cat\u00f3licos, que fue por medio de los enlaces matrimoniales, debido a que buscaban contrarrestar la tradicional amenaza que supon\u00eda Francia (una de sus principales manifestaciones, a la rivalidad, fue Italia). Los RRCC prometieron a su hija Catalina (nacida en 1485) en 1489, con el pr\u00edncipe de Gales, [&hellip;]<\/p>\n","protected":false},"author":1835,"featured_media":0,"parent":0,"menu_order":1,"comment_status":"open","ping_status":"open","template":"","meta":{"footnotes":""},"class_list":["post-10","page","type-page","status-publish","hentry"],"_links":{"self":[{"href":"https:\/\/blogs.ua.es\/monarquiahispanicaeinglaterra\/wp-json\/wp\/v2\/pages\/10","targetHints":{"allow":["GET"]}}],"collection":[{"href":"https:\/\/blogs.ua.es\/monarquiahispanicaeinglaterra\/wp-json\/wp\/v2\/pages"}],"about":[{"href":"https:\/\/blogs.ua.es\/monarquiahispanicaeinglaterra\/wp-json\/wp\/v2\/types\/page"}],"author":[{"embeddable":true,"href":"https:\/\/blogs.ua.es\/monarquiahispanicaeinglaterra\/wp-json\/wp\/v2\/users\/1835"}],"replies":[{"embeddable":true,"href":"https:\/\/blogs.ua.es\/monarquiahispanicaeinglaterra\/wp-json\/wp\/v2\/comments?post=10"}],"version-history":[{"count":13,"href":"https:\/\/blogs.ua.es\/monarquiahispanicaeinglaterra\/wp-json\/wp\/v2\/pages\/10\/revisions"}],"predecessor-version":[{"id":38,"href":"https:\/\/blogs.ua.es\/monarquiahispanicaeinglaterra\/wp-json\/wp\/v2\/pages\/10\/revisions\/38"}],"wp:attachment":[{"href":"https:\/\/blogs.ua.es\/monarquiahispanicaeinglaterra\/wp-json\/wp\/v2\/media?parent=10"}],"curies":[{"name":"wp","href":"https:\/\/api.w.org\/{rel}","templated":true}]}}