{"id":13,"date":"2010-10-05T16:28:50","date_gmt":"2010-10-05T14:28:50","guid":{"rendered":"https:\/\/blogs.ua.es\/monarquiahispanicaeinglaterra\/rivalidad-con-inglaterra\/"},"modified":"2011-01-20T14:37:03","modified_gmt":"2011-01-20T12:37:03","slug":"rivalidad-con-inglaterra","status":"publish","type":"page","link":"https:\/\/blogs.ua.es\/monarquiahispanicaeinglaterra\/felipe-ii-e-inglaterra\/rivalidad-con-inglaterra\/","title":{"rendered":"La Rivalidad con Inglaterra, de Felipe II"},"content":{"rendered":"<p>Otra de las causas de conflicto indirecto:\u00a0 comienza aparecer hacia el 1558 cuando muere Mar\u00eda Tudor, tercera esposa de Felipe II, y reina cat\u00f3lica de Inglaterra.<\/p>\n<p>Su uni\u00f3n matrimonial, fue toda una alianza, una uni\u00f3n personal de la que se esperaban grandes frutos, que era la incesante b\u00fasqueda de un heredero nunca lleg\u00f3, y la boda solo sirvi\u00f3 para hacer muy impopulares a los espa\u00f1oles en Inglaterra. Muy pronto el sentimiento nacional y religioso se sum\u00f3 a la rivalidad mar\u00edtima para deteriorar completamente las relaciones entre las dos naciones.<\/p>\n<p>Ascendi\u00f3 entonces al trono su medio hermana, la protestante Isabel I, siendo desde entonces muy tensas las relaciones con la Monarqu\u00eda Espa\u00f1ola; sobre todo entorno a dos cuestiones: Am\u00e9rica y los Paises Bajos. Incluso, en 1558, Felipe II arm\u00f3 la llamada Armada Invencible, con la intenci\u00f3n de invadir Gran Breta\u00f1a, pero fue una aut\u00e9ntica gran derrota para Espa\u00f1a.<\/p>\n<p>Pero esto llega a prodicirse debido a que: cuando corria el siglo XVI, la corona Espa\u00f1ola era la m\u00e1s grande de toda Europa, por lo tanto, del mundo\u00a0conocido&#8230; En esos tiempos en la  Corona espa\u00f1ola reinaba Felipe II, hijo del gran Carlos V. Mientras en Inglaterra reinaba Isabel I. Aunque Isabel fuera Anglicana y Felipe protestante, Isabel deseaba con anhelo casarse con Felipe.<\/p>\n<p>Felipe la rechaz\u00f3 a causa del problema gen\u00e9tico que padecia Isabel, la cual no pod\u00eda tener hijos. As\u00ed, Felipe e Isabel criaron un gran odio el uno con el otro, lo que di\u00f3 lugar a numerosos conflictos como la armada invencible&#8230;<\/p>\n","protected":false},"excerpt":{"rendered":"<p>Otra de las causas de conflicto indirecto:\u00a0 comienza aparecer hacia el 1558 cuando muere Mar\u00eda Tudor, tercera esposa de Felipe II, y reina cat\u00f3lica de Inglaterra. Su uni\u00f3n matrimonial, fue toda una alianza, una uni\u00f3n personal de la que se esperaban grandes frutos, que era la incesante b\u00fasqueda de un heredero nunca lleg\u00f3, y la [&hellip;]<\/p>\n","protected":false},"author":1835,"featured_media":0,"parent":63,"menu_order":3,"comment_status":"open","ping_status":"open","template":"","meta":{"footnotes":""},"class_list":["post-13","page","type-page","status-publish","hentry"],"_links":{"self":[{"href":"https:\/\/blogs.ua.es\/monarquiahispanicaeinglaterra\/wp-json\/wp\/v2\/pages\/13","targetHints":{"allow":["GET"]}}],"collection":[{"href":"https:\/\/blogs.ua.es\/monarquiahispanicaeinglaterra\/wp-json\/wp\/v2\/pages"}],"about":[{"href":"https:\/\/blogs.ua.es\/monarquiahispanicaeinglaterra\/wp-json\/wp\/v2\/types\/page"}],"author":[{"embeddable":true,"href":"https:\/\/blogs.ua.es\/monarquiahispanicaeinglaterra\/wp-json\/wp\/v2\/users\/1835"}],"replies":[{"embeddable":true,"href":"https:\/\/blogs.ua.es\/monarquiahispanicaeinglaterra\/wp-json\/wp\/v2\/comments?post=13"}],"version-history":[{"count":8,"href":"https:\/\/blogs.ua.es\/monarquiahispanicaeinglaterra\/wp-json\/wp\/v2\/pages\/13\/revisions"}],"predecessor-version":[{"id":21,"href":"https:\/\/blogs.ua.es\/monarquiahispanicaeinglaterra\/wp-json\/wp\/v2\/pages\/13\/revisions\/21"}],"up":[{"embeddable":true,"href":"https:\/\/blogs.ua.es\/monarquiahispanicaeinglaterra\/wp-json\/wp\/v2\/pages\/63"}],"wp:attachment":[{"href":"https:\/\/blogs.ua.es\/monarquiahispanicaeinglaterra\/wp-json\/wp\/v2\/media?parent=13"}],"curies":[{"name":"wp","href":"https:\/\/api.w.org\/{rel}","templated":true}]}}