{"id":136,"date":"2011-07-04T11:21:05","date_gmt":"2011-07-04T09:21:05","guid":{"rendered":"https:\/\/blogs.ua.es\/monarquiahispanicaeinglaterra\/?page_id=136"},"modified":"2011-07-04T11:21:05","modified_gmt":"2011-07-04T09:21:05","slug":"la-espana-del-s-xvi-carlos-i","status":"publish","type":"page","link":"https:\/\/blogs.ua.es\/monarquiahispanicaeinglaterra\/la-espana-del-s-xvi-carlos-i\/","title":{"rendered":"La Espa\u00f1a del S. XVI: Carlos I"},"content":{"rendered":"<p>&nbsp;<\/p>\n<p>Carlos I de Espa\u00f1a comenzar\u00e1 su reinado de la siguiente forma:<\/p>\n<p>Al morir Isabel I en 1504, su hija Juana fue proclamada reina de Castilla, mientras en Arag\u00f3n continu\u00f3 gobernando Fernando el Cat\u00f3lico. Pero en 1506 muri\u00f3 Felipe I el Hermoso, el esposo de la reina, y \u00e9sta enferm\u00f3 mentalmente (de ah\u00ed el sobrenombre de Juana la Loca). Dada su incapacidad para gobernar, su padre Fernando, asumi\u00f3 la regencia de Castilla, hasta su muerte en 1516.<\/p>\n<p>Fue entonces cuando Carlos I, primog\u00e9nito var\u00f3n de don Felipe y do\u00f1a Juana, nacido en Gante (B\u00e9lgica) en 1500, fue proclamado rey en Bruselas y lleg\u00f3 a Espa\u00f1a en septiembre de 1517. Su herencia era inmensa: las Coronas de Castilla y Arag\u00f3n, con los territorios de N\u00e1poles, Sicilia, Cerde\u00f1a, Rosell\u00f3n, la Cerda\u00f1a y Am\u00e9rica, el archiducado de Austria y los dominios de los Pa\u00edses Bajos, el Franco Condado y Luxemburgo.<\/p>\n<p>Carlos lleg\u00f3 a Espa\u00f1a rodeado de una corte de amigos, consejeros y eclesi\u00e1sticos de Flandes, entre ellos Adriano de Utrecht (luego ser\u00e1 el papa Adriano VI), que no conoc\u00edan el pa\u00eds, ni hablaban castellano, pero se hicieron con cargos y dignidades. Esto levant\u00f3 de inmediato recelos entre los notables de Castilla y Arag\u00f3n. El monarca convoc\u00f3 las Cortes de Castilla, Arag\u00f3n y Catalu\u00f1a, en las que fue reconocido rey. Con estas convocatoria pretend\u00eda atraer a los descontentos y, sobretodo, trataba de conseguir fondos para sus empresas imperiales europeas. En 1519 falleci\u00f3 su abuelo, el emperador Maximiliano (de Habsburgo), y Carlos fue elegido por unanimidad emperador con el nombre de Carlos V de Alemania. En mayo de 1520, el monarca parti\u00f3 hacia el territorio alem\u00e1n para hacerse cargo del Imperio.<\/p>\n<p>Carlos I hered\u00f3 el t\u00edtulo de emperador en unas circunstancias sumamente dif\u00edciles. Se acababa de producir la rebeli\u00f3n religiosa y pol\u00edtica de los protestantes en Europa Central, Francia aspiraba al dominio de Italia, y en el Mediterr\u00e1neo aparec\u00eda cada vez m\u00e1s amenazadora la expansi\u00f3n del Imperio turco. Carlos I entendi\u00f3 que ten\u00eda una gran misi\u00f3n hist\u00f3rica: el mantenimiento de una monarqu\u00eda cristiana y universal, cuya jefatura espiritual ostentaba el Papa, frente a la amenaza de los protestantes, los turcos y Francia.<\/p>\n<p>Sin embargo, ese proyecto fue discutido por quienes no cre\u00edan en esa unidad cristiana de origen medieval, presidida por el Papa y el emperador, y antepon\u00edan a ella los intereses de cada Estado y de cada pr\u00edncipe. Para defender su idea de Imperio cristiano y unitario, el emperador se vio envuelto en continuas guerras y llev\u00f3 una vida itinerante. Por todo ello, Carlos I s\u00f3lo vivi\u00f3 en Espa\u00f1a catorce a\u00f1os, y prest\u00f3 m\u00e1s atenci\u00f3n a su funci\u00f3n como emperador de Occidente que como monarca espa\u00f1ol.<\/p>\n<p>A los cincuenta y seis a\u00f1os, y con graves problemas de salud, el emperador abdic\u00f3 en su hijo Felipe II, a quien cedi\u00f3 la Corana y todos sus territorios, salvo los dominios del archiducado de Austria y los derechos al t\u00edtulo imperial, que fueron cedidos a su hermano Fernando. A partir de entonces, la rama austriaca de los Habsburgo ser\u00e1 la que ostente el t\u00edtulo imperial. Carlos I se retir\u00f3 al monasterio de Yuste (C\u00e1ceres) y all\u00ed muri\u00f3 en 1558.<\/p>\n","protected":false},"excerpt":{"rendered":"<p>&nbsp; Carlos I de Espa\u00f1a comenzar\u00e1 su reinado de la siguiente forma: Al morir Isabel I en 1504, su hija Juana fue proclamada reina de Castilla, mientras en Arag\u00f3n continu\u00f3 gobernando Fernando el Cat\u00f3lico. Pero en 1506 muri\u00f3 Felipe I el Hermoso, el esposo de la reina, y \u00e9sta enferm\u00f3 mentalmente (de ah\u00ed el sobrenombre [&hellip;]<\/p>\n","protected":false},"author":1835,"featured_media":0,"parent":0,"menu_order":1,"comment_status":"open","ping_status":"open","template":"","meta":{"footnotes":""},"class_list":["post-136","page","type-page","status-publish","hentry"],"_links":{"self":[{"href":"https:\/\/blogs.ua.es\/monarquiahispanicaeinglaterra\/wp-json\/wp\/v2\/pages\/136","targetHints":{"allow":["GET"]}}],"collection":[{"href":"https:\/\/blogs.ua.es\/monarquiahispanicaeinglaterra\/wp-json\/wp\/v2\/pages"}],"about":[{"href":"https:\/\/blogs.ua.es\/monarquiahispanicaeinglaterra\/wp-json\/wp\/v2\/types\/page"}],"author":[{"embeddable":true,"href":"https:\/\/blogs.ua.es\/monarquiahispanicaeinglaterra\/wp-json\/wp\/v2\/users\/1835"}],"replies":[{"embeddable":true,"href":"https:\/\/blogs.ua.es\/monarquiahispanicaeinglaterra\/wp-json\/wp\/v2\/comments?post=136"}],"version-history":[{"count":2,"href":"https:\/\/blogs.ua.es\/monarquiahispanicaeinglaterra\/wp-json\/wp\/v2\/pages\/136\/revisions"}],"predecessor-version":[{"id":138,"href":"https:\/\/blogs.ua.es\/monarquiahispanicaeinglaterra\/wp-json\/wp\/v2\/pages\/136\/revisions\/138"}],"wp:attachment":[{"href":"https:\/\/blogs.ua.es\/monarquiahispanicaeinglaterra\/wp-json\/wp\/v2\/media?parent=136"}],"curies":[{"name":"wp","href":"https:\/\/api.w.org\/{rel}","templated":true}]}}