{"id":139,"date":"2011-07-04T11:26:20","date_gmt":"2011-07-04T09:26:20","guid":{"rendered":"https:\/\/blogs.ua.es\/monarquiahispanicaeinglaterra\/?page_id=139"},"modified":"2011-07-04T11:26:52","modified_gmt":"2011-07-04T09:26:52","slug":"conflictos-internos","status":"publish","type":"page","link":"https:\/\/blogs.ua.es\/monarquiahispanicaeinglaterra\/la-espana-del-s-xvi-carlos-i\/conflictos-internos\/","title":{"rendered":"Conflictos internos"},"content":{"rendered":"<p>Los conflictos internos se dieron con la comunidades y las german\u00edas (Castilla y Reino de Valencia).<\/p>\n<p>Los conflictos entre la monarqu\u00eda y los grupos pol\u00edticos y sociales de los reinos hisp\u00e1nicos se manifestaron ya en los inicios del siglo XVI. Reci\u00e9n comenzado el reinado de Carlos I se produjeron los levantamientos de las Comunidades y de las German\u00edas, que presentaron el car\u00e1cter de revueltas pol\u00edticas, pero tambi\u00e9n tuvieron un fuerte componente social y antise\u00f1orial.<\/p>\n<p>Las Comunidades (1520-1522) surgieron en Castilla, donde, desde la muerte de Isabel, se hab\u00edan registrado graves problemas sociales y pol\u00edticos. Las Cortes reclamaron a Carlos I m\u00e1s atenci\u00f3n a los asuntos del reino, pero el monarca s\u00f3lo las convoc\u00f3 para pedir dinero para su coronaci\u00f3n como emperador. En 1520, el monarca march\u00f3 hacia Alemania en medio de un malestar creciente. Una serie de ciudades (Toledo, Segovia, \u00c1vila, Burgos) se sublevaron contra la monarqu\u00eda, se constituyeron en gobierno del reino y ofrecieron la Corona a la madre de Carlos I, la reina Juana. Este movimiento, cuyos principales dirigentes eran Juan de Padilla, Juan Bravo y Francisco Maldonado, agrupaba a un sector de los hidalgos y de las clases medias urbanas (artesanos, mercaderes, funcionarios).<\/p>\n<p>Los comuneros reclamaban la protecci\u00f3n de la industria nacional, especialmente la textil, muy perjudicada por la exportaci\u00f3n de lana, el respeto a las leyes del reino y una mayor participaci\u00f3n pol\u00edtica. En poco meses, el conflicto se extendi\u00f3 y se produjeron tambi\u00e9n revueltas campesinas de car\u00e1cter antise\u00f1orial. Los sublevados se encontraron pronto con la oposici\u00f3n de la monarqu\u00eda, de los grandes exportadores de lana y de la gran nobleza terrateniente. Con su ayuda, el regente Adriano de Utrecht, en ausencia del rey Carlos, reuni\u00f3 un ej\u00e9rcito que derrot\u00f3 definitivamente a los comuneros en Villalar (1521), y sus principales dirigentes fueron ajusticiados.<\/p>\n<p>Las German\u00edas estallaron paralelamente y afectaron a casi todos los territorios de la Corona de Arag\u00f3n, aunque los hechos m\u00e1s graves sucedieron en Valencia. En el verano de 1519, aprovechando la huida de las autoridades municipales por temor a la peste y a los ataques berberiscos. Los agermanados se hicieron con el control de la ciudad de Valencia, dirigidos por Joan Llorens, Guillem Sorolla y Vicent Peris.<\/p>\n<p>Las German\u00edas fueron una revuelta de artesanos, de la peque\u00f1a burgues\u00eda y de campesinos contra la oligarqu\u00eda ciudadana, la nobleza y el alto clero. Ped\u00edan la democratizaci\u00f3n de los cargos municipales, una mejora de los arrendamientos campesinos y la protecci\u00f3n del monarca frente a los abusos de los poderosos. Pero Carlos I se ali\u00f3 con la nobleza, y los agermanados fueron derrotados en 1521. La revuelta tambi\u00e9n fracas\u00f3 en Mallorca y en Catalu\u00f1a.<\/p>\n","protected":false},"excerpt":{"rendered":"<p>Los conflictos internos se dieron con la comunidades y las german\u00edas (Castilla y Reino de Valencia). Los conflictos entre la monarqu\u00eda y los grupos pol\u00edticos y sociales de los reinos hisp\u00e1nicos se manifestaron ya en los inicios del siglo XVI. Reci\u00e9n comenzado el reinado de Carlos I se produjeron los levantamientos de las Comunidades y [&hellip;]<\/p>\n","protected":false},"author":1835,"featured_media":0,"parent":136,"menu_order":0,"comment_status":"open","ping_status":"open","template":"","meta":{"footnotes":""},"class_list":["post-139","page","type-page","status-publish","hentry"],"_links":{"self":[{"href":"https:\/\/blogs.ua.es\/monarquiahispanicaeinglaterra\/wp-json\/wp\/v2\/pages\/139","targetHints":{"allow":["GET"]}}],"collection":[{"href":"https:\/\/blogs.ua.es\/monarquiahispanicaeinglaterra\/wp-json\/wp\/v2\/pages"}],"about":[{"href":"https:\/\/blogs.ua.es\/monarquiahispanicaeinglaterra\/wp-json\/wp\/v2\/types\/page"}],"author":[{"embeddable":true,"href":"https:\/\/blogs.ua.es\/monarquiahispanicaeinglaterra\/wp-json\/wp\/v2\/users\/1835"}],"replies":[{"embeddable":true,"href":"https:\/\/blogs.ua.es\/monarquiahispanicaeinglaterra\/wp-json\/wp\/v2\/comments?post=139"}],"version-history":[{"count":3,"href":"https:\/\/blogs.ua.es\/monarquiahispanicaeinglaterra\/wp-json\/wp\/v2\/pages\/139\/revisions"}],"predecessor-version":[{"id":142,"href":"https:\/\/blogs.ua.es\/monarquiahispanicaeinglaterra\/wp-json\/wp\/v2\/pages\/139\/revisions\/142"}],"up":[{"embeddable":true,"href":"https:\/\/blogs.ua.es\/monarquiahispanicaeinglaterra\/wp-json\/wp\/v2\/pages\/136"}],"wp:attachment":[{"href":"https:\/\/blogs.ua.es\/monarquiahispanicaeinglaterra\/wp-json\/wp\/v2\/media?parent=139"}],"curies":[{"name":"wp","href":"https:\/\/api.w.org\/{rel}","templated":true}]}}