{"id":145,"date":"2011-07-04T12:26:38","date_gmt":"2011-07-04T10:26:38","guid":{"rendered":"https:\/\/blogs.ua.es\/monarquiahispanicaeinglaterra\/?page_id=145"},"modified":"2011-07-04T12:26:49","modified_gmt":"2011-07-04T10:26:49","slug":"contra-francia-y-la-alianza-britanica","status":"publish","type":"page","link":"https:\/\/blogs.ua.es\/monarquiahispanicaeinglaterra\/la-espana-del-s-xvi-carlos-i\/la-politica-exterior\/contra-francia-y-la-alianza-britanica\/","title":{"rendered":"Contra Francia y la Alianza Brit\u00e1nica"},"content":{"rendered":"<p>El gran rival de Carlos V (heredado en gran medida de la pol\u00edtica exterior de los Reyes Cat\u00f3licos) fue Francia, y, m\u00e1s concretamente, su rey Francisco I.<\/p>\n<p>Los dominios del emperador rodeaban este Estado como un anillo y dificultaban su avance hacia los riqu\u00edsimos Pa\u00edses Bajos y los no menos ricos y d\u00e9biles estados italianos. Por ello, Carlos V mantuvo numerosas guerras intermitentes (un total de seis entre 1521 y 1559, aunque la \u00faltima en tiempos de Felipe II) contra Francisco I y, despu\u00e9s, otra con su hijo Enrique II. Los escenarios habituales de estass guerras fueron los Pirineos, las fronteras de los Pa\u00edses Bajos y el Franco Condado, pero principalmente Italia.<\/p>\n<p>Los reyes de Francia se aliaron con los turcos, los piratas berbeeriscos y los pr\u00edncipes alemantes protestantes. Carlos V y los Habsburgo se apoyaron en Inglaterra, que resultaba imprescindible para la defensa de los Pa\u00edses Bajos.<\/p>\n<p>Inglaterra hab\u00eda sido, desde el reinado de los Reyes Cat\u00f3licos, aliada de la Corona espa\u00f1ola frente a Francia. El primer matrimonio de Felipe II fue con Mar\u00eda Tudor, Hija de Enrique VIII, reina de Inglaterra y cat\u00f3lica, pero al morir sin descendencia, el trono pas\u00f3 a su hermanastra, la reina Isabel I (1558). Est\u00e1, de religi\u00f3n anglicana, apoy\u00f3 a los protestantes de Flandes y, deseosa de competir por el dominio del Atl\u00e1ntico y el control del comercio americano, protegi\u00f3 a los corsarios (Hawkins y Drake) que atacaban los barcos espa\u00f1oles. Felipe II decidi\u00f3 enfrentarse a Inglaterra y prepar\u00f3 una flota para atacarla (Armada Invencible). La expedici\u00f3n fue un desastre y la Invencible regres\u00f3 diezmada y vencida (1588).<\/p>\n<p>Los estados italianos, incluido el papado (los Estados Pontificios), oscilaban a favor de Carlos V o de Francisco I dependiendo de sus intereses y de la necesidad de mantener el equilibrio internacional.<\/p>\n<p>Las consecuencias de las guerrass con Francia fueron:<\/p>\n<p>-Conquistas territoriales en Italia. Carlos V se apoder\u00f3 del ducado de Mil\u00e1n, y Felipe II, de los presidios de Toscana. El dominio del norte de Italia se convierti\u00f3 en una prioridad para Carlos V porque as\u00ed comunicaba por tierra rodas las \u00e1reas de su Imperio y manten\u00eda el control sobre G\u00e9nova.<\/p>\n<p>El dominio de Italia tambi\u00e9n permit\u00eda presionar sobre las cambiantes opiniones del papado. Este era enemigo de los protestantes y de los infieles (los no cristianos), pero, a la vez, recelaba de Carlos V, que ejerc\u00eda un poder pol\u00edtico hegem\u00f3nico en Europa y que en Espa\u00f1a prosigi\u00f3 la pol\u00edtica de control de la Iglesia practicada por los Reyes Cat\u00f3licos. Tras el tratado de Cateau-Cambr\u00e9sis (1559), la hegemon\u00eda de los Habsburgo en Italia fue indiscutible.<\/p>\n<p>-Aumento del prestigio militar. Los ej\u00e9rcitos de los Habsburgo se convirtieron en invencibles tras lograr c\u00e9lebres vistorias en las continuas guerras que mantuvieron con Francia: Carlos V triunf\u00f3 en Pav\u00eda (Italia 1525) sobre Francisco I, que fue hecho prisionero y obligado a firmar la paz en Madrid. Otros episodios fueron el Sacco di Roma (el Saqueo de Roma, en 1527), en el que los mercenarios se apoderaron durante una semana de la ciudad en castigo por la ayuda prestada por el papa al rey de Francia; o la victoria de las tropas de Felipe II en San Quint\u00edn (al norte de Francia) en 1557. Y m\u00e1s tarde, la firma de la Paz de Cateau-Cambresis (1559) dio lugar a un per\u00edodo de tranquilidad. Pero en las guerras de religi\u00f3n que se produjeron en Francia, Felipe II apoy\u00f3 a , los cat\u00f3licos frente a los hugonotes, especialmente ante las pretensiones al trono de Enrique de Borb\u00f3n, que era hugonote. En 1593, Enrique de Borb\u00f3n se convirti\u00f3 al catolicismo, subi\u00f3 al trono como Enrique IV, y Espa\u00f1a y Francia firmaron la Paz de Vervins (1598).<\/p>\n<p>-Ruina financiera. Los gastos ocasionados por las campa\u00f1as militares contra Francia y otros pa\u00edses incrementaron, especialmente a partir de la d\u00e9cada de 1540, las deudas contra\u00eddas por el emperador. La mayor\u00eda de los tratados de paz firmados con Francia se debieron al agotamiento de las finanzas imperiales. Felipe II recibi\u00f3 una costosa herencia de deudas y acreedores.<\/p>\n","protected":false},"excerpt":{"rendered":"<p>El gran rival de Carlos V (heredado en gran medida de la pol\u00edtica exterior de los Reyes Cat\u00f3licos) fue Francia, y, m\u00e1s concretamente, su rey Francisco I. Los dominios del emperador rodeaban este Estado como un anillo y dificultaban su avance hacia los riqu\u00edsimos Pa\u00edses Bajos y los no menos ricos y d\u00e9biles estados italianos. [&hellip;]<\/p>\n","protected":false},"author":1835,"featured_media":0,"parent":143,"menu_order":0,"comment_status":"open","ping_status":"open","template":"","meta":{"footnotes":""},"class_list":["post-145","page","type-page","status-publish","hentry"],"_links":{"self":[{"href":"https:\/\/blogs.ua.es\/monarquiahispanicaeinglaterra\/wp-json\/wp\/v2\/pages\/145","targetHints":{"allow":["GET"]}}],"collection":[{"href":"https:\/\/blogs.ua.es\/monarquiahispanicaeinglaterra\/wp-json\/wp\/v2\/pages"}],"about":[{"href":"https:\/\/blogs.ua.es\/monarquiahispanicaeinglaterra\/wp-json\/wp\/v2\/types\/page"}],"author":[{"embeddable":true,"href":"https:\/\/blogs.ua.es\/monarquiahispanicaeinglaterra\/wp-json\/wp\/v2\/users\/1835"}],"replies":[{"embeddable":true,"href":"https:\/\/blogs.ua.es\/monarquiahispanicaeinglaterra\/wp-json\/wp\/v2\/comments?post=145"}],"version-history":[{"count":3,"href":"https:\/\/blogs.ua.es\/monarquiahispanicaeinglaterra\/wp-json\/wp\/v2\/pages\/145\/revisions"}],"predecessor-version":[{"id":148,"href":"https:\/\/blogs.ua.es\/monarquiahispanicaeinglaterra\/wp-json\/wp\/v2\/pages\/145\/revisions\/148"}],"up":[{"embeddable":true,"href":"https:\/\/blogs.ua.es\/monarquiahispanicaeinglaterra\/wp-json\/wp\/v2\/pages\/143"}],"wp:attachment":[{"href":"https:\/\/blogs.ua.es\/monarquiahispanicaeinglaterra\/wp-json\/wp\/v2\/media?parent=145"}],"curies":[{"name":"wp","href":"https:\/\/api.w.org\/{rel}","templated":true}]}}