{"id":149,"date":"2011-07-04T13:45:24","date_gmt":"2011-07-04T11:45:24","guid":{"rendered":"https:\/\/blogs.ua.es\/monarquiahispanicaeinglaterra\/?page_id=149"},"modified":"2011-07-04T13:45:24","modified_gmt":"2011-07-04T11:45:24","slug":"contra-los-turcos-y-alemania","status":"publish","type":"page","link":"https:\/\/blogs.ua.es\/monarquiahispanicaeinglaterra\/la-espana-del-s-xvi-carlos-i\/la-politica-exterior\/contra-los-turcos-y-alemania\/","title":{"rendered":"Contra los turcos y Alemania"},"content":{"rendered":"<p>Para Carlos V, la guerra contra el Imperio otomano no constitu\u00eda una prioridad, a pesar de ser el rey m\u00e1s indicado para liderar, al modo medieval una cruzada contra los infieles. As\u00ed, mientras se encontraba inmerso en las guerras contra Francia, deleg\u00f3 sus posesiones austriacas, es decir, las heredadas de los Habsburgo, en su hermano Fernando y solo intervino con un cuerpo expedicionario para evitar la ca\u00edda de Viena en manos de los turcos.<\/p>\n<p>Sin embargo, la defensa del Mediterr\u00e1neo constituy\u00f3 una gran preocupaci\u00f3n para el emperador. Contaba para ello con las plazas conquistadas por Fernando II de Arag\u00f3n en el norte de \u00c1frica; sin embargo, carec\u00eda de una flota poderosa. Carlos V no solucion\u00f3 esta deficiencia y se limit\u00f3 a realizar en esta zona algunas acciones espectaculares de \u00e9xito muy limitado, como la toma de T\u00fanez (1535), muy importante para la protecci\u00f3n de las costas italianas. Sin embargo, la expedici\u00f3n imperial a Argel fracas\u00f3 en 1541, y los turcos acabaron conquistando Tr\u00edpoli y Bug\u00eda. Los recursos imperiales se dedicaron a otras campa\u00f1as militares, y el Mediterr\u00e1neo occidenteal se convierti\u00f3 en un mar inseguro.<\/p>\n<p>Contra Alemania, el emperador tuvo que afrontar tambi\u00e9n la difusi\u00f3n del protestantismo por el norte de Europa, ya que Mart\u00edn Lutero y sus seguidores estaban extendiendo la Reforma en el Imperio con el apoyo de algunos principados alemanes, que ve\u00edan en el desmantelamiento de la Iglesia cat\u00f3lica un excelente medio de aumentar sus posesiones y rentas y de independizarse a\u00fan m\u00e1s del emperador. Carlos V, por su parte, condenaba p\u00fablicamente las teor\u00edas de Lutero, pero no apoyaba al papado en sus deseos de ruptura total con los protestantes; por el contrario, se mostraba partidario de llegar a un compromiso entre luteranos y cat\u00f3licos, para lo cual solicit\u00f3 al papado que convocara un concilio para acercar ambas posturas. De esta forma, \u00e9l podr\u00eda restablecer su autoridad y atraer a los pr\u00edncipes alemanes contra Francia.<\/p>\n<p>La convocatoria del concilio, sin embargo, se retrasaba. Entre tanto, en 1531 los pr\u00edncipes protestantes formaron la Liga de Esmalcalda, una coalici\u00f3n de gran influencia pol\u00edtica y poder militar. Finalmente comenzaron las sesiones del esperado concilio en Trento (Italia, 1545-1563), aunque sufri\u00f3 numerosas interrupciones debido a las guerras entre Francias y los Habsburgo. Los protestantes (ya entonces muy influyentes en el norte de Alemania y en los pa\u00edses n\u00f3rdicos de Europa) se negaron a asistir a la mayor\u00eda de las sesiones. El concilio impuls\u00f3 la Contrarreforma, un movimiento que reafirm\u00f3 el dogma cat\u00f3lico y la disciplina dentro de la Iglesia y sell\u00f3 la ruptura total con los portestantes.<\/p>\n<p>La \u00fanica alternativa que le qued\u00f3 a Carlos V fue la guerra, que \u00e9l no present\u00f3 como religiosa, sino pol\u00edtica, contra los pr\u00edncipes que se hab\u00edan rebelado contra su autoridad. En 1547 derrot\u00f3 a las tropas de la Liga de Esmalcalda en M\u00fchlberg (Alemania), a orillas del r\u00edo Elba.<\/p>\n<p>Sin embargo, el emperador no logr\u00f3 la reconciliaci\u00f3n religiosas ni impuso su autoridad pol\u00edtica (rechazada incluso por los pr\u00edncipes cat\u00f3licos). Enfrentado de nuevo a Francia y a los turcos, acept\u00f3 su derrota y la imposibilidad de lograr la unidad religiosa de Alemania, de Europa y del Imperio: por ello, en 1555 firm\u00f3 la Paz de Augsburgo. En esta \u00e9poca (1555-1556), Carlos V renunci\u00f3 a sus dominios en la pen\u00ednsula ib\u00e9rica, en Borgo\u00f1a y en Italia en favor de su hijo Felipe. Posteriormente cedi\u00f3 sus derechos imperiales y dominios austriacos a su hermano Fernando.<\/p>\n","protected":false},"excerpt":{"rendered":"<p>Para Carlos V, la guerra contra el Imperio otomano no constitu\u00eda una prioridad, a pesar de ser el rey m\u00e1s indicado para liderar, al modo medieval una cruzada contra los infieles. As\u00ed, mientras se encontraba inmerso en las guerras contra Francia, deleg\u00f3 sus posesiones austriacas, es decir, las heredadas de los Habsburgo, en su hermano [&hellip;]<\/p>\n","protected":false},"author":1835,"featured_media":0,"parent":143,"menu_order":0,"comment_status":"open","ping_status":"open","template":"","meta":{"footnotes":""},"class_list":["post-149","page","type-page","status-publish","hentry"],"_links":{"self":[{"href":"https:\/\/blogs.ua.es\/monarquiahispanicaeinglaterra\/wp-json\/wp\/v2\/pages\/149","targetHints":{"allow":["GET"]}}],"collection":[{"href":"https:\/\/blogs.ua.es\/monarquiahispanicaeinglaterra\/wp-json\/wp\/v2\/pages"}],"about":[{"href":"https:\/\/blogs.ua.es\/monarquiahispanicaeinglaterra\/wp-json\/wp\/v2\/types\/page"}],"author":[{"embeddable":true,"href":"https:\/\/blogs.ua.es\/monarquiahispanicaeinglaterra\/wp-json\/wp\/v2\/users\/1835"}],"replies":[{"embeddable":true,"href":"https:\/\/blogs.ua.es\/monarquiahispanicaeinglaterra\/wp-json\/wp\/v2\/comments?post=149"}],"version-history":[{"count":2,"href":"https:\/\/blogs.ua.es\/monarquiahispanicaeinglaterra\/wp-json\/wp\/v2\/pages\/149\/revisions"}],"predecessor-version":[{"id":151,"href":"https:\/\/blogs.ua.es\/monarquiahispanicaeinglaterra\/wp-json\/wp\/v2\/pages\/149\/revisions\/151"}],"up":[{"embeddable":true,"href":"https:\/\/blogs.ua.es\/monarquiahispanicaeinglaterra\/wp-json\/wp\/v2\/pages\/143"}],"wp:attachment":[{"href":"https:\/\/blogs.ua.es\/monarquiahispanicaeinglaterra\/wp-json\/wp\/v2\/media?parent=149"}],"curies":[{"name":"wp","href":"https:\/\/api.w.org\/{rel}","templated":true}]}}