{"id":152,"date":"2011-07-04T13:50:17","date_gmt":"2011-07-04T11:50:17","guid":{"rendered":"https:\/\/blogs.ua.es\/monarquiahispanicaeinglaterra\/?page_id=152"},"modified":"2011-07-04T13:50:17","modified_gmt":"2011-07-04T11:50:17","slug":"el-imperio-de-felipe-ii","status":"publish","type":"page","link":"https:\/\/blogs.ua.es\/monarquiahispanicaeinglaterra\/el-imperio-de-felipe-ii\/","title":{"rendered":"El Imperio de Felipe II"},"content":{"rendered":"<p>El sucesor de Carlos I fue su hijo Felipe II (1556-1598) quien, aunque no recibi\u00f3 el t\u00edtulo de emperador, fue monarca de un inmenso imperio y titular de una Corona que era la primera potencia en Europa. A diferencia de su padre, Felipe II fue un monarca dedicado por entero a las cuestiones de su reino. \u00c9l personalmente, resolv\u00eda todos los asuntos con el auxilio de sus secretarios, y consolid\u00f3 y reestructur\u00f3 las instituciones de gobierno de la \u00e9poca de los Reyes Cat\u00f3licos para ponerlas al servicio del poder real. Sus viajes fueron escasos, no abandon\u00f3 \u00a0pr\u00e1cticamente nunca la Pen\u00ednsula, y fij\u00f3 una sede permanente para la Corte, estableciendo la capital en Madrid (en el centro geogr\u00e1fico de la Pen\u00ednsula) en 1561. No obstante, acab\u00f3 retir\u00e1ndose al monasterio de El Escorial, que \u00e9l mismo hab\u00eda hecho construir, desde donde ejerci\u00f3 el gobierno hasta su muerte.<\/p>\n<p>Felipe II hubiera podido concentrar su atenci\u00f3n en los intereses exclusivos de la monarqu\u00eda hisp\u00e1nica y en su predominio en Europa, pero como \u201cmonarca cat\u00f3lico\u201d sigui\u00f3 manteniendo el ideal de defensa del catolicismo. Por tanto, su pol\u00edtica y sus enemigos se diferenciaron poco de los de su padre Carlos I; adem\u00e1s, se a\u00f1adi\u00f3 el enfrentamiento con Inglaterra y la situaci\u00f3n de permanente revuelta en Flandes. A pesar de todo, Felipe II aument\u00f3 sus dominios al incorporar Portugal a la corona en 1580, haciendo valer sus derechos como de Isabel de Portugal.<\/p>\n","protected":false},"excerpt":{"rendered":"<p>El sucesor de Carlos I fue su hijo Felipe II (1556-1598) quien, aunque no recibi\u00f3 el t\u00edtulo de emperador, fue monarca de un inmenso imperio y titular de una Corona que era la primera potencia en Europa. A diferencia de su padre, Felipe II fue un monarca dedicado por entero a las cuestiones de su [&hellip;]<\/p>\n","protected":false},"author":1835,"featured_media":0,"parent":0,"menu_order":0,"comment_status":"open","ping_status":"open","template":"","meta":{"footnotes":""},"class_list":["post-152","page","type-page","status-publish","hentry"],"_links":{"self":[{"href":"https:\/\/blogs.ua.es\/monarquiahispanicaeinglaterra\/wp-json\/wp\/v2\/pages\/152","targetHints":{"allow":["GET"]}}],"collection":[{"href":"https:\/\/blogs.ua.es\/monarquiahispanicaeinglaterra\/wp-json\/wp\/v2\/pages"}],"about":[{"href":"https:\/\/blogs.ua.es\/monarquiahispanicaeinglaterra\/wp-json\/wp\/v2\/types\/page"}],"author":[{"embeddable":true,"href":"https:\/\/blogs.ua.es\/monarquiahispanicaeinglaterra\/wp-json\/wp\/v2\/users\/1835"}],"replies":[{"embeddable":true,"href":"https:\/\/blogs.ua.es\/monarquiahispanicaeinglaterra\/wp-json\/wp\/v2\/comments?post=152"}],"version-history":[{"count":2,"href":"https:\/\/blogs.ua.es\/monarquiahispanicaeinglaterra\/wp-json\/wp\/v2\/pages\/152\/revisions"}],"predecessor-version":[{"id":154,"href":"https:\/\/blogs.ua.es\/monarquiahispanicaeinglaterra\/wp-json\/wp\/v2\/pages\/152\/revisions\/154"}],"wp:attachment":[{"href":"https:\/\/blogs.ua.es\/monarquiahispanicaeinglaterra\/wp-json\/wp\/v2\/media?parent=152"}],"curies":[{"name":"wp","href":"https:\/\/api.w.org\/{rel}","templated":true}]}}