{"id":155,"date":"2011-07-04T13:56:49","date_gmt":"2011-07-04T11:56:49","guid":{"rendered":"https:\/\/blogs.ua.es\/monarquiahispanicaeinglaterra\/?page_id=155"},"modified":"2011-07-04T13:56:49","modified_gmt":"2011-07-04T11:56:49","slug":"la-rebelion-de-los-paises-bajos","status":"publish","type":"page","link":"https:\/\/blogs.ua.es\/monarquiahispanicaeinglaterra\/el-imperio-de-felipe-ii\/la-rebelion-de-los-paises-bajos\/","title":{"rendered":"La rebeli\u00f3n de los Pa\u00edses Bajos"},"content":{"rendered":"<p><strong> <\/strong><\/p>\n<p>La guerra en los Pa\u00edses Bajos fue el mayor problema de Felipe II. Se origin\u00f3 por el descontento de los sectores burgueses ante los fuertes impuestos, por el surgimiento de un sentimiento nacionalista y por el conflicto religioso, al extenderse el calvinismo en la zona norte. La primera rebeli\u00f3n se produjo en la regi\u00f3n de Flandes, en 1566, y cont\u00f3 con el apoyo de Francia e Inglaterra, deseosa de minar el poder de la Corona espa\u00f1ola. Al frente de los rebeldes estuvieron los condes de Horn y de Egmont y, despu\u00e9s Guillermo de Nassau, pr\u00edncipe de Orange. Para combatirlos, Felipe II envi\u00f3 a los tercios con sus mejores generales al frente: el duque de Alba, Luis de Requesens, Juan de Austria y Alejandro Farnesio, que ejercieron una dura represi\u00f3n.<\/p>\n<p>Finalmente, en 1579, el sur de los Pa\u00edses Bajos, cat\u00f3lico, acept\u00f3 la obediencia a Felipe II, pero el norte, las futuras Provincias Unidad de Holanda, mayoritariamente calvinistas, continuaron la lucha por la independencia. La rebeli\u00f3n nunca fue controlada y Felipe II acab\u00f3 designando a su hija Isabel Clara Eugenia, gobernadora con derecho a sucesi\u00f3n. Pero al no tener \u00e9sta descendencia, los Pa\u00edses Bajos revirtieron a la Corona espa\u00f1ola en el siglo XVII, y se reabri\u00f3 el conflicto.<\/p>\n","protected":false},"excerpt":{"rendered":"<p>La guerra en los Pa\u00edses Bajos fue el mayor problema de Felipe II. Se origin\u00f3 por el descontento de los sectores burgueses ante los fuertes impuestos, por el surgimiento de un sentimiento nacionalista y por el conflicto religioso, al extenderse el calvinismo en la zona norte. La primera rebeli\u00f3n se produjo en la regi\u00f3n de [&hellip;]<\/p>\n","protected":false},"author":1835,"featured_media":0,"parent":152,"menu_order":0,"comment_status":"open","ping_status":"open","template":"","meta":{"footnotes":""},"class_list":["post-155","page","type-page","status-publish","hentry"],"_links":{"self":[{"href":"https:\/\/blogs.ua.es\/monarquiahispanicaeinglaterra\/wp-json\/wp\/v2\/pages\/155","targetHints":{"allow":["GET"]}}],"collection":[{"href":"https:\/\/blogs.ua.es\/monarquiahispanicaeinglaterra\/wp-json\/wp\/v2\/pages"}],"about":[{"href":"https:\/\/blogs.ua.es\/monarquiahispanicaeinglaterra\/wp-json\/wp\/v2\/types\/page"}],"author":[{"embeddable":true,"href":"https:\/\/blogs.ua.es\/monarquiahispanicaeinglaterra\/wp-json\/wp\/v2\/users\/1835"}],"replies":[{"embeddable":true,"href":"https:\/\/blogs.ua.es\/monarquiahispanicaeinglaterra\/wp-json\/wp\/v2\/comments?post=155"}],"version-history":[{"count":1,"href":"https:\/\/blogs.ua.es\/monarquiahispanicaeinglaterra\/wp-json\/wp\/v2\/pages\/155\/revisions"}],"predecessor-version":[{"id":156,"href":"https:\/\/blogs.ua.es\/monarquiahispanicaeinglaterra\/wp-json\/wp\/v2\/pages\/155\/revisions\/156"}],"up":[{"embeddable":true,"href":"https:\/\/blogs.ua.es\/monarquiahispanicaeinglaterra\/wp-json\/wp\/v2\/pages\/152"}],"wp:attachment":[{"href":"https:\/\/blogs.ua.es\/monarquiahispanicaeinglaterra\/wp-json\/wp\/v2\/media?parent=155"}],"curies":[{"name":"wp","href":"https:\/\/api.w.org\/{rel}","templated":true}]}}