{"id":161,"date":"2011-07-04T14:12:58","date_gmt":"2011-07-04T12:12:58","guid":{"rendered":"https:\/\/blogs.ua.es\/monarquiahispanicaeinglaterra\/?page_id=161"},"modified":"2011-07-04T14:12:58","modified_gmt":"2011-07-04T12:12:58","slug":"s-xvi-trayectoria-inglesa","status":"publish","type":"page","link":"https:\/\/blogs.ua.es\/monarquiahispanicaeinglaterra\/s-xvi-trayectoria-inglesa\/","title":{"rendered":"S.XVI. Trayectoria Inglesa"},"content":{"rendered":"<p>A principios del siglo XVI Inglaterra estaba gobernada por Enrique VII que contrajo matrimonio con Isabel de York y de esa uni\u00f3n naci\u00f3 la dinast\u00eda de los Tudor y la de los Estuardo tras la cruenta Guerra de las Dos Rosas (York y Lancaster). Pero fueron los Tudor quienes gobernaron el pa\u00eds durante este siglo.<br \/>\nHay que distinguir primeramente la vida en el campo y en las grandes ciudades, entonces mucho m\u00e1s peque\u00f1as que hoy. En la ciudad era donde se produc\u00edan las pestes por el hacinamiento, la falta de higiene y la casi nula efectividad de la medicina de la \u00e9poca. La Corte sol\u00eda trasladarse al campo cuando las enfermedades se propagaban por los centros m\u00e1s poblados. Los campesinos eran la parte m\u00e1s baja de la escala social, cultivaban la tierra y pagaban altos impuestos a la corona. En 1509, a la muerte del rey, asume el trono su segundo hijo Enrique VIII, ya que el primog\u00e9nito Arturo hab\u00eda muerto muy joven. Este nuevo monarca merece consideraciones especiales. Durante su juventud mantuvo un gran amor por los deportes incluido el tenis que se comenz\u00f3 a practicar por estos a\u00f1os. Con el tiempo, fue transform\u00e1ndose en un d\u00e9spota, un tirano implacable e impredecible y mortal para sus propios amigos y a\u00fan familiares. Se divorci\u00f3 de su esposa Catalina de Arag\u00f3n (hija de los Reyes Cat\u00f3licos) para casarse con una cortesana llamada Ana Bolena, m\u00e1s joven que la anterior. Para que esto tuviera lugar, el rey debi\u00f3 pedir una dispensa al Papa, que le fue negada y termin\u00f3 con un cisma religioso de graves proporciones, constituy\u00e9ndose el monarca en jefe supremo de la iglesia, en lugar del pont\u00edfice romano, lo que le vali\u00f3 la excomuni\u00f3n. El rey continu\u00f3 con los ritos del catolicismo (como la misa y el uso del lat\u00edn) ya que nunca adhiri\u00f3 abiertamente a las teor\u00edas de Calvino y de Lutero, pero claro, el nombraba ahora al arzobispo de Canterbury y a los obispos. Adem\u00e1s, se apropi\u00f3 de iglesias y monasterios, con lo cual obtuvo mucho dinero. Mand\u00f3 colgar a los curas que se resist\u00edan. Su reina Ana termin\u00f3 siendo ejecutada por no haberle dado un hijo var\u00f3n, solamente una ni\u00f1a, Isabel. En esa \u00e9poca todo rey y a\u00fan los nobles quer\u00edan hijos varones, ya que eran los que prolongaban la dinast\u00eda. Encontr\u00f3 el hijo deseado con su tercera esposa, Jane Seymour, pero esta falleci\u00f3 inmediatamente despu\u00e9s del parto. A todo esto, el pa\u00eds estaba en ebullici\u00f3n debido al creciente descontento popular por los altos impuestos y hubo una gran rebeli\u00f3n en los condados del norte que fue controlada sangrientamente. Los pobres mor\u00edan de hambruna y los ricos nadaban en la abundancia, mientras el rey dilapidaba fortunas en la construcci\u00f3n de mansiones y castillos, uno de los cuales es el famoso Hampton Court. El hacha del verdugo (para la nobleza), la soga (para los dem\u00e1s) y la hoguera (para quienes no compart\u00edan las doctrinas religiosas del monarca) eran moneda corriente. Por una alianza con Cleves (ducado alem\u00e1n) la cuarta reina, tambi\u00e9n llamada Ana, tuvo un breve reinado ya que fue repudiada por al aut\u00f3crata Enrique a quien no le agrad\u00f3 (dicen que la denomin\u00f3 &#8220;yegua flamenca&#8221;), lo que le cost\u00f3 la cabeza a su secretario Tom\u00e1s Cromwell, que hab\u00eda insistido con la alianza. La quinta reina fue una dama muy joven (Catalina Howard) que llevaba una vida paralela con ciertos amantes y eso provoc\u00f3 su decapitaci\u00f3n, sin m\u00e1s tr\u00e1mite. La \u00faltima (Catalina Parr) hizo las veces de esposa y enfermera, ya que el rey hac\u00eda mucho se hab\u00eda convertido en un anciano enfermo y desp\u00f3tico. Muri\u00f3 en 1547. Lo sucedi\u00f3 su hijo Eduardo VI, con el que se aviv\u00f3 la reforma protestante liderada por el Duque de Somerset, pero el joven rey muri\u00f3 prematuramente y se retorn\u00f3 al catolicismo con Mar\u00eda I, la hija de Enrique y Catalina de Arag\u00f3n, que se cas\u00f3 con Felipe II de Espa\u00f1a y envi\u00f3 a la hoguera a muchos protestantes, hasta su muerte en 1558. Aqu\u00ed comienza el reinado de la hija de Ana Bolena (Isabel I), con la que se vuelve al luteranismo protestante. Esta reina facilita con su sabidur\u00eda y patriotismo el crecimiento militar y econ\u00f3mico de la naci\u00f3n y sus pol\u00edticas de expansi\u00f3n territorial, el dominio de los mares por parte de Inglaterra comienza durante este per\u00edodo. La vida en la \u00e9poca Isabelina fue mucho m\u00e1s tolerable ya que ella no era en general tan sanguinaria, era aficionada a los vestidos ampulosos y las grandes fiestas, aunque las enfermedades continuaron azotando a ricos y pobres por igual.<\/p>\n","protected":false},"excerpt":{"rendered":"<p>A principios del siglo XVI Inglaterra estaba gobernada por Enrique VII que contrajo matrimonio con Isabel de York y de esa uni\u00f3n naci\u00f3 la dinast\u00eda de los Tudor y la de los Estuardo tras la cruenta Guerra de las Dos Rosas (York y Lancaster). Pero fueron los Tudor quienes gobernaron el pa\u00eds durante este siglo. [&hellip;]<\/p>\n","protected":false},"author":1835,"featured_media":0,"parent":0,"menu_order":0,"comment_status":"open","ping_status":"open","template":"","meta":{"footnotes":""},"class_list":["post-161","page","type-page","status-publish","hentry"],"_links":{"self":[{"href":"https:\/\/blogs.ua.es\/monarquiahispanicaeinglaterra\/wp-json\/wp\/v2\/pages\/161","targetHints":{"allow":["GET"]}}],"collection":[{"href":"https:\/\/blogs.ua.es\/monarquiahispanicaeinglaterra\/wp-json\/wp\/v2\/pages"}],"about":[{"href":"https:\/\/blogs.ua.es\/monarquiahispanicaeinglaterra\/wp-json\/wp\/v2\/types\/page"}],"author":[{"embeddable":true,"href":"https:\/\/blogs.ua.es\/monarquiahispanicaeinglaterra\/wp-json\/wp\/v2\/users\/1835"}],"replies":[{"embeddable":true,"href":"https:\/\/blogs.ua.es\/monarquiahispanicaeinglaterra\/wp-json\/wp\/v2\/comments?post=161"}],"version-history":[{"count":2,"href":"https:\/\/blogs.ua.es\/monarquiahispanicaeinglaterra\/wp-json\/wp\/v2\/pages\/161\/revisions"}],"predecessor-version":[{"id":163,"href":"https:\/\/blogs.ua.es\/monarquiahispanicaeinglaterra\/wp-json\/wp\/v2\/pages\/161\/revisions\/163"}],"wp:attachment":[{"href":"https:\/\/blogs.ua.es\/monarquiahispanicaeinglaterra\/wp-json\/wp\/v2\/media?parent=161"}],"curies":[{"name":"wp","href":"https:\/\/api.w.org\/{rel}","templated":true}]}}