{"id":3,"date":"2010-09-28T13:46:34","date_gmt":"2010-09-28T13:46:34","guid":{"rendered":"https:\/\/blogs.ua.es\/monarquiahispanicaeinglaterra\/?page_id=3"},"modified":"2010-09-28T13:46:34","modified_gmt":"2010-09-28T13:46:34","slug":"presentacion","status":"publish","type":"page","link":"https:\/\/blogs.ua.es\/monarquiahispanicaeinglaterra\/presentacion\/","title":{"rendered":"Presentaci\u00f3n"},"content":{"rendered":"<blockquote><p>Soy Luc\u00eda, y mi Blog trata sobre <strong>La Monarqu\u00eda Hisp\u00e1nica e Inglaterra<\/strong>; un blog que pertenece a las asignatura de Historia Moderna de Espa\u00f1a de la <strong>Licenciatura de Humanidades.<\/strong><\/p><\/blockquote>\n","protected":false},"excerpt":{"rendered":"<p>Soy Luc\u00eda, y mi Blog trata sobre La Monarqu\u00eda Hisp\u00e1nica e Inglaterra; un blog que pertenece a las asignatura de Historia Moderna de Espa\u00f1a de la Licenciatura de Humanidades.<\/p>\n","protected":false},"author":1835,"featured_media":0,"parent":0,"menu_order":0,"comment_status":"open","ping_status":"open","template":"","meta":{"footnotes":""},"class_list":["post-3","page","type-page","status-publish","hentry"],"_links":{"self":[{"href":"https:\/\/blogs.ua.es\/monarquiahispanicaeinglaterra\/wp-json\/wp\/v2\/pages\/3","targetHints":{"allow":["GET"]}}],"collection":[{"href":"https:\/\/blogs.ua.es\/monarquiahispanicaeinglaterra\/wp-json\/wp\/v2\/pages"}],"about":[{"href":"https:\/\/blogs.ua.es\/monarquiahispanicaeinglaterra\/wp-json\/wp\/v2\/types\/page"}],"author":[{"embeddable":true,"href":"https:\/\/blogs.ua.es\/monarquiahispanicaeinglaterra\/wp-json\/wp\/v2\/users\/1835"}],"replies":[{"embeddable":true,"href":"https:\/\/blogs.ua.es\/monarquiahispanicaeinglaterra\/wp-json\/wp\/v2\/comments?post=3"}],"version-history":[{"count":2,"href":"https:\/\/blogs.ua.es\/monarquiahispanicaeinglaterra\/wp-json\/wp\/v2\/pages\/3\/revisions"}],"predecessor-version":[{"id":5,"href":"https:\/\/blogs.ua.es\/monarquiahispanicaeinglaterra\/wp-json\/wp\/v2\/pages\/3\/revisions\/5"}],"wp:attachment":[{"href":"https:\/\/blogs.ua.es\/monarquiahispanicaeinglaterra\/wp-json\/wp\/v2\/media?parent=3"}],"curies":[{"name":"wp","href":"https:\/\/api.w.org\/{rel}","templated":true}]}}