{"id":47,"date":"2010-11-02T17:31:52","date_gmt":"2010-11-02T15:31:52","guid":{"rendered":"https:\/\/blogs.ua.es\/monarquiahispanicaeinglaterra\/"},"modified":"2010-12-14T14:10:15","modified_gmt":"2010-12-14T12:10:15","slug":"el-conflicto-de-flandes-sus-consecuencias","status":"publish","type":"page","link":"https:\/\/blogs.ua.es\/monarquiahispanicaeinglaterra\/felipe-ii-e-inglaterra\/rivalidad-con-inglaterra\/el-comienzo-a-la-enemistad\/el-conflicto-de-flandes-sus-consecuencias\/","title":{"rendered":"El conflicto de Flandes: sus consecuencias"},"content":{"rendered":"<p>Flandes comienza a convertirse en un problema para la Espa\u00f1a de Felipe II (herencia que recibi\u00f3 de su padre Carlos v); desde 1566 la ideolog\u00eda y el nacionalismo van ligados. Es una cuesti\u00f3n pol\u00edtica sencilla que poco a poco se va complicando. Flandes es un se\u00f1orio aut\u00f3nomo de Espa\u00f1a. En 1556 Felipe II dej\u00f3 Flandes a cargo de su t\u00eda Margarita de Parma, porque el tubo que marcharse a Espa\u00f1a. El pr\u00edncipe <em><strong>Guillermo de Orange<\/strong><\/em>, no admiti\u00f3 este nombramiento (de uso extranjero); As\u00ed que intent\u00f3 disponer de la mayor influencia en los asuntos pol\u00edticos. Felipe II acepto esta demanda pero se neg\u00f3 a las reformas de libertad de culto, etc..<\/p>\n<p>En Flandes se iba gestando la Reforma. As\u00ed que de este modo se mezclaron los temas pol\u00edticos y los religiosos, complicando aun m\u00e1s la situaci\u00f3n.<\/p>\n<p>Hab\u00eda una confusi\u00f3n tremenda, los flamencos ped\u00edan ayuda al resto de pa\u00edses protestantes, y Felipe II se apoyaba con el Papa y el clero espa\u00f1ol. Se estaba gestando un car\u00e1cter despiadao, que finalmente culmin\u00f3 en, 1566 (la minoria calvinista), una serie de manifestaciones \u00a0y con la destrucci\u00f3n de elemento eclesi\u00e1sticos de la iglesia (imagenes, saqueos&#8230;) este fue el motivo de la reacci\u00f3n de Felipe II, que envi\u00f3 a Flandes un ej\u00e9rcito capitaneado por el <em><strong>duque de Alba<\/strong><\/em>, el cual intent\u00f3 acabar con la oposici\u00f3n mediante una dura pol\u00edtica represiva implacable.<\/p>\n<p>Una guerra de aspecto duro en el que se ligaban los aspectos nacionalistas y religiosos.<\/p>\n<p>Flandes busca apoyo en Inglaterra, como potencia protestante; Espa\u00f1a es uno de los cabecillas del catolicismo en Europa. El resentimiento contra Espa\u00f1a se agudiza despu\u00e9s del saqueo de Amberes por las tropas de Luis de Requesens, 1576.<\/p>\n<p>Finalmente se llega al compromiso; un preludio de la partici\u00f3n del territorio en dos: las provincias del sur: la mayor\u00eda son fieles cat\u00f3licos, que estar\u00e1n junto con Espa\u00f1a; y las provincias del norte: protestante, que se convierten en un Estado independiente.<\/p>\n<p>A parte de que Espa\u00f1a moviliz\u00f3 toda su energ\u00eda (sacrificio econ\u00f3mico y humanos) en este conflicto contra Flandes; todo esto origin\u00f3 un descontento y preocupaci\u00f3n entre los espa\u00f1oles. Castilla se preguntaba, o mejor dicho las cortes de Madrid, en 1588, que \u00a0por qu\u00e9 nos teniamos que encargar nosotros solos de esta guerra que iba en defensa de la f\u00e9 cat\u00f3lica, ya que era una causa com\u00fan y no solo de Espa\u00f1a. Por lo que se le aconsejo al rey que se dedicara mejor a los asuntos nacionales que exteriores; por consiguiente dejar\u00e1 de intervenir en los asuntos religiosos de Europa. En Espa\u00f1a, como se puede apreciar no todos ten\u00edan las mismas ideas, ni estaban de acuerdo con la pol\u00edtica en defensa de la f\u00e9 con la del Estado.<\/p>\n<p>Tras estos acontecimientos hubieron una serie de periodos: \u00a0como la breve uni\u00f3n entre Felipe II y Maria Tudor de Inglaterra; tras la muerte de Mar\u00eda Tudor, y sin tener descendencia el matrimonio, subio al trono Isabel de Inglaterra (su hermana), cambiando la situaci\u00f3n radicalmente. Isabel era protestante, por lo que los rebeldes flamencos contaban con la simpat\u00eda activa del nuevo gobierno ingles. Flandes tras lo ocurrido anteriormente, fue una gran aliada de Inglaterra y enemiga de Espa\u00f1a. Los motivos por lo que empezaron estas guerras fueron pol\u00edticos y econ\u00f3micos.<\/p>\n<p>En 1585 fue cuando comenz\u00f3 la guerra abierta.<\/p>\n<p>Fue as\u00ed como empezaron los s\u00edntomas de las rivalidades entre la monarqu\u00eda Hisp\u00e1nica e Inglaterra.<\/p>\n","protected":false},"excerpt":{"rendered":"<p>Flandes comienza a convertirse en un problema para la Espa\u00f1a de Felipe II (herencia que recibi\u00f3 de su padre Carlos v); desde 1566 la ideolog\u00eda y el nacionalismo van ligados. Es una cuesti\u00f3n pol\u00edtica sencilla que poco a poco se va complicando. Flandes es un se\u00f1orio aut\u00f3nomo de Espa\u00f1a. En 1556 Felipe II dej\u00f3 Flandes [&hellip;]<\/p>\n","protected":false},"author":1835,"featured_media":0,"parent":42,"menu_order":5,"comment_status":"open","ping_status":"open","template":"","meta":{"footnotes":""},"class_list":["post-47","page","type-page","status-publish","hentry"],"_links":{"self":[{"href":"https:\/\/blogs.ua.es\/monarquiahispanicaeinglaterra\/wp-json\/wp\/v2\/pages\/47","targetHints":{"allow":["GET"]}}],"collection":[{"href":"https:\/\/blogs.ua.es\/monarquiahispanicaeinglaterra\/wp-json\/wp\/v2\/pages"}],"about":[{"href":"https:\/\/blogs.ua.es\/monarquiahispanicaeinglaterra\/wp-json\/wp\/v2\/types\/page"}],"author":[{"embeddable":true,"href":"https:\/\/blogs.ua.es\/monarquiahispanicaeinglaterra\/wp-json\/wp\/v2\/users\/1835"}],"replies":[{"embeddable":true,"href":"https:\/\/blogs.ua.es\/monarquiahispanicaeinglaterra\/wp-json\/wp\/v2\/comments?post=47"}],"version-history":[{"count":17,"href":"https:\/\/blogs.ua.es\/monarquiahispanicaeinglaterra\/wp-json\/wp\/v2\/pages\/47\/revisions"}],"predecessor-version":[{"id":51,"href":"https:\/\/blogs.ua.es\/monarquiahispanicaeinglaterra\/wp-json\/wp\/v2\/pages\/47\/revisions\/51"}],"up":[{"embeddable":true,"href":"https:\/\/blogs.ua.es\/monarquiahispanicaeinglaterra\/wp-json\/wp\/v2\/pages\/42"}],"wp:attachment":[{"href":"https:\/\/blogs.ua.es\/monarquiahispanicaeinglaterra\/wp-json\/wp\/v2\/media?parent=47"}],"curies":[{"name":"wp","href":"https:\/\/api.w.org\/{rel}","templated":true}]}}