{"id":63,"date":"2010-11-30T16:56:39","date_gmt":"2010-11-30T14:56:39","guid":{"rendered":"https:\/\/blogs.ua.es\/monarquiahispanicaeinglaterra\/"},"modified":"2010-12-14T14:08:49","modified_gmt":"2010-12-14T12:08:49","slug":"felipe-ii-e-inglaterra","status":"publish","type":"page","link":"https:\/\/blogs.ua.es\/monarquiahispanicaeinglaterra\/felipe-ii-e-inglaterra\/","title":{"rendered":"Felipe II e Inglaterra"},"content":{"rendered":"<p>Felipe II se obsesion\u00f3 con mantener la ultranza de los Pa\u00edses Bajos, la que tuvo unas graves consecuencias en todo su reinado; pero un suceso m\u00e1s grave fue tambi\u00e9n la destacada ruptura con Inglaterra y el envio de la Armada Invencible. Para Felipe II e Isabel de Inglaterra era evidente la paz imposible. un conflicto hispano-ingl\u00e9s que surgi\u00f3 tambi\u00e9n de las posturas ideol\u00f3gicas que asumieron cada uno: Felipe, la contrarreforma e Isabel, el protestantismo, un enevitable confrontamiento b\u00e9lico. Eran muchos los factores que se hab\u00edan desencadenado para que el porcentaje de conflicto fuera inevitable. Manten\u00edan una hostilidad m\u00fatua de tipo: pol\u00edtico, el mantenimiento de los territorios heredados&#8230; y el econ\u00f3mico, el monopolio de la navegaci\u00f3n de las Indias occidentales, etc&#8230;<\/p>\n","protected":false},"excerpt":{"rendered":"<p>Felipe II se obsesion\u00f3 con mantener la ultranza de los Pa\u00edses Bajos, la que tuvo unas graves consecuencias en todo su reinado; pero un suceso m\u00e1s grave fue tambi\u00e9n la destacada ruptura con Inglaterra y el envio de la Armada Invencible. Para Felipe II e Isabel de Inglaterra era evidente la paz imposible. un conflicto [&hellip;]<\/p>\n","protected":false},"author":1835,"featured_media":0,"parent":0,"menu_order":2,"comment_status":"open","ping_status":"open","template":"","meta":{"footnotes":""},"class_list":["post-63","page","type-page","status-publish","hentry"],"_links":{"self":[{"href":"https:\/\/blogs.ua.es\/monarquiahispanicaeinglaterra\/wp-json\/wp\/v2\/pages\/63","targetHints":{"allow":["GET"]}}],"collection":[{"href":"https:\/\/blogs.ua.es\/monarquiahispanicaeinglaterra\/wp-json\/wp\/v2\/pages"}],"about":[{"href":"https:\/\/blogs.ua.es\/monarquiahispanicaeinglaterra\/wp-json\/wp\/v2\/types\/page"}],"author":[{"embeddable":true,"href":"https:\/\/blogs.ua.es\/monarquiahispanicaeinglaterra\/wp-json\/wp\/v2\/users\/1835"}],"replies":[{"embeddable":true,"href":"https:\/\/blogs.ua.es\/monarquiahispanicaeinglaterra\/wp-json\/wp\/v2\/comments?post=63"}],"version-history":[{"count":5,"href":"https:\/\/blogs.ua.es\/monarquiahispanicaeinglaterra\/wp-json\/wp\/v2\/pages\/63\/revisions"}],"predecessor-version":[{"id":83,"href":"https:\/\/blogs.ua.es\/monarquiahispanicaeinglaterra\/wp-json\/wp\/v2\/pages\/63\/revisions\/83"}],"wp:attachment":[{"href":"https:\/\/blogs.ua.es\/monarquiahispanicaeinglaterra\/wp-json\/wp\/v2\/media?parent=63"}],"curies":[{"name":"wp","href":"https:\/\/api.w.org\/{rel}","templated":true}]}}