{"id":2,"date":"2012-09-19T14:27:38","date_gmt":"2012-09-19T14:27:38","guid":{"rendered":"https:\/\/blogs.ua.es\/monarquiahispanicafrancia\/?page_id=2"},"modified":"2013-01-11T17:56:16","modified_gmt":"2013-01-11T17:56:16","slug":"pagina-ejemplo","status":"publish","type":"page","link":"https:\/\/blogs.ua.es\/monarquiahispanicafrancia\/pagina-ejemplo\/","title":{"rendered":"Cronolog\u00eda"},"content":{"rendered":"<p><strong><span style=\"color: #ff0000\">1469<\/span><\/strong>: Casamiento de Fernando de Arag\u00f3n e Isabel de Castilla. Unificacion del reino de Espa\u00f1a.<\/p>\n<p><strong><span style=\"color: #ff0000\">1492<\/span><\/strong>: -Explusi\u00f3n de los judios. El 31 de marzo los Reyes Cat\u00f3licos firman el decreto de la Alhambra en Granada.<br \/>\n&#8211; El 12 de octubre de 1492 Crist\u00f3bal Col\u00f3n descubre Am\u00e9rica.<\/p>\n<p><strong><span style=\"color: #ff0000\">1493<\/span><\/strong>: Espa\u00f1a consigue liberarse de la dominaci\u00f3n musulmana.<\/p>\n<p><strong><span style=\"color: #ff0000\">1500<\/span><\/strong>: El 24 de febrero nace el que ser\u00e1 Carlos I de Espa\u00f1a y Carlos V.<\/p>\n<p><strong><span style=\"color: #ff0000\">1504<\/span><\/strong>: -El 26 de noviembre, Juana I es proclamada reina de Castilla. &#8211;Fernando el Cat\u00f3lico ausme la regencia porque Juna est\u00e1 ausente.<\/p>\n<p><strong><span style=\"color: #ff0000\">15<\/span><\/strong><strong><span style=\"color: #ff0000\">06<\/span><\/strong>: -Incapacidad de reinar de Juana al llegar a Espa\u00f1a.<br \/>\n-Regencia de Felipe I.<br \/>\n-Muerte de Felipe &#8220;el Hermoso&#8221; en Burgos.<\/p>\n<p><span style=\"color: #ff0000\"><strong>1515<\/strong><\/span>: Francisco I proclamado rey de Francia.<\/p>\n<p><strong><span style=\"color: #ff0000\">1516<\/span><\/strong>: -El 23 de enero muere Fernando el Cat\u00f3lico, rey de Arag\u00f3n.<br \/>\n&#8211; En marzo Carlos I es proclamado como Rey de Castilla y Arag\u00f3n por herencia. Tambi\u00e9n de los Paises Bajos y el Franco Condado.<\/p>\n<p><strong><span style=\"color: #ff0000\">1519<\/span><\/strong><span style=\"color: #ff0000\"><span style=\"color: #000000\">: -Carlos I es ahora Carlos V, emperado del Sacro Imperio Romano-Germ\u00e1nico, en junio despu\u00e9s de la muerte de Maximiliano.<\/span><\/span><br \/>\n&#8211; El 13 de enero nace Florencia Catalina de M\u00e9dici, futura reina de Francia.<\/p>\n<p><strong><span style=\"color: #ff0000\">1521<\/span><\/strong>: Las tropas de Carlos I vencen a las tropas francesas de Francisco I.<\/p>\n<p><strong><span style=\"color: #ff0000\">1524<\/span><\/strong>: Francisco I est\u00e1 en prisi\u00f3n y confinado en Madrid\u00a0tr\u00e1s\u00a0la segunda batalla contra los franceses.<\/p>\n<p><strong><span style=\"color: #ff0000\">1526<\/span><\/strong>: Tratado de Madrid entre Francisco I de Francia y Carlos V.<\/p>\n<p><strong><span style=\"color: #ff0000\">1527<\/span><\/strong>: Nacimiento de Felipe II de Espa\u00f1a, hijo de Carlos I e Isabel de Portugal.<\/p>\n<p><strong><span style=\"color: #ff0000\">1529<\/span><\/strong>: Firma de la Paz de las Damas entre Carlos I de Espa\u00f1a y Francisco I de Francia despu\u00e9s de la tercera Guerra contra Francia.<\/p>\n<p><strong><span style=\"color: #ff0000\">1536<\/span><\/strong>: Nueva Guerra entre Francia y Espa\u00f1a.<\/p>\n<p><strong><span style=\"color: #ff0000\">1539<\/span><\/strong>: Muerte de Isabel de Portugal, esposa de Carlos I de Espa\u00f1a. Nunca volver\u00e1\u00a0a casarse.<\/p>\n<p><strong><span style=\"color: #ff0000\">1543<\/span><\/strong>: Carlos I deja el gobierno de Espa\u00f1a y Am\u00e9rica a su hijo Felipe II.<\/p>\n<p><strong><span style=\"color: #ff0000\">1547<\/span><\/strong>: Muerte de Francisco I de Francia, le sucede su hijo de Enrique II de Francia.<\/p>\n<p><strong><span style=\"color: #ff0000\">1554<\/span><\/strong>: Tr\u00e1s su casamiento con Maria Tudor, Felipe II se convierte en Rey consorte de Inglaterra.<\/p>\n<p><strong><span style=\"color: #ff0000\">1556<\/span><\/strong>: Carlos V abdica del trono imperial y se retira al monasterio de Yuste.<\/p>\n<p><strong><span style=\"color: #ff0000\">1557<\/span><\/strong>: Hegemon\u00eda espa\u00f1ola en Europa despu\u00e9s de derrotar a las tropas francesas en la batalla de San Quint\u00edn.<\/p>\n<p><strong><span style=\"color: #ff0000\">1558<\/span><\/strong>: Muere Carlos V en el Monasterio jer\u00f3nimo de Yuste.<\/p>\n","protected":false},"excerpt":{"rendered":"<p>1469: Casamiento de Fernando de Arag\u00f3n e Isabel de Castilla. Unificacion del reino de Espa\u00f1a. 1492: -Explusi\u00f3n de los judios. El 31 de marzo los Reyes Cat\u00f3licos firman el decreto de la Alhambra en Granada. &#8211; El 12 de octubre de 1492 Crist\u00f3bal Col\u00f3n descubre Am\u00e9rica. 1493: Espa\u00f1a consigue liberarse de la dominaci\u00f3n musulmana. 1500: [&hellip;]<\/p>\n","protected":false},"author":2755,"featured_media":0,"parent":0,"menu_order":0,"comment_status":"open","ping_status":"open","template":"","meta":{"footnotes":""},"class_list":["post-2","page","type-page","status-publish","hentry"],"_links":{"self":[{"href":"https:\/\/blogs.ua.es\/monarquiahispanicafrancia\/wp-json\/wp\/v2\/pages\/2","targetHints":{"allow":["GET"]}}],"collection":[{"href":"https:\/\/blogs.ua.es\/monarquiahispanicafrancia\/wp-json\/wp\/v2\/pages"}],"about":[{"href":"https:\/\/blogs.ua.es\/monarquiahispanicafrancia\/wp-json\/wp\/v2\/types\/page"}],"author":[{"embeddable":true,"href":"https:\/\/blogs.ua.es\/monarquiahispanicafrancia\/wp-json\/wp\/v2\/users\/2755"}],"replies":[{"embeddable":true,"href":"https:\/\/blogs.ua.es\/monarquiahispanicafrancia\/wp-json\/wp\/v2\/comments?post=2"}],"version-history":[{"count":5,"href":"https:\/\/blogs.ua.es\/monarquiahispanicafrancia\/wp-json\/wp\/v2\/pages\/2\/revisions"}],"predecessor-version":[{"id":22,"href":"https:\/\/blogs.ua.es\/monarquiahispanicafrancia\/wp-json\/wp\/v2\/pages\/2\/revisions\/22"}],"wp:attachment":[{"href":"https:\/\/blogs.ua.es\/monarquiahispanicafrancia\/wp-json\/wp\/v2\/media?parent=2"}],"curies":[{"name":"wp","href":"https:\/\/api.w.org\/{rel}","templated":true}]}}