{"id":6,"date":"2012-09-19T14:43:17","date_gmt":"2012-09-19T14:43:17","guid":{"rendered":"https:\/\/blogs.ua.es\/monarquiahispanicafrancia\/?page_id=6"},"modified":"2013-01-10T16:17:23","modified_gmt":"2013-01-10T16:17:23","slug":"pagina-de-prueba","status":"publish","type":"page","link":"https:\/\/blogs.ua.es\/monarquiahispanicafrancia\/pagina-de-prueba\/","title":{"rendered":"Presentaci\u00f3n general"},"content":{"rendered":"<p style=\"text-align: justify\">\n<p style=\"text-align: justify\">Soy una estudiante Erasmus de la Universidad de Versalles-Saint Quentin en Yvelines. Estoy haciendo mi semestre en la Universidad de Alicante.<\/p>\n<p style=\"text-align: justify\">He eligido la asignatura: &#8220;Historia Moderna de Espa\u00f1a&#8221; para poder conocer m\u00e1s la historia del pa\u00eds. Esta asignatura no forma parte de mi carrera en Francia, pero me parec\u00eda interesante porque se orienta en la historia reciente y muy importante con las figuras m\u00e1s importantes : Los Reyes Cat\u00f3licos, Carlos I, y Felipe II.<br \/>\nA parte de las clases, teniamos que hacer un blog de historia. Podiamos elegir entre varios temas. El m\u00edo es el siguiente: La Monarqu\u00eda Hisp\u00e1nica y Francia. En este blog, voy a centrarme en los acontecimientos historicos que succedieron en la Monarqu\u00eda Hisp\u00e1nica en la primera mitad del siglo XVI. Durante este periodo, Francia desarollo un papel importante en la historia de esta Monarqu\u00eda, lo que veremos tambi\u00e9n.<br \/>\nMi blog ser\u00e1 compuesto de una cronologia, el hilo conductor, y las fotografias de las figuras importantes y las entradas historicas que emanan de aquella.<\/p>\n","protected":false},"excerpt":{"rendered":"<p>Soy una estudiante Erasmus de la Universidad de Versalles-Saint Quentin en Yvelines. Estoy haciendo mi semestre en la Universidad de Alicante. He eligido la asignatura: &#8220;Historia Moderna de Espa\u00f1a&#8221; para poder conocer m\u00e1s la historia del pa\u00eds. Esta asignatura no forma parte de mi carrera en Francia, pero me parec\u00eda interesante porque se orienta en [&hellip;]<\/p>\n","protected":false},"author":2755,"featured_media":0,"parent":0,"menu_order":0,"comment_status":"open","ping_status":"open","template":"","meta":{"footnotes":""},"class_list":["post-6","page","type-page","status-publish","hentry"],"_links":{"self":[{"href":"https:\/\/blogs.ua.es\/monarquiahispanicafrancia\/wp-json\/wp\/v2\/pages\/6","targetHints":{"allow":["GET"]}}],"collection":[{"href":"https:\/\/blogs.ua.es\/monarquiahispanicafrancia\/wp-json\/wp\/v2\/pages"}],"about":[{"href":"https:\/\/blogs.ua.es\/monarquiahispanicafrancia\/wp-json\/wp\/v2\/types\/page"}],"author":[{"embeddable":true,"href":"https:\/\/blogs.ua.es\/monarquiahispanicafrancia\/wp-json\/wp\/v2\/users\/2755"}],"replies":[{"embeddable":true,"href":"https:\/\/blogs.ua.es\/monarquiahispanicafrancia\/wp-json\/wp\/v2\/comments?post=6"}],"version-history":[{"count":4,"href":"https:\/\/blogs.ua.es\/monarquiahispanicafrancia\/wp-json\/wp\/v2\/pages\/6\/revisions"}],"predecessor-version":[{"id":52,"href":"https:\/\/blogs.ua.es\/monarquiahispanicafrancia\/wp-json\/wp\/v2\/pages\/6\/revisions\/52"}],"wp:attachment":[{"href":"https:\/\/blogs.ua.es\/monarquiahispanicafrancia\/wp-json\/wp\/v2\/media?parent=6"}],"curies":[{"name":"wp","href":"https:\/\/api.w.org\/{rel}","templated":true}]}}