{"id":26,"date":"2011-12-06T12:27:47","date_gmt":"2011-12-06T12:27:47","guid":{"rendered":"https:\/\/blogs.ua.es\/monarquiahispanicaportugal\/?page_id=26"},"modified":"2011-12-11T15:31:10","modified_gmt":"2011-12-11T15:31:10","slug":"linea-de-tiempo","status":"publish","type":"page","link":"https:\/\/blogs.ua.es\/monarquiahispanicaportugal\/linea-de-tiempo\/","title":{"rendered":"cronolog\u00eda*"},"content":{"rendered":"<p><span class=\"Apple-style-span\" style=\"font-size: 10px;letter-spacing: 1px;line-height: 26px\">GUERRAS Y POLITICA<\/span><\/p>\n<ul>\n<li>1492: El rey nazar\u00ed\u00a0<a title=\"Boabdil\" href=\"http:\/\/es.wikipedia.org\/wiki\/Boabdil\">Boabdil<\/a>\u00a0rinde\u00a0<a title=\"Granada\" href=\"http:\/\/es.wikipedia.org\/wiki\/Granada\">Granada<\/a>\u00a0ante los\u00a0<em><a title=\"Reyes Cat\u00f3licos\" href=\"http:\/\/es.wikipedia.org\/wiki\/Reyes_Cat%C3%B3licos\">Reyes Cat\u00f3licos<\/a><\/em>, dando por finalizada la\u00a0<em><a title=\"Reconquista\" href=\"http:\/\/es.wikipedia.org\/wiki\/Reconquista\">Reconquista<\/a><\/em>.<\/li>\n<li>1494:\u00a0<a title=\"Espa\u00f1a\" href=\"http:\/\/es.wikipedia.org\/wiki\/Espa%C3%B1a\">Espa\u00f1a<\/a>\u00a0y\u00a0<a title=\"Portugal\" href=\"http:\/\/es.wikipedia.org\/wiki\/Portugal\">Portugal<\/a>\u00a0firman el\u00a0<a title=\"Tratado de Tordesillas\" href=\"http:\/\/es.wikipedia.org\/wiki\/Tratado_de_Tordesillas\">Tratado de Tordesillas<\/a>, reparti\u00e9ndose los dominios de el &#8220;<a title=\"Nuevo Mundo\" href=\"http:\/\/es.wikipedia.org\/wiki\/Nuevo_Mundo\">Nuevo Mundo<\/a>&#8220;<\/li>\n<\/ul>\n<ul>\n<li>1501-1504: Estalla la\u00a0<a title=\"Guerra de N\u00e1poles (1501-1504)\" href=\"http:\/\/es.wikipedia.org\/wiki\/Guerra_de_N%C3%A1poles_(1501-1504)\">Guerra de N\u00e1poles<\/a>\u00a0entre\u00a0<a title=\"Espa\u00f1a\" href=\"http:\/\/es.wikipedia.org\/wiki\/Espa%C3%B1a\">Espa\u00f1a<\/a>\u00a0y\u00a0<a title=\"Francia\" href=\"http:\/\/es.wikipedia.org\/wiki\/Francia\">Francia<\/a>\u00a0por el control del\u00a0<a title=\"Reino de N\u00e1poles\" href=\"http:\/\/es.wikipedia.org\/wiki\/Reino_de_N%C3%A1poles\">Reino de N\u00e1poles<\/a>.<\/li>\n<li>1503:\u00a0<a title=\"Imperio Espa\u00f1ol\" href=\"http:\/\/es.wikipedia.org\/wiki\/Imperio_Espa%C3%B1ol\">Espa\u00f1a<\/a>\u00a0derrota a\u00a0<a title=\"Francia\" href=\"http:\/\/es.wikipedia.org\/wiki\/Francia\">Francia<\/a>\u00a0en la\u00a0<a title=\"Batalla de Ceri\u00f1ola\" href=\"http:\/\/es.wikipedia.org\/wiki\/Batalla_de_Ceri%C3%B1ola\">Batalla de Ceri\u00f1ola<\/a>, considerada la primera batalla donde se usaron armas de fuego.<\/li>\n<li>1512: El sur de\u00a0<a title=\"Reino de Navarra\" href=\"http:\/\/es.wikipedia.org\/wiki\/Reino_de_Navarra\">Navarra<\/a>\u00a0es invadida por los reinos de\u00a0<a title=\"Reino de Castilla\" href=\"http:\/\/es.wikipedia.org\/wiki\/Reino_de_Castilla\">Castilla<\/a>\u00a0y\u00a0<a title=\"Reino de Arag\u00f3n\" href=\"http:\/\/es.wikipedia.org\/wiki\/Reino_de_Arag%C3%B3n\">Arag\u00f3n<\/a>.<\/li>\n<li>1519-1521:\u00a0<a title=\"Hern\u00e1n Cort\u00e9s\" href=\"http:\/\/es.wikipedia.org\/wiki\/Hern%C3%A1n_Cort%C3%A9s\">Hern\u00e1n Cort\u00e9s<\/a>\u00a0conquista el\u00a0<a title=\"Imperio Azteca\" href=\"http:\/\/es.wikipedia.org\/wiki\/Imperio_Azteca\">Imperio Azteca<\/a>.<\/li>\n<li>1525:\u00a0<a title=\"Imperio Espa\u00f1ol\" href=\"http:\/\/es.wikipedia.org\/wiki\/Imperio_Espa%C3%B1ol\">Espa\u00f1a<\/a>\u00a0y el\u00a0<a title=\"Sacro Imperio Romano-Germ\u00e1nico\" href=\"http:\/\/es.wikipedia.org\/wiki\/Sacro_Imperio_Romano-Germ%C3%A1nico\">Sacro Imperio Romano-Germ\u00e1nico<\/a>\u00a0vencen a\u00a0<a title=\"Francia\" href=\"http:\/\/es.wikipedia.org\/wiki\/Francia\">Francia<\/a>\u00a0en la\u00a0<a title=\"Batalla de Pav\u00eda\" href=\"http:\/\/es.wikipedia.org\/wiki\/Batalla_de_Pav%C3%ADa\">Batalla de Pav\u00eda<\/a>\u00a0donde el propio rey\u00a0<a title=\"Francisco I de Francia\" href=\"http:\/\/es.wikipedia.org\/wiki\/Francisco_I_de_Francia\">Francisco I<\/a>\u00a0cae prisionero.<\/li>\n<li>1527: Se produce el\u00a0<a title=\"Saco de Roma\" href=\"http:\/\/es.wikipedia.org\/wiki\/Saco_de_Roma\">Saqueo de Roma<\/a>\u00a0por tropas de el emperador\u00a0<a title=\"Carlos V\" href=\"http:\/\/es.wikipedia.org\/wiki\/Carlos_V\">Carlos V<\/a>.<\/li>\n<li>1529: Mediante el\u00a0<a title=\"Tratado de Zaragoza\" href=\"http:\/\/es.wikipedia.org\/wiki\/Tratado_de_Zaragoza\">Tratado de Zaragoza<\/a>, las\u00a0<a title=\"Filipinas\" href=\"http:\/\/es.wikipedia.org\/wiki\/Filipinas\">Filipinas<\/a>\u00a0quedan bajo control del\u00a0<a title=\"Imperio Espa\u00f1ol\" href=\"http:\/\/es.wikipedia.org\/wiki\/Imperio_Espa%C3%B1ol\">Imperio Espa\u00f1ol<\/a>\u00a0y las\u00a0<a title=\"Molucas\" href=\"http:\/\/es.wikipedia.org\/wiki\/Molucas\">Molucas<\/a>\u00a0bajo control de\u00a0<a title=\"Portugal\" href=\"http:\/\/es.wikipedia.org\/wiki\/Portugal\">Portugal<\/a>.<\/li>\n<li>1532-1533:\u00a0<a title=\"Francisco Pizarro\" href=\"http:\/\/es.wikipedia.org\/wiki\/Francisco_Pizarro\">Francisco Pizarro<\/a>\u00a0conquista el\u00a0<a title=\"Imperio Inca\" href=\"http:\/\/es.wikipedia.org\/wiki\/Imperio_Inca\">Imperio Inca<\/a>.<\/li>\n<li>1538: Una flota hispano-veneciana derrota a una flota otomana en la\u00a0<a title=\"Batalla de Preveza\" href=\"http:\/\/es.wikipedia.org\/wiki\/Batalla_de_Preveza\">Batalla de Preveza<\/a>.<\/li>\n<li>1541: Una campa\u00f1a militar de\u00a0<a title=\"Carlos V\" href=\"http:\/\/es.wikipedia.org\/wiki\/Carlos_V\">Carlos V<\/a>\u00a0en\u00a0<a title=\"Argelia\" href=\"http:\/\/es.wikipedia.org\/wiki\/Argelia\">Argelia<\/a>\u00a0fracasa.<\/li>\n<li>1544:\u00a0<a title=\"Francia\" href=\"http:\/\/es.wikipedia.org\/wiki\/Francia\">Francia<\/a>\u00a0derrota a un ej\u00e9rcito germano-espa\u00f1ol en la\u00a0<a title=\"Batalla de Cerisoles\" href=\"http:\/\/es.wikipedia.org\/wiki\/Batalla_de_Cerisoles\">Batalla de Cerisoles<\/a>.<\/li>\n<li>1547: El emperador\u00a0<a title=\"Carlos V\" href=\"http:\/\/es.wikipedia.org\/wiki\/Carlos_V\">Carlos V<\/a>\u00a0vence a la\u00a0<a title=\"Liga de Esmalcalda\" href=\"http:\/\/es.wikipedia.org\/wiki\/Liga_de_Esmalcalda\">Liga de Esmalcalda<\/a>\u00a0en la\u00a0<a title=\"Batalla de M\u00fchlberg\" href=\"http:\/\/es.wikipedia.org\/wiki\/Batalla_de_M%C3%BChlberg\">Batalla de M\u00fchlberg<\/a>.<\/li>\n<li>1560: En la\u00a0<a title=\"Batalla de Los Gelves\" href=\"http:\/\/es.wikipedia.org\/wiki\/Batalla_de_Los_Gelves\">Batalla de Los Gelves<\/a>, una flota otomana vence a una flota hispano-veneciana.<\/li>\n<\/ul>\n<ul>\n<li>1565: Los\u00a0<a title=\"Caballeros Hospitalarios\" href=\"http:\/\/es.wikipedia.org\/wiki\/Caballeros_Hospitalarios\">caballeros Hospitalarios<\/a>, apoyados por el\u00a0<a title=\"Imperio Espa\u00f1ol\" href=\"http:\/\/es.wikipedia.org\/wiki\/Imperio_Espa%C3%B1ol\">Imperio Espa\u00f1ol<\/a>\u00a0vencen a los otomanos en el\u00a0<a title=\"Sitio de Malta (1565)\" href=\"http:\/\/es.wikipedia.org\/wiki\/Sitio_de_Malta_(1565)\">Sitio de Malta<\/a>.<\/li>\n<li>1568-1648: Se produce la\u00a0<a title=\"Guerra de los Ochenta A\u00f1os\" href=\"http:\/\/es.wikipedia.org\/wiki\/Guerra_de_los_Ochenta_A%C3%B1os\">Guerra de los Ochenta A\u00f1os<\/a>, donde las\u00a0<a title=\"Provincias Unidas\" href=\"http:\/\/es.wikipedia.org\/wiki\/Provincias_Unidas\">Provincias Unidas<\/a>\u00a0se independizar\u00e1n del dominio espa\u00f1ol.<\/li>\n<li>1573: Finaliza el\u00a0<a title=\"Asedio de Haarlem\" href=\"http:\/\/es.wikipedia.org\/wiki\/Asedio_de_Haarlem\">asedio de Haarlem<\/a>\u00a0con victoria espa\u00f1ola.<\/li>\n<li>1578: El rey de\u00a0<a title=\"Portugal\" href=\"http:\/\/es.wikipedia.org\/wiki\/Portugal\">Portugal<\/a>,\u00a0<a title=\"Sebasti\u00e1n I de Portugal\" href=\"http:\/\/es.wikipedia.org\/wiki\/Sebasti%C3%A1n_I_de_Portugal\">Sebasti\u00e1n I de Portugal<\/a>, muere en la\u00a0<a title=\"Batalla de Alcazarquivir\" href=\"http:\/\/es.wikipedia.org\/wiki\/Batalla_de_Alcazarquivir\">Batalla de Alcazarquivir<\/a>.<\/li>\n<li>1580: La corona espa\u00f1ola y portuguesa se unifican en\u00a0<a title=\"Felipe II\" href=\"http:\/\/es.wikipedia.org\/wiki\/Felipe_II\">Felipe II<\/a>.<\/li>\n<li>1585-1604: Se produce la\u00a0<a title=\"Guerra anglo-espa\u00f1ola (1585-1604)\" href=\"http:\/\/es.wikipedia.org\/wiki\/Guerra_anglo-espa%C3%B1ola_(1585-1604)\">Guerra anglo-espa\u00f1ola<\/a>\u00a0que finaliza con el\u00a0<a title=\"Tratado de Londres\" href=\"http:\/\/es.wikipedia.org\/wiki\/Tratado_de_Londres\">Tratado de Londres<\/a>.<\/li>\n<li><a title=\"1640\" href=\"http:\/\/es.wikipedia.org\/wiki\/1640\">1640<\/a>&#8211;<a title=\"1668\" href=\"http:\/\/es.wikipedia.org\/wiki\/1668\">68<\/a>: La\u00a0<a title=\"Guerra de Restauraci\u00f3n portuguesa\" href=\"http:\/\/es.wikipedia.org\/wiki\/Guerra_de_Restauraci%C3%B3n_portuguesa\">guerra de Restauraci\u00f3n portuguesa<\/a>\u00a0lleva al fin del gobierno de\u00a0<a title=\"Portugal bajo la Casa de Austria\" href=\"http:\/\/es.wikipedia.org\/wiki\/Portugal_bajo_la_Casa_de_Austria\">Portugal bajo la Casa de Austria<\/a>.<\/li>\n<\/ul>\n<h3>Religi\u00f3n<\/h3>\n<ul>\n<li>1517: Inicio de la reforma protestante por Mart\u00edn Lutero (95 tesis)<\/li>\n<li>1531: La iglesia de\u00a0<a title=\"Inglaterra\" href=\"http:\/\/es.wikipedia.org\/wiki\/Inglaterra\">Inglaterra<\/a>\u00a0rompe con el papado romano y proclama al rey\u00a0<a title=\"Enrique VIII\" href=\"http:\/\/es.wikipedia.org\/wiki\/Enrique_VIII\">Enrique VIII<\/a>\u00a0cabeza de la\u00a0<a title=\"Iglesia Anglicana\" href=\"http:\/\/es.wikipedia.org\/wiki\/Iglesia_Anglicana\">Iglesia Anglicana<\/a>.<\/li>\n<li>1543\u00a0: Comienzo de la contrareforma &#8220;Concilio de Trento&#8221;<\/li>\n<li>1571: El Papa\u00a0<a title=\"P\u00edo V\" href=\"http:\/\/es.wikipedia.org\/wiki\/P%C3%ADo_V\">P\u00edo V<\/a>\u00a0crea la\u00a0<a title=\"Liga Santa (1571)\" href=\"http:\/\/es.wikipedia.org\/wiki\/Liga_Santa_(1571)\">Liga Santa<\/a>\u00a0encabezada por\u00a0<a title=\"Imperio Espa\u00f1ol\" href=\"http:\/\/es.wikipedia.org\/wiki\/Imperio_Espa%C3%B1ol\">Espa\u00f1a<\/a>\u00a0y conformada por\u00a0<a title=\"Rep\u00fablica de Venecia\" href=\"http:\/\/es.wikipedia.org\/wiki\/Rep%C3%BAblica_de_Venecia\">Venecia<\/a>,\u00a0<a title=\"Malta\" href=\"http:\/\/es.wikipedia.org\/wiki\/Malta\">Malta<\/a>\u00a0y los\u00a0<a title=\"Estados Pontificios\" href=\"http:\/\/es.wikipedia.org\/wiki\/Estados_Pontificios\">Estados Pontificios<\/a>.<\/li>\n<\/ul>\n<h3>Desastres<\/h3>\n<ul>\n<li>1481: Se da inicio a la\u00a0<a title=\"Inquisici\u00f3n Espa\u00f1ola\" href=\"http:\/\/es.wikipedia.org\/wiki\/Inquisici%C3%B3n_Espa%C3%B1ola\">Inquisici\u00f3n Espa\u00f1ola<\/a>\u00a0con el\u00a0<a title=\"Auto de fe\" href=\"http:\/\/es.wikipedia.org\/wiki\/Auto_de_fe\">Auto de fe<\/a>.<\/li>\n<li>1492: Edicto de expulsi\u00f3n de los jud\u00edos de Espa\u00f1a (salvo de los que optaran por convertirse al cristianismo).<\/li>\n<\/ul>\n<h3>Cultura<\/h3>\n<ul>\n<li>1492:\u00a0<a title=\"Crist\u00f3bal Col\u00f3n\" href=\"http:\/\/es.wikipedia.org\/wiki\/Crist%C3%B3bal_Col%C3%B3n\">Crist\u00f3bal Col\u00f3n<\/a>\u00a0<a title=\"Descubrimiento de Am\u00e9rica\" href=\"http:\/\/es.wikipedia.org\/wiki\/Descubrimiento_de_Am%C3%A9rica\">descubre Am\u00e9rica<\/a>.<\/li>\n<li>1506: Muere\u00a0<a title=\"Crist\u00f3bal Col\u00f3n\" href=\"http:\/\/es.wikipedia.org\/wiki\/Crist%C3%B3bal_Col%C3%B3n\">Crist\u00f3bal Col\u00f3n<\/a>\u00a0en\u00a0<a title=\"Valladolid\" href=\"http:\/\/es.wikipedia.org\/wiki\/Valladolid\">Valladolid<\/a>.<\/li>\n<li>1513: Los portugueses llegan a\u00a0<a title=\"Honduras\" href=\"http:\/\/es.wikipedia.org\/wiki\/Honduras\">Honduras<\/a>.<\/li>\n<li>1538:\u00a0<a title=\"Gonzalo Jim\u00e9nez de Quesada\" href=\"http:\/\/es.wikipedia.org\/wiki\/Gonzalo_Jim%C3%A9nez_de_Quesada\">Gonzalo Jim\u00e9nez de Quesada<\/a>\u00a0funda la ciudad de\u00a0<a title=\"Bogot\u00e1\" href=\"http:\/\/es.wikipedia.org\/wiki\/Bogot%C3%A1\">Bogot\u00e1<\/a>.<\/li>\n<li>1541:\u00a0<a title=\"Pedro de Valdivia\" href=\"http:\/\/es.wikipedia.org\/wiki\/Pedro_de_Valdivia\">Pedro de Valdivia<\/a>\u00a0funda la ciudad de\u00a0<a title=\"Santiago de Chile\" href=\"http:\/\/es.wikipedia.org\/wiki\/Santiago_de_Chile\">Santiago de Chile<\/a>.<\/li>\n<li>1521: El\u00a0<a title=\"R\u00edo Amazonas\" href=\"http:\/\/es.wikipedia.org\/wiki\/R%C3%ADo_Amazonas\">r\u00edo Amazonas<\/a>\u00a0es descubierto por\u00a0<a title=\"Francisco de Orellana\" href=\"http:\/\/es.wikipedia.org\/wiki\/Francisco_de_Orellana\">Francisco de Orellana<\/a>.<\/li>\n<li>1554: Misioneros portugueses fundan la ciudad de\u00a0<a title=\"S\u00e3o Paulo\" href=\"http:\/\/es.wikipedia.org\/wiki\/S%C3%A3o_Paulo\">S\u00e3o Paulo<\/a>\u00a0en\u00a0<a title=\"Brasil\" href=\"http:\/\/es.wikipedia.org\/wiki\/Brasil\">Brasil<\/a>.<\/li>\n<\/ul>\n<div>*Este cronolog\u00eda es la uni\u00f3n de toda la informaci\u00f3n relevante <span style=\"text-decoration: underline\">solo<\/span> sobre Espa\u00f1a, Portugal, y la relaci\u00f3n entre los dos pa\u00edses entre 1474 y 1668. Los enlaces s\u00ed funcionan.<\/div>\n<div>Fuentes:<\/div>\n<div><a href=\"http:\/\/es.wikipedia.org\/wiki\/Siglo_XV\">Siglo XV<\/a><\/div>\n<div><a href=\"http:\/\/es.wikipedia.org\/wiki\/Siglo_XVI\">Siglo XVI<\/a><\/div>\n<div><a href=\"http:\/\/es.wikipedia.org\/wiki\/Siglo_XVII\">Siglo XVII<\/a><\/div>\n","protected":false},"excerpt":{"rendered":"<p>GUERRAS Y POLITICA 1492: El rey nazar\u00ed\u00a0Boabdil\u00a0rinde\u00a0Granada\u00a0ante los\u00a0Reyes Cat\u00f3licos, dando por finalizada la\u00a0Reconquista. 1494:\u00a0Espa\u00f1a\u00a0y\u00a0Portugal\u00a0firman el\u00a0Tratado de Tordesillas, reparti\u00e9ndose los dominios de el &#8220;Nuevo Mundo&#8220; 1501-1504: Estalla la\u00a0Guerra de N\u00e1poles\u00a0entre\u00a0Espa\u00f1a\u00a0y\u00a0Francia\u00a0por el control del\u00a0Reino de N\u00e1poles. 1503:\u00a0Espa\u00f1a\u00a0derrota a\u00a0Francia\u00a0en la\u00a0Batalla de Ceri\u00f1ola, considerada &hellip; <a href=\"https:\/\/blogs.ua.es\/monarquiahispanicaportugal\/linea-de-tiempo\/\">Continue reading <span class=\"meta-nav\">&rarr;<\/span><\/a><\/p>\n","protected":false},"author":2177,"featured_media":0,"parent":0,"menu_order":0,"comment_status":"open","ping_status":"open","template":"","meta":{"footnotes":""},"class_list":["post-26","page","type-page","status-publish","hentry"],"_links":{"self":[{"href":"https:\/\/blogs.ua.es\/monarquiahispanicaportugal\/wp-json\/wp\/v2\/pages\/26","targetHints":{"allow":["GET"]}}],"collection":[{"href":"https:\/\/blogs.ua.es\/monarquiahispanicaportugal\/wp-json\/wp\/v2\/pages"}],"about":[{"href":"https:\/\/blogs.ua.es\/monarquiahispanicaportugal\/wp-json\/wp\/v2\/types\/page"}],"author":[{"embeddable":true,"href":"https:\/\/blogs.ua.es\/monarquiahispanicaportugal\/wp-json\/wp\/v2\/users\/2177"}],"replies":[{"embeddable":true,"href":"https:\/\/blogs.ua.es\/monarquiahispanicaportugal\/wp-json\/wp\/v2\/comments?post=26"}],"version-history":[{"count":7,"href":"https:\/\/blogs.ua.es\/monarquiahispanicaportugal\/wp-json\/wp\/v2\/pages\/26\/revisions"}],"predecessor-version":[{"id":131,"href":"https:\/\/blogs.ua.es\/monarquiahispanicaportugal\/wp-json\/wp\/v2\/pages\/26\/revisions\/131"}],"wp:attachment":[{"href":"https:\/\/blogs.ua.es\/monarquiahispanicaportugal\/wp-json\/wp\/v2\/media?parent=26"}],"curies":[{"name":"wp","href":"https:\/\/api.w.org\/{rel}","templated":true}]}}